{"id":201832,"date":"2025-05-21T14:46:58","date_gmt":"2025-05-21T12:46:58","guid":{"rendered":"https:\/\/captain-guitar-lounge.com\/produkt\/2010-reussenzehn-el34-tube-amp-mk3-id-5014\/"},"modified":"2025-05-19T14:46:58","modified_gmt":"2025-05-19T12:46:58","slug":"2010-reussenzehn-el34-tube-amp-mk3-id-5014","status":"publish","type":"product","link":"https:\/\/captain-guitar-lounge.com\/en\/product\/2010-reussenzehn-el34-tube-amp-mk3-id-5014\/","title":{"rendered":"2010 Reu\u00dfenzehn &#8211; EL34 Tube Amp &#8211; MK3 &#8211; ID 5014"},"content":{"rendered":"<p>What looks like a good little tube amp is actually a wolf in sheep&#8217;s clothing &#8211; built by none other than <a href=\"https:\/\/de.wikipedia.org\/wiki\/Thomas_Reu%C3%9Fenzehn\"><strong>Thomas Reu\u00dfenzehn<\/strong><\/a> himself!<br \/>\nThis hand-wired boutique amp is pure single-ended Class A &#8211; honest, dynamic tube sound as it should be.<br \/>\nThanks to the switchable output from 10 to 19 watts (or 21 watts with 6550), it remains cultivated in the living room &#8211; and really fat in the rehearsal room or on stage. Plus the new standby switch, a wish of many fans &#8211; now finally standard. The amp reacts fantastically to the attack.<br \/>\nThe amp comes directly from the cabaret artist and musician <a href=\"https:\/\/guenter-gruenwald.de\/\"><strong>G\u00fcnter Gr\u00fcnwald<\/strong><\/a><\/p>\n<p>\u2705 Tube configuration: 1x EL34 (alternatively 6550), 2x ECC83<br \/>\n\u2705 Power: 10 watts or switchable to 19 watts (or 21 watts with 6550)<br \/>\n\u2705 Operating mode: Single ended class A<br \/>\n\u2705 Additional functions: Standby switch<br \/>\n\u2705 Design: Hand-wired, point-to-point<br \/>\n\u2705 Housing: Compact, robust, handmade<br \/>\n\u2705 Tested quality of the CGL<br \/>\n\u2705 Special features: Boutique amp from the tube forge of Thomas <a href=\"https:\/\/www.reussenzehn.de\/\"><strong>Reu\u00dfenzehn<\/strong><\/a><\/p>\n","protected":false},"excerpt":{"rendered":"<p><strong>ex G\u00fcnter Gr\u00fcnwald<\/strong><br \/>\nCondition: Very Good<br \/>\nSerNo: D38<br \/>\nWeight: 4.6 kg<br \/>\nShipping class: <a href=\"https:\/\/captain-guitar-lounge.com\/en\/shipping\/\"><strong>Medium<\/strong><\/a><br \/>\nBrokerage sale: 10619<\/p>\n","protected":false},"featured_media":201374,"comment_status":"closed","ping_status":"closed","template":"","meta":{"_et_pb_use_builder":"","_et_pb_old_content":"","_et_gb_content_width":""},"product_brand":[],"product_cat":[1977],"product_tag":[2541],"class_list":{"0":"post-201832","1":"product","2":"type-product","3":"status-publish","4":"has-post-thumbnail","6":"product_cat-head-en","7":"product_tag-celebrity-owned-en","8":"product_shipping_class-bis-20kg-3-en","9":"pa_baujahr-2010s-en","10":"pa_power-up-to-20watt","11":"pa_power-tubes-el34-en","13":"first","14":"outofstock","15":"purchasable","16":"product-type-simple"},"composite_virtual":false,"composite_layout":"","composite_add_to_cart_form_location":"","composite_editable_in_cart":false,"composite_sold_individually_context":"","composite_shop_price_calc":"","composite_components":[],"composite_scenarios":[],"pp_statuses_selecting_workflow":false,"pp_workflow_action":"current","pp_status_selection":"publish","yoast_head":"<!-- This site is optimized with the Yoast SEO plugin v26.8 - https:\/\/yoast.com\/product\/yoast-seo-wordpress\/ -->\n<title>2010 Reu\u00dfenzehn - EL34 Tube Amp - MK3 - ID 5014 - captain-guitar-lounge.com<\/title>\n<meta name=\"robots\" content=\"index, follow, max-snippet:-1, max-image-preview:large, max-video-preview:-1\" \/>\n<link rel=\"canonical\" href=\"https:\/\/captain-guitar-lounge.com\/en\/product\/2010-reussenzehn-el34-tube-amp-mk3-id-5014\/\" \/>\n<meta property=\"og:locale\" content=\"en_US\" \/>\n<meta property=\"og:type\" content=\"article\" \/>\n<meta property=\"og:title\" content=\"2010 Reu\u00dfenzehn - EL34 Tube Amp - MK3 - ID 5014 - captain-guitar-lounge.com\" \/>\n<meta property=\"og:description\" content=\"ex G\u00fcnter Gr\u00fcnwald Condition: Very Good SerNo: D38 Weight: 4.6 kg Shipping class: Medium Brokerage sale: 10619\" \/>\n<meta property=\"og:url\" content=\"https:\/\/captain-guitar-lounge.com\/en\/product\/2010-reussenzehn-el34-tube-amp-mk3-id-5014\/\" \/>\n<meta property=\"og:site_name\" content=\"captain-guitar-lounge.com\" \/>\n<meta property=\"article:publisher\" content=\"https:\/\/www.facebook.com\/Captain-Guitar-Lounge-140457272682315\/\" \/>\n<meta property=\"og:image\" content=\"https:\/\/captain-guitar-lounge.com\/wp-content\/uploads\/2025\/05\/Reussenzehn-EL34-Tube-Amp-ID-5014IMG_E3898.jpg\" \/>\n\t<meta property=\"og:image:width\" content=\"1512\" \/>\n\t<meta property=\"og:image:height\" content=\"1512\" \/>\n\t<meta property=\"og:image:type\" content=\"image\/jpeg\" \/>\n<meta name=\"twitter:card\" content=\"summary_large_image\" \/>\n<meta name=\"twitter:label1\" content=\"Est. reading time\" \/>\n\t<meta name=\"twitter:data1\" content=\"1 minute\" \/>\n<script type=\"application\/ld+json\" class=\"yoast-schema-graph\">{\"@context\":\"https:\/\/schema.org\",\"@graph\":[{\"@type\":\"WebPage\",\"@id\":\"https:\/\/captain-guitar-lounge.com\/en\/product\/2010-reussenzehn-el34-tube-amp-mk3-id-5014\/\",\"url\":\"https:\/\/captain-guitar-lounge.com\/en\/product\/2010-reussenzehn-el34-tube-amp-mk3-id-5014\/\",\"name\":\"2010 Reu\u00dfenzehn - EL34 Tube Amp - MK3 - ID 5014 - captain-guitar-lounge.com\",\"isPartOf\":{\"@id\":\"https:\/\/captain-guitar-lounge.com\/en\/#website\"},\"primaryImageOfPage\":{\"@id\":\"https:\/\/captain-guitar-lounge.com\/en\/product\/2010-reussenzehn-el34-tube-amp-mk3-id-5014\/#primaryimage\"},\"image\":{\"@id\":\"https:\/\/captain-guitar-lounge.com\/en\/product\/2010-reussenzehn-el34-tube-amp-mk3-id-5014\/#primaryimage\"},\"thumbnailUrl\":\"https:\/\/captain-guitar-lounge.com\/wp-content\/uploads\/2025\/05\/Reussenzehn-EL34-Tube-Amp-ID-5014IMG_E3898.jpg\",\"datePublished\":\"2025-05-21T12:46:58+00:00\",\"breadcrumb\":{\"@id\":\"https:\/\/captain-guitar-lounge.com\/en\/product\/2010-reussenzehn-el34-tube-amp-mk3-id-5014\/#breadcrumb\"},\"inLanguage\":\"en-US\",\"potentialAction\":[{\"@type\":\"ReadAction\",\"target\":[\"https:\/\/captain-guitar-lounge.com\/en\/product\/2010-reussenzehn-el34-tube-amp-mk3-id-5014\/\"]}]},{\"@type\":\"ImageObject\",\"inLanguage\":\"en-US\",\"@id\":\"https:\/\/captain-guitar-lounge.com\/en\/product\/2010-reussenzehn-el34-tube-amp-mk3-id-5014\/#primaryimage\",\"url\":\"https:\/\/captain-guitar-lounge.com\/wp-content\/uploads\/2025\/05\/Reussenzehn-EL34-Tube-Amp-ID-5014IMG_E3898.jpg\",\"contentUrl\":\"https:\/\/captain-guitar-lounge.com\/wp-content\/uploads\/2025\/05\/Reussenzehn-EL34-Tube-Amp-ID-5014IMG_E3898.jpg\",\"width\":1512,\"height\":1512},{\"@type\":\"BreadcrumbList\",\"@id\":\"https:\/\/captain-guitar-lounge.com\/en\/product\/2010-reussenzehn-el34-tube-amp-mk3-id-5014\/#breadcrumb\",\"itemListElement\":[{\"@type\":\"ListItem\",\"position\":1,\"name\":\"Startseite\",\"item\":\"https:\/\/captain-guitar-lounge.com\/en\/\"},{\"@type\":\"ListItem\",\"position\":2,\"name\":\"Shop\",\"item\":\"https:\/\/captain-guitar-lounge.com\/shop\/\"},{\"@type\":\"ListItem\",\"position\":3,\"name\":\"2010 Reu\u00dfenzehn &#8211; EL34 Tube Amp &#8211; MK3 &#8211; ID 5014\"}]},{\"@type\":\"WebSite\",\"@id\":\"https:\/\/captain-guitar-lounge.com\/en\/#website\",\"url\":\"https:\/\/captain-guitar-lounge.com\/en\/\",\"name\":\"captain-guitar-lounge.com\",\"description\":\"Fine Amps and Guitars and more\",\"potentialAction\":[{\"@type\":\"SearchAction\",\"target\":{\"@type\":\"EntryPoint\",\"urlTemplate\":\"https:\/\/captain-guitar-lounge.com\/en\/?s={search_term_string}\"},\"query-input\":{\"@type\":\"PropertyValueSpecification\",\"valueRequired\":true,\"valueName\":\"search_term_string\"}}],\"inLanguage\":\"en-US\"}]}<\/script>\n<!-- \/ Yoast SEO plugin. -->","yoast_head_json":{"title":"2010 Reu\u00dfenzehn - EL34 Tube Amp - MK3 - ID 5014 - captain-guitar-lounge.com","robots":{"index":"index","follow":"follow","max-snippet":"max-snippet:-1","max-image-preview":"max-image-preview:large","max-video-preview":"max-video-preview:-1"},"canonical":"https:\/\/captain-guitar-lounge.com\/en\/product\/2010-reussenzehn-el34-tube-amp-mk3-id-5014\/","og_locale":"en_US","og_type":"article","og_title":"2010 Reu\u00dfenzehn - EL34 Tube Amp - MK3 - ID 5014 - captain-guitar-lounge.com","og_description":"ex G\u00fcnter Gr\u00fcnwald Condition: Very Good SerNo: D38 Weight: 4.6 kg Shipping class: Medium Brokerage sale: 10619","og_url":"https:\/\/captain-guitar-lounge.com\/en\/product\/2010-reussenzehn-el34-tube-amp-mk3-id-5014\/","og_site_name":"captain-guitar-lounge.com","article_publisher":"https:\/\/www.facebook.com\/Captain-Guitar-Lounge-140457272682315\/","og_image":[{"width":1512,"height":1512,"url":"https:\/\/captain-guitar-lounge.com\/wp-content\/uploads\/2025\/05\/Reussenzehn-EL34-Tube-Amp-ID-5014IMG_E3898.jpg","type":"image\/jpeg"}],"twitter_card":"summary_large_image","twitter_misc":{"Est. reading time":"1 minute"},"schema":{"@context":"https:\/\/schema.org","@graph":[{"@type":"WebPage","@id":"https:\/\/captain-guitar-lounge.com\/en\/product\/2010-reussenzehn-el34-tube-amp-mk3-id-5014\/","url":"https:\/\/captain-guitar-lounge.com\/en\/product\/2010-reussenzehn-el34-tube-amp-mk3-id-5014\/","name":"2010 Reu\u00dfenzehn - EL34 Tube Amp - MK3 - ID 5014 - captain-guitar-lounge.com","isPartOf":{"@id":"https:\/\/captain-guitar-lounge.com\/en\/#website"},"primaryImageOfPage":{"@id":"https:\/\/captain-guitar-lounge.com\/en\/product\/2010-reussenzehn-el34-tube-amp-mk3-id-5014\/#primaryimage"},"image":{"@id":"https:\/\/captain-guitar-lounge.com\/en\/product\/2010-reussenzehn-el34-tube-amp-mk3-id-5014\/#primaryimage"},"thumbnailUrl":"https:\/\/captain-guitar-lounge.com\/wp-content\/uploads\/2025\/05\/Reussenzehn-EL34-Tube-Amp-ID-5014IMG_E3898.jpg","datePublished":"2025-05-21T12:46:58+00:00","breadcrumb":{"@id":"https:\/\/captain-guitar-lounge.com\/en\/product\/2010-reussenzehn-el34-tube-amp-mk3-id-5014\/#breadcrumb"},"inLanguage":"en-US","potentialAction":[{"@type":"ReadAction","target":["https:\/\/captain-guitar-lounge.com\/en\/product\/2010-reussenzehn-el34-tube-amp-mk3-id-5014\/"]}]},{"@type":"ImageObject","inLanguage":"en-US","@id":"https:\/\/captain-guitar-lounge.com\/en\/product\/2010-reussenzehn-el34-tube-amp-mk3-id-5014\/#primaryimage","url":"https:\/\/captain-guitar-lounge.com\/wp-content\/uploads\/2025\/05\/Reussenzehn-EL34-Tube-Amp-ID-5014IMG_E3898.jpg","contentUrl":"https:\/\/captain-guitar-lounge.com\/wp-content\/uploads\/2025\/05\/Reussenzehn-EL34-Tube-Amp-ID-5014IMG_E3898.jpg","width":1512,"height":1512},{"@type":"BreadcrumbList","@id":"https:\/\/captain-guitar-lounge.com\/en\/product\/2010-reussenzehn-el34-tube-amp-mk3-id-5014\/#breadcrumb","itemListElement":[{"@type":"ListItem","position":1,"name":"Startseite","item":"https:\/\/captain-guitar-lounge.com\/en\/"},{"@type":"ListItem","position":2,"name":"Shop","item":"https:\/\/captain-guitar-lounge.com\/shop\/"},{"@type":"ListItem","position":3,"name":"2010 Reu\u00dfenzehn &#8211; EL34 Tube Amp &#8211; MK3 &#8211; ID 5014"}]},{"@type":"WebSite","@id":"https:\/\/captain-guitar-lounge.com\/en\/#website","url":"https:\/\/captain-guitar-lounge.com\/en\/","name":"captain-guitar-lounge.com","description":"Fine Amps and Guitars and more","potentialAction":[{"@type":"SearchAction","target":{"@type":"EntryPoint","urlTemplate":"https:\/\/captain-guitar-lounge.com\/en\/?s={search_term_string}"},"query-input":{"@type":"PropertyValueSpecification","valueRequired":true,"valueName":"search_term_string"}}],"inLanguage":"en-US"}]}},"_links":{"self":[{"href":"https:\/\/captain-guitar-lounge.com\/en\/wp-json\/wp\/v2\/product\/201832","targetHints":{"allow":["GET"]}}],"collection":[{"href":"https:\/\/captain-guitar-lounge.com\/en\/wp-json\/wp\/v2\/product"}],"about":[{"href":"https:\/\/captain-guitar-lounge.com\/en\/wp-json\/wp\/v2\/types\/product"}],"replies":[{"embeddable":true,"href":"https:\/\/captain-guitar-lounge.com\/en\/wp-json\/wp\/v2\/comments?post=201832"}],"wp:featuredmedia":[{"embeddable":true,"href":"https:\/\/captain-guitar-lounge.com\/en\/wp-json\/wp\/v2\/media\/201374"}],"wp:attachment":[{"href":"https:\/\/captain-guitar-lounge.com\/en\/wp-json\/wp\/v2\/media?parent=201832"}],"wp:term":[{"taxonomy":"product_brand","embeddable":true,"href":"https:\/\/captain-guitar-lounge.com\/en\/wp-json\/wp\/v2\/product_brand?post=201832"},{"taxonomy":"product_cat","embeddable":true,"href":"https:\/\/captain-guitar-lounge.com\/en\/wp-json\/wp\/v2\/product_cat?post=201832"},{"taxonomy":"product_tag","embeddable":true,"href":"https:\/\/captain-guitar-lounge.com\/en\/wp-json\/wp\/v2\/product_tag?post=201832"}],"curies":[{"name":"wp","href":"https:\/\/api.w.org\/{rel}","templated":true}]}}