{"id":202430,"date":"2025-05-26T15:38:51","date_gmt":"2025-05-26T13:38:51","guid":{"rendered":"https:\/\/captain-guitar-lounge.com\/?post_type=product&#038;p=202430"},"modified":"2025-05-27T10:04:27","modified_gmt":"2025-05-27T08:04:27","slug":"1999-ovation-celebrity-157-id-5029","status":"publish","type":"product","link":"https:\/\/captain-guitar-lounge.com\/en\/product\/1999-ovation-celebrity-157-id-5029\/","title":{"rendered":"1999 Ovation &#8211; Celebrity 157 &#8211; ID 5029"},"content":{"rendered":"<p>Mit ihrer Fichtendecke, dem komfortablen Soft-V-Halsprofil aus Mahagoni und dem typisch direkten, brillanten Klang ist sie der perfekte Begleiter f\u00fcr Akustik-Fans, die auch verst\u00e4rkt \u00fcberzeugen wollen.<\/p>\n<p>\u2705 Modell: Ovation Celebrity 157<br \/>\n\u2705 Baujahr: 1999<br \/>\n\u2705 Decke: Fichtendecke (Spruce Top)<br \/>\n\u2705 Korpus: Roundback Lyrachord<br \/>\n\u2705 Hals: Mahagoni mit Soft-V-Profil<br \/>\n\u2705 Griffbrett: Palisander (Rosewood)<br \/>\n\u2705 B\u00fcnde: 20<br \/>\n\u2705 Sattelbreite: 42,5 mm<br \/>\n\u2705 Mensur: 643 mm<br \/>\n\u2705 Tonabnehmer &amp; Elektronik: Ovation Preamp-System<br \/>\n\u2705 Plus extra Pickup mit extra Buchse (2 L\u00f6cher in der Rosette)<br \/>\n\u2705 Regler: Volume, Bass, Mid, Treble<br \/>\n\u2705 Steg: Palisander<br \/>\n\u2705 2380 Gramm<br \/>\n\u2705 inkl. Setup<\/p>\n","protected":false},"excerpt":{"rendered":"<p><strong>Teal Burst<\/strong><br \/>\nZustand: Gut<br \/>\nSerNr: 545589<br \/>\nGewicht: 2,3 kg<br \/>\nVersandklasse: <a href=\"https:\/\/captain-guitar-lounge.com\/versand__lieferung\/\"><strong>Large<\/strong><\/a><br \/>\nVermittlungsverkauf: 14117<\/p>\n","protected":false},"featured_media":202471,"comment_status":"closed","ping_status":"closed","template":"","meta":{"_et_pb_use_builder":"","_et_pb_old_content":"","_et_gb_content_width":""},"product_brand":[],"product_cat":[106,290],"product_tag":[],"class_list":{"0":"post-202430","1":"product","2":"type-product","3":"status-publish","4":"has-post-thumbnail","6":"product_cat-acoustic-guitars","7":"product_cat-fundgrube","8":"product_shipping_class-large","9":"pa_baujahr-90s","11":"first","12":"instock","13":"sold-individually","14":"purchasable","15":"product-type-simple"},"composite_virtual":false,"composite_layout":"","composite_add_to_cart_form_location":"","composite_editable_in_cart":false,"composite_sold_individually_context":"","composite_shop_price_calc":"","composite_components":[],"composite_scenarios":[],"pp_statuses_selecting_workflow":false,"pp_workflow_action":"current","pp_status_selection":"publish","yoast_head":"<!-- This site is optimized with the Yoast SEO plugin v26.8 - https:\/\/yoast.com\/product\/yoast-seo-wordpress\/ -->\n<title>1999 Ovation - Celebrity 157 - ID 5029 - captain-guitar-lounge.com<\/title>\n<meta name=\"robots\" content=\"index, follow, max-snippet:-1, max-image-preview:large, max-video-preview:-1\" \/>\n<link rel=\"canonical\" href=\"https:\/\/captain-guitar-lounge.com\/en\/product\/1999-ovation-celebrity-157-id-5029\/\" \/>\n<meta property=\"og:locale\" content=\"en_US\" \/>\n<meta property=\"og:type\" content=\"article\" \/>\n<meta property=\"og:title\" content=\"1999 Ovation - Celebrity 157 - ID 5029 - captain-guitar-lounge.com\" \/>\n<meta property=\"og:description\" content=\"Teal Burst Zustand: Gut SerNr: 545589 Gewicht: 2,3 kg Versandklasse: Large Vermittlungsverkauf: 14117\" \/>\n<meta property=\"og:url\" content=\"https:\/\/captain-guitar-lounge.com\/en\/product\/1999-ovation-celebrity-157-id-5029\/\" \/>\n<meta property=\"og:site_name\" content=\"captain-guitar-lounge.com\" \/>\n<meta property=\"article:publisher\" content=\"https:\/\/www.facebook.com\/Captain-Guitar-Lounge-140457272682315\/\" \/>\n<meta property=\"article:modified_time\" content=\"2025-05-27T08:04:27+00:00\" \/>\n<meta property=\"og:image\" content=\"https:\/\/captain-guitar-lounge.com\/wp-content\/uploads\/2025\/05\/1999-Ovation-Celebrity-157-ID-5029IMG_E4254.jpg\" \/>\n\t<meta property=\"og:image:width\" content=\"1512\" \/>\n\t<meta property=\"og:image:height\" content=\"1512\" \/>\n\t<meta property=\"og:image:type\" content=\"image\/jpeg\" \/>\n<meta name=\"twitter:card\" content=\"summary_large_image\" \/>\n<meta name=\"twitter:label1\" content=\"Est. reading time\" \/>\n\t<meta name=\"twitter:data1\" content=\"1 minute\" \/>\n<script type=\"application\/ld+json\" class=\"yoast-schema-graph\">{\"@context\":\"https:\/\/schema.org\",\"@graph\":[{\"@type\":\"WebPage\",\"@id\":\"https:\/\/captain-guitar-lounge.com\/en\/product\/1999-ovation-celebrity-157-id-5029\/\",\"url\":\"https:\/\/captain-guitar-lounge.com\/en\/product\/1999-ovation-celebrity-157-id-5029\/\",\"name\":\"1999 Ovation - Celebrity 157 - ID 5029 - captain-guitar-lounge.com\",\"isPartOf\":{\"@id\":\"https:\/\/captain-guitar-lounge.com\/en\/#website\"},\"primaryImageOfPage\":{\"@id\":\"https:\/\/captain-guitar-lounge.com\/en\/product\/1999-ovation-celebrity-157-id-5029\/#primaryimage\"},\"image\":{\"@id\":\"https:\/\/captain-guitar-lounge.com\/en\/product\/1999-ovation-celebrity-157-id-5029\/#primaryimage\"},\"thumbnailUrl\":\"https:\/\/captain-guitar-lounge.com\/wp-content\/uploads\/2025\/05\/1999-Ovation-Celebrity-157-ID-5029IMG_E4254.jpg\",\"datePublished\":\"2025-05-26T13:38:51+00:00\",\"dateModified\":\"2025-05-27T08:04:27+00:00\",\"breadcrumb\":{\"@id\":\"https:\/\/captain-guitar-lounge.com\/en\/product\/1999-ovation-celebrity-157-id-5029\/#breadcrumb\"},\"inLanguage\":\"en-US\",\"potentialAction\":[{\"@type\":\"ReadAction\",\"target\":[\"https:\/\/captain-guitar-lounge.com\/en\/product\/1999-ovation-celebrity-157-id-5029\/\"]}]},{\"@type\":\"ImageObject\",\"inLanguage\":\"en-US\",\"@id\":\"https:\/\/captain-guitar-lounge.com\/en\/product\/1999-ovation-celebrity-157-id-5029\/#primaryimage\",\"url\":\"https:\/\/captain-guitar-lounge.com\/wp-content\/uploads\/2025\/05\/1999-Ovation-Celebrity-157-ID-5029IMG_E4254.jpg\",\"contentUrl\":\"https:\/\/captain-guitar-lounge.com\/wp-content\/uploads\/2025\/05\/1999-Ovation-Celebrity-157-ID-5029IMG_E4254.jpg\",\"width\":1512,\"height\":1512},{\"@type\":\"BreadcrumbList\",\"@id\":\"https:\/\/captain-guitar-lounge.com\/en\/product\/1999-ovation-celebrity-157-id-5029\/#breadcrumb\",\"itemListElement\":[{\"@type\":\"ListItem\",\"position\":1,\"name\":\"Startseite\",\"item\":\"https:\/\/captain-guitar-lounge.com\/en\/\"},{\"@type\":\"ListItem\",\"position\":2,\"name\":\"Shop\",\"item\":\"https:\/\/captain-guitar-lounge.com\/shop\/\"},{\"@type\":\"ListItem\",\"position\":3,\"name\":\"1999 Ovation &#8211; Celebrity 157 &#8211; ID 5029\"}]},{\"@type\":\"WebSite\",\"@id\":\"https:\/\/captain-guitar-lounge.com\/en\/#website\",\"url\":\"https:\/\/captain-guitar-lounge.com\/en\/\",\"name\":\"captain-guitar-lounge.com\",\"description\":\"Fine Amps and Guitars and more\",\"potentialAction\":[{\"@type\":\"SearchAction\",\"target\":{\"@type\":\"EntryPoint\",\"urlTemplate\":\"https:\/\/captain-guitar-lounge.com\/en\/?s={search_term_string}\"},\"query-input\":{\"@type\":\"PropertyValueSpecification\",\"valueRequired\":true,\"valueName\":\"search_term_string\"}}],\"inLanguage\":\"en-US\"}]}<\/script>\n<!-- \/ Yoast SEO plugin. -->","yoast_head_json":{"title":"1999 Ovation - Celebrity 157 - ID 5029 - captain-guitar-lounge.com","robots":{"index":"index","follow":"follow","max-snippet":"max-snippet:-1","max-image-preview":"max-image-preview:large","max-video-preview":"max-video-preview:-1"},"canonical":"https:\/\/captain-guitar-lounge.com\/en\/product\/1999-ovation-celebrity-157-id-5029\/","og_locale":"en_US","og_type":"article","og_title":"1999 Ovation - Celebrity 157 - ID 5029 - captain-guitar-lounge.com","og_description":"Teal Burst Zustand: Gut SerNr: 545589 Gewicht: 2,3 kg Versandklasse: Large Vermittlungsverkauf: 14117","og_url":"https:\/\/captain-guitar-lounge.com\/en\/product\/1999-ovation-celebrity-157-id-5029\/","og_site_name":"captain-guitar-lounge.com","article_publisher":"https:\/\/www.facebook.com\/Captain-Guitar-Lounge-140457272682315\/","article_modified_time":"2025-05-27T08:04:27+00:00","og_image":[{"width":1512,"height":1512,"url":"https:\/\/captain-guitar-lounge.com\/wp-content\/uploads\/2025\/05\/1999-Ovation-Celebrity-157-ID-5029IMG_E4254.jpg","type":"image\/jpeg"}],"twitter_card":"summary_large_image","twitter_misc":{"Est. reading time":"1 minute"},"schema":{"@context":"https:\/\/schema.org","@graph":[{"@type":"WebPage","@id":"https:\/\/captain-guitar-lounge.com\/en\/product\/1999-ovation-celebrity-157-id-5029\/","url":"https:\/\/captain-guitar-lounge.com\/en\/product\/1999-ovation-celebrity-157-id-5029\/","name":"1999 Ovation - Celebrity 157 - ID 5029 - captain-guitar-lounge.com","isPartOf":{"@id":"https:\/\/captain-guitar-lounge.com\/en\/#website"},"primaryImageOfPage":{"@id":"https:\/\/captain-guitar-lounge.com\/en\/product\/1999-ovation-celebrity-157-id-5029\/#primaryimage"},"image":{"@id":"https:\/\/captain-guitar-lounge.com\/en\/product\/1999-ovation-celebrity-157-id-5029\/#primaryimage"},"thumbnailUrl":"https:\/\/captain-guitar-lounge.com\/wp-content\/uploads\/2025\/05\/1999-Ovation-Celebrity-157-ID-5029IMG_E4254.jpg","datePublished":"2025-05-26T13:38:51+00:00","dateModified":"2025-05-27T08:04:27+00:00","breadcrumb":{"@id":"https:\/\/captain-guitar-lounge.com\/en\/product\/1999-ovation-celebrity-157-id-5029\/#breadcrumb"},"inLanguage":"en-US","potentialAction":[{"@type":"ReadAction","target":["https:\/\/captain-guitar-lounge.com\/en\/product\/1999-ovation-celebrity-157-id-5029\/"]}]},{"@type":"ImageObject","inLanguage":"en-US","@id":"https:\/\/captain-guitar-lounge.com\/en\/product\/1999-ovation-celebrity-157-id-5029\/#primaryimage","url":"https:\/\/captain-guitar-lounge.com\/wp-content\/uploads\/2025\/05\/1999-Ovation-Celebrity-157-ID-5029IMG_E4254.jpg","contentUrl":"https:\/\/captain-guitar-lounge.com\/wp-content\/uploads\/2025\/05\/1999-Ovation-Celebrity-157-ID-5029IMG_E4254.jpg","width":1512,"height":1512},{"@type":"BreadcrumbList","@id":"https:\/\/captain-guitar-lounge.com\/en\/product\/1999-ovation-celebrity-157-id-5029\/#breadcrumb","itemListElement":[{"@type":"ListItem","position":1,"name":"Startseite","item":"https:\/\/captain-guitar-lounge.com\/en\/"},{"@type":"ListItem","position":2,"name":"Shop","item":"https:\/\/captain-guitar-lounge.com\/shop\/"},{"@type":"ListItem","position":3,"name":"1999 Ovation &#8211; Celebrity 157 &#8211; ID 5029"}]},{"@type":"WebSite","@id":"https:\/\/captain-guitar-lounge.com\/en\/#website","url":"https:\/\/captain-guitar-lounge.com\/en\/","name":"captain-guitar-lounge.com","description":"Fine Amps and Guitars and more","potentialAction":[{"@type":"SearchAction","target":{"@type":"EntryPoint","urlTemplate":"https:\/\/captain-guitar-lounge.com\/en\/?s={search_term_string}"},"query-input":{"@type":"PropertyValueSpecification","valueRequired":true,"valueName":"search_term_string"}}],"inLanguage":"en-US"}]}},"_links":{"self":[{"href":"https:\/\/captain-guitar-lounge.com\/en\/wp-json\/wp\/v2\/product\/202430","targetHints":{"allow":["GET"]}}],"collection":[{"href":"https:\/\/captain-guitar-lounge.com\/en\/wp-json\/wp\/v2\/product"}],"about":[{"href":"https:\/\/captain-guitar-lounge.com\/en\/wp-json\/wp\/v2\/types\/product"}],"replies":[{"embeddable":true,"href":"https:\/\/captain-guitar-lounge.com\/en\/wp-json\/wp\/v2\/comments?post=202430"}],"wp:featuredmedia":[{"embeddable":true,"href":"https:\/\/captain-guitar-lounge.com\/en\/wp-json\/wp\/v2\/media\/202471"}],"wp:attachment":[{"href":"https:\/\/captain-guitar-lounge.com\/en\/wp-json\/wp\/v2\/media?parent=202430"}],"wp:term":[{"taxonomy":"product_brand","embeddable":true,"href":"https:\/\/captain-guitar-lounge.com\/en\/wp-json\/wp\/v2\/product_brand?post=202430"},{"taxonomy":"product_cat","embeddable":true,"href":"https:\/\/captain-guitar-lounge.com\/en\/wp-json\/wp\/v2\/product_cat?post=202430"},{"taxonomy":"product_tag","embeddable":true,"href":"https:\/\/captain-guitar-lounge.com\/en\/wp-json\/wp\/v2\/product_tag?post=202430"}],"curies":[{"name":"wp","href":"https:\/\/api.w.org\/{rel}","templated":true}]}}