{"id":202874,"date":"2025-05-28T00:05:57","date_gmt":"2025-05-27T22:05:57","guid":{"rendered":"https:\/\/captain-guitar-lounge.com\/produkt\/1958-fender-telecaster-id-4992\/"},"modified":"2025-05-30T09:09:20","modified_gmt":"2025-05-30T07:09:20","slug":"1958-fender-telecaster-id-4992","status":"publish","type":"product","link":"https:\/\/captain-guitar-lounge.com\/en\/product\/1958-fender-telecaster-id-4992\/","title":{"rendered":"1958 Fender &#8211; Telecaster &#8211; ID 4992"},"content":{"rendered":"<p>Peter bought this Tele from City Music in Solingen in 1995, the invoice is included.<br \/>\nIt was declared as built in 1958, unfortunately not much is original anymore, so it is difficult to date it exactly.<br \/>\nThe Ash body was refinished in yellow and the pickups were rewound.<br \/>\nThe Bridge is from 1958. The tuners have been renewed.<br \/>\nThe original machine heads are included, but one is missing the stamp.<br \/>\nThe neck was replaced by a Warmouth with 22 frets.<br \/>\nWeight: 3074 gram<\/p>\n<p>Great player tele with twang and character!!!<\/p>\n<p>This guitar comes directly from the possession of <a href=\"https:\/\/de.wikipedia.org\/wiki\/Peter_W%C3%B6lpl\"><strong>Peter W\u00f6lpl <\/strong><\/a>one of the most renowned German professional guitarists.<br \/>\nHe played with greats such as Billy Cobham, Wolfgang Schmid, Klaus Lage and Falco. He also became known through his participation in the TV series \u201cSuper Drumming\u201d. In addition to his work as a musician, W\u00f6lpl is also active as a producer and lecturer, including at the Popakademie Mannheim and the Berufsfachschule f\u00fcr Musik in Dinkelsb\u00fchl.<\/p>\n<p>&nbsp;<\/p>\n","protected":false},"excerpt":{"rendered":"<p><strong>ex Peter W\u00f6lpl<\/strong><br \/>\nCondition: Decent<br \/>\nSerNo: 29019<br \/>\nWeight: 3.1 kg<br \/>\nShipping class: <a href=\"https:\/\/captain-guitar-lounge.com\/en\/shipping\/\"><strong>Standard<\/strong><\/a><br \/>\nCase: yes, hard-shell gig bag<br \/>\nBrokerage sale: 14656<br \/>\n<a href=\"https:\/\/captain-guitar-lounge.com\/wp-content\/uploads\/2025\/05\/k-9Y7A3156-CC.jpg\"><img loading=\"lazy\" decoding=\"async\" class=\"alignnone size-medium wp-image-202305\" src=\"https:\/\/captain-guitar-lounge.com\/wp-content\/uploads\/2025\/05\/k-9Y7A3156-CC-200x300.jpg\" alt=\"\" width=\"200\" height=\"300\" \/><\/a><\/p>\n","protected":false},"featured_media":201991,"comment_status":"closed","ping_status":"closed","template":"","meta":{"_et_pb_use_builder":"","_et_pb_old_content":"","_et_gb_content_width":""},"product_brand":[],"product_cat":[2593,1855],"product_tag":[2541,2248,1862],"class_list":{"0":"post-202874","1":"product","2":"type-product","3":"status-publish","4":"has-post-thumbnail","6":"product_cat-peter-woelpl-en","7":"product_cat-electric-guitars-en","8":"product_tag-celebrity-owned-en","9":"product_tag-tele-en","10":"product_tag-vintage-en","11":"product_shipping_class-standard","12":"pa_baujahr-50s-en","14":"first","15":"outofstock","16":"sold-individually","17":"purchasable","18":"product-type-simple"},"composite_virtual":false,"composite_layout":"","composite_add_to_cart_form_location":"","composite_editable_in_cart":false,"composite_sold_individually_context":"","composite_shop_price_calc":"","composite_components":[],"composite_scenarios":[],"pp_statuses_selecting_workflow":false,"pp_workflow_action":"current","pp_status_selection":"publish","yoast_head":"<!-- This site is optimized with the Yoast SEO plugin v26.8 - https:\/\/yoast.com\/product\/yoast-seo-wordpress\/ -->\n<title>1958 Fender - Telecaster - ID 4992 - captain-guitar-lounge.com<\/title>\n<meta name=\"robots\" content=\"index, follow, max-snippet:-1, max-image-preview:large, max-video-preview:-1\" \/>\n<link rel=\"canonical\" href=\"https:\/\/captain-guitar-lounge.com\/en\/product\/1958-fender-telecaster-id-4992\/\" \/>\n<meta property=\"og:locale\" content=\"en_US\" \/>\n<meta property=\"og:type\" content=\"article\" \/>\n<meta property=\"og:title\" content=\"1958 Fender - Telecaster - ID 4992 - captain-guitar-lounge.com\" \/>\n<meta property=\"og:description\" content=\"ex Peter W\u00f6lpl Condition: Decent SerNo: 29019 Weight: 3.1 kg Shipping class: Standard Case: yes, hard-shell gig bag Brokerage sale: 14656\" \/>\n<meta property=\"og:url\" content=\"https:\/\/captain-guitar-lounge.com\/en\/product\/1958-fender-telecaster-id-4992\/\" \/>\n<meta property=\"og:site_name\" content=\"captain-guitar-lounge.com\" \/>\n<meta property=\"article:publisher\" content=\"https:\/\/www.facebook.com\/Captain-Guitar-Lounge-140457272682315\/\" \/>\n<meta property=\"article:modified_time\" content=\"2025-05-30T07:09:20+00:00\" \/>\n<meta property=\"og:image\" content=\"https:\/\/captain-guitar-lounge.com\/wp-content\/uploads\/2025\/05\/1958-Fender-Telecaster-ID-4992IMG_E4115.jpg\" \/>\n\t<meta property=\"og:image:width\" content=\"1512\" \/>\n\t<meta property=\"og:image:height\" content=\"1512\" \/>\n\t<meta property=\"og:image:type\" content=\"image\/jpeg\" \/>\n<meta name=\"twitter:card\" content=\"summary_large_image\" \/>\n<meta name=\"twitter:label1\" content=\"Est. reading time\" \/>\n\t<meta name=\"twitter:data1\" content=\"2 minutes\" \/>\n<script type=\"application\/ld+json\" class=\"yoast-schema-graph\">{\"@context\":\"https:\/\/schema.org\",\"@graph\":[{\"@type\":\"WebPage\",\"@id\":\"https:\/\/captain-guitar-lounge.com\/en\/product\/1958-fender-telecaster-id-4992\/\",\"url\":\"https:\/\/captain-guitar-lounge.com\/en\/product\/1958-fender-telecaster-id-4992\/\",\"name\":\"1958 Fender - Telecaster - ID 4992 - captain-guitar-lounge.com\",\"isPartOf\":{\"@id\":\"https:\/\/captain-guitar-lounge.com\/en\/#website\"},\"primaryImageOfPage\":{\"@id\":\"https:\/\/captain-guitar-lounge.com\/en\/product\/1958-fender-telecaster-id-4992\/#primaryimage\"},\"image\":{\"@id\":\"https:\/\/captain-guitar-lounge.com\/en\/product\/1958-fender-telecaster-id-4992\/#primaryimage\"},\"thumbnailUrl\":\"https:\/\/captain-guitar-lounge.com\/wp-content\/uploads\/2025\/05\/1958-Fender-Telecaster-ID-4992IMG_E4115.jpg\",\"datePublished\":\"2025-05-27T22:05:57+00:00\",\"dateModified\":\"2025-05-30T07:09:20+00:00\",\"breadcrumb\":{\"@id\":\"https:\/\/captain-guitar-lounge.com\/en\/product\/1958-fender-telecaster-id-4992\/#breadcrumb\"},\"inLanguage\":\"en-US\",\"potentialAction\":[{\"@type\":\"ReadAction\",\"target\":[\"https:\/\/captain-guitar-lounge.com\/en\/product\/1958-fender-telecaster-id-4992\/\"]}]},{\"@type\":\"ImageObject\",\"inLanguage\":\"en-US\",\"@id\":\"https:\/\/captain-guitar-lounge.com\/en\/product\/1958-fender-telecaster-id-4992\/#primaryimage\",\"url\":\"https:\/\/captain-guitar-lounge.com\/wp-content\/uploads\/2025\/05\/1958-Fender-Telecaster-ID-4992IMG_E4115.jpg\",\"contentUrl\":\"https:\/\/captain-guitar-lounge.com\/wp-content\/uploads\/2025\/05\/1958-Fender-Telecaster-ID-4992IMG_E4115.jpg\",\"width\":1512,\"height\":1512},{\"@type\":\"BreadcrumbList\",\"@id\":\"https:\/\/captain-guitar-lounge.com\/en\/product\/1958-fender-telecaster-id-4992\/#breadcrumb\",\"itemListElement\":[{\"@type\":\"ListItem\",\"position\":1,\"name\":\"Startseite\",\"item\":\"https:\/\/captain-guitar-lounge.com\/en\/\"},{\"@type\":\"ListItem\",\"position\":2,\"name\":\"Shop\",\"item\":\"https:\/\/captain-guitar-lounge.com\/shop\/\"},{\"@type\":\"ListItem\",\"position\":3,\"name\":\"1958 Fender &#8211; Telecaster &#8211; ID 4992\"}]},{\"@type\":\"WebSite\",\"@id\":\"https:\/\/captain-guitar-lounge.com\/en\/#website\",\"url\":\"https:\/\/captain-guitar-lounge.com\/en\/\",\"name\":\"captain-guitar-lounge.com\",\"description\":\"Fine Amps and Guitars and more\",\"potentialAction\":[{\"@type\":\"SearchAction\",\"target\":{\"@type\":\"EntryPoint\",\"urlTemplate\":\"https:\/\/captain-guitar-lounge.com\/en\/?s={search_term_string}\"},\"query-input\":{\"@type\":\"PropertyValueSpecification\",\"valueRequired\":true,\"valueName\":\"search_term_string\"}}],\"inLanguage\":\"en-US\"}]}<\/script>\n<!-- \/ Yoast SEO plugin. -->","yoast_head_json":{"title":"1958 Fender - Telecaster - ID 4992 - captain-guitar-lounge.com","robots":{"index":"index","follow":"follow","max-snippet":"max-snippet:-1","max-image-preview":"max-image-preview:large","max-video-preview":"max-video-preview:-1"},"canonical":"https:\/\/captain-guitar-lounge.com\/en\/product\/1958-fender-telecaster-id-4992\/","og_locale":"en_US","og_type":"article","og_title":"1958 Fender - Telecaster - ID 4992 - captain-guitar-lounge.com","og_description":"ex Peter W\u00f6lpl Condition: Decent SerNo: 29019 Weight: 3.1 kg Shipping class: Standard Case: yes, hard-shell gig bag Brokerage sale: 14656","og_url":"https:\/\/captain-guitar-lounge.com\/en\/product\/1958-fender-telecaster-id-4992\/","og_site_name":"captain-guitar-lounge.com","article_publisher":"https:\/\/www.facebook.com\/Captain-Guitar-Lounge-140457272682315\/","article_modified_time":"2025-05-30T07:09:20+00:00","og_image":[{"width":1512,"height":1512,"url":"https:\/\/captain-guitar-lounge.com\/wp-content\/uploads\/2025\/05\/1958-Fender-Telecaster-ID-4992IMG_E4115.jpg","type":"image\/jpeg"}],"twitter_card":"summary_large_image","twitter_misc":{"Est. reading time":"2 minutes"},"schema":{"@context":"https:\/\/schema.org","@graph":[{"@type":"WebPage","@id":"https:\/\/captain-guitar-lounge.com\/en\/product\/1958-fender-telecaster-id-4992\/","url":"https:\/\/captain-guitar-lounge.com\/en\/product\/1958-fender-telecaster-id-4992\/","name":"1958 Fender - Telecaster - ID 4992 - captain-guitar-lounge.com","isPartOf":{"@id":"https:\/\/captain-guitar-lounge.com\/en\/#website"},"primaryImageOfPage":{"@id":"https:\/\/captain-guitar-lounge.com\/en\/product\/1958-fender-telecaster-id-4992\/#primaryimage"},"image":{"@id":"https:\/\/captain-guitar-lounge.com\/en\/product\/1958-fender-telecaster-id-4992\/#primaryimage"},"thumbnailUrl":"https:\/\/captain-guitar-lounge.com\/wp-content\/uploads\/2025\/05\/1958-Fender-Telecaster-ID-4992IMG_E4115.jpg","datePublished":"2025-05-27T22:05:57+00:00","dateModified":"2025-05-30T07:09:20+00:00","breadcrumb":{"@id":"https:\/\/captain-guitar-lounge.com\/en\/product\/1958-fender-telecaster-id-4992\/#breadcrumb"},"inLanguage":"en-US","potentialAction":[{"@type":"ReadAction","target":["https:\/\/captain-guitar-lounge.com\/en\/product\/1958-fender-telecaster-id-4992\/"]}]},{"@type":"ImageObject","inLanguage":"en-US","@id":"https:\/\/captain-guitar-lounge.com\/en\/product\/1958-fender-telecaster-id-4992\/#primaryimage","url":"https:\/\/captain-guitar-lounge.com\/wp-content\/uploads\/2025\/05\/1958-Fender-Telecaster-ID-4992IMG_E4115.jpg","contentUrl":"https:\/\/captain-guitar-lounge.com\/wp-content\/uploads\/2025\/05\/1958-Fender-Telecaster-ID-4992IMG_E4115.jpg","width":1512,"height":1512},{"@type":"BreadcrumbList","@id":"https:\/\/captain-guitar-lounge.com\/en\/product\/1958-fender-telecaster-id-4992\/#breadcrumb","itemListElement":[{"@type":"ListItem","position":1,"name":"Startseite","item":"https:\/\/captain-guitar-lounge.com\/en\/"},{"@type":"ListItem","position":2,"name":"Shop","item":"https:\/\/captain-guitar-lounge.com\/shop\/"},{"@type":"ListItem","position":3,"name":"1958 Fender &#8211; Telecaster &#8211; ID 4992"}]},{"@type":"WebSite","@id":"https:\/\/captain-guitar-lounge.com\/en\/#website","url":"https:\/\/captain-guitar-lounge.com\/en\/","name":"captain-guitar-lounge.com","description":"Fine Amps and Guitars and more","potentialAction":[{"@type":"SearchAction","target":{"@type":"EntryPoint","urlTemplate":"https:\/\/captain-guitar-lounge.com\/en\/?s={search_term_string}"},"query-input":{"@type":"PropertyValueSpecification","valueRequired":true,"valueName":"search_term_string"}}],"inLanguage":"en-US"}]}},"_links":{"self":[{"href":"https:\/\/captain-guitar-lounge.com\/en\/wp-json\/wp\/v2\/product\/202874","targetHints":{"allow":["GET"]}}],"collection":[{"href":"https:\/\/captain-guitar-lounge.com\/en\/wp-json\/wp\/v2\/product"}],"about":[{"href":"https:\/\/captain-guitar-lounge.com\/en\/wp-json\/wp\/v2\/types\/product"}],"replies":[{"embeddable":true,"href":"https:\/\/captain-guitar-lounge.com\/en\/wp-json\/wp\/v2\/comments?post=202874"}],"wp:featuredmedia":[{"embeddable":true,"href":"https:\/\/captain-guitar-lounge.com\/en\/wp-json\/wp\/v2\/media\/201991"}],"wp:attachment":[{"href":"https:\/\/captain-guitar-lounge.com\/en\/wp-json\/wp\/v2\/media?parent=202874"}],"wp:term":[{"taxonomy":"product_brand","embeddable":true,"href":"https:\/\/captain-guitar-lounge.com\/en\/wp-json\/wp\/v2\/product_brand?post=202874"},{"taxonomy":"product_cat","embeddable":true,"href":"https:\/\/captain-guitar-lounge.com\/en\/wp-json\/wp\/v2\/product_cat?post=202874"},{"taxonomy":"product_tag","embeddable":true,"href":"https:\/\/captain-guitar-lounge.com\/en\/wp-json\/wp\/v2\/product_tag?post=202874"}],"curies":[{"name":"wp","href":"https:\/\/api.w.org\/{rel}","templated":true}]}}