{"id":204578,"date":"2025-06-16T13:16:54","date_gmt":"2025-06-16T11:16:54","guid":{"rendered":"https:\/\/captain-guitar-lounge.com\/?post_type=product&#038;p=204578"},"modified":"2025-06-17T10:42:43","modified_gmt":"2025-06-17T08:42:43","slug":"motu-mico-book-ii-audio-interface-id-5089","status":"publish","type":"product","link":"https:\/\/captain-guitar-lounge.com\/en\/product\/motu-mico-book-ii-audio-interface-id-5089\/","title":{"rendered":"Motu &#8211; Micro Book II &#8211; Audio Interface &#8211; ID 5089"},"content":{"rendered":"<p><strong>Motu &#8211; Micro Book II<\/strong><br \/>\nMit dem MicroBook II kann gleichzeitig ein Mikrofon, eine Gitarre und ein Keyboard (oder ein anderes Ger\u00e4t mit Linepegel) aufgenommen werden.<br \/>\nDer Mikrofonvorverst\u00e4rker hat einen neutralen und kristallklaren Klang mit einer<br \/>\n20-dB-Absenkfunktion und 48-V-Phantomspeisung f\u00fcr Kondensatormikrofone.<br \/>\nDie programmierbaren Ausg\u00e4nge erm\u00f6glichen flexible Monitoring-Funktionen.<br \/>\nNehmen Sie es mit wohin Sie wollen<br \/>\nDas MicroBook II hat eine Gr\u00f6\u00dfe von nur 14 cm x 3 cm x 9 cm (L\u00e4nge x H\u00f6he x Breite). Es passt somit bequem in jede Laptoptasche und liegt anmutig neben Ihrem Computer.<\/p>\n<p>Wandler: 24 Bit<br \/>\nAbstastraten: 44.1, 48, 88.2, 96 kHz<br \/>\nAnalog Inputs:<br \/>\n1 x XLR-Mikrofoneingang mit Vorverst\u00e4rker<br \/>\n1 x 1\/4&#8242;-Klinke-Hi-Z-Gitarreneingang<br \/>\n2 x 1\/4&#8242;-Klinkeneingang (symmetrisch\/unsymmetrisch)<br \/>\n1 x 1\/8&#8242;-Stereo-Miniklinke (unsymmetrisch)<br \/>\nAnalog Outputs:<br \/>\n2 x 1\/4&#8242; symmetrischer Klinken-Main Out<br \/>\n1 x 1\/8&#8242;-Stereo-Miniklinke (unsymmetrisch)<br \/>\n1 x 1\/4&#8242;-Kopfh\u00f6rer-Klinkenausgang<br \/>\nDigital Output: 1 x S\/PDIF-Chinch-Ausgang<br \/>\nUSB 2.0 High-Speed Anschluss<br \/>\nSynchronisation: S\/PDIF<br \/>\n1x Kopfh\u00f6rerausgang mit Lautst\u00e4rkeregelung<br \/>\nPhantomspeisung: +48 V<\/p>\n","protected":false},"excerpt":{"rendered":"<p>Zustand: Sehr gut<br \/>\nSerNr: MB200810718<br \/>\nOVP: Ja<br \/>\nVermittlungsverkauf: 16968<\/p>\n","protected":false},"featured_media":204579,"comment_status":"closed","ping_status":"closed","template":"","meta":{"_et_pb_use_builder":"","_et_pb_old_content":"","_et_gb_content_width":""},"product_brand":[],"product_cat":[2489,290],"product_tag":[],"class_list":{"0":"post-204578","1":"product","2":"type-product","3":"status-publish","4":"has-post-thumbnail","6":"product_cat-mischpulte-studio","7":"product_cat-fundgrube","8":"product_shipping_class-small","10":"first","11":"instock","12":"sold-individually","13":"purchasable","14":"product-type-simple"},"composite_virtual":false,"composite_layout":"","composite_add_to_cart_form_location":"","composite_editable_in_cart":false,"composite_sold_individually_context":"","composite_shop_price_calc":"","composite_components":[],"composite_scenarios":[],"pp_statuses_selecting_workflow":false,"pp_workflow_action":"current","pp_status_selection":"publish","yoast_head":"<!-- This site is optimized with the Yoast SEO plugin v26.8 - https:\/\/yoast.com\/product\/yoast-seo-wordpress\/ -->\n<title>Motu - Micro Book II - Audio Interface - ID 5089 - captain-guitar-lounge.com<\/title>\n<meta name=\"robots\" content=\"index, follow, max-snippet:-1, max-image-preview:large, max-video-preview:-1\" \/>\n<link rel=\"canonical\" href=\"https:\/\/captain-guitar-lounge.com\/en\/product\/motu-mico-book-ii-audio-interface-id-5089\/\" \/>\n<meta property=\"og:locale\" content=\"en_US\" \/>\n<meta property=\"og:type\" content=\"article\" \/>\n<meta property=\"og:title\" content=\"Motu - Micro Book II - Audio Interface - ID 5089 - captain-guitar-lounge.com\" \/>\n<meta property=\"og:description\" content=\"Zustand: Sehr gut SerNr: MB200810718 OVP: Ja Vermittlungsverkauf: 16968\" \/>\n<meta property=\"og:url\" content=\"https:\/\/captain-guitar-lounge.com\/en\/product\/motu-mico-book-ii-audio-interface-id-5089\/\" \/>\n<meta property=\"og:site_name\" content=\"captain-guitar-lounge.com\" \/>\n<meta property=\"article:publisher\" content=\"https:\/\/www.facebook.com\/Captain-Guitar-Lounge-140457272682315\/\" \/>\n<meta property=\"article:modified_time\" content=\"2025-06-17T08:42:43+00:00\" \/>\n<meta property=\"og:image\" content=\"https:\/\/captain-guitar-lounge.com\/wp-content\/uploads\/2025\/06\/Motu-Mico-Book-II-Audio-Interface-ID-5089IMG_2223.jpg\" \/>\n\t<meta property=\"og:image:width\" content=\"1512\" \/>\n\t<meta property=\"og:image:height\" content=\"1512\" \/>\n\t<meta property=\"og:image:type\" content=\"image\/jpeg\" \/>\n<meta name=\"twitter:card\" content=\"summary_large_image\" \/>\n<meta name=\"twitter:label1\" content=\"Est. reading time\" \/>\n\t<meta name=\"twitter:data1\" content=\"2 minutes\" \/>\n<script type=\"application\/ld+json\" class=\"yoast-schema-graph\">{\"@context\":\"https:\/\/schema.org\",\"@graph\":[{\"@type\":\"WebPage\",\"@id\":\"https:\/\/captain-guitar-lounge.com\/en\/product\/motu-mico-book-ii-audio-interface-id-5089\/\",\"url\":\"https:\/\/captain-guitar-lounge.com\/en\/product\/motu-mico-book-ii-audio-interface-id-5089\/\",\"name\":\"Motu - Micro Book II - Audio Interface - ID 5089 - captain-guitar-lounge.com\",\"isPartOf\":{\"@id\":\"https:\/\/captain-guitar-lounge.com\/en\/#website\"},\"primaryImageOfPage\":{\"@id\":\"https:\/\/captain-guitar-lounge.com\/en\/product\/motu-mico-book-ii-audio-interface-id-5089\/#primaryimage\"},\"image\":{\"@id\":\"https:\/\/captain-guitar-lounge.com\/en\/product\/motu-mico-book-ii-audio-interface-id-5089\/#primaryimage\"},\"thumbnailUrl\":\"https:\/\/captain-guitar-lounge.com\/wp-content\/uploads\/2025\/06\/Motu-Mico-Book-II-Audio-Interface-ID-5089IMG_2223.jpg\",\"datePublished\":\"2025-06-16T11:16:54+00:00\",\"dateModified\":\"2025-06-17T08:42:43+00:00\",\"breadcrumb\":{\"@id\":\"https:\/\/captain-guitar-lounge.com\/en\/product\/motu-mico-book-ii-audio-interface-id-5089\/#breadcrumb\"},\"inLanguage\":\"en-US\",\"potentialAction\":[{\"@type\":\"ReadAction\",\"target\":[\"https:\/\/captain-guitar-lounge.com\/en\/product\/motu-mico-book-ii-audio-interface-id-5089\/\"]}]},{\"@type\":\"ImageObject\",\"inLanguage\":\"en-US\",\"@id\":\"https:\/\/captain-guitar-lounge.com\/en\/product\/motu-mico-book-ii-audio-interface-id-5089\/#primaryimage\",\"url\":\"https:\/\/captain-guitar-lounge.com\/wp-content\/uploads\/2025\/06\/Motu-Mico-Book-II-Audio-Interface-ID-5089IMG_2223.jpg\",\"contentUrl\":\"https:\/\/captain-guitar-lounge.com\/wp-content\/uploads\/2025\/06\/Motu-Mico-Book-II-Audio-Interface-ID-5089IMG_2223.jpg\",\"width\":1512,\"height\":1512,\"caption\":\"Motu-Mico-Book-II-Audio-Interface-ID-5089IMG_2223.jpg\"},{\"@type\":\"BreadcrumbList\",\"@id\":\"https:\/\/captain-guitar-lounge.com\/en\/product\/motu-mico-book-ii-audio-interface-id-5089\/#breadcrumb\",\"itemListElement\":[{\"@type\":\"ListItem\",\"position\":1,\"name\":\"Startseite\",\"item\":\"https:\/\/captain-guitar-lounge.com\/en\/\"},{\"@type\":\"ListItem\",\"position\":2,\"name\":\"Shop\",\"item\":\"https:\/\/captain-guitar-lounge.com\/shop\/\"},{\"@type\":\"ListItem\",\"position\":3,\"name\":\"Motu &#8211; Micro Book II &#8211; Audio Interface &#8211; ID 5089\"}]},{\"@type\":\"WebSite\",\"@id\":\"https:\/\/captain-guitar-lounge.com\/en\/#website\",\"url\":\"https:\/\/captain-guitar-lounge.com\/en\/\",\"name\":\"captain-guitar-lounge.com\",\"description\":\"Fine Amps and Guitars and more\",\"potentialAction\":[{\"@type\":\"SearchAction\",\"target\":{\"@type\":\"EntryPoint\",\"urlTemplate\":\"https:\/\/captain-guitar-lounge.com\/en\/?s={search_term_string}\"},\"query-input\":{\"@type\":\"PropertyValueSpecification\",\"valueRequired\":true,\"valueName\":\"search_term_string\"}}],\"inLanguage\":\"en-US\"}]}<\/script>\n<!-- \/ Yoast SEO plugin. -->","yoast_head_json":{"title":"Motu - Micro Book II - Audio Interface - ID 5089 - captain-guitar-lounge.com","robots":{"index":"index","follow":"follow","max-snippet":"max-snippet:-1","max-image-preview":"max-image-preview:large","max-video-preview":"max-video-preview:-1"},"canonical":"https:\/\/captain-guitar-lounge.com\/en\/product\/motu-mico-book-ii-audio-interface-id-5089\/","og_locale":"en_US","og_type":"article","og_title":"Motu - Micro Book II - Audio Interface - ID 5089 - captain-guitar-lounge.com","og_description":"Zustand: Sehr gut SerNr: MB200810718 OVP: Ja Vermittlungsverkauf: 16968","og_url":"https:\/\/captain-guitar-lounge.com\/en\/product\/motu-mico-book-ii-audio-interface-id-5089\/","og_site_name":"captain-guitar-lounge.com","article_publisher":"https:\/\/www.facebook.com\/Captain-Guitar-Lounge-140457272682315\/","article_modified_time":"2025-06-17T08:42:43+00:00","og_image":[{"width":1512,"height":1512,"url":"https:\/\/captain-guitar-lounge.com\/wp-content\/uploads\/2025\/06\/Motu-Mico-Book-II-Audio-Interface-ID-5089IMG_2223.jpg","type":"image\/jpeg"}],"twitter_card":"summary_large_image","twitter_misc":{"Est. reading time":"2 minutes"},"schema":{"@context":"https:\/\/schema.org","@graph":[{"@type":"WebPage","@id":"https:\/\/captain-guitar-lounge.com\/en\/product\/motu-mico-book-ii-audio-interface-id-5089\/","url":"https:\/\/captain-guitar-lounge.com\/en\/product\/motu-mico-book-ii-audio-interface-id-5089\/","name":"Motu - Micro Book II - Audio Interface - ID 5089 - captain-guitar-lounge.com","isPartOf":{"@id":"https:\/\/captain-guitar-lounge.com\/en\/#website"},"primaryImageOfPage":{"@id":"https:\/\/captain-guitar-lounge.com\/en\/product\/motu-mico-book-ii-audio-interface-id-5089\/#primaryimage"},"image":{"@id":"https:\/\/captain-guitar-lounge.com\/en\/product\/motu-mico-book-ii-audio-interface-id-5089\/#primaryimage"},"thumbnailUrl":"https:\/\/captain-guitar-lounge.com\/wp-content\/uploads\/2025\/06\/Motu-Mico-Book-II-Audio-Interface-ID-5089IMG_2223.jpg","datePublished":"2025-06-16T11:16:54+00:00","dateModified":"2025-06-17T08:42:43+00:00","breadcrumb":{"@id":"https:\/\/captain-guitar-lounge.com\/en\/product\/motu-mico-book-ii-audio-interface-id-5089\/#breadcrumb"},"inLanguage":"en-US","potentialAction":[{"@type":"ReadAction","target":["https:\/\/captain-guitar-lounge.com\/en\/product\/motu-mico-book-ii-audio-interface-id-5089\/"]}]},{"@type":"ImageObject","inLanguage":"en-US","@id":"https:\/\/captain-guitar-lounge.com\/en\/product\/motu-mico-book-ii-audio-interface-id-5089\/#primaryimage","url":"https:\/\/captain-guitar-lounge.com\/wp-content\/uploads\/2025\/06\/Motu-Mico-Book-II-Audio-Interface-ID-5089IMG_2223.jpg","contentUrl":"https:\/\/captain-guitar-lounge.com\/wp-content\/uploads\/2025\/06\/Motu-Mico-Book-II-Audio-Interface-ID-5089IMG_2223.jpg","width":1512,"height":1512,"caption":"Motu-Mico-Book-II-Audio-Interface-ID-5089IMG_2223.jpg"},{"@type":"BreadcrumbList","@id":"https:\/\/captain-guitar-lounge.com\/en\/product\/motu-mico-book-ii-audio-interface-id-5089\/#breadcrumb","itemListElement":[{"@type":"ListItem","position":1,"name":"Startseite","item":"https:\/\/captain-guitar-lounge.com\/en\/"},{"@type":"ListItem","position":2,"name":"Shop","item":"https:\/\/captain-guitar-lounge.com\/shop\/"},{"@type":"ListItem","position":3,"name":"Motu &#8211; Micro Book II &#8211; Audio Interface &#8211; ID 5089"}]},{"@type":"WebSite","@id":"https:\/\/captain-guitar-lounge.com\/en\/#website","url":"https:\/\/captain-guitar-lounge.com\/en\/","name":"captain-guitar-lounge.com","description":"Fine Amps and Guitars and more","potentialAction":[{"@type":"SearchAction","target":{"@type":"EntryPoint","urlTemplate":"https:\/\/captain-guitar-lounge.com\/en\/?s={search_term_string}"},"query-input":{"@type":"PropertyValueSpecification","valueRequired":true,"valueName":"search_term_string"}}],"inLanguage":"en-US"}]}},"_links":{"self":[{"href":"https:\/\/captain-guitar-lounge.com\/en\/wp-json\/wp\/v2\/product\/204578","targetHints":{"allow":["GET"]}}],"collection":[{"href":"https:\/\/captain-guitar-lounge.com\/en\/wp-json\/wp\/v2\/product"}],"about":[{"href":"https:\/\/captain-guitar-lounge.com\/en\/wp-json\/wp\/v2\/types\/product"}],"replies":[{"embeddable":true,"href":"https:\/\/captain-guitar-lounge.com\/en\/wp-json\/wp\/v2\/comments?post=204578"}],"wp:featuredmedia":[{"embeddable":true,"href":"https:\/\/captain-guitar-lounge.com\/en\/wp-json\/wp\/v2\/media\/204579"}],"wp:attachment":[{"href":"https:\/\/captain-guitar-lounge.com\/en\/wp-json\/wp\/v2\/media?parent=204578"}],"wp:term":[{"taxonomy":"product_brand","embeddable":true,"href":"https:\/\/captain-guitar-lounge.com\/en\/wp-json\/wp\/v2\/product_brand?post=204578"},{"taxonomy":"product_cat","embeddable":true,"href":"https:\/\/captain-guitar-lounge.com\/en\/wp-json\/wp\/v2\/product_cat?post=204578"},{"taxonomy":"product_tag","embeddable":true,"href":"https:\/\/captain-guitar-lounge.com\/en\/wp-json\/wp\/v2\/product_tag?post=204578"}],"curies":[{"name":"wp","href":"https:\/\/api.w.org\/{rel}","templated":true}]}}