{"id":210685,"date":"2025-08-05T13:41:21","date_gmt":"2025-08-05T11:41:21","guid":{"rendered":"https:\/\/captain-guitar-lounge.com\/?post_type=product&#038;p=210685"},"modified":"2026-02-12T15:48:56","modified_gmt":"2026-02-12T14:48:56","slug":"2020-allparts-licensed-by-fender-partscaster-strat-id-5206","status":"publish","type":"product","link":"https:\/\/captain-guitar-lounge.com\/en\/product\/2020-allparts-licensed-by-fender-partscaster-strat-id-5206\/","title":{"rendered":"2017 Allparts licensed by Fender &#8211; Partscaster Strat &#8211; ID 5206"},"content":{"rendered":"<p>Diese 2017er Partscaster Strat kombiniert hochwertige Allparts-Komponenten mit cleveren Upgrades und liefert klassischen Strat-Ton ohne Nebenger\u00e4usche.<br \/>\nBest\u00fcckt mit Fender Noiseless Pickups f\u00fcr kristallklare Singlecoil-Sounds ohne Brummen, Gotoh Locking Tunern f\u00fcr perfekte Stimmstabilit\u00e4t und moderner Zuverl\u00e4ssigkeit.<br \/>\nDer Allparts Fat Neck mit Palisandergriffbrett sorgt f\u00fcr ein sattes Spielgef\u00fchl.<\/p>\n<p>\u2705 Baujahr: 2017<br \/>\n\u2705 Lizenz: Allparts licensed by Fender<br \/>\n\u2705 Body: Allparts, Surf Green Finish<br \/>\n\u2705 Hals: Allparts Fat Neck, Palisandergriffbrett<br \/>\n\u2705 B\u00fcnde: 21<br \/>\n\u2705 Pickups: Fender Noiseless Singlecoils, CTS Potis<br \/>\n\u2705 Mechaniken: Gotoh Locking Tuner<br \/>\n\u2705 Gewicht: 3707 g<br \/>\n\u2705 Zustand: Sehr gut<br \/>\n\u2705 Fender Koffer<\/p>\n","protected":false},"excerpt":{"rendered":"<p><strong>Surf Green<\/strong><br \/>\nZustand: Sehr gut<br \/>\nGewicht: 3,7 kg<br \/>\nVersandklasse: <a href=\"https:\/\/captain-guitar-lounge.com\/versand__lieferung\/\"><strong>Standard<\/strong><\/a><br \/>\nKoffer\/Case: ja<br \/>\nVermittlungsverkauf: 14067<\/p>\n","protected":false},"featured_media":210734,"comment_status":"closed","ping_status":"closed","template":"","meta":{"_et_pb_use_builder":"","_et_pb_old_content":"","_et_gb_content_width":""},"product_brand":[],"product_cat":[60,290],"product_tag":[1609,2530],"class_list":{"0":"post-210685","1":"product","2":"type-product","3":"status-publish","4":"has-post-thumbnail","6":"product_cat-electric-guitars","7":"product_cat-fundgrube","8":"product_tag-strat","9":"product_tag-top-condition","10":"product_shipping_class-standard","11":"pa_baujahr-2020s","13":"first","14":"instock","15":"sale","16":"sold-individually","17":"purchasable","18":"product-type-simple"},"composite_virtual":false,"composite_layout":"","composite_add_to_cart_form_location":"","composite_editable_in_cart":false,"composite_sold_individually_context":"","composite_shop_price_calc":"","composite_components":[],"composite_scenarios":[],"pp_statuses_selecting_workflow":false,"pp_workflow_action":"current","pp_status_selection":"publish","yoast_head":"<!-- This site is optimized with the Yoast SEO plugin v26.8 - https:\/\/yoast.com\/product\/yoast-seo-wordpress\/ -->\n<title>2017 Allparts licensed by Fender - Partscaster Strat - ID 5206 - captain-guitar-lounge.com<\/title>\n<meta name=\"robots\" content=\"index, follow, max-snippet:-1, max-image-preview:large, max-video-preview:-1\" \/>\n<link rel=\"canonical\" href=\"https:\/\/captain-guitar-lounge.com\/en\/product\/2020-allparts-licensed-by-fender-partscaster-strat-id-5206\/\" \/>\n<meta property=\"og:locale\" content=\"en_US\" \/>\n<meta property=\"og:type\" content=\"article\" \/>\n<meta property=\"og:title\" content=\"2017 Allparts licensed by Fender - Partscaster Strat - ID 5206 - captain-guitar-lounge.com\" \/>\n<meta property=\"og:description\" content=\"Surf Green Zustand: Sehr gut Gewicht: 3,7 kg Versandklasse: Standard Koffer\/Case: ja Vermittlungsverkauf: 14067\" \/>\n<meta property=\"og:url\" content=\"https:\/\/captain-guitar-lounge.com\/en\/product\/2020-allparts-licensed-by-fender-partscaster-strat-id-5206\/\" \/>\n<meta property=\"og:site_name\" content=\"captain-guitar-lounge.com\" \/>\n<meta property=\"article:publisher\" content=\"https:\/\/www.facebook.com\/Captain-Guitar-Lounge-140457272682315\/\" \/>\n<meta property=\"article:modified_time\" content=\"2026-02-12T14:48:56+00:00\" \/>\n<meta property=\"og:image\" content=\"https:\/\/captain-guitar-lounge.com\/wp-content\/uploads\/2025\/08\/2020-Allparts-licensed-by-Fender-Partscaster-Strat-ID-5206IMG_E7045.jpg\" \/>\n\t<meta property=\"og:image:width\" content=\"1512\" \/>\n\t<meta property=\"og:image:height\" content=\"1512\" \/>\n\t<meta property=\"og:image:type\" content=\"image\/jpeg\" \/>\n<meta name=\"twitter:card\" content=\"summary_large_image\" \/>\n<meta name=\"twitter:label1\" content=\"Est. reading time\" \/>\n\t<meta name=\"twitter:data1\" content=\"1 minute\" \/>\n<script type=\"application\/ld+json\" class=\"yoast-schema-graph\">{\"@context\":\"https:\/\/schema.org\",\"@graph\":[{\"@type\":\"WebPage\",\"@id\":\"https:\/\/captain-guitar-lounge.com\/en\/product\/2020-allparts-licensed-by-fender-partscaster-strat-id-5206\/\",\"url\":\"https:\/\/captain-guitar-lounge.com\/en\/product\/2020-allparts-licensed-by-fender-partscaster-strat-id-5206\/\",\"name\":\"2017 Allparts licensed by Fender - Partscaster Strat - ID 5206 - captain-guitar-lounge.com\",\"isPartOf\":{\"@id\":\"https:\/\/captain-guitar-lounge.com\/en\/#website\"},\"primaryImageOfPage\":{\"@id\":\"https:\/\/captain-guitar-lounge.com\/en\/product\/2020-allparts-licensed-by-fender-partscaster-strat-id-5206\/#primaryimage\"},\"image\":{\"@id\":\"https:\/\/captain-guitar-lounge.com\/en\/product\/2020-allparts-licensed-by-fender-partscaster-strat-id-5206\/#primaryimage\"},\"thumbnailUrl\":\"https:\/\/captain-guitar-lounge.com\/wp-content\/uploads\/2025\/08\/2020-Allparts-licensed-by-Fender-Partscaster-Strat-ID-5206IMG_E7045.jpg\",\"datePublished\":\"2025-08-05T11:41:21+00:00\",\"dateModified\":\"2026-02-12T14:48:56+00:00\",\"breadcrumb\":{\"@id\":\"https:\/\/captain-guitar-lounge.com\/en\/product\/2020-allparts-licensed-by-fender-partscaster-strat-id-5206\/#breadcrumb\"},\"inLanguage\":\"en-US\",\"potentialAction\":[{\"@type\":\"ReadAction\",\"target\":[\"https:\/\/captain-guitar-lounge.com\/en\/product\/2020-allparts-licensed-by-fender-partscaster-strat-id-5206\/\"]}]},{\"@type\":\"ImageObject\",\"inLanguage\":\"en-US\",\"@id\":\"https:\/\/captain-guitar-lounge.com\/en\/product\/2020-allparts-licensed-by-fender-partscaster-strat-id-5206\/#primaryimage\",\"url\":\"https:\/\/captain-guitar-lounge.com\/wp-content\/uploads\/2025\/08\/2020-Allparts-licensed-by-Fender-Partscaster-Strat-ID-5206IMG_E7045.jpg\",\"contentUrl\":\"https:\/\/captain-guitar-lounge.com\/wp-content\/uploads\/2025\/08\/2020-Allparts-licensed-by-Fender-Partscaster-Strat-ID-5206IMG_E7045.jpg\",\"width\":1512,\"height\":1512},{\"@type\":\"BreadcrumbList\",\"@id\":\"https:\/\/captain-guitar-lounge.com\/en\/product\/2020-allparts-licensed-by-fender-partscaster-strat-id-5206\/#breadcrumb\",\"itemListElement\":[{\"@type\":\"ListItem\",\"position\":1,\"name\":\"Startseite\",\"item\":\"https:\/\/captain-guitar-lounge.com\/en\/captain-guitar-lounge\/\"},{\"@type\":\"ListItem\",\"position\":2,\"name\":\"Shop\",\"item\":\"https:\/\/captain-guitar-lounge.com\/shop\/\"},{\"@type\":\"ListItem\",\"position\":3,\"name\":\"2017 Allparts licensed by Fender &#8211; Partscaster Strat &#8211; ID 5206\"}]},{\"@type\":\"WebSite\",\"@id\":\"https:\/\/captain-guitar-lounge.com\/en\/#website\",\"url\":\"https:\/\/captain-guitar-lounge.com\/en\/\",\"name\":\"captain-guitar-lounge.com\",\"description\":\"Fine Amps and Guitars and more\",\"potentialAction\":[{\"@type\":\"SearchAction\",\"target\":{\"@type\":\"EntryPoint\",\"urlTemplate\":\"https:\/\/captain-guitar-lounge.com\/en\/?s={search_term_string}\"},\"query-input\":{\"@type\":\"PropertyValueSpecification\",\"valueRequired\":true,\"valueName\":\"search_term_string\"}}],\"inLanguage\":\"en-US\"}]}<\/script>\n<!-- \/ Yoast SEO plugin. -->","yoast_head_json":{"title":"2017 Allparts licensed by Fender - Partscaster Strat - ID 5206 - captain-guitar-lounge.com","robots":{"index":"index","follow":"follow","max-snippet":"max-snippet:-1","max-image-preview":"max-image-preview:large","max-video-preview":"max-video-preview:-1"},"canonical":"https:\/\/captain-guitar-lounge.com\/en\/product\/2020-allparts-licensed-by-fender-partscaster-strat-id-5206\/","og_locale":"en_US","og_type":"article","og_title":"2017 Allparts licensed by Fender - Partscaster Strat - ID 5206 - captain-guitar-lounge.com","og_description":"Surf Green Zustand: Sehr gut Gewicht: 3,7 kg Versandklasse: Standard Koffer\/Case: ja Vermittlungsverkauf: 14067","og_url":"https:\/\/captain-guitar-lounge.com\/en\/product\/2020-allparts-licensed-by-fender-partscaster-strat-id-5206\/","og_site_name":"captain-guitar-lounge.com","article_publisher":"https:\/\/www.facebook.com\/Captain-Guitar-Lounge-140457272682315\/","article_modified_time":"2026-02-12T14:48:56+00:00","og_image":[{"width":1512,"height":1512,"url":"https:\/\/captain-guitar-lounge.com\/wp-content\/uploads\/2025\/08\/2020-Allparts-licensed-by-Fender-Partscaster-Strat-ID-5206IMG_E7045.jpg","type":"image\/jpeg"}],"twitter_card":"summary_large_image","twitter_misc":{"Est. reading time":"1 minute"},"schema":{"@context":"https:\/\/schema.org","@graph":[{"@type":"WebPage","@id":"https:\/\/captain-guitar-lounge.com\/en\/product\/2020-allparts-licensed-by-fender-partscaster-strat-id-5206\/","url":"https:\/\/captain-guitar-lounge.com\/en\/product\/2020-allparts-licensed-by-fender-partscaster-strat-id-5206\/","name":"2017 Allparts licensed by Fender - Partscaster Strat - ID 5206 - captain-guitar-lounge.com","isPartOf":{"@id":"https:\/\/captain-guitar-lounge.com\/en\/#website"},"primaryImageOfPage":{"@id":"https:\/\/captain-guitar-lounge.com\/en\/product\/2020-allparts-licensed-by-fender-partscaster-strat-id-5206\/#primaryimage"},"image":{"@id":"https:\/\/captain-guitar-lounge.com\/en\/product\/2020-allparts-licensed-by-fender-partscaster-strat-id-5206\/#primaryimage"},"thumbnailUrl":"https:\/\/captain-guitar-lounge.com\/wp-content\/uploads\/2025\/08\/2020-Allparts-licensed-by-Fender-Partscaster-Strat-ID-5206IMG_E7045.jpg","datePublished":"2025-08-05T11:41:21+00:00","dateModified":"2026-02-12T14:48:56+00:00","breadcrumb":{"@id":"https:\/\/captain-guitar-lounge.com\/en\/product\/2020-allparts-licensed-by-fender-partscaster-strat-id-5206\/#breadcrumb"},"inLanguage":"en-US","potentialAction":[{"@type":"ReadAction","target":["https:\/\/captain-guitar-lounge.com\/en\/product\/2020-allparts-licensed-by-fender-partscaster-strat-id-5206\/"]}]},{"@type":"ImageObject","inLanguage":"en-US","@id":"https:\/\/captain-guitar-lounge.com\/en\/product\/2020-allparts-licensed-by-fender-partscaster-strat-id-5206\/#primaryimage","url":"https:\/\/captain-guitar-lounge.com\/wp-content\/uploads\/2025\/08\/2020-Allparts-licensed-by-Fender-Partscaster-Strat-ID-5206IMG_E7045.jpg","contentUrl":"https:\/\/captain-guitar-lounge.com\/wp-content\/uploads\/2025\/08\/2020-Allparts-licensed-by-Fender-Partscaster-Strat-ID-5206IMG_E7045.jpg","width":1512,"height":1512},{"@type":"BreadcrumbList","@id":"https:\/\/captain-guitar-lounge.com\/en\/product\/2020-allparts-licensed-by-fender-partscaster-strat-id-5206\/#breadcrumb","itemListElement":[{"@type":"ListItem","position":1,"name":"Startseite","item":"https:\/\/captain-guitar-lounge.com\/en\/captain-guitar-lounge\/"},{"@type":"ListItem","position":2,"name":"Shop","item":"https:\/\/captain-guitar-lounge.com\/shop\/"},{"@type":"ListItem","position":3,"name":"2017 Allparts licensed by Fender &#8211; Partscaster Strat &#8211; ID 5206"}]},{"@type":"WebSite","@id":"https:\/\/captain-guitar-lounge.com\/en\/#website","url":"https:\/\/captain-guitar-lounge.com\/en\/","name":"captain-guitar-lounge.com","description":"Fine Amps and Guitars and more","potentialAction":[{"@type":"SearchAction","target":{"@type":"EntryPoint","urlTemplate":"https:\/\/captain-guitar-lounge.com\/en\/?s={search_term_string}"},"query-input":{"@type":"PropertyValueSpecification","valueRequired":true,"valueName":"search_term_string"}}],"inLanguage":"en-US"}]}},"_links":{"self":[{"href":"https:\/\/captain-guitar-lounge.com\/en\/wp-json\/wp\/v2\/product\/210685","targetHints":{"allow":["GET"]}}],"collection":[{"href":"https:\/\/captain-guitar-lounge.com\/en\/wp-json\/wp\/v2\/product"}],"about":[{"href":"https:\/\/captain-guitar-lounge.com\/en\/wp-json\/wp\/v2\/types\/product"}],"replies":[{"embeddable":true,"href":"https:\/\/captain-guitar-lounge.com\/en\/wp-json\/wp\/v2\/comments?post=210685"}],"wp:featuredmedia":[{"embeddable":true,"href":"https:\/\/captain-guitar-lounge.com\/en\/wp-json\/wp\/v2\/media\/210734"}],"wp:attachment":[{"href":"https:\/\/captain-guitar-lounge.com\/en\/wp-json\/wp\/v2\/media?parent=210685"}],"wp:term":[{"taxonomy":"product_brand","embeddable":true,"href":"https:\/\/captain-guitar-lounge.com\/en\/wp-json\/wp\/v2\/product_brand?post=210685"},{"taxonomy":"product_cat","embeddable":true,"href":"https:\/\/captain-guitar-lounge.com\/en\/wp-json\/wp\/v2\/product_cat?post=210685"},{"taxonomy":"product_tag","embeddable":true,"href":"https:\/\/captain-guitar-lounge.com\/en\/wp-json\/wp\/v2\/product_tag?post=210685"}],"curies":[{"name":"wp","href":"https:\/\/api.w.org\/{rel}","templated":true}]}}