{"id":211158,"date":"2025-08-11T12:42:22","date_gmt":"2025-08-11T10:42:22","guid":{"rendered":"https:\/\/captain-guitar-lounge.com\/?post_type=product&#038;p=211158"},"modified":"2026-03-26T16:09:27","modified_gmt":"2026-03-26T15:09:27","slug":"2015-fractal-audio-systems-fx8-multi-effects-pedalboard-id-5221","status":"publish","type":"product","link":"https:\/\/captain-guitar-lounge.com\/en\/product\/2015-fractal-audio-systems-fx8-multi-effects-pedalboard-id-5221\/","title":{"rendered":"2015 Fractal Audio Systems &#8211; FX8 &#8211; Multi Effects Pedalboard &#8211; ID 5221"},"content":{"rendered":"<p>Das <a href=\"https:\/\/www.fractalaudio.com\/iii\/\"><strong>Fractal Audio<\/strong><\/a> FX8 der ersten Serie ist ein kompromisslos hochwertiges Multi-Effekt-Pedalboard, das speziell f\u00fcr Gitarristen entwickelt wurde, die maximale Klangqualit\u00e4t und Flexibilit\u00e4t suchen. Das Manual dazu ist <a href=\"https:\/\/www.fractalaudio.com\/fx8-downloads\/\"><strong>hier<\/strong><\/a>.<br \/>\nAus 1. Hand, direkt aus dem Tonstudio von <a href=\"https:\/\/guenter-gruenwald.de\/\"><strong>G\u00fcnter Gr\u00fcnwald<\/strong><\/a>.<\/p>\n<p>\u2705 Multi-Effekt-Pedalboard f\u00fcr Gitarristen, speziell f\u00fcr 4-Kabel-Methode oder vor dem Amp<br \/>\n\u2705 8 programmierbare Fu\u00dfschalter mit LED-Ring-Anzeige<br \/>\n\u2705 True Bypass Relays f\u00fcr maximalen Signal-Erhalt<br \/>\n\u2705 Stereo In\/Out + FX Loop<br \/>\n\u2705 MIDI In\/Out\/Thru f\u00fcr externe Steuerung<br \/>\n\u2705 USB-Anschluss f\u00fcr Editor-Software und Firmware-Updates<br \/>\n\u2705 Extrem robustes Metallgeh\u00e4use<br \/>\n\u2705 Unterst\u00fctzt bis zu 8 Effekte gleichzeitig<br \/>\n\u2705 Umfassende Auswahl an Modulation, Delay, Reverb, Drive, Compressor, Filter, Pitch und mehr<br \/>\n\u2705 Jahr: 2015 \u2013 erste Serie (nicht MK2)<br \/>\n\u2705 Gewicht: ca. 5,4 kg<br \/>\n\u2705 Abmessungen: ca. 53 \u00d7 26 \u00d7 8 cm<\/p>\n","protected":false},"excerpt":{"rendered":"<p><strong>Aus 1. Hand<\/strong><br \/>\nZustand: Sehr gut<br \/>\nSerNr: FX8-15-081668<br \/>\nGewicht: 5,1 kg<br \/>\nVersandklasse:<a href=\"https:\/\/captain-guitar-lounge.com\/versand__lieferung\/\"><strong> Medium<\/strong><\/a><br \/>\nVermittlungsverkauf: 10619<\/p>\n","protected":false},"featured_media":211179,"comment_status":"closed","ping_status":"closed","template":"","meta":{"_et_pb_use_builder":"","_et_pb_old_content":"","_et_gb_content_width":""},"product_brand":[],"product_cat":[2476,290],"product_tag":[2540,2534],"class_list":{"0":"post-211158","1":"product","2":"type-product","3":"status-publish","4":"has-post-thumbnail","6":"product_cat-multieffekt","7":"product_cat-fundgrube","8":"product_tag-celebrity-owned","9":"product_tag-one-owner","10":"product_shipping_class-medium","11":"pa_baujahr-2010s","13":"first","14":"outofstock","15":"sold-individually","16":"purchasable","17":"product-type-simple"},"composite_virtual":false,"composite_layout":"","composite_add_to_cart_form_location":"","composite_editable_in_cart":false,"composite_sold_individually_context":"","composite_shop_price_calc":"","composite_components":[],"composite_scenarios":[],"pp_statuses_selecting_workflow":false,"pp_workflow_action":"current","pp_status_selection":"publish","yoast_head":"<!-- This site is optimized with the Yoast SEO plugin v26.8 - https:\/\/yoast.com\/product\/yoast-seo-wordpress\/ -->\n<title>2015 Fractal Audio Systems - FX8 - Multi Effects Pedalboard - ID 5221 - captain-guitar-lounge.com<\/title>\n<meta name=\"robots\" content=\"index, follow, max-snippet:-1, max-image-preview:large, max-video-preview:-1\" \/>\n<link rel=\"canonical\" href=\"https:\/\/captain-guitar-lounge.com\/en\/product\/2015-fractal-audio-systems-fx8-multi-effects-pedalboard-id-5221\/\" \/>\n<meta property=\"og:locale\" content=\"en_US\" \/>\n<meta property=\"og:type\" content=\"article\" \/>\n<meta property=\"og:title\" content=\"2015 Fractal Audio Systems - FX8 - Multi Effects Pedalboard - ID 5221 - captain-guitar-lounge.com\" \/>\n<meta property=\"og:description\" content=\"Aus 1. Hand Zustand: Sehr gut SerNr: FX8-15-081668 Gewicht: 5,1 kg Versandklasse: Medium Vermittlungsverkauf: 10619\" \/>\n<meta property=\"og:url\" content=\"https:\/\/captain-guitar-lounge.com\/en\/product\/2015-fractal-audio-systems-fx8-multi-effects-pedalboard-id-5221\/\" \/>\n<meta property=\"og:site_name\" content=\"captain-guitar-lounge.com\" \/>\n<meta property=\"article:publisher\" content=\"https:\/\/www.facebook.com\/Captain-Guitar-Lounge-140457272682315\/\" \/>\n<meta property=\"article:modified_time\" content=\"2026-03-26T15:09:27+00:00\" \/>\n<meta property=\"og:image\" content=\"https:\/\/captain-guitar-lounge.com\/wp-content\/uploads\/2025\/08\/2015-Fractal-Audio-Systems-FX8-Multi-Effects-Pedalboard-ID-5221IMG_E7119.jpg\" \/>\n\t<meta property=\"og:image:width\" content=\"1512\" \/>\n\t<meta property=\"og:image:height\" content=\"1512\" \/>\n\t<meta property=\"og:image:type\" content=\"image\/jpeg\" \/>\n<meta name=\"twitter:card\" content=\"summary_large_image\" \/>\n<meta name=\"twitter:label1\" content=\"Est. reading time\" \/>\n\t<meta name=\"twitter:data1\" content=\"1 minute\" \/>\n<script type=\"application\/ld+json\" class=\"yoast-schema-graph\">{\"@context\":\"https:\/\/schema.org\",\"@graph\":[{\"@type\":\"WebPage\",\"@id\":\"https:\/\/captain-guitar-lounge.com\/en\/product\/2015-fractal-audio-systems-fx8-multi-effects-pedalboard-id-5221\/\",\"url\":\"https:\/\/captain-guitar-lounge.com\/en\/product\/2015-fractal-audio-systems-fx8-multi-effects-pedalboard-id-5221\/\",\"name\":\"2015 Fractal Audio Systems - FX8 - Multi Effects Pedalboard - ID 5221 - captain-guitar-lounge.com\",\"isPartOf\":{\"@id\":\"https:\/\/captain-guitar-lounge.com\/en\/#website\"},\"primaryImageOfPage\":{\"@id\":\"https:\/\/captain-guitar-lounge.com\/en\/product\/2015-fractal-audio-systems-fx8-multi-effects-pedalboard-id-5221\/#primaryimage\"},\"image\":{\"@id\":\"https:\/\/captain-guitar-lounge.com\/en\/product\/2015-fractal-audio-systems-fx8-multi-effects-pedalboard-id-5221\/#primaryimage\"},\"thumbnailUrl\":\"https:\/\/captain-guitar-lounge.com\/wp-content\/uploads\/2025\/08\/2015-Fractal-Audio-Systems-FX8-Multi-Effects-Pedalboard-ID-5221IMG_E7119.jpg\",\"datePublished\":\"2025-08-11T10:42:22+00:00\",\"dateModified\":\"2026-03-26T15:09:27+00:00\",\"breadcrumb\":{\"@id\":\"https:\/\/captain-guitar-lounge.com\/en\/product\/2015-fractal-audio-systems-fx8-multi-effects-pedalboard-id-5221\/#breadcrumb\"},\"inLanguage\":\"en-US\",\"potentialAction\":[{\"@type\":\"ReadAction\",\"target\":[\"https:\/\/captain-guitar-lounge.com\/en\/product\/2015-fractal-audio-systems-fx8-multi-effects-pedalboard-id-5221\/\"]}]},{\"@type\":\"ImageObject\",\"inLanguage\":\"en-US\",\"@id\":\"https:\/\/captain-guitar-lounge.com\/en\/product\/2015-fractal-audio-systems-fx8-multi-effects-pedalboard-id-5221\/#primaryimage\",\"url\":\"https:\/\/captain-guitar-lounge.com\/wp-content\/uploads\/2025\/08\/2015-Fractal-Audio-Systems-FX8-Multi-Effects-Pedalboard-ID-5221IMG_E7119.jpg\",\"contentUrl\":\"https:\/\/captain-guitar-lounge.com\/wp-content\/uploads\/2025\/08\/2015-Fractal-Audio-Systems-FX8-Multi-Effects-Pedalboard-ID-5221IMG_E7119.jpg\",\"width\":1512,\"height\":1512},{\"@type\":\"BreadcrumbList\",\"@id\":\"https:\/\/captain-guitar-lounge.com\/en\/product\/2015-fractal-audio-systems-fx8-multi-effects-pedalboard-id-5221\/#breadcrumb\",\"itemListElement\":[{\"@type\":\"ListItem\",\"position\":1,\"name\":\"Startseite\",\"item\":\"https:\/\/captain-guitar-lounge.com\/en\/captain-guitar-lounge\/\"},{\"@type\":\"ListItem\",\"position\":2,\"name\":\"Shop\",\"item\":\"https:\/\/captain-guitar-lounge.com\/shop\/\"},{\"@type\":\"ListItem\",\"position\":3,\"name\":\"2015 Fractal Audio Systems &#8211; FX8 &#8211; Multi Effects Pedalboard &#8211; ID 5221\"}]},{\"@type\":\"WebSite\",\"@id\":\"https:\/\/captain-guitar-lounge.com\/en\/#website\",\"url\":\"https:\/\/captain-guitar-lounge.com\/en\/\",\"name\":\"captain-guitar-lounge.com\",\"description\":\"Fine Amps and Guitars and more\",\"potentialAction\":[{\"@type\":\"SearchAction\",\"target\":{\"@type\":\"EntryPoint\",\"urlTemplate\":\"https:\/\/captain-guitar-lounge.com\/en\/?s={search_term_string}\"},\"query-input\":{\"@type\":\"PropertyValueSpecification\",\"valueRequired\":true,\"valueName\":\"search_term_string\"}}],\"inLanguage\":\"en-US\"}]}<\/script>\n<!-- \/ Yoast SEO plugin. -->","yoast_head_json":{"title":"2015 Fractal Audio Systems - FX8 - Multi Effects Pedalboard - ID 5221 - captain-guitar-lounge.com","robots":{"index":"index","follow":"follow","max-snippet":"max-snippet:-1","max-image-preview":"max-image-preview:large","max-video-preview":"max-video-preview:-1"},"canonical":"https:\/\/captain-guitar-lounge.com\/en\/product\/2015-fractal-audio-systems-fx8-multi-effects-pedalboard-id-5221\/","og_locale":"en_US","og_type":"article","og_title":"2015 Fractal Audio Systems - FX8 - Multi Effects Pedalboard - ID 5221 - captain-guitar-lounge.com","og_description":"Aus 1. Hand Zustand: Sehr gut SerNr: FX8-15-081668 Gewicht: 5,1 kg Versandklasse: Medium Vermittlungsverkauf: 10619","og_url":"https:\/\/captain-guitar-lounge.com\/en\/product\/2015-fractal-audio-systems-fx8-multi-effects-pedalboard-id-5221\/","og_site_name":"captain-guitar-lounge.com","article_publisher":"https:\/\/www.facebook.com\/Captain-Guitar-Lounge-140457272682315\/","article_modified_time":"2026-03-26T15:09:27+00:00","og_image":[{"width":1512,"height":1512,"url":"https:\/\/captain-guitar-lounge.com\/wp-content\/uploads\/2025\/08\/2015-Fractal-Audio-Systems-FX8-Multi-Effects-Pedalboard-ID-5221IMG_E7119.jpg","type":"image\/jpeg"}],"twitter_card":"summary_large_image","twitter_misc":{"Est. reading time":"1 minute"},"schema":{"@context":"https:\/\/schema.org","@graph":[{"@type":"WebPage","@id":"https:\/\/captain-guitar-lounge.com\/en\/product\/2015-fractal-audio-systems-fx8-multi-effects-pedalboard-id-5221\/","url":"https:\/\/captain-guitar-lounge.com\/en\/product\/2015-fractal-audio-systems-fx8-multi-effects-pedalboard-id-5221\/","name":"2015 Fractal Audio Systems - FX8 - Multi Effects Pedalboard - ID 5221 - captain-guitar-lounge.com","isPartOf":{"@id":"https:\/\/captain-guitar-lounge.com\/en\/#website"},"primaryImageOfPage":{"@id":"https:\/\/captain-guitar-lounge.com\/en\/product\/2015-fractal-audio-systems-fx8-multi-effects-pedalboard-id-5221\/#primaryimage"},"image":{"@id":"https:\/\/captain-guitar-lounge.com\/en\/product\/2015-fractal-audio-systems-fx8-multi-effects-pedalboard-id-5221\/#primaryimage"},"thumbnailUrl":"https:\/\/captain-guitar-lounge.com\/wp-content\/uploads\/2025\/08\/2015-Fractal-Audio-Systems-FX8-Multi-Effects-Pedalboard-ID-5221IMG_E7119.jpg","datePublished":"2025-08-11T10:42:22+00:00","dateModified":"2026-03-26T15:09:27+00:00","breadcrumb":{"@id":"https:\/\/captain-guitar-lounge.com\/en\/product\/2015-fractal-audio-systems-fx8-multi-effects-pedalboard-id-5221\/#breadcrumb"},"inLanguage":"en-US","potentialAction":[{"@type":"ReadAction","target":["https:\/\/captain-guitar-lounge.com\/en\/product\/2015-fractal-audio-systems-fx8-multi-effects-pedalboard-id-5221\/"]}]},{"@type":"ImageObject","inLanguage":"en-US","@id":"https:\/\/captain-guitar-lounge.com\/en\/product\/2015-fractal-audio-systems-fx8-multi-effects-pedalboard-id-5221\/#primaryimage","url":"https:\/\/captain-guitar-lounge.com\/wp-content\/uploads\/2025\/08\/2015-Fractal-Audio-Systems-FX8-Multi-Effects-Pedalboard-ID-5221IMG_E7119.jpg","contentUrl":"https:\/\/captain-guitar-lounge.com\/wp-content\/uploads\/2025\/08\/2015-Fractal-Audio-Systems-FX8-Multi-Effects-Pedalboard-ID-5221IMG_E7119.jpg","width":1512,"height":1512},{"@type":"BreadcrumbList","@id":"https:\/\/captain-guitar-lounge.com\/en\/product\/2015-fractal-audio-systems-fx8-multi-effects-pedalboard-id-5221\/#breadcrumb","itemListElement":[{"@type":"ListItem","position":1,"name":"Startseite","item":"https:\/\/captain-guitar-lounge.com\/en\/captain-guitar-lounge\/"},{"@type":"ListItem","position":2,"name":"Shop","item":"https:\/\/captain-guitar-lounge.com\/shop\/"},{"@type":"ListItem","position":3,"name":"2015 Fractal Audio Systems &#8211; FX8 &#8211; Multi Effects Pedalboard &#8211; ID 5221"}]},{"@type":"WebSite","@id":"https:\/\/captain-guitar-lounge.com\/en\/#website","url":"https:\/\/captain-guitar-lounge.com\/en\/","name":"captain-guitar-lounge.com","description":"Fine Amps and Guitars and more","potentialAction":[{"@type":"SearchAction","target":{"@type":"EntryPoint","urlTemplate":"https:\/\/captain-guitar-lounge.com\/en\/?s={search_term_string}"},"query-input":{"@type":"PropertyValueSpecification","valueRequired":true,"valueName":"search_term_string"}}],"inLanguage":"en-US"}]}},"_links":{"self":[{"href":"https:\/\/captain-guitar-lounge.com\/en\/wp-json\/wp\/v2\/product\/211158","targetHints":{"allow":["GET"]}}],"collection":[{"href":"https:\/\/captain-guitar-lounge.com\/en\/wp-json\/wp\/v2\/product"}],"about":[{"href":"https:\/\/captain-guitar-lounge.com\/en\/wp-json\/wp\/v2\/types\/product"}],"replies":[{"embeddable":true,"href":"https:\/\/captain-guitar-lounge.com\/en\/wp-json\/wp\/v2\/comments?post=211158"}],"wp:featuredmedia":[{"embeddable":true,"href":"https:\/\/captain-guitar-lounge.com\/en\/wp-json\/wp\/v2\/media\/211179"}],"wp:attachment":[{"href":"https:\/\/captain-guitar-lounge.com\/en\/wp-json\/wp\/v2\/media?parent=211158"}],"wp:term":[{"taxonomy":"product_brand","embeddable":true,"href":"https:\/\/captain-guitar-lounge.com\/en\/wp-json\/wp\/v2\/product_brand?post=211158"},{"taxonomy":"product_cat","embeddable":true,"href":"https:\/\/captain-guitar-lounge.com\/en\/wp-json\/wp\/v2\/product_cat?post=211158"},{"taxonomy":"product_tag","embeddable":true,"href":"https:\/\/captain-guitar-lounge.com\/en\/wp-json\/wp\/v2\/product_tag?post=211158"}],"curies":[{"name":"wp","href":"https:\/\/api.w.org\/{rel}","templated":true}]}}