{"id":213747,"date":"2025-09-04T16:22:30","date_gmt":"2025-09-04T14:22:30","guid":{"rendered":"https:\/\/captain-guitar-lounge.com\/?post_type=product&#038;p=213747"},"modified":"2025-09-08T08:51:28","modified_gmt":"2025-09-08T06:51:28","slug":"1977-fender-bassman-100-4x12-pyramid-cab-id-5236","status":"publish","type":"product","link":"https:\/\/captain-guitar-lounge.com\/en\/product\/1977-fender-bassman-100-4x12-pyramid-cab-id-5236\/","title":{"rendered":"1977 Fender &#8211; Bassman 100 4&#215;12 Pyramid Cab &#8211; ID 5236"},"content":{"rendered":"<p>Vintage 4&#215;12&#8243; Cabinet aus den sp\u00e4ten 70ern, passend zum Fender Bassman 100. Best\u00fcckt mit 4x 12&#8243; <a href=\"https:\/\/hhaudio.com\/catalogue\"><strong>HH<\/strong> <\/a>PL100 &#8216;S&#8217; Speakern, die f\u00fcr einen satten, druckvollen Ton sorgen.<br \/>\nPerfekt sowohl f\u00fcr Bass als auch f\u00fcr Gitarre geeignet. Und auch f\u00fcr Orgel\/Keyboard!<br \/>\nDas Cabinet wurde im Laufe der Jahre ver\u00e4ndert: Frontbespannung, Tolex, Marshall-Griffe und Rutschleisten am R\u00fccken sind nicht original.<br \/>\nEin echtes Arbeitstier mit Vintage-Vibe.<\/p>\n<p>\u2705 Modell: Fender Pyramid 4&#215;12&#8243; Cabinet<br \/>\n\u2705 Baujahr: 1977<br \/>\n\u2705 Speaker: 4x HH PL100 &#8220;S&#8221; 12&#8243;<br \/>\n\u2705 400 Watt<br \/>\n\u2705 8 Ohm<\/p>\n","protected":false},"excerpt":{"rendered":"<p><strong>Vintage Cab<\/strong><br \/>\nZustand: Gut<br \/>\nSerNr: 11315<br \/>\nGewicht: 58 kg<br \/>\nVersandklasse: <a href=\"https:\/\/captain-guitar-lounge.com\/versand__lieferung\/\"><strong>Nur Abholung<\/strong><\/a><br \/>\nVermittlungsverkauf: 17295<\/p>\n<p>Vermittlungsverkauf: 17295<\/p>\n","protected":false},"featured_media":213768,"comment_status":"closed","ping_status":"closed","template":"","meta":{"_et_pb_use_builder":"","_et_pb_old_content":"","_et_gb_content_width":""},"product_brand":[],"product_cat":[58,290],"product_tag":[76],"class_list":{"0":"post-213747","1":"product","2":"type-product","3":"status-publish","4":"has-post-thumbnail","6":"product_cat-4-speaker","7":"product_cat-fundgrube","8":"product_tag-vintage","9":"product_shipping_class-nur-abholung","10":"pa_baujahr-70s","11":"pa_power-ueber-200watt","12":"pa_speaker-679","14":"first","15":"instock","16":"sold-individually","17":"purchasable","18":"product-type-simple"},"composite_virtual":false,"composite_layout":"","composite_add_to_cart_form_location":"","composite_editable_in_cart":false,"composite_sold_individually_context":"","composite_shop_price_calc":"","composite_components":[],"composite_scenarios":[],"pp_statuses_selecting_workflow":false,"pp_workflow_action":"current","pp_status_selection":"publish","yoast_head":"<!-- This site is optimized with the Yoast SEO plugin v26.8 - https:\/\/yoast.com\/product\/yoast-seo-wordpress\/ -->\n<title>1977 Fender - Bassman 100 4x12 Pyramid Cab - ID 5236 - captain-guitar-lounge.com<\/title>\n<meta name=\"robots\" content=\"index, follow, max-snippet:-1, max-image-preview:large, max-video-preview:-1\" \/>\n<link rel=\"canonical\" href=\"https:\/\/captain-guitar-lounge.com\/en\/product\/1977-fender-bassman-100-4x12-pyramid-cab-id-5236\/\" \/>\n<meta property=\"og:locale\" content=\"en_US\" \/>\n<meta property=\"og:type\" content=\"article\" \/>\n<meta property=\"og:title\" content=\"1977 Fender - Bassman 100 4x12 Pyramid Cab - ID 5236 - captain-guitar-lounge.com\" \/>\n<meta property=\"og:description\" content=\"Vintage Cab Zustand: Gut SerNr: 11315 Gewicht: 58 kg Versandklasse: Nur Abholung Vermittlungsverkauf: 17295  Vermittlungsverkauf: 17295\" \/>\n<meta property=\"og:url\" content=\"https:\/\/captain-guitar-lounge.com\/en\/product\/1977-fender-bassman-100-4x12-pyramid-cab-id-5236\/\" \/>\n<meta property=\"og:site_name\" content=\"captain-guitar-lounge.com\" \/>\n<meta property=\"article:publisher\" content=\"https:\/\/www.facebook.com\/Captain-Guitar-Lounge-140457272682315\/\" \/>\n<meta property=\"article:modified_time\" content=\"2025-09-08T06:51:28+00:00\" \/>\n<meta property=\"og:image\" content=\"https:\/\/captain-guitar-lounge.com\/wp-content\/uploads\/2025\/09\/1977-Fender-Bassman-100-4x12-Pyramid-Cab-ID-5236IMG_E0176-1024x1024.jpg\" \/>\n\t<meta property=\"og:image:width\" content=\"1024\" \/>\n\t<meta property=\"og:image:height\" content=\"1024\" \/>\n\t<meta property=\"og:image:type\" content=\"image\/jpeg\" \/>\n<meta name=\"twitter:card\" content=\"summary_large_image\" \/>\n<meta name=\"twitter:label1\" content=\"Est. reading time\" \/>\n\t<meta name=\"twitter:data1\" content=\"1 minute\" \/>\n<script type=\"application\/ld+json\" class=\"yoast-schema-graph\">{\"@context\":\"https:\/\/schema.org\",\"@graph\":[{\"@type\":\"WebPage\",\"@id\":\"https:\/\/captain-guitar-lounge.com\/en\/product\/1977-fender-bassman-100-4x12-pyramid-cab-id-5236\/\",\"url\":\"https:\/\/captain-guitar-lounge.com\/en\/product\/1977-fender-bassman-100-4x12-pyramid-cab-id-5236\/\",\"name\":\"1977 Fender - Bassman 100 4x12 Pyramid Cab - ID 5236 - captain-guitar-lounge.com\",\"isPartOf\":{\"@id\":\"https:\/\/captain-guitar-lounge.com\/en\/#website\"},\"primaryImageOfPage\":{\"@id\":\"https:\/\/captain-guitar-lounge.com\/en\/product\/1977-fender-bassman-100-4x12-pyramid-cab-id-5236\/#primaryimage\"},\"image\":{\"@id\":\"https:\/\/captain-guitar-lounge.com\/en\/product\/1977-fender-bassman-100-4x12-pyramid-cab-id-5236\/#primaryimage\"},\"thumbnailUrl\":\"https:\/\/captain-guitar-lounge.com\/wp-content\/uploads\/2025\/09\/1977-Fender-Bassman-100-4x12-Pyramid-Cab-ID-5236IMG_E0176.jpg\",\"datePublished\":\"2025-09-04T14:22:30+00:00\",\"dateModified\":\"2025-09-08T06:51:28+00:00\",\"breadcrumb\":{\"@id\":\"https:\/\/captain-guitar-lounge.com\/en\/product\/1977-fender-bassman-100-4x12-pyramid-cab-id-5236\/#breadcrumb\"},\"inLanguage\":\"en-US\",\"potentialAction\":[{\"@type\":\"ReadAction\",\"target\":[\"https:\/\/captain-guitar-lounge.com\/en\/product\/1977-fender-bassman-100-4x12-pyramid-cab-id-5236\/\"]}]},{\"@type\":\"ImageObject\",\"inLanguage\":\"en-US\",\"@id\":\"https:\/\/captain-guitar-lounge.com\/en\/product\/1977-fender-bassman-100-4x12-pyramid-cab-id-5236\/#primaryimage\",\"url\":\"https:\/\/captain-guitar-lounge.com\/wp-content\/uploads\/2025\/09\/1977-Fender-Bassman-100-4x12-Pyramid-Cab-ID-5236IMG_E0176.jpg\",\"contentUrl\":\"https:\/\/captain-guitar-lounge.com\/wp-content\/uploads\/2025\/09\/1977-Fender-Bassman-100-4x12-Pyramid-Cab-ID-5236IMG_E0176.jpg\",\"width\":2142,\"height\":2142},{\"@type\":\"BreadcrumbList\",\"@id\":\"https:\/\/captain-guitar-lounge.com\/en\/product\/1977-fender-bassman-100-4x12-pyramid-cab-id-5236\/#breadcrumb\",\"itemListElement\":[{\"@type\":\"ListItem\",\"position\":1,\"name\":\"Startseite\",\"item\":\"https:\/\/captain-guitar-lounge.com\/en\/\"},{\"@type\":\"ListItem\",\"position\":2,\"name\":\"Shop\",\"item\":\"https:\/\/captain-guitar-lounge.com\/shop\/\"},{\"@type\":\"ListItem\",\"position\":3,\"name\":\"1977 Fender &#8211; Bassman 100 4&#215;12 Pyramid Cab &#8211; ID 5236\"}]},{\"@type\":\"WebSite\",\"@id\":\"https:\/\/captain-guitar-lounge.com\/en\/#website\",\"url\":\"https:\/\/captain-guitar-lounge.com\/en\/\",\"name\":\"captain-guitar-lounge.com\",\"description\":\"Fine Amps and Guitars and more\",\"potentialAction\":[{\"@type\":\"SearchAction\",\"target\":{\"@type\":\"EntryPoint\",\"urlTemplate\":\"https:\/\/captain-guitar-lounge.com\/en\/?s={search_term_string}\"},\"query-input\":{\"@type\":\"PropertyValueSpecification\",\"valueRequired\":true,\"valueName\":\"search_term_string\"}}],\"inLanguage\":\"en-US\"}]}<\/script>\n<!-- \/ Yoast SEO plugin. -->","yoast_head_json":{"title":"1977 Fender - Bassman 100 4x12 Pyramid Cab - ID 5236 - captain-guitar-lounge.com","robots":{"index":"index","follow":"follow","max-snippet":"max-snippet:-1","max-image-preview":"max-image-preview:large","max-video-preview":"max-video-preview:-1"},"canonical":"https:\/\/captain-guitar-lounge.com\/en\/product\/1977-fender-bassman-100-4x12-pyramid-cab-id-5236\/","og_locale":"en_US","og_type":"article","og_title":"1977 Fender - Bassman 100 4x12 Pyramid Cab - ID 5236 - captain-guitar-lounge.com","og_description":"Vintage Cab Zustand: Gut SerNr: 11315 Gewicht: 58 kg Versandklasse: Nur Abholung Vermittlungsverkauf: 17295  Vermittlungsverkauf: 17295","og_url":"https:\/\/captain-guitar-lounge.com\/en\/product\/1977-fender-bassman-100-4x12-pyramid-cab-id-5236\/","og_site_name":"captain-guitar-lounge.com","article_publisher":"https:\/\/www.facebook.com\/Captain-Guitar-Lounge-140457272682315\/","article_modified_time":"2025-09-08T06:51:28+00:00","og_image":[{"width":1024,"height":1024,"url":"https:\/\/captain-guitar-lounge.com\/wp-content\/uploads\/2025\/09\/1977-Fender-Bassman-100-4x12-Pyramid-Cab-ID-5236IMG_E0176-1024x1024.jpg","type":"image\/jpeg"}],"twitter_card":"summary_large_image","twitter_misc":{"Est. reading time":"1 minute"},"schema":{"@context":"https:\/\/schema.org","@graph":[{"@type":"WebPage","@id":"https:\/\/captain-guitar-lounge.com\/en\/product\/1977-fender-bassman-100-4x12-pyramid-cab-id-5236\/","url":"https:\/\/captain-guitar-lounge.com\/en\/product\/1977-fender-bassman-100-4x12-pyramid-cab-id-5236\/","name":"1977 Fender - Bassman 100 4x12 Pyramid Cab - ID 5236 - captain-guitar-lounge.com","isPartOf":{"@id":"https:\/\/captain-guitar-lounge.com\/en\/#website"},"primaryImageOfPage":{"@id":"https:\/\/captain-guitar-lounge.com\/en\/product\/1977-fender-bassman-100-4x12-pyramid-cab-id-5236\/#primaryimage"},"image":{"@id":"https:\/\/captain-guitar-lounge.com\/en\/product\/1977-fender-bassman-100-4x12-pyramid-cab-id-5236\/#primaryimage"},"thumbnailUrl":"https:\/\/captain-guitar-lounge.com\/wp-content\/uploads\/2025\/09\/1977-Fender-Bassman-100-4x12-Pyramid-Cab-ID-5236IMG_E0176.jpg","datePublished":"2025-09-04T14:22:30+00:00","dateModified":"2025-09-08T06:51:28+00:00","breadcrumb":{"@id":"https:\/\/captain-guitar-lounge.com\/en\/product\/1977-fender-bassman-100-4x12-pyramid-cab-id-5236\/#breadcrumb"},"inLanguage":"en-US","potentialAction":[{"@type":"ReadAction","target":["https:\/\/captain-guitar-lounge.com\/en\/product\/1977-fender-bassman-100-4x12-pyramid-cab-id-5236\/"]}]},{"@type":"ImageObject","inLanguage":"en-US","@id":"https:\/\/captain-guitar-lounge.com\/en\/product\/1977-fender-bassman-100-4x12-pyramid-cab-id-5236\/#primaryimage","url":"https:\/\/captain-guitar-lounge.com\/wp-content\/uploads\/2025\/09\/1977-Fender-Bassman-100-4x12-Pyramid-Cab-ID-5236IMG_E0176.jpg","contentUrl":"https:\/\/captain-guitar-lounge.com\/wp-content\/uploads\/2025\/09\/1977-Fender-Bassman-100-4x12-Pyramid-Cab-ID-5236IMG_E0176.jpg","width":2142,"height":2142},{"@type":"BreadcrumbList","@id":"https:\/\/captain-guitar-lounge.com\/en\/product\/1977-fender-bassman-100-4x12-pyramid-cab-id-5236\/#breadcrumb","itemListElement":[{"@type":"ListItem","position":1,"name":"Startseite","item":"https:\/\/captain-guitar-lounge.com\/en\/"},{"@type":"ListItem","position":2,"name":"Shop","item":"https:\/\/captain-guitar-lounge.com\/shop\/"},{"@type":"ListItem","position":3,"name":"1977 Fender &#8211; Bassman 100 4&#215;12 Pyramid Cab &#8211; ID 5236"}]},{"@type":"WebSite","@id":"https:\/\/captain-guitar-lounge.com\/en\/#website","url":"https:\/\/captain-guitar-lounge.com\/en\/","name":"captain-guitar-lounge.com","description":"Fine Amps and Guitars and more","potentialAction":[{"@type":"SearchAction","target":{"@type":"EntryPoint","urlTemplate":"https:\/\/captain-guitar-lounge.com\/en\/?s={search_term_string}"},"query-input":{"@type":"PropertyValueSpecification","valueRequired":true,"valueName":"search_term_string"}}],"inLanguage":"en-US"}]}},"_links":{"self":[{"href":"https:\/\/captain-guitar-lounge.com\/en\/wp-json\/wp\/v2\/product\/213747","targetHints":{"allow":["GET"]}}],"collection":[{"href":"https:\/\/captain-guitar-lounge.com\/en\/wp-json\/wp\/v2\/product"}],"about":[{"href":"https:\/\/captain-guitar-lounge.com\/en\/wp-json\/wp\/v2\/types\/product"}],"replies":[{"embeddable":true,"href":"https:\/\/captain-guitar-lounge.com\/en\/wp-json\/wp\/v2\/comments?post=213747"}],"wp:featuredmedia":[{"embeddable":true,"href":"https:\/\/captain-guitar-lounge.com\/en\/wp-json\/wp\/v2\/media\/213768"}],"wp:attachment":[{"href":"https:\/\/captain-guitar-lounge.com\/en\/wp-json\/wp\/v2\/media?parent=213747"}],"wp:term":[{"taxonomy":"product_brand","embeddable":true,"href":"https:\/\/captain-guitar-lounge.com\/en\/wp-json\/wp\/v2\/product_brand?post=213747"},{"taxonomy":"product_cat","embeddable":true,"href":"https:\/\/captain-guitar-lounge.com\/en\/wp-json\/wp\/v2\/product_cat?post=213747"},{"taxonomy":"product_tag","embeddable":true,"href":"https:\/\/captain-guitar-lounge.com\/en\/wp-json\/wp\/v2\/product_tag?post=213747"}],"curies":[{"name":"wp","href":"https:\/\/api.w.org\/{rel}","templated":true}]}}