{"id":214349,"date":"2025-09-11T14:24:52","date_gmt":"2025-09-11T12:24:52","guid":{"rendered":"https:\/\/captain-guitar-lounge.com\/?post_type=product&#038;p=214349"},"modified":"2026-03-11T10:00:11","modified_gmt":"2026-03-11T09:00:11","slug":"1988-mesa-boogie-1x12-thiele-road-ready-de-luxe-cab-evm-12l-id-5338","status":"publish","type":"product","link":"https:\/\/captain-guitar-lounge.com\/en\/product\/1988-mesa-boogie-1x12-thiele-road-ready-de-luxe-cab-evm-12l-id-5338\/","title":{"rendered":"1988 Mesa Boogie &#8211; 1&#215;12 Thiele Road Ready de Luxe Cab &#8211; EVM-12L &#8211; ID 5338"},"content":{"rendered":"<p>Ein legend\u00e4res Cabinet mit Geschichte \u2013 aus dem Besitz von Peter W\u00f6lpl, einem der vielseitigsten deutschen Fusion-Gitarristen.<br \/>\nPeter W\u00f6lpl (*1962 in M\u00fcnchen) ist ein renommierter deutscher Gitarrist, der vor allem im Fusion Jazz beheimatet ist.<br \/>\nEr spielte mit Gr\u00f6\u00dfen wie Billy Cobham, <a href=\"https:\/\/www.youtube.com\/watch?v=1SGTzM5pCAE\"><strong>Wolfgang Schmid (Video mit Box)<\/strong><\/a>, <strong>Klaus Lage (mit Aufkleber)<\/strong> und Falco. Bekannt wurde er auch durch seine Mitwirkung an der TV-Serie \u201eSuper Drumming\u201c.<br \/>\nNeben seiner T\u00e4tigkeit als Musiker ist W\u00f6lpl auch als Produzent und Dozent aktiv, unter anderem an der Popakademie Mannheim und der Berufsfachschule f\u00fcr Musik in Dinkelsb\u00fchl.<br \/>\nEin hochwertiges, roadtaugliches Cabinet mit exzellentem Klang \u2013 und das aus dem Besitz eines echten Profis. Ideal f\u00fcr Gitarristen, die nicht nur auf Qualit\u00e4t, sondern auch auf Geschichte und Charakter Wert legen.<\/p>\n<p>\u2705Speaker: Electro-Voice EVM-12L<br \/>\n\u2705200 Watt<\/p>\n","protected":false},"excerpt":{"rendered":"<p><strong>ex Peter W\u00f6lpl<\/strong><br \/>\nZustand: Anst\u00e4ndig<br \/>\nGewicht: 22,7 kg<br \/>\nVersandklasse:<a href=\"https:\/\/captain-guitar-lounge.com\/versand__lieferung\/\"><strong> Standard<\/strong><\/a><br \/>\nVermittlungsverkauf: 10619<\/p>\n","protected":false},"featured_media":214366,"comment_status":"closed","ping_status":"closed","template":"","meta":{"_et_pb_use_builder":"","_et_pb_old_content":"","_et_gb_content_width":""},"product_brand":[],"product_cat":[2592,56,290],"product_tag":[2540,76],"class_list":{"0":"post-214349","1":"product","2":"type-product","3":"status-publish","4":"has-post-thumbnail","6":"product_cat-peter-woelpl","7":"product_cat-1-speaker","8":"product_cat-fundgrube","9":"product_tag-celebrity-owned","10":"product_tag-vintage","11":"product_shipping_class-standard","12":"pa_baujahr-80s","13":"pa_power-ueber-200watt","15":"first","16":"outofstock","17":"sold-individually","18":"purchasable","19":"product-type-simple"},"composite_virtual":false,"composite_layout":"","composite_add_to_cart_form_location":"","composite_editable_in_cart":false,"composite_sold_individually_context":"","composite_shop_price_calc":"","composite_components":[],"composite_scenarios":[],"pp_statuses_selecting_workflow":false,"pp_workflow_action":"current","pp_status_selection":"publish","yoast_head":"<!-- This site is optimized with the Yoast SEO plugin v26.8 - https:\/\/yoast.com\/product\/yoast-seo-wordpress\/ -->\n<title>1988 Mesa Boogie - 1x12 Thiele Road Ready de Luxe Cab - EVM-12L - ID 5338 - captain-guitar-lounge.com<\/title>\n<meta name=\"robots\" content=\"index, follow, max-snippet:-1, max-image-preview:large, max-video-preview:-1\" \/>\n<link rel=\"canonical\" href=\"https:\/\/captain-guitar-lounge.com\/en\/product\/1988-mesa-boogie-1x12-thiele-road-ready-de-luxe-cab-evm-12l-id-5338\/\" \/>\n<meta property=\"og:locale\" content=\"en_US\" \/>\n<meta property=\"og:type\" content=\"article\" \/>\n<meta property=\"og:title\" content=\"1988 Mesa Boogie - 1x12 Thiele Road Ready de Luxe Cab - EVM-12L - ID 5338 - captain-guitar-lounge.com\" \/>\n<meta property=\"og:description\" content=\"ex Peter W\u00f6lpl Zustand: Anst\u00e4ndig Gewicht: 22,7 kg Versandklasse: Standard Vermittlungsverkauf: 10619\" \/>\n<meta property=\"og:url\" content=\"https:\/\/captain-guitar-lounge.com\/en\/product\/1988-mesa-boogie-1x12-thiele-road-ready-de-luxe-cab-evm-12l-id-5338\/\" \/>\n<meta property=\"og:site_name\" content=\"captain-guitar-lounge.com\" \/>\n<meta property=\"article:publisher\" content=\"https:\/\/www.facebook.com\/Captain-Guitar-Lounge-140457272682315\/\" \/>\n<meta property=\"article:modified_time\" content=\"2026-03-11T09:00:11+00:00\" \/>\n<meta property=\"og:image\" content=\"https:\/\/captain-guitar-lounge.com\/wp-content\/uploads\/2025\/09\/1988-Mesa-Boogie-1x12-Thiele-Road-Ready-de-Luxe-Cab-EVM-12L-ID-4937IMG_E2666.jpg\" \/>\n\t<meta property=\"og:image:width\" content=\"1024\" \/>\n\t<meta property=\"og:image:height\" content=\"1024\" \/>\n\t<meta property=\"og:image:type\" content=\"image\/jpeg\" \/>\n<meta name=\"twitter:card\" content=\"summary_large_image\" \/>\n<meta name=\"twitter:label1\" content=\"Est. reading time\" \/>\n\t<meta name=\"twitter:data1\" content=\"1 minute\" \/>\n<script type=\"application\/ld+json\" class=\"yoast-schema-graph\">{\"@context\":\"https:\/\/schema.org\",\"@graph\":[{\"@type\":\"WebPage\",\"@id\":\"https:\/\/captain-guitar-lounge.com\/en\/product\/1988-mesa-boogie-1x12-thiele-road-ready-de-luxe-cab-evm-12l-id-5338\/\",\"url\":\"https:\/\/captain-guitar-lounge.com\/en\/product\/1988-mesa-boogie-1x12-thiele-road-ready-de-luxe-cab-evm-12l-id-5338\/\",\"name\":\"1988 Mesa Boogie - 1x12 Thiele Road Ready de Luxe Cab - EVM-12L - ID 5338 - captain-guitar-lounge.com\",\"isPartOf\":{\"@id\":\"https:\/\/captain-guitar-lounge.com\/en\/#website\"},\"primaryImageOfPage\":{\"@id\":\"https:\/\/captain-guitar-lounge.com\/en\/product\/1988-mesa-boogie-1x12-thiele-road-ready-de-luxe-cab-evm-12l-id-5338\/#primaryimage\"},\"image\":{\"@id\":\"https:\/\/captain-guitar-lounge.com\/en\/product\/1988-mesa-boogie-1x12-thiele-road-ready-de-luxe-cab-evm-12l-id-5338\/#primaryimage\"},\"thumbnailUrl\":\"https:\/\/captain-guitar-lounge.com\/wp-content\/uploads\/2025\/09\/1988-Mesa-Boogie-1x12-Thiele-Road-Ready-de-Luxe-Cab-EVM-12L-ID-4937IMG_E2666.jpg\",\"datePublished\":\"2025-09-11T12:24:52+00:00\",\"dateModified\":\"2026-03-11T09:00:11+00:00\",\"breadcrumb\":{\"@id\":\"https:\/\/captain-guitar-lounge.com\/en\/product\/1988-mesa-boogie-1x12-thiele-road-ready-de-luxe-cab-evm-12l-id-5338\/#breadcrumb\"},\"inLanguage\":\"en-US\",\"potentialAction\":[{\"@type\":\"ReadAction\",\"target\":[\"https:\/\/captain-guitar-lounge.com\/en\/product\/1988-mesa-boogie-1x12-thiele-road-ready-de-luxe-cab-evm-12l-id-5338\/\"]}]},{\"@type\":\"ImageObject\",\"inLanguage\":\"en-US\",\"@id\":\"https:\/\/captain-guitar-lounge.com\/en\/product\/1988-mesa-boogie-1x12-thiele-road-ready-de-luxe-cab-evm-12l-id-5338\/#primaryimage\",\"url\":\"https:\/\/captain-guitar-lounge.com\/wp-content\/uploads\/2025\/09\/1988-Mesa-Boogie-1x12-Thiele-Road-Ready-de-Luxe-Cab-EVM-12L-ID-4937IMG_E2666.jpg\",\"contentUrl\":\"https:\/\/captain-guitar-lounge.com\/wp-content\/uploads\/2025\/09\/1988-Mesa-Boogie-1x12-Thiele-Road-Ready-de-Luxe-Cab-EVM-12L-ID-4937IMG_E2666.jpg\",\"width\":1024,\"height\":1024},{\"@type\":\"BreadcrumbList\",\"@id\":\"https:\/\/captain-guitar-lounge.com\/en\/product\/1988-mesa-boogie-1x12-thiele-road-ready-de-luxe-cab-evm-12l-id-5338\/#breadcrumb\",\"itemListElement\":[{\"@type\":\"ListItem\",\"position\":1,\"name\":\"Startseite\",\"item\":\"https:\/\/captain-guitar-lounge.com\/en\/\"},{\"@type\":\"ListItem\",\"position\":2,\"name\":\"Shop\",\"item\":\"https:\/\/captain-guitar-lounge.com\/shop\/\"},{\"@type\":\"ListItem\",\"position\":3,\"name\":\"1988 Mesa Boogie &#8211; 1&#215;12 Thiele Road Ready de Luxe Cab &#8211; EVM-12L &#8211; ID 5338\"}]},{\"@type\":\"WebSite\",\"@id\":\"https:\/\/captain-guitar-lounge.com\/en\/#website\",\"url\":\"https:\/\/captain-guitar-lounge.com\/en\/\",\"name\":\"captain-guitar-lounge.com\",\"description\":\"Fine Amps and Guitars and more\",\"potentialAction\":[{\"@type\":\"SearchAction\",\"target\":{\"@type\":\"EntryPoint\",\"urlTemplate\":\"https:\/\/captain-guitar-lounge.com\/en\/?s={search_term_string}\"},\"query-input\":{\"@type\":\"PropertyValueSpecification\",\"valueRequired\":true,\"valueName\":\"search_term_string\"}}],\"inLanguage\":\"en-US\"}]}<\/script>\n<!-- \/ Yoast SEO plugin. -->","yoast_head_json":{"title":"1988 Mesa Boogie - 1x12 Thiele Road Ready de Luxe Cab - EVM-12L - ID 5338 - captain-guitar-lounge.com","robots":{"index":"index","follow":"follow","max-snippet":"max-snippet:-1","max-image-preview":"max-image-preview:large","max-video-preview":"max-video-preview:-1"},"canonical":"https:\/\/captain-guitar-lounge.com\/en\/product\/1988-mesa-boogie-1x12-thiele-road-ready-de-luxe-cab-evm-12l-id-5338\/","og_locale":"en_US","og_type":"article","og_title":"1988 Mesa Boogie - 1x12 Thiele Road Ready de Luxe Cab - EVM-12L - ID 5338 - captain-guitar-lounge.com","og_description":"ex Peter W\u00f6lpl Zustand: Anst\u00e4ndig Gewicht: 22,7 kg Versandklasse: Standard Vermittlungsverkauf: 10619","og_url":"https:\/\/captain-guitar-lounge.com\/en\/product\/1988-mesa-boogie-1x12-thiele-road-ready-de-luxe-cab-evm-12l-id-5338\/","og_site_name":"captain-guitar-lounge.com","article_publisher":"https:\/\/www.facebook.com\/Captain-Guitar-Lounge-140457272682315\/","article_modified_time":"2026-03-11T09:00:11+00:00","og_image":[{"width":1024,"height":1024,"url":"https:\/\/captain-guitar-lounge.com\/wp-content\/uploads\/2025\/09\/1988-Mesa-Boogie-1x12-Thiele-Road-Ready-de-Luxe-Cab-EVM-12L-ID-4937IMG_E2666.jpg","type":"image\/jpeg"}],"twitter_card":"summary_large_image","twitter_misc":{"Est. reading time":"1 minute"},"schema":{"@context":"https:\/\/schema.org","@graph":[{"@type":"WebPage","@id":"https:\/\/captain-guitar-lounge.com\/en\/product\/1988-mesa-boogie-1x12-thiele-road-ready-de-luxe-cab-evm-12l-id-5338\/","url":"https:\/\/captain-guitar-lounge.com\/en\/product\/1988-mesa-boogie-1x12-thiele-road-ready-de-luxe-cab-evm-12l-id-5338\/","name":"1988 Mesa Boogie - 1x12 Thiele Road Ready de Luxe Cab - EVM-12L - ID 5338 - captain-guitar-lounge.com","isPartOf":{"@id":"https:\/\/captain-guitar-lounge.com\/en\/#website"},"primaryImageOfPage":{"@id":"https:\/\/captain-guitar-lounge.com\/en\/product\/1988-mesa-boogie-1x12-thiele-road-ready-de-luxe-cab-evm-12l-id-5338\/#primaryimage"},"image":{"@id":"https:\/\/captain-guitar-lounge.com\/en\/product\/1988-mesa-boogie-1x12-thiele-road-ready-de-luxe-cab-evm-12l-id-5338\/#primaryimage"},"thumbnailUrl":"https:\/\/captain-guitar-lounge.com\/wp-content\/uploads\/2025\/09\/1988-Mesa-Boogie-1x12-Thiele-Road-Ready-de-Luxe-Cab-EVM-12L-ID-4937IMG_E2666.jpg","datePublished":"2025-09-11T12:24:52+00:00","dateModified":"2026-03-11T09:00:11+00:00","breadcrumb":{"@id":"https:\/\/captain-guitar-lounge.com\/en\/product\/1988-mesa-boogie-1x12-thiele-road-ready-de-luxe-cab-evm-12l-id-5338\/#breadcrumb"},"inLanguage":"en-US","potentialAction":[{"@type":"ReadAction","target":["https:\/\/captain-guitar-lounge.com\/en\/product\/1988-mesa-boogie-1x12-thiele-road-ready-de-luxe-cab-evm-12l-id-5338\/"]}]},{"@type":"ImageObject","inLanguage":"en-US","@id":"https:\/\/captain-guitar-lounge.com\/en\/product\/1988-mesa-boogie-1x12-thiele-road-ready-de-luxe-cab-evm-12l-id-5338\/#primaryimage","url":"https:\/\/captain-guitar-lounge.com\/wp-content\/uploads\/2025\/09\/1988-Mesa-Boogie-1x12-Thiele-Road-Ready-de-Luxe-Cab-EVM-12L-ID-4937IMG_E2666.jpg","contentUrl":"https:\/\/captain-guitar-lounge.com\/wp-content\/uploads\/2025\/09\/1988-Mesa-Boogie-1x12-Thiele-Road-Ready-de-Luxe-Cab-EVM-12L-ID-4937IMG_E2666.jpg","width":1024,"height":1024},{"@type":"BreadcrumbList","@id":"https:\/\/captain-guitar-lounge.com\/en\/product\/1988-mesa-boogie-1x12-thiele-road-ready-de-luxe-cab-evm-12l-id-5338\/#breadcrumb","itemListElement":[{"@type":"ListItem","position":1,"name":"Startseite","item":"https:\/\/captain-guitar-lounge.com\/en\/"},{"@type":"ListItem","position":2,"name":"Shop","item":"https:\/\/captain-guitar-lounge.com\/shop\/"},{"@type":"ListItem","position":3,"name":"1988 Mesa Boogie &#8211; 1&#215;12 Thiele Road Ready de Luxe Cab &#8211; EVM-12L &#8211; ID 5338"}]},{"@type":"WebSite","@id":"https:\/\/captain-guitar-lounge.com\/en\/#website","url":"https:\/\/captain-guitar-lounge.com\/en\/","name":"captain-guitar-lounge.com","description":"Fine Amps and Guitars and more","potentialAction":[{"@type":"SearchAction","target":{"@type":"EntryPoint","urlTemplate":"https:\/\/captain-guitar-lounge.com\/en\/?s={search_term_string}"},"query-input":{"@type":"PropertyValueSpecification","valueRequired":true,"valueName":"search_term_string"}}],"inLanguage":"en-US"}]}},"_links":{"self":[{"href":"https:\/\/captain-guitar-lounge.com\/en\/wp-json\/wp\/v2\/product\/214349","targetHints":{"allow":["GET"]}}],"collection":[{"href":"https:\/\/captain-guitar-lounge.com\/en\/wp-json\/wp\/v2\/product"}],"about":[{"href":"https:\/\/captain-guitar-lounge.com\/en\/wp-json\/wp\/v2\/types\/product"}],"replies":[{"embeddable":true,"href":"https:\/\/captain-guitar-lounge.com\/en\/wp-json\/wp\/v2\/comments?post=214349"}],"wp:featuredmedia":[{"embeddable":true,"href":"https:\/\/captain-guitar-lounge.com\/en\/wp-json\/wp\/v2\/media\/214366"}],"wp:attachment":[{"href":"https:\/\/captain-guitar-lounge.com\/en\/wp-json\/wp\/v2\/media?parent=214349"}],"wp:term":[{"taxonomy":"product_brand","embeddable":true,"href":"https:\/\/captain-guitar-lounge.com\/en\/wp-json\/wp\/v2\/product_brand?post=214349"},{"taxonomy":"product_cat","embeddable":true,"href":"https:\/\/captain-guitar-lounge.com\/en\/wp-json\/wp\/v2\/product_cat?post=214349"},{"taxonomy":"product_tag","embeddable":true,"href":"https:\/\/captain-guitar-lounge.com\/en\/wp-json\/wp\/v2\/product_tag?post=214349"}],"curies":[{"name":"wp","href":"https:\/\/api.w.org\/{rel}","templated":true}]}}