{"id":216119,"date":"2025-09-23T15:35:56","date_gmt":"2025-09-23T13:35:56","guid":{"rendered":"https:\/\/captain-guitar-lounge.com\/produkt\/2015-mueller-toxic-1-of-2-guenter-gruenwald-special-id-5325\/"},"modified":"2026-04-20T01:43:17","modified_gmt":"2026-04-19T23:43:17","slug":"2015-mueller-toxic-1-of-2-guenter-gruenwald-special-id-5325","status":"publish","type":"product","link":"https:\/\/captain-guitar-lounge.com\/en\/product\/2015-mueller-toxic-1-of-2-guenter-gruenwald-special-id-5325\/","title":{"rendered":"2015 M\u00fcller &#8211; Toxic -1 of 2 G\u00fcnter Gr\u00fcnwald Special &#8211; ID 5325"},"content":{"rendered":"<p data-start=\"225\" data-end=\"439\">An absolutely unique boutique combo, built by German amp designer Marc Alexander <a href=\"http:\/\/www.muelleramplification.de\/Mueller%20Amplification\/Toxic\/slides\/toxic_2.html\"><em><strong data-start=\"301\" data-end=\"311\">M\u00fcller<\/strong><\/em><\/a>.<br \/>\nThis example is one of only two &#8220;Toxic Combo&#8221; amps made especially for <a href=\"https:\/\/guenter-gruenwald.de\/\"><em><strong data-start=\"401\" data-end=\"420\">G\u00fcnter Gr\u00fcnwald<\/strong><\/em><\/a> were created.<\/p>\n<p data-start=\"441\" data-end=\"818\"><strong data-start=\"452\" data-end=\"468\">Boogie-style<\/strong> appearance with fine <strong data-start=\"479\" data-end=\"500\">mahogany glued wood<\/strong>, matt lacquered, combined with a classic <strong data-start=\"550\" data-end=\"583\">Salt &amp; Pepper front covering<\/strong>. Thanks to the <strong data-start=\"624\" data-end=\"635\">2x EL34<\/strong> power amp, <strong data-start=\"646\" data-end=\"695\">switchable GZ34\/solid state rectification<\/strong> and <strong data-start=\"700\" data-end=\"712\">5x 12AX7<\/strong> in the preamp, the Toxic Combo delivers enormous sonic flexibility &#8211; from crystal-clear clean sounds to creamy boutique drive tones.<\/p>\n<p data-start=\"820\" data-end=\"1057\">The built-in <strong data-start=\"835\" data-end=\"854\">12&#8243; WGS speaker<\/strong> provides the right pressure, while features such as a <strong data-start=\"907\" data-end=\"929\">3-way footswitch<\/strong>, <strong data-start=\"931\" data-end=\"944\">tuner-out<\/strong> and elegant finish round off the concept.<br \/>\nAn extremely rare amp that sets new standards in terms of sound and appearance.<\/p>\n<p data-start=\"820\" data-end=\"1057\">\u2705 Year of construction: 2015<br \/>\nManufacturer: M\u00fcller (Germany)<br \/>\n\u2705 Model: Toxic Combo &#8211; 1 of 2 G\u00fcnter Gr\u00fcnwald Special<br \/>\nPower amplifier: 2x EL34<br \/>\nRectifier: GZ34 (switchable to solid state)<br \/>\n\u2705 Preamplifier: 5x 12AX7<br \/>\nSpeaker: 12&#8243; WGS<br \/>\nHousing: mahogany glued wood, matt lacquered<br \/>\n\u2705 Front upholstery: Salt &amp; Pepper<br \/>\n\u2705 Equipment: 3-way foot switch, tuner out<br \/>\nOptics: Boogie-style design<\/p>\n","protected":false},"excerpt":{"rendered":"<p><strong>ex G\u00fcnter Gr\u00fcnwald<\/strong><br \/>\nSerNo: 0124<br \/>\nWeight: 24.5 kg<br \/>\nShipping class:<a href=\"https:\/\/captain-guitar-lounge.com\/en\/shipping\/\"><strong> Standard<\/strong><\/a><br \/>\nFoot switch: yes, with cable<br \/>\nBrokerage sale: 10619<\/p>\n","protected":false},"featured_media":215725,"comment_status":"closed","ping_status":"closed","template":"","meta":{"_et_pb_use_builder":"","_et_pb_old_content":"","_et_gb_content_width":""},"product_brand":[],"product_cat":[2603,1970],"product_tag":[2570,2541,2535],"class_list":{"0":"post-216119","1":"product","2":"type-product","3":"status-publish","4":"has-post-thumbnail","6":"product_cat-collectors-item","7":"product_cat-combo-en","8":"product_tag-boutique-amp-en","9":"product_tag-celebrity-owned-en","10":"product_tag-one-owner-en","11":"product_shipping_class-standard","12":"pa_baujahr-2010s-en","13":"pa_power-up-to-50watt","14":"pa_power-tubes-el34-en","15":"pa_speaker-12-en","17":"first","18":"instock","19":"sold-individually","20":"purchasable","21":"product-type-simple"},"composite_virtual":false,"composite_layout":"","composite_add_to_cart_form_location":"","composite_editable_in_cart":false,"composite_sold_individually_context":"","composite_shop_price_calc":"","composite_components":[],"composite_scenarios":[],"pp_statuses_selecting_workflow":false,"pp_workflow_action":"current","pp_status_selection":"publish","yoast_head":"<!-- This site is optimized with the Yoast SEO plugin v26.8 - https:\/\/yoast.com\/product\/yoast-seo-wordpress\/ -->\n<title>2015 M\u00fcller - Toxic -1 of 2 G\u00fcnter Gr\u00fcnwald Special - ID 5325 - captain-guitar-lounge.com<\/title>\n<meta name=\"robots\" content=\"index, follow, max-snippet:-1, max-image-preview:large, max-video-preview:-1\" \/>\n<link rel=\"canonical\" href=\"https:\/\/captain-guitar-lounge.com\/en\/product\/2015-mueller-toxic-1-of-2-guenter-gruenwald-special-id-5325\/\" \/>\n<meta property=\"og:locale\" content=\"en_US\" \/>\n<meta property=\"og:type\" content=\"article\" \/>\n<meta property=\"og:title\" content=\"2015 M\u00fcller - Toxic -1 of 2 G\u00fcnter Gr\u00fcnwald Special - ID 5325 - captain-guitar-lounge.com\" \/>\n<meta property=\"og:description\" content=\"ex G\u00fcnter Gr\u00fcnwald SerNo: 0124 Weight: 24.5 kg Shipping class: Standard Foot switch: yes, with cable Brokerage sale: 10619\" \/>\n<meta property=\"og:url\" content=\"https:\/\/captain-guitar-lounge.com\/en\/product\/2015-mueller-toxic-1-of-2-guenter-gruenwald-special-id-5325\/\" \/>\n<meta property=\"og:site_name\" content=\"captain-guitar-lounge.com\" \/>\n<meta property=\"article:publisher\" content=\"https:\/\/www.facebook.com\/Captain-Guitar-Lounge-140457272682315\/\" \/>\n<meta property=\"article:modified_time\" content=\"2026-04-19T23:43:17+00:00\" \/>\n<meta property=\"og:image\" content=\"https:\/\/captain-guitar-lounge.com\/wp-content\/uploads\/2025\/09\/2015-Mueller-Toxic-1-of-2-Guenter-Gruenwald-Spezial-ID-5325IMG_E0829.jpg\" \/>\n\t<meta property=\"og:image:width\" content=\"1512\" \/>\n\t<meta property=\"og:image:height\" content=\"1512\" \/>\n\t<meta property=\"og:image:type\" content=\"image\/jpeg\" \/>\n<meta name=\"twitter:card\" content=\"summary_large_image\" \/>\n<meta name=\"twitter:label1\" content=\"Est. reading time\" \/>\n\t<meta name=\"twitter:data1\" content=\"1 minute\" \/>\n<script type=\"application\/ld+json\" class=\"yoast-schema-graph\">{\"@context\":\"https:\/\/schema.org\",\"@graph\":[{\"@type\":\"WebPage\",\"@id\":\"https:\/\/captain-guitar-lounge.com\/en\/product\/2015-mueller-toxic-1-of-2-guenter-gruenwald-special-id-5325\/\",\"url\":\"https:\/\/captain-guitar-lounge.com\/en\/product\/2015-mueller-toxic-1-of-2-guenter-gruenwald-special-id-5325\/\",\"name\":\"2015 M\u00fcller - Toxic -1 of 2 G\u00fcnter Gr\u00fcnwald Special - ID 5325 - captain-guitar-lounge.com\",\"isPartOf\":{\"@id\":\"https:\/\/captain-guitar-lounge.com\/en\/#website\"},\"primaryImageOfPage\":{\"@id\":\"https:\/\/captain-guitar-lounge.com\/en\/product\/2015-mueller-toxic-1-of-2-guenter-gruenwald-special-id-5325\/#primaryimage\"},\"image\":{\"@id\":\"https:\/\/captain-guitar-lounge.com\/en\/product\/2015-mueller-toxic-1-of-2-guenter-gruenwald-special-id-5325\/#primaryimage\"},\"thumbnailUrl\":\"https:\/\/captain-guitar-lounge.com\/wp-content\/uploads\/2025\/09\/2015-Mueller-Toxic-1-of-2-Guenter-Gruenwald-Spezial-ID-5325IMG_E0829.jpg\",\"datePublished\":\"2025-09-23T13:35:56+00:00\",\"dateModified\":\"2026-04-19T23:43:17+00:00\",\"breadcrumb\":{\"@id\":\"https:\/\/captain-guitar-lounge.com\/en\/product\/2015-mueller-toxic-1-of-2-guenter-gruenwald-special-id-5325\/#breadcrumb\"},\"inLanguage\":\"en-US\",\"potentialAction\":[{\"@type\":\"ReadAction\",\"target\":[\"https:\/\/captain-guitar-lounge.com\/en\/product\/2015-mueller-toxic-1-of-2-guenter-gruenwald-special-id-5325\/\"]}]},{\"@type\":\"ImageObject\",\"inLanguage\":\"en-US\",\"@id\":\"https:\/\/captain-guitar-lounge.com\/en\/product\/2015-mueller-toxic-1-of-2-guenter-gruenwald-special-id-5325\/#primaryimage\",\"url\":\"https:\/\/captain-guitar-lounge.com\/wp-content\/uploads\/2025\/09\/2015-Mueller-Toxic-1-of-2-Guenter-Gruenwald-Spezial-ID-5325IMG_E0829.jpg\",\"contentUrl\":\"https:\/\/captain-guitar-lounge.com\/wp-content\/uploads\/2025\/09\/2015-Mueller-Toxic-1-of-2-Guenter-Gruenwald-Spezial-ID-5325IMG_E0829.jpg\",\"width\":1512,\"height\":1512},{\"@type\":\"BreadcrumbList\",\"@id\":\"https:\/\/captain-guitar-lounge.com\/en\/product\/2015-mueller-toxic-1-of-2-guenter-gruenwald-special-id-5325\/#breadcrumb\",\"itemListElement\":[{\"@type\":\"ListItem\",\"position\":1,\"name\":\"Startseite\",\"item\":\"https:\/\/captain-guitar-lounge.com\/en\/\"},{\"@type\":\"ListItem\",\"position\":2,\"name\":\"Shop\",\"item\":\"https:\/\/captain-guitar-lounge.com\/shop\/\"},{\"@type\":\"ListItem\",\"position\":3,\"name\":\"2015 M\u00fcller &#8211; Toxic -1 of 2 G\u00fcnter Gr\u00fcnwald Special &#8211; ID 5325\"}]},{\"@type\":\"WebSite\",\"@id\":\"https:\/\/captain-guitar-lounge.com\/en\/#website\",\"url\":\"https:\/\/captain-guitar-lounge.com\/en\/\",\"name\":\"captain-guitar-lounge.com\",\"description\":\"Fine Amps and Guitars and more\",\"potentialAction\":[{\"@type\":\"SearchAction\",\"target\":{\"@type\":\"EntryPoint\",\"urlTemplate\":\"https:\/\/captain-guitar-lounge.com\/en\/?s={search_term_string}\"},\"query-input\":{\"@type\":\"PropertyValueSpecification\",\"valueRequired\":true,\"valueName\":\"search_term_string\"}}],\"inLanguage\":\"en-US\"}]}<\/script>\n<!-- \/ Yoast SEO plugin. -->","yoast_head_json":{"title":"2015 M\u00fcller - Toxic -1 of 2 G\u00fcnter Gr\u00fcnwald Special - ID 5325 - captain-guitar-lounge.com","robots":{"index":"index","follow":"follow","max-snippet":"max-snippet:-1","max-image-preview":"max-image-preview:large","max-video-preview":"max-video-preview:-1"},"canonical":"https:\/\/captain-guitar-lounge.com\/en\/product\/2015-mueller-toxic-1-of-2-guenter-gruenwald-special-id-5325\/","og_locale":"en_US","og_type":"article","og_title":"2015 M\u00fcller - Toxic -1 of 2 G\u00fcnter Gr\u00fcnwald Special - ID 5325 - captain-guitar-lounge.com","og_description":"ex G\u00fcnter Gr\u00fcnwald SerNo: 0124 Weight: 24.5 kg Shipping class: Standard Foot switch: yes, with cable Brokerage sale: 10619","og_url":"https:\/\/captain-guitar-lounge.com\/en\/product\/2015-mueller-toxic-1-of-2-guenter-gruenwald-special-id-5325\/","og_site_name":"captain-guitar-lounge.com","article_publisher":"https:\/\/www.facebook.com\/Captain-Guitar-Lounge-140457272682315\/","article_modified_time":"2026-04-19T23:43:17+00:00","og_image":[{"width":1512,"height":1512,"url":"https:\/\/captain-guitar-lounge.com\/wp-content\/uploads\/2025\/09\/2015-Mueller-Toxic-1-of-2-Guenter-Gruenwald-Spezial-ID-5325IMG_E0829.jpg","type":"image\/jpeg"}],"twitter_card":"summary_large_image","twitter_misc":{"Est. reading time":"1 minute"},"schema":{"@context":"https:\/\/schema.org","@graph":[{"@type":"WebPage","@id":"https:\/\/captain-guitar-lounge.com\/en\/product\/2015-mueller-toxic-1-of-2-guenter-gruenwald-special-id-5325\/","url":"https:\/\/captain-guitar-lounge.com\/en\/product\/2015-mueller-toxic-1-of-2-guenter-gruenwald-special-id-5325\/","name":"2015 M\u00fcller - Toxic -1 of 2 G\u00fcnter Gr\u00fcnwald Special - ID 5325 - captain-guitar-lounge.com","isPartOf":{"@id":"https:\/\/captain-guitar-lounge.com\/en\/#website"},"primaryImageOfPage":{"@id":"https:\/\/captain-guitar-lounge.com\/en\/product\/2015-mueller-toxic-1-of-2-guenter-gruenwald-special-id-5325\/#primaryimage"},"image":{"@id":"https:\/\/captain-guitar-lounge.com\/en\/product\/2015-mueller-toxic-1-of-2-guenter-gruenwald-special-id-5325\/#primaryimage"},"thumbnailUrl":"https:\/\/captain-guitar-lounge.com\/wp-content\/uploads\/2025\/09\/2015-Mueller-Toxic-1-of-2-Guenter-Gruenwald-Spezial-ID-5325IMG_E0829.jpg","datePublished":"2025-09-23T13:35:56+00:00","dateModified":"2026-04-19T23:43:17+00:00","breadcrumb":{"@id":"https:\/\/captain-guitar-lounge.com\/en\/product\/2015-mueller-toxic-1-of-2-guenter-gruenwald-special-id-5325\/#breadcrumb"},"inLanguage":"en-US","potentialAction":[{"@type":"ReadAction","target":["https:\/\/captain-guitar-lounge.com\/en\/product\/2015-mueller-toxic-1-of-2-guenter-gruenwald-special-id-5325\/"]}]},{"@type":"ImageObject","inLanguage":"en-US","@id":"https:\/\/captain-guitar-lounge.com\/en\/product\/2015-mueller-toxic-1-of-2-guenter-gruenwald-special-id-5325\/#primaryimage","url":"https:\/\/captain-guitar-lounge.com\/wp-content\/uploads\/2025\/09\/2015-Mueller-Toxic-1-of-2-Guenter-Gruenwald-Spezial-ID-5325IMG_E0829.jpg","contentUrl":"https:\/\/captain-guitar-lounge.com\/wp-content\/uploads\/2025\/09\/2015-Mueller-Toxic-1-of-2-Guenter-Gruenwald-Spezial-ID-5325IMG_E0829.jpg","width":1512,"height":1512},{"@type":"BreadcrumbList","@id":"https:\/\/captain-guitar-lounge.com\/en\/product\/2015-mueller-toxic-1-of-2-guenter-gruenwald-special-id-5325\/#breadcrumb","itemListElement":[{"@type":"ListItem","position":1,"name":"Startseite","item":"https:\/\/captain-guitar-lounge.com\/en\/"},{"@type":"ListItem","position":2,"name":"Shop","item":"https:\/\/captain-guitar-lounge.com\/shop\/"},{"@type":"ListItem","position":3,"name":"2015 M\u00fcller &#8211; Toxic -1 of 2 G\u00fcnter Gr\u00fcnwald Special &#8211; ID 5325"}]},{"@type":"WebSite","@id":"https:\/\/captain-guitar-lounge.com\/en\/#website","url":"https:\/\/captain-guitar-lounge.com\/en\/","name":"captain-guitar-lounge.com","description":"Fine Amps and Guitars and more","potentialAction":[{"@type":"SearchAction","target":{"@type":"EntryPoint","urlTemplate":"https:\/\/captain-guitar-lounge.com\/en\/?s={search_term_string}"},"query-input":{"@type":"PropertyValueSpecification","valueRequired":true,"valueName":"search_term_string"}}],"inLanguage":"en-US"}]}},"_links":{"self":[{"href":"https:\/\/captain-guitar-lounge.com\/en\/wp-json\/wp\/v2\/product\/216119","targetHints":{"allow":["GET"]}}],"collection":[{"href":"https:\/\/captain-guitar-lounge.com\/en\/wp-json\/wp\/v2\/product"}],"about":[{"href":"https:\/\/captain-guitar-lounge.com\/en\/wp-json\/wp\/v2\/types\/product"}],"replies":[{"embeddable":true,"href":"https:\/\/captain-guitar-lounge.com\/en\/wp-json\/wp\/v2\/comments?post=216119"}],"wp:featuredmedia":[{"embeddable":true,"href":"https:\/\/captain-guitar-lounge.com\/en\/wp-json\/wp\/v2\/media\/215725"}],"wp:attachment":[{"href":"https:\/\/captain-guitar-lounge.com\/en\/wp-json\/wp\/v2\/media?parent=216119"}],"wp:term":[{"taxonomy":"product_brand","embeddable":true,"href":"https:\/\/captain-guitar-lounge.com\/en\/wp-json\/wp\/v2\/product_brand?post=216119"},{"taxonomy":"product_cat","embeddable":true,"href":"https:\/\/captain-guitar-lounge.com\/en\/wp-json\/wp\/v2\/product_cat?post=216119"},{"taxonomy":"product_tag","embeddable":true,"href":"https:\/\/captain-guitar-lounge.com\/en\/wp-json\/wp\/v2\/product_tag?post=216119"}],"curies":[{"name":"wp","href":"https:\/\/api.w.org\/{rel}","templated":true}]}}