{"id":216958,"date":"2025-10-05T10:48:21","date_gmt":"2025-10-05T08:48:21","guid":{"rendered":"https:\/\/captain-guitar-lounge.com\/?post_type=product&#038;p=216958"},"modified":"2026-04-16T16:38:53","modified_gmt":"2026-04-16T14:38:53","slug":"2018-vintage-sound-vintage-22-id-5364","status":"publish","type":"product","link":"https:\/\/captain-guitar-lounge.com\/en\/product\/2018-vintage-sound-vintage-22-id-5364\/","title":{"rendered":"2018 Vintage Sound &#8211; Vintage 22 &#8211; ID 5364"},"content":{"rendered":"<p data-start=\"107\" data-end=\"454\">Der <a href=\"https:\/\/vintagesoundamps.com\/product\/vintage-22-deluxe-style\/\"><em><strong>Vintage 22<\/strong><\/em><\/a> von Vintage Sound Amps ist ein <strong>Boutique-Combo<\/strong>, der sich klanglich klar am legend\u00e4ren <em><strong>Fender Deluxe Reverb<\/strong> <\/em>orientiert &#8211; mit allen klassischen St\u00e4rken und zus\u00e4tzlicher Verl\u00e4sslichkeit durch moderne Handarbeit. Dieses Exemplar kommt aus erster Hand, frisch gewartet in der <a href=\"https:\/\/captain-guitar-lounge.com\/werkstatt\/captain-tube-amp-service\/\"><strong>Captain Guitar Lounge<\/strong><\/a> und mit neuen Endstufen-R\u00f6hren ausgestattet.<\/p>\n<p data-start=\"456\" data-end=\"784\">Das cremig wei\u00dfe Tolex verleiht ihm eine edle, individuelle Optik, w\u00e4hrend <strong data-start=\"524\" data-end=\"534\">Reverb<\/strong> und <strong data-start=\"539\" data-end=\"550\">Tremolo<\/strong> die typischen 60er-Jahre-Sounds liefern, die schon unz\u00e4hlige Gitarristen inspiriert haben.<br \/>\nMit 22 Watt Leistung und einem Warehouse Speaker ist der Amp perfekt f\u00fcr B\u00fchne und Studio &#8211; dynamisch, klar und musikalisch in jedem Detail.<\/p>\n<p>\u2705 Circuitry: Black Face AB763<br data-start=\"801\" data-end=\"804\" \/>\u2705 Modell: Vintage Sound \u2013 Vintage 22<br data-start=\"840\" data-end=\"843\" \/>\u2705 Leistung: 22 Watt<br data-start=\"862\" data-end=\"865\" \/>\u2705 R\u00f6hrenbest\u00fcckung: 2x 6V6GT (neu), 1x GZ34 Rectifier, Vorstufenr\u00f6hren 12AX7\/12AT7<br data-start=\"947\" data-end=\"950\" \/>\u2705 Speaker: 12&#8243; Warehouse Speaker<br data-start=\"982\" data-end=\"985\" \/>\u2705 Kan\u00e4le: 2<br data-start=\"996\" data-end=\"999\" \/>\u2705 Effekte: Reverb &amp; Tremolo<br data-start=\"1026\" data-end=\"1029\" \/>\u2705 Optik: White Tolex<br data-start=\"1049\" data-end=\"1052\" \/>\u2705 Zustand: Gut+<br data-start=\"1067\" data-end=\"1070\" \/>\u2705 Gewicht: 19kg<br data-start=\"1085\" data-end=\"1088\" \/>\u2705 Besonderheiten: Boutique-Handarbeit, inspiriert vom Fender Deluxe Reverb, frisch im CGL-Service<\/p>\n","protected":false},"excerpt":{"rendered":"<p><strong>Aus 1. Hand<\/strong><br \/>\nZustand: Gut<br \/>\nSerNr: 1280<br \/>\nGewicht: 19 kg<br \/>\nVersandklasse: <a href=\"https:\/\/captain-guitar-lounge.com\/versand__lieferung\/\"><strong>Standard<\/strong><\/a><br \/>\nVermittlungsverkauf: 14602<\/p>\n","protected":false},"featured_media":216999,"comment_status":"closed","ping_status":"closed","template":"","meta":{"_et_pb_use_builder":"","_et_pb_old_content":"","_et_gb_content_width":""},"product_brand":[],"product_cat":[55],"product_tag":[2569,2534],"class_list":{"0":"post-216958","1":"product","2":"type-product","3":"status-publish","4":"has-post-thumbnail","6":"product_cat-combo","7":"product_tag-boutique-amp","8":"product_tag-one-owner","9":"product_shipping_class-standard","10":"pa_baujahr-2010s","11":"pa_power-bis-30watt","12":"pa_power-tubes-6v6","13":"pa_speaker-679","15":"first","16":"outofstock","17":"sale","18":"sold-individually","19":"purchasable","20":"product-type-simple"},"composite_virtual":false,"composite_layout":"","composite_add_to_cart_form_location":"","composite_editable_in_cart":false,"composite_sold_individually_context":"","composite_shop_price_calc":"","composite_components":[],"composite_scenarios":[],"pp_statuses_selecting_workflow":false,"pp_workflow_action":"current","pp_status_selection":"publish","yoast_head":"<!-- This site is optimized with the Yoast SEO plugin v26.8 - https:\/\/yoast.com\/product\/yoast-seo-wordpress\/ -->\n<title>2018 Vintage Sound - Vintage 22 - ID 5364 - captain-guitar-lounge.com<\/title>\n<meta name=\"robots\" content=\"index, follow, max-snippet:-1, max-image-preview:large, max-video-preview:-1\" \/>\n<link rel=\"canonical\" href=\"https:\/\/captain-guitar-lounge.com\/en\/product\/2018-vintage-sound-vintage-22-id-5364\/\" \/>\n<meta property=\"og:locale\" content=\"en_US\" \/>\n<meta property=\"og:type\" content=\"article\" \/>\n<meta property=\"og:title\" content=\"2018 Vintage Sound - Vintage 22 - ID 5364 - captain-guitar-lounge.com\" \/>\n<meta property=\"og:description\" content=\"Aus 1. Hand Zustand: Gut SerNr: 1280 Gewicht: 19 kg Versandklasse: Standard Vermittlungsverkauf: 14602\" \/>\n<meta property=\"og:url\" content=\"https:\/\/captain-guitar-lounge.com\/en\/product\/2018-vintage-sound-vintage-22-id-5364\/\" \/>\n<meta property=\"og:site_name\" content=\"captain-guitar-lounge.com\" \/>\n<meta property=\"article:publisher\" content=\"https:\/\/www.facebook.com\/Captain-Guitar-Lounge-140457272682315\/\" \/>\n<meta property=\"article:modified_time\" content=\"2026-04-16T14:38:53+00:00\" \/>\n<meta property=\"og:image\" content=\"https:\/\/captain-guitar-lounge.com\/wp-content\/uploads\/2025\/09\/2018-Vintage-Sound-Vintage-22-ID-5364IMG_E1205.jpg\" \/>\n\t<meta property=\"og:image:width\" content=\"1512\" \/>\n\t<meta property=\"og:image:height\" content=\"1512\" \/>\n\t<meta property=\"og:image:type\" content=\"image\/jpeg\" \/>\n<meta name=\"twitter:card\" content=\"summary_large_image\" \/>\n<meta name=\"twitter:label1\" content=\"Est. reading time\" \/>\n\t<meta name=\"twitter:data1\" content=\"2 minutes\" \/>\n<script type=\"application\/ld+json\" class=\"yoast-schema-graph\">{\"@context\":\"https:\/\/schema.org\",\"@graph\":[{\"@type\":\"WebPage\",\"@id\":\"https:\/\/captain-guitar-lounge.com\/en\/product\/2018-vintage-sound-vintage-22-id-5364\/\",\"url\":\"https:\/\/captain-guitar-lounge.com\/en\/product\/2018-vintage-sound-vintage-22-id-5364\/\",\"name\":\"2018 Vintage Sound - Vintage 22 - ID 5364 - captain-guitar-lounge.com\",\"isPartOf\":{\"@id\":\"https:\/\/captain-guitar-lounge.com\/en\/#website\"},\"primaryImageOfPage\":{\"@id\":\"https:\/\/captain-guitar-lounge.com\/en\/product\/2018-vintage-sound-vintage-22-id-5364\/#primaryimage\"},\"image\":{\"@id\":\"https:\/\/captain-guitar-lounge.com\/en\/product\/2018-vintage-sound-vintage-22-id-5364\/#primaryimage\"},\"thumbnailUrl\":\"https:\/\/captain-guitar-lounge.com\/wp-content\/uploads\/2025\/09\/2018-Vintage-Sound-Vintage-22-ID-5364IMG_E1205.jpg\",\"datePublished\":\"2025-10-05T08:48:21+00:00\",\"dateModified\":\"2026-04-16T14:38:53+00:00\",\"breadcrumb\":{\"@id\":\"https:\/\/captain-guitar-lounge.com\/en\/product\/2018-vintage-sound-vintage-22-id-5364\/#breadcrumb\"},\"inLanguage\":\"en-US\",\"potentialAction\":[{\"@type\":\"ReadAction\",\"target\":[\"https:\/\/captain-guitar-lounge.com\/en\/product\/2018-vintage-sound-vintage-22-id-5364\/\"]}]},{\"@type\":\"ImageObject\",\"inLanguage\":\"en-US\",\"@id\":\"https:\/\/captain-guitar-lounge.com\/en\/product\/2018-vintage-sound-vintage-22-id-5364\/#primaryimage\",\"url\":\"https:\/\/captain-guitar-lounge.com\/wp-content\/uploads\/2025\/09\/2018-Vintage-Sound-Vintage-22-ID-5364IMG_E1205.jpg\",\"contentUrl\":\"https:\/\/captain-guitar-lounge.com\/wp-content\/uploads\/2025\/09\/2018-Vintage-Sound-Vintage-22-ID-5364IMG_E1205.jpg\",\"width\":1512,\"height\":1512},{\"@type\":\"BreadcrumbList\",\"@id\":\"https:\/\/captain-guitar-lounge.com\/en\/product\/2018-vintage-sound-vintage-22-id-5364\/#breadcrumb\",\"itemListElement\":[{\"@type\":\"ListItem\",\"position\":1,\"name\":\"Startseite\",\"item\":\"https:\/\/captain-guitar-lounge.com\/en\/\"},{\"@type\":\"ListItem\",\"position\":2,\"name\":\"Shop\",\"item\":\"https:\/\/captain-guitar-lounge.com\/shop\/\"},{\"@type\":\"ListItem\",\"position\":3,\"name\":\"2018 Vintage Sound &#8211; Vintage 22 &#8211; ID 5364\"}]},{\"@type\":\"WebSite\",\"@id\":\"https:\/\/captain-guitar-lounge.com\/en\/#website\",\"url\":\"https:\/\/captain-guitar-lounge.com\/en\/\",\"name\":\"captain-guitar-lounge.com\",\"description\":\"Fine Amps and Guitars and more\",\"potentialAction\":[{\"@type\":\"SearchAction\",\"target\":{\"@type\":\"EntryPoint\",\"urlTemplate\":\"https:\/\/captain-guitar-lounge.com\/en\/?s={search_term_string}\"},\"query-input\":{\"@type\":\"PropertyValueSpecification\",\"valueRequired\":true,\"valueName\":\"search_term_string\"}}],\"inLanguage\":\"en-US\"}]}<\/script>\n<!-- \/ Yoast SEO plugin. -->","yoast_head_json":{"title":"2018 Vintage Sound - Vintage 22 - ID 5364 - captain-guitar-lounge.com","robots":{"index":"index","follow":"follow","max-snippet":"max-snippet:-1","max-image-preview":"max-image-preview:large","max-video-preview":"max-video-preview:-1"},"canonical":"https:\/\/captain-guitar-lounge.com\/en\/product\/2018-vintage-sound-vintage-22-id-5364\/","og_locale":"en_US","og_type":"article","og_title":"2018 Vintage Sound - Vintage 22 - ID 5364 - captain-guitar-lounge.com","og_description":"Aus 1. Hand Zustand: Gut SerNr: 1280 Gewicht: 19 kg Versandklasse: Standard Vermittlungsverkauf: 14602","og_url":"https:\/\/captain-guitar-lounge.com\/en\/product\/2018-vintage-sound-vintage-22-id-5364\/","og_site_name":"captain-guitar-lounge.com","article_publisher":"https:\/\/www.facebook.com\/Captain-Guitar-Lounge-140457272682315\/","article_modified_time":"2026-04-16T14:38:53+00:00","og_image":[{"width":1512,"height":1512,"url":"https:\/\/captain-guitar-lounge.com\/wp-content\/uploads\/2025\/09\/2018-Vintage-Sound-Vintage-22-ID-5364IMG_E1205.jpg","type":"image\/jpeg"}],"twitter_card":"summary_large_image","twitter_misc":{"Est. reading time":"2 minutes"},"schema":{"@context":"https:\/\/schema.org","@graph":[{"@type":"WebPage","@id":"https:\/\/captain-guitar-lounge.com\/en\/product\/2018-vintage-sound-vintage-22-id-5364\/","url":"https:\/\/captain-guitar-lounge.com\/en\/product\/2018-vintage-sound-vintage-22-id-5364\/","name":"2018 Vintage Sound - Vintage 22 - ID 5364 - captain-guitar-lounge.com","isPartOf":{"@id":"https:\/\/captain-guitar-lounge.com\/en\/#website"},"primaryImageOfPage":{"@id":"https:\/\/captain-guitar-lounge.com\/en\/product\/2018-vintage-sound-vintage-22-id-5364\/#primaryimage"},"image":{"@id":"https:\/\/captain-guitar-lounge.com\/en\/product\/2018-vintage-sound-vintage-22-id-5364\/#primaryimage"},"thumbnailUrl":"https:\/\/captain-guitar-lounge.com\/wp-content\/uploads\/2025\/09\/2018-Vintage-Sound-Vintage-22-ID-5364IMG_E1205.jpg","datePublished":"2025-10-05T08:48:21+00:00","dateModified":"2026-04-16T14:38:53+00:00","breadcrumb":{"@id":"https:\/\/captain-guitar-lounge.com\/en\/product\/2018-vintage-sound-vintage-22-id-5364\/#breadcrumb"},"inLanguage":"en-US","potentialAction":[{"@type":"ReadAction","target":["https:\/\/captain-guitar-lounge.com\/en\/product\/2018-vintage-sound-vintage-22-id-5364\/"]}]},{"@type":"ImageObject","inLanguage":"en-US","@id":"https:\/\/captain-guitar-lounge.com\/en\/product\/2018-vintage-sound-vintage-22-id-5364\/#primaryimage","url":"https:\/\/captain-guitar-lounge.com\/wp-content\/uploads\/2025\/09\/2018-Vintage-Sound-Vintage-22-ID-5364IMG_E1205.jpg","contentUrl":"https:\/\/captain-guitar-lounge.com\/wp-content\/uploads\/2025\/09\/2018-Vintage-Sound-Vintage-22-ID-5364IMG_E1205.jpg","width":1512,"height":1512},{"@type":"BreadcrumbList","@id":"https:\/\/captain-guitar-lounge.com\/en\/product\/2018-vintage-sound-vintage-22-id-5364\/#breadcrumb","itemListElement":[{"@type":"ListItem","position":1,"name":"Startseite","item":"https:\/\/captain-guitar-lounge.com\/en\/"},{"@type":"ListItem","position":2,"name":"Shop","item":"https:\/\/captain-guitar-lounge.com\/shop\/"},{"@type":"ListItem","position":3,"name":"2018 Vintage Sound &#8211; Vintage 22 &#8211; ID 5364"}]},{"@type":"WebSite","@id":"https:\/\/captain-guitar-lounge.com\/en\/#website","url":"https:\/\/captain-guitar-lounge.com\/en\/","name":"captain-guitar-lounge.com","description":"Fine Amps and Guitars and more","potentialAction":[{"@type":"SearchAction","target":{"@type":"EntryPoint","urlTemplate":"https:\/\/captain-guitar-lounge.com\/en\/?s={search_term_string}"},"query-input":{"@type":"PropertyValueSpecification","valueRequired":true,"valueName":"search_term_string"}}],"inLanguage":"en-US"}]}},"_links":{"self":[{"href":"https:\/\/captain-guitar-lounge.com\/en\/wp-json\/wp\/v2\/product\/216958","targetHints":{"allow":["GET"]}}],"collection":[{"href":"https:\/\/captain-guitar-lounge.com\/en\/wp-json\/wp\/v2\/product"}],"about":[{"href":"https:\/\/captain-guitar-lounge.com\/en\/wp-json\/wp\/v2\/types\/product"}],"replies":[{"embeddable":true,"href":"https:\/\/captain-guitar-lounge.com\/en\/wp-json\/wp\/v2\/comments?post=216958"}],"wp:featuredmedia":[{"embeddable":true,"href":"https:\/\/captain-guitar-lounge.com\/en\/wp-json\/wp\/v2\/media\/216999"}],"wp:attachment":[{"href":"https:\/\/captain-guitar-lounge.com\/en\/wp-json\/wp\/v2\/media?parent=216958"}],"wp:term":[{"taxonomy":"product_brand","embeddable":true,"href":"https:\/\/captain-guitar-lounge.com\/en\/wp-json\/wp\/v2\/product_brand?post=216958"},{"taxonomy":"product_cat","embeddable":true,"href":"https:\/\/captain-guitar-lounge.com\/en\/wp-json\/wp\/v2\/product_cat?post=216958"},{"taxonomy":"product_tag","embeddable":true,"href":"https:\/\/captain-guitar-lounge.com\/en\/wp-json\/wp\/v2\/product_tag?post=216958"}],"curies":[{"name":"wp","href":"https:\/\/api.w.org\/{rel}","templated":true}]}}