{"id":220589,"date":"2025-10-27T18:31:18","date_gmt":"2025-10-27T17:31:18","guid":{"rendered":"https:\/\/captain-guitar-lounge.com\/?post_type=product&#038;p=220589"},"modified":"2026-02-14T13:23:10","modified_gmt":"2026-02-14T12:23:10","slug":"1979-ibanez-v300-id-5440","status":"publish","type":"product","link":"https:\/\/captain-guitar-lounge.com\/en\/product\/1979-ibanez-v300-id-5440\/","title":{"rendered":"1979 Ibanez &#8211; V300 &#8211; ID 5440"},"content":{"rendered":"<p>Die<a href=\"https:\/\/ibanez.fandom.com\/wiki\/V300\"><em> <strong data-start=\"44\" data-end=\"59\">Ibanez V300<\/strong> <\/em><\/a>gilt als eine der beliebtesten Akustikgitarren der sp\u00e4ten 70er und fr\u00fchen 80er Jahre &#8211; bekannt f\u00fcr ihre hervorragende Verarbeitung, ausgewogene Ansprache und den charakteristisch warmen Ton. Dieses Exemplar stammt aus <strong data-start=\"278\" data-end=\"293\">erster Hand<\/strong>, ist in <strong data-start=\"302\" data-end=\"324\">sehr gutem Zustand<\/strong> und wurde frisch mit neuen Saiten bespannt und eingestellt.<br data-start=\"384\" data-end=\"387\" \/>Made in Japan \u2013 klassischer Dreadnought-Sound mit Vintage-Charme!<br \/>\nDas japanische Pendant zur D-18 bzw. D-28.<\/p>\n<p>\u2705 Baujahr: 1979<br data-start=\"471\" data-end=\"474\" \/>\u2705 Modell: Ibanez V300<br data-start=\"495\" data-end=\"498\" \/>\u2705 Herkunft: Japan<br data-start=\"515\" data-end=\"518\" \/>\u2705 Bauform: Dreadnought<br data-start=\"540\" data-end=\"543\" \/>\u2705 Korpus: Mahagoni (Boden &amp; Zargen)<br data-start=\"589\" data-end=\"592\" \/>\u2705 Decke: Fichte, Natural Finish<br data-start=\"629\" data-end=\"632\" \/>\u2705 Binding: Schwarz-Wei\u00df<br data-start=\"655\" data-end=\"658\" \/>\u2705 Schallloch: Rund mit mehrlagiger Schwarz-Wei\u00df-Rosette<br data-start=\"713\" data-end=\"716\" \/>\u2705 Hals: 1-teilig Mahagoni, handgeformt<br data-start=\"754\" data-end=\"757\" \/>\u2705 Griffbrett: Rosewood<br data-start=\"788\" data-end=\"791\" \/>\u2705 Inlays: Pearl Dots mit wei\u00dfen Side Dots<br data-start=\"858\" data-end=\"861\" \/>\u2705 B\u00fcnde: 20 (Medium)<br data-start=\"881\" data-end=\"884\" \/>\u2705 Sattel: Bone, 43 mm<br data-start=\"905\" data-end=\"908\" \/>\u2705 Steg: Rosewood mit Tru-Tune-Sattel (11 mm String Spacing)<br data-start=\"967\" data-end=\"970\" \/>\u2705 Bridge Pins: Ivory mit schwarzen Dots<br data-start=\"1009\" data-end=\"1012\" \/>\u2705 Mechaniken: Verchromt, geschlossen<br data-start=\"1048\" data-end=\"1051\" \/>\u2705 Pickguard: Black<br data-start=\"1072\" data-end=\"1075\" \/>\u2705 Hardware: Chrom<br data-start=\"1092\" data-end=\"1095\" \/>\u2705 Finish: Natural (NT)<br data-start=\"1117\" data-end=\"1120\" \/>\u2705 Zustand: Sehr gut<br data-start=\"1139\" data-end=\"1142\" \/>\u2705 Herkunft: Aus 1. Hand<br data-start=\"1165\" data-end=\"1168\" \/>\u2705 Setup: Frisch eingestellt, neue Saiten<\/p>\n","protected":false},"excerpt":{"rendered":"<p><strong>Vintage Dreadnought<\/strong><br \/>\nZustand: Sehr gut<br \/>\nSerNr: 9120134<br \/>\nGewicht: 2,1 kg<br \/>\nVersandklasse: <a href=\"https:\/\/captain-guitar-lounge.com\/versand__lieferung\/\"><strong>Large<\/strong><\/a><br \/>\nVermittlungsverkauf: 16352<\/p>\n","protected":false},"featured_media":220636,"comment_status":"closed","ping_status":"closed","template":"","meta":{"_et_pb_use_builder":"","_et_pb_old_content":"","_et_gb_content_width":""},"product_brand":[],"product_cat":[106,290],"product_tag":[76],"class_list":{"0":"post-220589","1":"product","2":"type-product","3":"status-publish","4":"has-post-thumbnail","6":"product_cat-acoustic-guitars","7":"product_cat-fundgrube","8":"product_tag-vintage","9":"product_shipping_class-large","10":"pa_baujahr-70s","12":"first","13":"outofstock","14":"sold-individually","15":"purchasable","16":"product-type-simple"},"composite_virtual":false,"composite_layout":"","composite_add_to_cart_form_location":"","composite_editable_in_cart":false,"composite_sold_individually_context":"","composite_shop_price_calc":"","composite_components":[],"composite_scenarios":[],"pp_statuses_selecting_workflow":false,"pp_workflow_action":"current","pp_status_selection":"publish","yoast_head":"<!-- This site is optimized with the Yoast SEO plugin v26.8 - https:\/\/yoast.com\/product\/yoast-seo-wordpress\/ -->\n<title>1979 Ibanez - V300 - ID 5440 - captain-guitar-lounge.com<\/title>\n<meta name=\"robots\" content=\"index, follow, max-snippet:-1, max-image-preview:large, max-video-preview:-1\" \/>\n<link rel=\"canonical\" href=\"https:\/\/captain-guitar-lounge.com\/en\/product\/1979-ibanez-v300-id-5440\/\" \/>\n<meta property=\"og:locale\" content=\"en_US\" \/>\n<meta property=\"og:type\" content=\"article\" \/>\n<meta property=\"og:title\" content=\"1979 Ibanez - V300 - ID 5440 - captain-guitar-lounge.com\" \/>\n<meta property=\"og:description\" content=\"Vintage Dreadnought Zustand: Sehr gut SerNr: 9120134 Gewicht: 2,1 kg Versandklasse: Large Vermittlungsverkauf: 16352\" \/>\n<meta property=\"og:url\" content=\"https:\/\/captain-guitar-lounge.com\/en\/product\/1979-ibanez-v300-id-5440\/\" \/>\n<meta property=\"og:site_name\" content=\"captain-guitar-lounge.com\" \/>\n<meta property=\"article:publisher\" content=\"https:\/\/www.facebook.com\/Captain-Guitar-Lounge-140457272682315\/\" \/>\n<meta property=\"article:modified_time\" content=\"2026-02-14T12:23:10+00:00\" \/>\n<meta property=\"og:image\" content=\"https:\/\/captain-guitar-lounge.com\/wp-content\/uploads\/2025\/10\/1979-Ibanez-V300-Western-Dreadnought-ID-5440IMG_E2511.jpg\" \/>\n\t<meta property=\"og:image:width\" content=\"1512\" \/>\n\t<meta property=\"og:image:height\" content=\"1512\" \/>\n\t<meta property=\"og:image:type\" content=\"image\/jpeg\" \/>\n<meta name=\"twitter:card\" content=\"summary_large_image\" \/>\n<meta name=\"twitter:label1\" content=\"Est. reading time\" \/>\n\t<meta name=\"twitter:data1\" content=\"2 minutes\" \/>\n<script type=\"application\/ld+json\" class=\"yoast-schema-graph\">{\"@context\":\"https:\/\/schema.org\",\"@graph\":[{\"@type\":\"WebPage\",\"@id\":\"https:\/\/captain-guitar-lounge.com\/en\/product\/1979-ibanez-v300-id-5440\/\",\"url\":\"https:\/\/captain-guitar-lounge.com\/en\/product\/1979-ibanez-v300-id-5440\/\",\"name\":\"1979 Ibanez - V300 - ID 5440 - captain-guitar-lounge.com\",\"isPartOf\":{\"@id\":\"https:\/\/captain-guitar-lounge.com\/en\/#website\"},\"primaryImageOfPage\":{\"@id\":\"https:\/\/captain-guitar-lounge.com\/en\/product\/1979-ibanez-v300-id-5440\/#primaryimage\"},\"image\":{\"@id\":\"https:\/\/captain-guitar-lounge.com\/en\/product\/1979-ibanez-v300-id-5440\/#primaryimage\"},\"thumbnailUrl\":\"https:\/\/captain-guitar-lounge.com\/wp-content\/uploads\/2025\/10\/1979-Ibanez-V300-Western-Dreadnought-ID-5440IMG_E2511.jpg\",\"datePublished\":\"2025-10-27T17:31:18+00:00\",\"dateModified\":\"2026-02-14T12:23:10+00:00\",\"breadcrumb\":{\"@id\":\"https:\/\/captain-guitar-lounge.com\/en\/product\/1979-ibanez-v300-id-5440\/#breadcrumb\"},\"inLanguage\":\"en-US\",\"potentialAction\":[{\"@type\":\"ReadAction\",\"target\":[\"https:\/\/captain-guitar-lounge.com\/en\/product\/1979-ibanez-v300-id-5440\/\"]}]},{\"@type\":\"ImageObject\",\"inLanguage\":\"en-US\",\"@id\":\"https:\/\/captain-guitar-lounge.com\/en\/product\/1979-ibanez-v300-id-5440\/#primaryimage\",\"url\":\"https:\/\/captain-guitar-lounge.com\/wp-content\/uploads\/2025\/10\/1979-Ibanez-V300-Western-Dreadnought-ID-5440IMG_E2511.jpg\",\"contentUrl\":\"https:\/\/captain-guitar-lounge.com\/wp-content\/uploads\/2025\/10\/1979-Ibanez-V300-Western-Dreadnought-ID-5440IMG_E2511.jpg\",\"width\":1512,\"height\":1512},{\"@type\":\"BreadcrumbList\",\"@id\":\"https:\/\/captain-guitar-lounge.com\/en\/product\/1979-ibanez-v300-id-5440\/#breadcrumb\",\"itemListElement\":[{\"@type\":\"ListItem\",\"position\":1,\"name\":\"Startseite\",\"item\":\"https:\/\/captain-guitar-lounge.com\/en\/\"},{\"@type\":\"ListItem\",\"position\":2,\"name\":\"Shop\",\"item\":\"https:\/\/captain-guitar-lounge.com\/shop\/\"},{\"@type\":\"ListItem\",\"position\":3,\"name\":\"1979 Ibanez &#8211; V300 &#8211; ID 5440\"}]},{\"@type\":\"WebSite\",\"@id\":\"https:\/\/captain-guitar-lounge.com\/en\/#website\",\"url\":\"https:\/\/captain-guitar-lounge.com\/en\/\",\"name\":\"captain-guitar-lounge.com\",\"description\":\"Fine Amps and Guitars and more\",\"potentialAction\":[{\"@type\":\"SearchAction\",\"target\":{\"@type\":\"EntryPoint\",\"urlTemplate\":\"https:\/\/captain-guitar-lounge.com\/en\/?s={search_term_string}\"},\"query-input\":{\"@type\":\"PropertyValueSpecification\",\"valueRequired\":true,\"valueName\":\"search_term_string\"}}],\"inLanguage\":\"en-US\"}]}<\/script>\n<!-- \/ Yoast SEO plugin. -->","yoast_head_json":{"title":"1979 Ibanez - V300 - ID 5440 - captain-guitar-lounge.com","robots":{"index":"index","follow":"follow","max-snippet":"max-snippet:-1","max-image-preview":"max-image-preview:large","max-video-preview":"max-video-preview:-1"},"canonical":"https:\/\/captain-guitar-lounge.com\/en\/product\/1979-ibanez-v300-id-5440\/","og_locale":"en_US","og_type":"article","og_title":"1979 Ibanez - V300 - ID 5440 - captain-guitar-lounge.com","og_description":"Vintage Dreadnought Zustand: Sehr gut SerNr: 9120134 Gewicht: 2,1 kg Versandklasse: Large Vermittlungsverkauf: 16352","og_url":"https:\/\/captain-guitar-lounge.com\/en\/product\/1979-ibanez-v300-id-5440\/","og_site_name":"captain-guitar-lounge.com","article_publisher":"https:\/\/www.facebook.com\/Captain-Guitar-Lounge-140457272682315\/","article_modified_time":"2026-02-14T12:23:10+00:00","og_image":[{"width":1512,"height":1512,"url":"https:\/\/captain-guitar-lounge.com\/wp-content\/uploads\/2025\/10\/1979-Ibanez-V300-Western-Dreadnought-ID-5440IMG_E2511.jpg","type":"image\/jpeg"}],"twitter_card":"summary_large_image","twitter_misc":{"Est. reading time":"2 minutes"},"schema":{"@context":"https:\/\/schema.org","@graph":[{"@type":"WebPage","@id":"https:\/\/captain-guitar-lounge.com\/en\/product\/1979-ibanez-v300-id-5440\/","url":"https:\/\/captain-guitar-lounge.com\/en\/product\/1979-ibanez-v300-id-5440\/","name":"1979 Ibanez - V300 - ID 5440 - captain-guitar-lounge.com","isPartOf":{"@id":"https:\/\/captain-guitar-lounge.com\/en\/#website"},"primaryImageOfPage":{"@id":"https:\/\/captain-guitar-lounge.com\/en\/product\/1979-ibanez-v300-id-5440\/#primaryimage"},"image":{"@id":"https:\/\/captain-guitar-lounge.com\/en\/product\/1979-ibanez-v300-id-5440\/#primaryimage"},"thumbnailUrl":"https:\/\/captain-guitar-lounge.com\/wp-content\/uploads\/2025\/10\/1979-Ibanez-V300-Western-Dreadnought-ID-5440IMG_E2511.jpg","datePublished":"2025-10-27T17:31:18+00:00","dateModified":"2026-02-14T12:23:10+00:00","breadcrumb":{"@id":"https:\/\/captain-guitar-lounge.com\/en\/product\/1979-ibanez-v300-id-5440\/#breadcrumb"},"inLanguage":"en-US","potentialAction":[{"@type":"ReadAction","target":["https:\/\/captain-guitar-lounge.com\/en\/product\/1979-ibanez-v300-id-5440\/"]}]},{"@type":"ImageObject","inLanguage":"en-US","@id":"https:\/\/captain-guitar-lounge.com\/en\/product\/1979-ibanez-v300-id-5440\/#primaryimage","url":"https:\/\/captain-guitar-lounge.com\/wp-content\/uploads\/2025\/10\/1979-Ibanez-V300-Western-Dreadnought-ID-5440IMG_E2511.jpg","contentUrl":"https:\/\/captain-guitar-lounge.com\/wp-content\/uploads\/2025\/10\/1979-Ibanez-V300-Western-Dreadnought-ID-5440IMG_E2511.jpg","width":1512,"height":1512},{"@type":"BreadcrumbList","@id":"https:\/\/captain-guitar-lounge.com\/en\/product\/1979-ibanez-v300-id-5440\/#breadcrumb","itemListElement":[{"@type":"ListItem","position":1,"name":"Startseite","item":"https:\/\/captain-guitar-lounge.com\/en\/"},{"@type":"ListItem","position":2,"name":"Shop","item":"https:\/\/captain-guitar-lounge.com\/shop\/"},{"@type":"ListItem","position":3,"name":"1979 Ibanez &#8211; V300 &#8211; ID 5440"}]},{"@type":"WebSite","@id":"https:\/\/captain-guitar-lounge.com\/en\/#website","url":"https:\/\/captain-guitar-lounge.com\/en\/","name":"captain-guitar-lounge.com","description":"Fine Amps and Guitars and more","potentialAction":[{"@type":"SearchAction","target":{"@type":"EntryPoint","urlTemplate":"https:\/\/captain-guitar-lounge.com\/en\/?s={search_term_string}"},"query-input":{"@type":"PropertyValueSpecification","valueRequired":true,"valueName":"search_term_string"}}],"inLanguage":"en-US"}]}},"_links":{"self":[{"href":"https:\/\/captain-guitar-lounge.com\/en\/wp-json\/wp\/v2\/product\/220589","targetHints":{"allow":["GET"]}}],"collection":[{"href":"https:\/\/captain-guitar-lounge.com\/en\/wp-json\/wp\/v2\/product"}],"about":[{"href":"https:\/\/captain-guitar-lounge.com\/en\/wp-json\/wp\/v2\/types\/product"}],"replies":[{"embeddable":true,"href":"https:\/\/captain-guitar-lounge.com\/en\/wp-json\/wp\/v2\/comments?post=220589"}],"wp:featuredmedia":[{"embeddable":true,"href":"https:\/\/captain-guitar-lounge.com\/en\/wp-json\/wp\/v2\/media\/220636"}],"wp:attachment":[{"href":"https:\/\/captain-guitar-lounge.com\/en\/wp-json\/wp\/v2\/media?parent=220589"}],"wp:term":[{"taxonomy":"product_brand","embeddable":true,"href":"https:\/\/captain-guitar-lounge.com\/en\/wp-json\/wp\/v2\/product_brand?post=220589"},{"taxonomy":"product_cat","embeddable":true,"href":"https:\/\/captain-guitar-lounge.com\/en\/wp-json\/wp\/v2\/product_cat?post=220589"},{"taxonomy":"product_tag","embeddable":true,"href":"https:\/\/captain-guitar-lounge.com\/en\/wp-json\/wp\/v2\/product_tag?post=220589"}],"curies":[{"name":"wp","href":"https:\/\/api.w.org\/{rel}","templated":true}]}}