{"id":222142,"date":"2025-11-15T12:29:33","date_gmt":"2025-11-15T11:29:33","guid":{"rendered":"https:\/\/captain-guitar-lounge.com\/?post_type=product&#038;p=222142"},"modified":"2026-03-14T09:47:57","modified_gmt":"2026-03-14T08:47:57","slug":"2019-marshall-1960a-lead-4x12-cab-made-in-england-id-5471","status":"publish","type":"product","link":"https:\/\/captain-guitar-lounge.com\/en\/product\/2019-marshall-1960a-lead-4x12-cab-made-in-england-id-5471\/","title":{"rendered":"2019 Marshall &#8211; 1960A Lead 4&#215;12 Cab &#8211; Made in England &#8211; ID 5471"},"content":{"rendered":"<p>Eine der weltweit meistverkauften 4&#215;12-Zoll-Boxen, ber\u00fchmt f\u00fcr ihren ausgezeichneten Sound. Diese Box ist darauf ausgelegt, einen kraftvollen Klang f\u00fcr Live-Auftritte zu liefern. Die 1960A-Boxen haben ein authentisches Design der 60er-Jahre und bieten mit 300W viel Leistung.<br \/>\nDie 1960A liefert einen helleren Klang im Vergleich zu ihrem direkten Gegenst\u00fcck (1960B). Alternativ kannst du die 1960A und 1960B miteinander kombinieren, um das perfekte Marshall-Stack zu kreieren.<\/p>\n<p>Made in England<br \/>\n&#8211; Best\u00fcckung: 4x 12&#8243; Celestion G12T-75-Vintage Lautsprecher<br \/>\n&#8211; schr\u00e4ge Ausf\u00fchrung<br \/>\n&#8211; geschlossene Boxenkonstruktion<br \/>\n&#8211; Belastbarkeit: 300 W (mono) bzw. 150 W (stereo)<br \/>\n&#8211; Impedanz: 16\/4 Ohm (mono) bzw. 8 Ohm (stereo)<br \/>\n&#8211; Anschl\u00fcsse: 2 x 6,3 mm Klinke<br \/>\n&#8211; Geh\u00e4usematerial: Birkensperrholz<br \/>\n&#8211; 4 Rollen<br \/>\n&#8211; zwei seitliche Schalengriffe<br \/>\n&#8211; Abmessungen: (B x H x T): 770 x 754 (ohne Rollen) x 366 mm<br \/>\n&#8211; Gewicht: 36,9 kg<br \/>\n&#8211; Farbe: Schwarz<\/p>\n","protected":false},"excerpt":{"rendered":"<p>aus 1. Hand<br \/>\nZustand: Neuwertig<br \/>\nSerNr: M-2019-10-0369<br \/>\nGewicht: 36,9 kg Versandklasse: <strong>Auf Anfrage<\/strong><br \/>\nKoffer\/Case: H\u00fclle<br \/>\nSonstiges: 4 Rollen<br \/>\nVermittlungsverkauf: 17464<\/p>\n","protected":false},"featured_media":222143,"comment_status":"closed","ping_status":"closed","template":"","meta":{"_et_pb_use_builder":"","_et_pb_old_content":"","_et_gb_content_width":""},"product_brand":[],"product_cat":[58,290],"product_tag":[2534],"class_list":{"0":"post-222142","1":"product","2":"type-product","3":"status-publish","4":"has-post-thumbnail","6":"product_cat-4-speaker","7":"product_cat-fundgrube","8":"product_tag-one-owner","9":"product_shipping_class-extra-heavy","11":"first","12":"instock","13":"sold-individually","14":"purchasable","15":"product-type-simple"},"composite_virtual":false,"composite_layout":"","composite_add_to_cart_form_location":"","composite_editable_in_cart":false,"composite_sold_individually_context":"","composite_shop_price_calc":"","composite_components":[],"composite_scenarios":[],"pp_statuses_selecting_workflow":false,"pp_workflow_action":"current","pp_status_selection":"publish","yoast_head":"<!-- This site is optimized with the Yoast SEO plugin v26.8 - https:\/\/yoast.com\/product\/yoast-seo-wordpress\/ -->\n<title>2019 Marshall - 1960A Lead 4x12 Cab - Made in England - ID 5471 - captain-guitar-lounge.com<\/title>\n<meta name=\"robots\" content=\"index, follow, max-snippet:-1, max-image-preview:large, max-video-preview:-1\" \/>\n<link rel=\"canonical\" href=\"https:\/\/captain-guitar-lounge.com\/en\/product\/2019-marshall-1960a-lead-4x12-cab-made-in-england-id-5471\/\" \/>\n<meta property=\"og:locale\" content=\"en_US\" \/>\n<meta property=\"og:type\" content=\"article\" \/>\n<meta property=\"og:title\" content=\"2019 Marshall - 1960A Lead 4x12 Cab - Made in England - ID 5471 - captain-guitar-lounge.com\" \/>\n<meta property=\"og:description\" content=\"aus 1. Hand Zustand: Neuwertig SerNr: M-2019-10-0369 Gewicht: 36,9 kg Versandklasse: Auf Anfrage Koffer\/Case: H\u00fclle Sonstiges: 4 Rollen Vermittlungsverkauf: 17464\" \/>\n<meta property=\"og:url\" content=\"https:\/\/captain-guitar-lounge.com\/en\/product\/2019-marshall-1960a-lead-4x12-cab-made-in-england-id-5471\/\" \/>\n<meta property=\"og:site_name\" content=\"captain-guitar-lounge.com\" \/>\n<meta property=\"article:publisher\" content=\"https:\/\/www.facebook.com\/Captain-Guitar-Lounge-140457272682315\/\" \/>\n<meta property=\"article:modified_time\" content=\"2026-03-14T08:47:57+00:00\" \/>\n<meta property=\"og:image\" content=\"https:\/\/captain-guitar-lounge.com\/wp-content\/uploads\/2025\/11\/1960A-Lead-4x12-Cab-Made-in-England-ID-5471IMG_3323.jpg\" \/>\n\t<meta property=\"og:image:width\" content=\"1512\" \/>\n\t<meta property=\"og:image:height\" content=\"1512\" \/>\n\t<meta property=\"og:image:type\" content=\"image\/jpeg\" \/>\n<meta name=\"twitter:card\" content=\"summary_large_image\" \/>\n<meta name=\"twitter:label1\" content=\"Est. reading time\" \/>\n\t<meta name=\"twitter:data1\" content=\"1 minute\" \/>\n<script type=\"application\/ld+json\" class=\"yoast-schema-graph\">{\"@context\":\"https:\/\/schema.org\",\"@graph\":[{\"@type\":\"WebPage\",\"@id\":\"https:\/\/captain-guitar-lounge.com\/en\/product\/2019-marshall-1960a-lead-4x12-cab-made-in-england-id-5471\/\",\"url\":\"https:\/\/captain-guitar-lounge.com\/en\/product\/2019-marshall-1960a-lead-4x12-cab-made-in-england-id-5471\/\",\"name\":\"2019 Marshall - 1960A Lead 4x12 Cab - Made in England - ID 5471 - captain-guitar-lounge.com\",\"isPartOf\":{\"@id\":\"https:\/\/captain-guitar-lounge.com\/en\/#website\"},\"primaryImageOfPage\":{\"@id\":\"https:\/\/captain-guitar-lounge.com\/en\/product\/2019-marshall-1960a-lead-4x12-cab-made-in-england-id-5471\/#primaryimage\"},\"image\":{\"@id\":\"https:\/\/captain-guitar-lounge.com\/en\/product\/2019-marshall-1960a-lead-4x12-cab-made-in-england-id-5471\/#primaryimage\"},\"thumbnailUrl\":\"https:\/\/captain-guitar-lounge.com\/wp-content\/uploads\/2025\/11\/1960A-Lead-4x12-Cab-Made-in-England-ID-5471IMG_3323.jpg\",\"datePublished\":\"2025-11-15T11:29:33+00:00\",\"dateModified\":\"2026-03-14T08:47:57+00:00\",\"breadcrumb\":{\"@id\":\"https:\/\/captain-guitar-lounge.com\/en\/product\/2019-marshall-1960a-lead-4x12-cab-made-in-england-id-5471\/#breadcrumb\"},\"inLanguage\":\"en-US\",\"potentialAction\":[{\"@type\":\"ReadAction\",\"target\":[\"https:\/\/captain-guitar-lounge.com\/en\/product\/2019-marshall-1960a-lead-4x12-cab-made-in-england-id-5471\/\"]}]},{\"@type\":\"ImageObject\",\"inLanguage\":\"en-US\",\"@id\":\"https:\/\/captain-guitar-lounge.com\/en\/product\/2019-marshall-1960a-lead-4x12-cab-made-in-england-id-5471\/#primaryimage\",\"url\":\"https:\/\/captain-guitar-lounge.com\/wp-content\/uploads\/2025\/11\/1960A-Lead-4x12-Cab-Made-in-England-ID-5471IMG_3323.jpg\",\"contentUrl\":\"https:\/\/captain-guitar-lounge.com\/wp-content\/uploads\/2025\/11\/1960A-Lead-4x12-Cab-Made-in-England-ID-5471IMG_3323.jpg\",\"width\":1512,\"height\":1512,\"caption\":\"1960A-Lead-4x12-Cab-Made-in-England-ID-5471IMG_3323.jpg\"},{\"@type\":\"BreadcrumbList\",\"@id\":\"https:\/\/captain-guitar-lounge.com\/en\/product\/2019-marshall-1960a-lead-4x12-cab-made-in-england-id-5471\/#breadcrumb\",\"itemListElement\":[{\"@type\":\"ListItem\",\"position\":1,\"name\":\"Startseite\",\"item\":\"https:\/\/captain-guitar-lounge.com\/en\/\"},{\"@type\":\"ListItem\",\"position\":2,\"name\":\"Shop\",\"item\":\"https:\/\/captain-guitar-lounge.com\/shop\/\"},{\"@type\":\"ListItem\",\"position\":3,\"name\":\"2019 Marshall &#8211; 1960A Lead 4&#215;12 Cab &#8211; Made in England &#8211; ID 5471\"}]},{\"@type\":\"WebSite\",\"@id\":\"https:\/\/captain-guitar-lounge.com\/en\/#website\",\"url\":\"https:\/\/captain-guitar-lounge.com\/en\/\",\"name\":\"captain-guitar-lounge.com\",\"description\":\"Fine Amps and Guitars and more\",\"potentialAction\":[{\"@type\":\"SearchAction\",\"target\":{\"@type\":\"EntryPoint\",\"urlTemplate\":\"https:\/\/captain-guitar-lounge.com\/en\/?s={search_term_string}\"},\"query-input\":{\"@type\":\"PropertyValueSpecification\",\"valueRequired\":true,\"valueName\":\"search_term_string\"}}],\"inLanguage\":\"en-US\"}]}<\/script>\n<!-- \/ Yoast SEO plugin. -->","yoast_head_json":{"title":"2019 Marshall - 1960A Lead 4x12 Cab - Made in England - ID 5471 - captain-guitar-lounge.com","robots":{"index":"index","follow":"follow","max-snippet":"max-snippet:-1","max-image-preview":"max-image-preview:large","max-video-preview":"max-video-preview:-1"},"canonical":"https:\/\/captain-guitar-lounge.com\/en\/product\/2019-marshall-1960a-lead-4x12-cab-made-in-england-id-5471\/","og_locale":"en_US","og_type":"article","og_title":"2019 Marshall - 1960A Lead 4x12 Cab - Made in England - ID 5471 - captain-guitar-lounge.com","og_description":"aus 1. Hand Zustand: Neuwertig SerNr: M-2019-10-0369 Gewicht: 36,9 kg Versandklasse: Auf Anfrage Koffer\/Case: H\u00fclle Sonstiges: 4 Rollen Vermittlungsverkauf: 17464","og_url":"https:\/\/captain-guitar-lounge.com\/en\/product\/2019-marshall-1960a-lead-4x12-cab-made-in-england-id-5471\/","og_site_name":"captain-guitar-lounge.com","article_publisher":"https:\/\/www.facebook.com\/Captain-Guitar-Lounge-140457272682315\/","article_modified_time":"2026-03-14T08:47:57+00:00","og_image":[{"width":1512,"height":1512,"url":"https:\/\/captain-guitar-lounge.com\/wp-content\/uploads\/2025\/11\/1960A-Lead-4x12-Cab-Made-in-England-ID-5471IMG_3323.jpg","type":"image\/jpeg"}],"twitter_card":"summary_large_image","twitter_misc":{"Est. reading time":"1 minute"},"schema":{"@context":"https:\/\/schema.org","@graph":[{"@type":"WebPage","@id":"https:\/\/captain-guitar-lounge.com\/en\/product\/2019-marshall-1960a-lead-4x12-cab-made-in-england-id-5471\/","url":"https:\/\/captain-guitar-lounge.com\/en\/product\/2019-marshall-1960a-lead-4x12-cab-made-in-england-id-5471\/","name":"2019 Marshall - 1960A Lead 4x12 Cab - Made in England - ID 5471 - captain-guitar-lounge.com","isPartOf":{"@id":"https:\/\/captain-guitar-lounge.com\/en\/#website"},"primaryImageOfPage":{"@id":"https:\/\/captain-guitar-lounge.com\/en\/product\/2019-marshall-1960a-lead-4x12-cab-made-in-england-id-5471\/#primaryimage"},"image":{"@id":"https:\/\/captain-guitar-lounge.com\/en\/product\/2019-marshall-1960a-lead-4x12-cab-made-in-england-id-5471\/#primaryimage"},"thumbnailUrl":"https:\/\/captain-guitar-lounge.com\/wp-content\/uploads\/2025\/11\/1960A-Lead-4x12-Cab-Made-in-England-ID-5471IMG_3323.jpg","datePublished":"2025-11-15T11:29:33+00:00","dateModified":"2026-03-14T08:47:57+00:00","breadcrumb":{"@id":"https:\/\/captain-guitar-lounge.com\/en\/product\/2019-marshall-1960a-lead-4x12-cab-made-in-england-id-5471\/#breadcrumb"},"inLanguage":"en-US","potentialAction":[{"@type":"ReadAction","target":["https:\/\/captain-guitar-lounge.com\/en\/product\/2019-marshall-1960a-lead-4x12-cab-made-in-england-id-5471\/"]}]},{"@type":"ImageObject","inLanguage":"en-US","@id":"https:\/\/captain-guitar-lounge.com\/en\/product\/2019-marshall-1960a-lead-4x12-cab-made-in-england-id-5471\/#primaryimage","url":"https:\/\/captain-guitar-lounge.com\/wp-content\/uploads\/2025\/11\/1960A-Lead-4x12-Cab-Made-in-England-ID-5471IMG_3323.jpg","contentUrl":"https:\/\/captain-guitar-lounge.com\/wp-content\/uploads\/2025\/11\/1960A-Lead-4x12-Cab-Made-in-England-ID-5471IMG_3323.jpg","width":1512,"height":1512,"caption":"1960A-Lead-4x12-Cab-Made-in-England-ID-5471IMG_3323.jpg"},{"@type":"BreadcrumbList","@id":"https:\/\/captain-guitar-lounge.com\/en\/product\/2019-marshall-1960a-lead-4x12-cab-made-in-england-id-5471\/#breadcrumb","itemListElement":[{"@type":"ListItem","position":1,"name":"Startseite","item":"https:\/\/captain-guitar-lounge.com\/en\/"},{"@type":"ListItem","position":2,"name":"Shop","item":"https:\/\/captain-guitar-lounge.com\/shop\/"},{"@type":"ListItem","position":3,"name":"2019 Marshall &#8211; 1960A Lead 4&#215;12 Cab &#8211; Made in England &#8211; ID 5471"}]},{"@type":"WebSite","@id":"https:\/\/captain-guitar-lounge.com\/en\/#website","url":"https:\/\/captain-guitar-lounge.com\/en\/","name":"captain-guitar-lounge.com","description":"Fine Amps and Guitars and more","potentialAction":[{"@type":"SearchAction","target":{"@type":"EntryPoint","urlTemplate":"https:\/\/captain-guitar-lounge.com\/en\/?s={search_term_string}"},"query-input":{"@type":"PropertyValueSpecification","valueRequired":true,"valueName":"search_term_string"}}],"inLanguage":"en-US"}]}},"_links":{"self":[{"href":"https:\/\/captain-guitar-lounge.com\/en\/wp-json\/wp\/v2\/product\/222142","targetHints":{"allow":["GET"]}}],"collection":[{"href":"https:\/\/captain-guitar-lounge.com\/en\/wp-json\/wp\/v2\/product"}],"about":[{"href":"https:\/\/captain-guitar-lounge.com\/en\/wp-json\/wp\/v2\/types\/product"}],"replies":[{"embeddable":true,"href":"https:\/\/captain-guitar-lounge.com\/en\/wp-json\/wp\/v2\/comments?post=222142"}],"wp:featuredmedia":[{"embeddable":true,"href":"https:\/\/captain-guitar-lounge.com\/en\/wp-json\/wp\/v2\/media\/222143"}],"wp:attachment":[{"href":"https:\/\/captain-guitar-lounge.com\/en\/wp-json\/wp\/v2\/media?parent=222142"}],"wp:term":[{"taxonomy":"product_brand","embeddable":true,"href":"https:\/\/captain-guitar-lounge.com\/en\/wp-json\/wp\/v2\/product_brand?post=222142"},{"taxonomy":"product_cat","embeddable":true,"href":"https:\/\/captain-guitar-lounge.com\/en\/wp-json\/wp\/v2\/product_cat?post=222142"},{"taxonomy":"product_tag","embeddable":true,"href":"https:\/\/captain-guitar-lounge.com\/en\/wp-json\/wp\/v2\/product_tag?post=222142"}],"curies":[{"name":"wp","href":"https:\/\/api.w.org\/{rel}","templated":true}]}}