{"id":222956,"date":"2025-11-26T11:57:11","date_gmt":"2025-11-26T10:57:11","guid":{"rendered":"https:\/\/captain-guitar-lounge.com\/?post_type=product&#038;p=222956"},"modified":"2026-01-06T17:39:23","modified_gmt":"2026-01-06T16:39:23","slug":"222956","status":"publish","type":"product","link":"https:\/\/captain-guitar-lounge.com\/en\/product\/222956\/","title":{"rendered":"Lehle &#8211; Lehle Basswitch IQ DI &#8211; inkl. Koffer &#8211; ID 5501"},"content":{"rendered":"<p><strong>Der RMI Basswitch IQ DI<\/strong> von Lehle ist die &#8220;Schaltzentrale&#8221; f\u00fcr Bass-Setups.<br \/>\nEr besitzt eine 4-Band-Klangregelung und die Lehle True Sound Technology. Sein Geh\u00e4use ist elegant und passt farblich und designtechnisch zu jedem Setup.<br \/>\nLehle True Sound Technology<br \/>\nEingangs-A\/B-Schalter mit Impedanzanpassung f\u00fcr Piezotonabnehmer<br \/>\nStudiograde Preamp<br \/>\n4-Band-Klangregelung mit 2-fach semiparametrischen Mitten<br \/>\nschaltbarer Effektweg mit Blend\/Mixregelung<br \/>\nschaltbarer Effektweg auch als Soloboost nutzbar<br \/>\nserieller Effektweg (nicht schaltbar)<br \/>\nStudiograde D.I.-Box mit Pad-, Pre\/Post- und Groundliftschalter inkl. Lehle LTMZ Transformer f\u00fcr eine optimale galvanische Trennung<br \/>\nzus\u00e4tzlicher Ausgang f\u00fcr das Stimmger\u00e4t<br \/>\nMuteschalter<br \/>\nextrem robuste Konstruktion mit gesch\u00fctzten Reglern<br \/>\nNetzteil 9-20 volt AC oder DC wird ben\u00f6tigt<\/p>\n<p>Gewicht: 1342 Gramm<br \/>\nGewicht mit Koffer: 5542 Gramm<\/p>\n","protected":false},"excerpt":{"rendered":"<p>Zustand: Sehr gut<br \/>\nSerNr: 603-04<br \/>\nGewicht: 5,5 kg Versandklasse: Medium<br \/>\nKoffer\/Case: Koffer<br \/>\nDokumente: Manual<br \/>\nVermittlungsverkauf: 17458<\/p>\n","protected":false},"featured_media":222957,"comment_status":"closed","ping_status":"closed","template":"","meta":{"_et_pb_use_builder":"","_et_pb_old_content":"","_et_gb_content_width":""},"product_brand":[],"product_cat":[2488,290],"product_tag":[2534],"class_list":{"0":"post-222956","1":"product","2":"type-product","3":"status-publish","4":"has-post-thumbnail","6":"product_cat-sonstige","7":"product_cat-fundgrube","8":"product_tag-one-owner","9":"product_shipping_class-medium","11":"first","12":"outofstock","13":"sold-individually","14":"purchasable","15":"product-type-simple"},"composite_virtual":false,"composite_layout":"","composite_add_to_cart_form_location":"","composite_editable_in_cart":false,"composite_sold_individually_context":"","composite_shop_price_calc":"","composite_components":[],"composite_scenarios":[],"pp_statuses_selecting_workflow":false,"pp_workflow_action":"current","pp_status_selection":"publish","yoast_head":"<!-- This site is optimized with the Yoast SEO plugin v26.8 - https:\/\/yoast.com\/product\/yoast-seo-wordpress\/ -->\n<title>Lehle - Lehle Basswitch IQ DI - inkl. Koffer - ID 5501 - captain-guitar-lounge.com<\/title>\n<meta name=\"robots\" content=\"index, follow, max-snippet:-1, max-image-preview:large, max-video-preview:-1\" \/>\n<link rel=\"canonical\" href=\"https:\/\/captain-guitar-lounge.com\/en\/product\/222956\/\" \/>\n<meta property=\"og:locale\" content=\"en_US\" \/>\n<meta property=\"og:type\" content=\"article\" \/>\n<meta property=\"og:title\" content=\"Lehle - Lehle Basswitch IQ DI - inkl. Koffer - ID 5501 - captain-guitar-lounge.com\" \/>\n<meta property=\"og:description\" content=\"Zustand: Sehr gut SerNr: 603-04 Gewicht: 5,5 kg Versandklasse: Medium Koffer\/Case: Koffer Dokumente: Manual Vermittlungsverkauf: 17458\" \/>\n<meta property=\"og:url\" content=\"https:\/\/captain-guitar-lounge.com\/en\/product\/222956\/\" \/>\n<meta property=\"og:site_name\" content=\"captain-guitar-lounge.com\" \/>\n<meta property=\"article:publisher\" content=\"https:\/\/www.facebook.com\/Captain-Guitar-Lounge-140457272682315\/\" \/>\n<meta property=\"article:modified_time\" content=\"2026-01-06T16:39:23+00:00\" \/>\n<meta property=\"og:image\" content=\"https:\/\/captain-guitar-lounge.com\/wp-content\/uploads\/2025\/11\/Lehle-Basswitch-IQ-DI-inkl.-Koffer-ID-5501IMG_3360.jpg\" \/>\n\t<meta property=\"og:image:width\" content=\"1512\" \/>\n\t<meta property=\"og:image:height\" content=\"1512\" \/>\n\t<meta property=\"og:image:type\" content=\"image\/jpeg\" \/>\n<meta name=\"twitter:card\" content=\"summary_large_image\" \/>\n<meta name=\"twitter:label1\" content=\"Est. reading time\" \/>\n\t<meta name=\"twitter:data1\" content=\"1 minute\" \/>\n<script type=\"application\/ld+json\" class=\"yoast-schema-graph\">{\"@context\":\"https:\/\/schema.org\",\"@graph\":[{\"@type\":\"WebPage\",\"@id\":\"https:\/\/captain-guitar-lounge.com\/en\/product\/222956\/\",\"url\":\"https:\/\/captain-guitar-lounge.com\/en\/product\/222956\/\",\"name\":\"Lehle - Lehle Basswitch IQ DI - inkl. Koffer - ID 5501 - captain-guitar-lounge.com\",\"isPartOf\":{\"@id\":\"https:\/\/captain-guitar-lounge.com\/en\/#website\"},\"primaryImageOfPage\":{\"@id\":\"https:\/\/captain-guitar-lounge.com\/en\/product\/222956\/#primaryimage\"},\"image\":{\"@id\":\"https:\/\/captain-guitar-lounge.com\/en\/product\/222956\/#primaryimage\"},\"thumbnailUrl\":\"https:\/\/captain-guitar-lounge.com\/wp-content\/uploads\/2025\/11\/Lehle-Basswitch-IQ-DI-inkl.-Koffer-ID-5501IMG_3360.jpg\",\"datePublished\":\"2025-11-26T10:57:11+00:00\",\"dateModified\":\"2026-01-06T16:39:23+00:00\",\"breadcrumb\":{\"@id\":\"https:\/\/captain-guitar-lounge.com\/en\/product\/222956\/#breadcrumb\"},\"inLanguage\":\"en-US\",\"potentialAction\":[{\"@type\":\"ReadAction\",\"target\":[\"https:\/\/captain-guitar-lounge.com\/en\/product\/222956\/\"]}]},{\"@type\":\"ImageObject\",\"inLanguage\":\"en-US\",\"@id\":\"https:\/\/captain-guitar-lounge.com\/en\/product\/222956\/#primaryimage\",\"url\":\"https:\/\/captain-guitar-lounge.com\/wp-content\/uploads\/2025\/11\/Lehle-Basswitch-IQ-DI-inkl.-Koffer-ID-5501IMG_3360.jpg\",\"contentUrl\":\"https:\/\/captain-guitar-lounge.com\/wp-content\/uploads\/2025\/11\/Lehle-Basswitch-IQ-DI-inkl.-Koffer-ID-5501IMG_3360.jpg\",\"width\":1512,\"height\":1512,\"caption\":\"Lehle-Basswitch-IQ-DI-inkl.-Koffer-ID-5501IMG_3360.jpg\"},{\"@type\":\"BreadcrumbList\",\"@id\":\"https:\/\/captain-guitar-lounge.com\/en\/product\/222956\/#breadcrumb\",\"itemListElement\":[{\"@type\":\"ListItem\",\"position\":1,\"name\":\"Startseite\",\"item\":\"https:\/\/captain-guitar-lounge.com\/en\/\"},{\"@type\":\"ListItem\",\"position\":2,\"name\":\"Shop\",\"item\":\"https:\/\/captain-guitar-lounge.com\/shop\/\"},{\"@type\":\"ListItem\",\"position\":3,\"name\":\"Lehle &#8211; Lehle Basswitch IQ DI &#8211; inkl. Koffer &#8211; ID 5501\"}]},{\"@type\":\"WebSite\",\"@id\":\"https:\/\/captain-guitar-lounge.com\/en\/#website\",\"url\":\"https:\/\/captain-guitar-lounge.com\/en\/\",\"name\":\"captain-guitar-lounge.com\",\"description\":\"Fine Amps and Guitars and more\",\"potentialAction\":[{\"@type\":\"SearchAction\",\"target\":{\"@type\":\"EntryPoint\",\"urlTemplate\":\"https:\/\/captain-guitar-lounge.com\/en\/?s={search_term_string}\"},\"query-input\":{\"@type\":\"PropertyValueSpecification\",\"valueRequired\":true,\"valueName\":\"search_term_string\"}}],\"inLanguage\":\"en-US\"}]}<\/script>\n<!-- \/ Yoast SEO plugin. -->","yoast_head_json":{"title":"Lehle - Lehle Basswitch IQ DI - inkl. Koffer - ID 5501 - captain-guitar-lounge.com","robots":{"index":"index","follow":"follow","max-snippet":"max-snippet:-1","max-image-preview":"max-image-preview:large","max-video-preview":"max-video-preview:-1"},"canonical":"https:\/\/captain-guitar-lounge.com\/en\/product\/222956\/","og_locale":"en_US","og_type":"article","og_title":"Lehle - Lehle Basswitch IQ DI - inkl. Koffer - ID 5501 - captain-guitar-lounge.com","og_description":"Zustand: Sehr gut SerNr: 603-04 Gewicht: 5,5 kg Versandklasse: Medium Koffer\/Case: Koffer Dokumente: Manual Vermittlungsverkauf: 17458","og_url":"https:\/\/captain-guitar-lounge.com\/en\/product\/222956\/","og_site_name":"captain-guitar-lounge.com","article_publisher":"https:\/\/www.facebook.com\/Captain-Guitar-Lounge-140457272682315\/","article_modified_time":"2026-01-06T16:39:23+00:00","og_image":[{"width":1512,"height":1512,"url":"https:\/\/captain-guitar-lounge.com\/wp-content\/uploads\/2025\/11\/Lehle-Basswitch-IQ-DI-inkl.-Koffer-ID-5501IMG_3360.jpg","type":"image\/jpeg"}],"twitter_card":"summary_large_image","twitter_misc":{"Est. reading time":"1 minute"},"schema":{"@context":"https:\/\/schema.org","@graph":[{"@type":"WebPage","@id":"https:\/\/captain-guitar-lounge.com\/en\/product\/222956\/","url":"https:\/\/captain-guitar-lounge.com\/en\/product\/222956\/","name":"Lehle - Lehle Basswitch IQ DI - inkl. Koffer - ID 5501 - captain-guitar-lounge.com","isPartOf":{"@id":"https:\/\/captain-guitar-lounge.com\/en\/#website"},"primaryImageOfPage":{"@id":"https:\/\/captain-guitar-lounge.com\/en\/product\/222956\/#primaryimage"},"image":{"@id":"https:\/\/captain-guitar-lounge.com\/en\/product\/222956\/#primaryimage"},"thumbnailUrl":"https:\/\/captain-guitar-lounge.com\/wp-content\/uploads\/2025\/11\/Lehle-Basswitch-IQ-DI-inkl.-Koffer-ID-5501IMG_3360.jpg","datePublished":"2025-11-26T10:57:11+00:00","dateModified":"2026-01-06T16:39:23+00:00","breadcrumb":{"@id":"https:\/\/captain-guitar-lounge.com\/en\/product\/222956\/#breadcrumb"},"inLanguage":"en-US","potentialAction":[{"@type":"ReadAction","target":["https:\/\/captain-guitar-lounge.com\/en\/product\/222956\/"]}]},{"@type":"ImageObject","inLanguage":"en-US","@id":"https:\/\/captain-guitar-lounge.com\/en\/product\/222956\/#primaryimage","url":"https:\/\/captain-guitar-lounge.com\/wp-content\/uploads\/2025\/11\/Lehle-Basswitch-IQ-DI-inkl.-Koffer-ID-5501IMG_3360.jpg","contentUrl":"https:\/\/captain-guitar-lounge.com\/wp-content\/uploads\/2025\/11\/Lehle-Basswitch-IQ-DI-inkl.-Koffer-ID-5501IMG_3360.jpg","width":1512,"height":1512,"caption":"Lehle-Basswitch-IQ-DI-inkl.-Koffer-ID-5501IMG_3360.jpg"},{"@type":"BreadcrumbList","@id":"https:\/\/captain-guitar-lounge.com\/en\/product\/222956\/#breadcrumb","itemListElement":[{"@type":"ListItem","position":1,"name":"Startseite","item":"https:\/\/captain-guitar-lounge.com\/en\/"},{"@type":"ListItem","position":2,"name":"Shop","item":"https:\/\/captain-guitar-lounge.com\/shop\/"},{"@type":"ListItem","position":3,"name":"Lehle &#8211; Lehle Basswitch IQ DI &#8211; inkl. Koffer &#8211; ID 5501"}]},{"@type":"WebSite","@id":"https:\/\/captain-guitar-lounge.com\/en\/#website","url":"https:\/\/captain-guitar-lounge.com\/en\/","name":"captain-guitar-lounge.com","description":"Fine Amps and Guitars and more","potentialAction":[{"@type":"SearchAction","target":{"@type":"EntryPoint","urlTemplate":"https:\/\/captain-guitar-lounge.com\/en\/?s={search_term_string}"},"query-input":{"@type":"PropertyValueSpecification","valueRequired":true,"valueName":"search_term_string"}}],"inLanguage":"en-US"}]}},"_links":{"self":[{"href":"https:\/\/captain-guitar-lounge.com\/en\/wp-json\/wp\/v2\/product\/222956","targetHints":{"allow":["GET"]}}],"collection":[{"href":"https:\/\/captain-guitar-lounge.com\/en\/wp-json\/wp\/v2\/product"}],"about":[{"href":"https:\/\/captain-guitar-lounge.com\/en\/wp-json\/wp\/v2\/types\/product"}],"replies":[{"embeddable":true,"href":"https:\/\/captain-guitar-lounge.com\/en\/wp-json\/wp\/v2\/comments?post=222956"}],"wp:featuredmedia":[{"embeddable":true,"href":"https:\/\/captain-guitar-lounge.com\/en\/wp-json\/wp\/v2\/media\/222957"}],"wp:attachment":[{"href":"https:\/\/captain-guitar-lounge.com\/en\/wp-json\/wp\/v2\/media?parent=222956"}],"wp:term":[{"taxonomy":"product_brand","embeddable":true,"href":"https:\/\/captain-guitar-lounge.com\/en\/wp-json\/wp\/v2\/product_brand?post=222956"},{"taxonomy":"product_cat","embeddable":true,"href":"https:\/\/captain-guitar-lounge.com\/en\/wp-json\/wp\/v2\/product_cat?post=222956"},{"taxonomy":"product_tag","embeddable":true,"href":"https:\/\/captain-guitar-lounge.com\/en\/wp-json\/wp\/v2\/product_tag?post=222956"}],"curies":[{"name":"wp","href":"https:\/\/api.w.org\/{rel}","templated":true}]}}