{"id":223545,"date":"2025-11-29T09:08:05","date_gmt":"2025-11-29T08:08:05","guid":{"rendered":"https:\/\/captain-guitar-lounge.com\/?post_type=product&#038;p=223545"},"modified":"2026-04-20T01:42:52","modified_gmt":"2026-04-19T23:42:52","slug":"aer-acousticube-iia-sub-10-zusatzbox-halfstack-id-5517","status":"publish","type":"product","link":"https:\/\/captain-guitar-lounge.com\/en\/product\/aer-acousticube-iia-sub-10-zusatzbox-halfstack-id-5517\/","title":{"rendered":"AER &#8211; Acousticube IIa + Sub 10 Zusatzbox &#8211; Halfstack &#8211; ID 5517"},"content":{"rendered":"<p>Der Acousticube IIa ist durch die herausragende <a href=\"https:\/\/www.aer-music.de\/?lang=de\"><strong>AER<\/strong><\/a>-Qualit\u00e4t ein kompakter, leistungsstarker 2-Kanal Referenzverst\u00e4rker mit 120 Watt Leistung f\u00fcr Gesang und akustische Instrumente. Die Zusatzbox SUB10 liefert durch die bei Anschluss aktivierte Frequenzweiche deutlich mehr warmen Bassanteil.<br \/>\nMit an Board ist AER&#8217;s 32-bit stereo, panable digital effects Prozessor mit 100 Presets (zwei davon k\u00f6nnen f\u00fcr den Fu\u00dfschalter gespeichert werden). Au\u00dferdem gibt es Anschl\u00fcsse f\u00fcr Kopfh\u00f6rer (Stereo), line out (Stereo), recording outs, effects loop.<\/p>\n<p>Das kompakte Halfstack ist technisch OK, die Schaumstoff-Front ist leider sowohl beim Verst\u00e4rker als auch bei der Zusatzbox zerbr\u00f6selt.<\/p>\n<p>&#8211; 120 Watt<br \/>\n&#8211; 2 Kan\u00e4le<br \/>\n&#8211; Dreiband Tonregelung<br \/>\n&#8211; 8&#8243; Coaxial Speaker mit integriertem Tweeter<br \/>\n&#8211; 48 Volt Phantomspeisung<br \/>\n&#8211; 100 digitale Effekte (2 davon Speicherbar f\u00fcr Fu\u00dfschalter)<br \/>\n&#8211; inkl. Schutzh\u00fclle und Fu\u00dfschalter<br \/>\n&#8211; Ma\u00dfe: 34x34x26cm<br \/>\n&#8211; Gewicht: 14 kg<\/p>\n<p>Die passive AER SUB 10 Zusatzbox hat einen 10 Zoll Lautsprecher und dient durch die integrierte Frequenzweiche als Bass Lautsprecherbox in Verbindung mit dem Acousticube.<\/p>\n<p>&#8211; Lautsprecher: 10&#8243;<br \/>\n&#8211; Leistung: 250 W<br \/>\n&#8211; Impedanz: 8 ohm,<br \/>\n&#8211; Frequenzweiche: crossover frequency 200Hz (in Verbindung mit dem Acousticube)<br \/>\n&#8211; inkl. Schutzh\u00fclle<br \/>\n&#8211; Ma\u00dfe: 34x34x26cm<br \/>\n&#8211; Gewicht: 10,1 Kg<\/p>\n","protected":false},"excerpt":{"rendered":"<p>Zustand: Gut<br \/>\nSerNr: 600573 (Box: 99060)<br \/>\nGewicht: 25,5 kg Versandklasse: <strong>Large<\/strong><br \/>\nKoffer\/Case: 2x H\u00fclle<br \/>\nDokumente: Manual<br \/>\nSonstiges: Fu\u00dfschalter mit Kabel, Lautsprecherkabel<br \/>\nVermittlungsverkauf: 17471<\/p>\n","protected":false},"featured_media":223546,"comment_status":"closed","ping_status":"closed","template":"","meta":{"_et_pb_use_builder":"","_et_pb_old_content":"","_et_gb_content_width":""},"product_brand":[],"product_cat":[55],"product_tag":[],"class_list":{"0":"post-223545","1":"product","2":"type-product","3":"status-publish","4":"has-post-thumbnail","6":"product_cat-combo","7":"product_shipping_class-large","9":"first","10":"outofstock","11":"sold-individually","12":"purchasable","13":"product-type-simple"},"composite_virtual":false,"composite_layout":"","composite_add_to_cart_form_location":"","composite_editable_in_cart":false,"composite_sold_individually_context":"","composite_shop_price_calc":"","composite_components":[],"composite_scenarios":[],"pp_statuses_selecting_workflow":false,"pp_workflow_action":"current","pp_status_selection":"publish","yoast_head":"<!-- This site is optimized with the Yoast SEO plugin v26.8 - https:\/\/yoast.com\/product\/yoast-seo-wordpress\/ -->\n<title>AER - Acousticube IIa + Sub 10 Zusatzbox - Halfstack - ID 5517 - captain-guitar-lounge.com<\/title>\n<meta name=\"robots\" content=\"index, follow, max-snippet:-1, max-image-preview:large, max-video-preview:-1\" \/>\n<link rel=\"canonical\" href=\"https:\/\/captain-guitar-lounge.com\/en\/product\/aer-acousticube-iia-sub-10-zusatzbox-halfstack-id-5517\/\" \/>\n<meta property=\"og:locale\" content=\"en_US\" \/>\n<meta property=\"og:type\" content=\"article\" \/>\n<meta property=\"og:title\" content=\"AER - Acousticube IIa + Sub 10 Zusatzbox - Halfstack - ID 5517 - captain-guitar-lounge.com\" \/>\n<meta property=\"og:description\" content=\"Zustand: Gut SerNr: 600573 (Box: 99060) Gewicht: 25,5 kg Versandklasse: Large Koffer\/Case: 2x H\u00fclle Dokumente: Manual Sonstiges: Fu\u00dfschalter mit Kabel, Lautsprecherkabel Vermittlungsverkauf: 17471\" \/>\n<meta property=\"og:url\" content=\"https:\/\/captain-guitar-lounge.com\/en\/product\/aer-acousticube-iia-sub-10-zusatzbox-halfstack-id-5517\/\" \/>\n<meta property=\"og:site_name\" content=\"captain-guitar-lounge.com\" \/>\n<meta property=\"article:publisher\" content=\"https:\/\/www.facebook.com\/Captain-Guitar-Lounge-140457272682315\/\" \/>\n<meta property=\"article:modified_time\" content=\"2026-04-19T23:42:52+00:00\" \/>\n<meta property=\"og:image\" content=\"https:\/\/captain-guitar-lounge.com\/wp-content\/uploads\/2025\/11\/AER-Acousticube-IIa-Sub-10-Zusatzbox-Halfstack-ID-5517-kIMG_9212.jpg\" \/>\n\t<meta property=\"og:image:width\" content=\"1024\" \/>\n\t<meta property=\"og:image:height\" content=\"1024\" \/>\n\t<meta property=\"og:image:type\" content=\"image\/jpeg\" \/>\n<meta name=\"twitter:card\" content=\"summary_large_image\" \/>\n<meta name=\"twitter:label1\" content=\"Est. reading time\" \/>\n\t<meta name=\"twitter:data1\" content=\"2 minutes\" \/>\n<script type=\"application\/ld+json\" class=\"yoast-schema-graph\">{\"@context\":\"https:\/\/schema.org\",\"@graph\":[{\"@type\":\"WebPage\",\"@id\":\"https:\/\/captain-guitar-lounge.com\/en\/product\/aer-acousticube-iia-sub-10-zusatzbox-halfstack-id-5517\/\",\"url\":\"https:\/\/captain-guitar-lounge.com\/en\/product\/aer-acousticube-iia-sub-10-zusatzbox-halfstack-id-5517\/\",\"name\":\"AER - Acousticube IIa + Sub 10 Zusatzbox - Halfstack - ID 5517 - captain-guitar-lounge.com\",\"isPartOf\":{\"@id\":\"https:\/\/captain-guitar-lounge.com\/en\/#website\"},\"primaryImageOfPage\":{\"@id\":\"https:\/\/captain-guitar-lounge.com\/en\/product\/aer-acousticube-iia-sub-10-zusatzbox-halfstack-id-5517\/#primaryimage\"},\"image\":{\"@id\":\"https:\/\/captain-guitar-lounge.com\/en\/product\/aer-acousticube-iia-sub-10-zusatzbox-halfstack-id-5517\/#primaryimage\"},\"thumbnailUrl\":\"https:\/\/captain-guitar-lounge.com\/wp-content\/uploads\/2025\/11\/AER-Acousticube-IIa-Sub-10-Zusatzbox-Halfstack-ID-5517-kIMG_9212.jpg\",\"datePublished\":\"2025-11-29T08:08:05+00:00\",\"dateModified\":\"2026-04-19T23:42:52+00:00\",\"breadcrumb\":{\"@id\":\"https:\/\/captain-guitar-lounge.com\/en\/product\/aer-acousticube-iia-sub-10-zusatzbox-halfstack-id-5517\/#breadcrumb\"},\"inLanguage\":\"en-US\",\"potentialAction\":[{\"@type\":\"ReadAction\",\"target\":[\"https:\/\/captain-guitar-lounge.com\/en\/product\/aer-acousticube-iia-sub-10-zusatzbox-halfstack-id-5517\/\"]}]},{\"@type\":\"ImageObject\",\"inLanguage\":\"en-US\",\"@id\":\"https:\/\/captain-guitar-lounge.com\/en\/product\/aer-acousticube-iia-sub-10-zusatzbox-halfstack-id-5517\/#primaryimage\",\"url\":\"https:\/\/captain-guitar-lounge.com\/wp-content\/uploads\/2025\/11\/AER-Acousticube-IIa-Sub-10-Zusatzbox-Halfstack-ID-5517-kIMG_9212.jpg\",\"contentUrl\":\"https:\/\/captain-guitar-lounge.com\/wp-content\/uploads\/2025\/11\/AER-Acousticube-IIa-Sub-10-Zusatzbox-Halfstack-ID-5517-kIMG_9212.jpg\",\"width\":1024,\"height\":1024},{\"@type\":\"BreadcrumbList\",\"@id\":\"https:\/\/captain-guitar-lounge.com\/en\/product\/aer-acousticube-iia-sub-10-zusatzbox-halfstack-id-5517\/#breadcrumb\",\"itemListElement\":[{\"@type\":\"ListItem\",\"position\":1,\"name\":\"Startseite\",\"item\":\"https:\/\/captain-guitar-lounge.com\/en\/\"},{\"@type\":\"ListItem\",\"position\":2,\"name\":\"Shop\",\"item\":\"https:\/\/captain-guitar-lounge.com\/shop\/\"},{\"@type\":\"ListItem\",\"position\":3,\"name\":\"AER &#8211; Acousticube IIa + Sub 10 Zusatzbox &#8211; Halfstack &#8211; ID 5517\"}]},{\"@type\":\"WebSite\",\"@id\":\"https:\/\/captain-guitar-lounge.com\/en\/#website\",\"url\":\"https:\/\/captain-guitar-lounge.com\/en\/\",\"name\":\"captain-guitar-lounge.com\",\"description\":\"Fine Amps and Guitars and more\",\"potentialAction\":[{\"@type\":\"SearchAction\",\"target\":{\"@type\":\"EntryPoint\",\"urlTemplate\":\"https:\/\/captain-guitar-lounge.com\/en\/?s={search_term_string}\"},\"query-input\":{\"@type\":\"PropertyValueSpecification\",\"valueRequired\":true,\"valueName\":\"search_term_string\"}}],\"inLanguage\":\"en-US\"}]}<\/script>\n<!-- \/ Yoast SEO plugin. -->","yoast_head_json":{"title":"AER - Acousticube IIa + Sub 10 Zusatzbox - Halfstack - ID 5517 - captain-guitar-lounge.com","robots":{"index":"index","follow":"follow","max-snippet":"max-snippet:-1","max-image-preview":"max-image-preview:large","max-video-preview":"max-video-preview:-1"},"canonical":"https:\/\/captain-guitar-lounge.com\/en\/product\/aer-acousticube-iia-sub-10-zusatzbox-halfstack-id-5517\/","og_locale":"en_US","og_type":"article","og_title":"AER - Acousticube IIa + Sub 10 Zusatzbox - Halfstack - ID 5517 - captain-guitar-lounge.com","og_description":"Zustand: Gut SerNr: 600573 (Box: 99060) Gewicht: 25,5 kg Versandklasse: Large Koffer\/Case: 2x H\u00fclle Dokumente: Manual Sonstiges: Fu\u00dfschalter mit Kabel, Lautsprecherkabel Vermittlungsverkauf: 17471","og_url":"https:\/\/captain-guitar-lounge.com\/en\/product\/aer-acousticube-iia-sub-10-zusatzbox-halfstack-id-5517\/","og_site_name":"captain-guitar-lounge.com","article_publisher":"https:\/\/www.facebook.com\/Captain-Guitar-Lounge-140457272682315\/","article_modified_time":"2026-04-19T23:42:52+00:00","og_image":[{"width":1024,"height":1024,"url":"https:\/\/captain-guitar-lounge.com\/wp-content\/uploads\/2025\/11\/AER-Acousticube-IIa-Sub-10-Zusatzbox-Halfstack-ID-5517-kIMG_9212.jpg","type":"image\/jpeg"}],"twitter_card":"summary_large_image","twitter_misc":{"Est. reading time":"2 minutes"},"schema":{"@context":"https:\/\/schema.org","@graph":[{"@type":"WebPage","@id":"https:\/\/captain-guitar-lounge.com\/en\/product\/aer-acousticube-iia-sub-10-zusatzbox-halfstack-id-5517\/","url":"https:\/\/captain-guitar-lounge.com\/en\/product\/aer-acousticube-iia-sub-10-zusatzbox-halfstack-id-5517\/","name":"AER - Acousticube IIa + Sub 10 Zusatzbox - Halfstack - ID 5517 - captain-guitar-lounge.com","isPartOf":{"@id":"https:\/\/captain-guitar-lounge.com\/en\/#website"},"primaryImageOfPage":{"@id":"https:\/\/captain-guitar-lounge.com\/en\/product\/aer-acousticube-iia-sub-10-zusatzbox-halfstack-id-5517\/#primaryimage"},"image":{"@id":"https:\/\/captain-guitar-lounge.com\/en\/product\/aer-acousticube-iia-sub-10-zusatzbox-halfstack-id-5517\/#primaryimage"},"thumbnailUrl":"https:\/\/captain-guitar-lounge.com\/wp-content\/uploads\/2025\/11\/AER-Acousticube-IIa-Sub-10-Zusatzbox-Halfstack-ID-5517-kIMG_9212.jpg","datePublished":"2025-11-29T08:08:05+00:00","dateModified":"2026-04-19T23:42:52+00:00","breadcrumb":{"@id":"https:\/\/captain-guitar-lounge.com\/en\/product\/aer-acousticube-iia-sub-10-zusatzbox-halfstack-id-5517\/#breadcrumb"},"inLanguage":"en-US","potentialAction":[{"@type":"ReadAction","target":["https:\/\/captain-guitar-lounge.com\/en\/product\/aer-acousticube-iia-sub-10-zusatzbox-halfstack-id-5517\/"]}]},{"@type":"ImageObject","inLanguage":"en-US","@id":"https:\/\/captain-guitar-lounge.com\/en\/product\/aer-acousticube-iia-sub-10-zusatzbox-halfstack-id-5517\/#primaryimage","url":"https:\/\/captain-guitar-lounge.com\/wp-content\/uploads\/2025\/11\/AER-Acousticube-IIa-Sub-10-Zusatzbox-Halfstack-ID-5517-kIMG_9212.jpg","contentUrl":"https:\/\/captain-guitar-lounge.com\/wp-content\/uploads\/2025\/11\/AER-Acousticube-IIa-Sub-10-Zusatzbox-Halfstack-ID-5517-kIMG_9212.jpg","width":1024,"height":1024},{"@type":"BreadcrumbList","@id":"https:\/\/captain-guitar-lounge.com\/en\/product\/aer-acousticube-iia-sub-10-zusatzbox-halfstack-id-5517\/#breadcrumb","itemListElement":[{"@type":"ListItem","position":1,"name":"Startseite","item":"https:\/\/captain-guitar-lounge.com\/en\/"},{"@type":"ListItem","position":2,"name":"Shop","item":"https:\/\/captain-guitar-lounge.com\/shop\/"},{"@type":"ListItem","position":3,"name":"AER &#8211; Acousticube IIa + Sub 10 Zusatzbox &#8211; Halfstack &#8211; ID 5517"}]},{"@type":"WebSite","@id":"https:\/\/captain-guitar-lounge.com\/en\/#website","url":"https:\/\/captain-guitar-lounge.com\/en\/","name":"captain-guitar-lounge.com","description":"Fine Amps and Guitars and more","potentialAction":[{"@type":"SearchAction","target":{"@type":"EntryPoint","urlTemplate":"https:\/\/captain-guitar-lounge.com\/en\/?s={search_term_string}"},"query-input":{"@type":"PropertyValueSpecification","valueRequired":true,"valueName":"search_term_string"}}],"inLanguage":"en-US"}]}},"_links":{"self":[{"href":"https:\/\/captain-guitar-lounge.com\/en\/wp-json\/wp\/v2\/product\/223545","targetHints":{"allow":["GET"]}}],"collection":[{"href":"https:\/\/captain-guitar-lounge.com\/en\/wp-json\/wp\/v2\/product"}],"about":[{"href":"https:\/\/captain-guitar-lounge.com\/en\/wp-json\/wp\/v2\/types\/product"}],"replies":[{"embeddable":true,"href":"https:\/\/captain-guitar-lounge.com\/en\/wp-json\/wp\/v2\/comments?post=223545"}],"wp:featuredmedia":[{"embeddable":true,"href":"https:\/\/captain-guitar-lounge.com\/en\/wp-json\/wp\/v2\/media\/223546"}],"wp:attachment":[{"href":"https:\/\/captain-guitar-lounge.com\/en\/wp-json\/wp\/v2\/media?parent=223545"}],"wp:term":[{"taxonomy":"product_brand","embeddable":true,"href":"https:\/\/captain-guitar-lounge.com\/en\/wp-json\/wp\/v2\/product_brand?post=223545"},{"taxonomy":"product_cat","embeddable":true,"href":"https:\/\/captain-guitar-lounge.com\/en\/wp-json\/wp\/v2\/product_cat?post=223545"},{"taxonomy":"product_tag","embeddable":true,"href":"https:\/\/captain-guitar-lounge.com\/en\/wp-json\/wp\/v2\/product_tag?post=223545"}],"curies":[{"name":"wp","href":"https:\/\/api.w.org\/{rel}","templated":true}]}}