{"id":226288,"date":"2025-12-17T15:11:13","date_gmt":"2025-12-17T14:11:13","guid":{"rendered":"https:\/\/captain-guitar-lounge.com\/?post_type=product&#038;p=226288"},"modified":"2026-01-26T16:35:23","modified_gmt":"2026-01-26T15:35:23","slug":"2014-skb-19-8u-rack-case-8he-innen-40cm-tief-id-5562","status":"publish","type":"product","link":"https:\/\/captain-guitar-lounge.com\/en\/product\/2014-skb-19-8u-rack-case-8he-innen-40cm-tief-id-5562\/","title":{"rendered":"2014 SKB &#8211; 19-8U Rack Case 8HE &#8211; innen 40cm tief &#8211; ID 5562"},"content":{"rendered":"<p><strong>Stapelbare SKB-Racks<\/strong> sind in der ganzen Welt f\u00fcr ein durchdachtes Konzept, hohe Stabilit\u00e4t und einfachste Handhabung bekannt. Im Vergleich zu herk\u00f6mmlichen Holz-Racks wiegen sie dank des speziellen Materials (Polyethylen mit sehr hohem Molekulargewicht) gerade mal die H\u00e4lfte, bieten zugleich jedoch ein H\u00f6chstma\u00df an Sicherheit. Die vorderen und hinteren Deckel sind zum Schutz des Equipments vor Schmutz und Feuchtigkeit mit einer Gummidichtung versehen.<\/p>\n<p>Das Case stammt vom Erstbesitzer und ist fast neuwertig, es war nur im Heim-Studio im Einsatz.<\/p>\n<p>&#8211; 2 Deckel mit je 4 Butterfly Verschl\u00fcssen<br \/>\n&#8211; inkl. Rackblende 1HE (B\u00fcrstenblende)<br \/>\n&#8211; inkl. 23 Schrauben und Klammern<br \/>\n&#8211; Breite au\u00dfen: 55cm<br \/>\n&#8211; H\u00f6he au\u00dfen: 42,5 cm<br \/>\n&#8211; Tiefe au\u00dfen: 59cm<br \/>\n&#8211; Tiefe innen (ohne Deckel): 40 cm<br \/>\n&#8211; Gewicht: 7783 Gramm<\/p>\n","protected":false},"excerpt":{"rendered":"<p><strong>aus 1. Hand<\/strong><br \/>\nZustand: Sehr gut<br \/>\nGewicht: 7,8 kg Versandklasse: <a href=\"https:\/\/captain-guitar-lounge.com\/versand__lieferung\/\"><strong>Large<\/strong><\/a><br \/>\nVermittlungsverkauf: 17458<\/p>\n","protected":false},"featured_media":226290,"comment_status":"closed","ping_status":"closed","template":"","meta":{"_et_pb_use_builder":"","_et_pb_old_content":"","_et_gb_content_width":""},"product_brand":[],"product_cat":[2492,290],"product_tag":[2534],"class_list":{"0":"post-226288","1":"product","2":"type-product","3":"status-publish","4":"has-post-thumbnail","6":"product_cat-koffer-cases","7":"product_cat-fundgrube","8":"product_tag-one-owner","9":"product_shipping_class-large","11":"first","12":"instock","13":"sold-individually","14":"purchasable","15":"product-type-simple"},"composite_virtual":false,"composite_layout":"","composite_add_to_cart_form_location":"","composite_editable_in_cart":false,"composite_sold_individually_context":"","composite_shop_price_calc":"","composite_components":[],"composite_scenarios":[],"pp_statuses_selecting_workflow":false,"pp_workflow_action":"current","pp_status_selection":"publish","yoast_head":"<!-- This site is optimized with the Yoast SEO plugin v26.8 - https:\/\/yoast.com\/product\/yoast-seo-wordpress\/ -->\n<title>2014 SKB - 19-8U Rack Case 8HE - innen 40cm tief - ID 5562 - captain-guitar-lounge.com<\/title>\n<meta name=\"robots\" content=\"index, follow, max-snippet:-1, max-image-preview:large, max-video-preview:-1\" \/>\n<link rel=\"canonical\" href=\"https:\/\/captain-guitar-lounge.com\/en\/product\/2014-skb-19-8u-rack-case-8he-innen-40cm-tief-id-5562\/\" \/>\n<meta property=\"og:locale\" content=\"en_US\" \/>\n<meta property=\"og:type\" content=\"article\" \/>\n<meta property=\"og:title\" content=\"2014 SKB - 19-8U Rack Case 8HE - innen 40cm tief - ID 5562 - captain-guitar-lounge.com\" \/>\n<meta property=\"og:description\" content=\"aus 1. Hand Zustand: Sehr gut Gewicht: 7,8 kg Versandklasse: Large Vermittlungsverkauf: 17458\" \/>\n<meta property=\"og:url\" content=\"https:\/\/captain-guitar-lounge.com\/en\/product\/2014-skb-19-8u-rack-case-8he-innen-40cm-tief-id-5562\/\" \/>\n<meta property=\"og:site_name\" content=\"captain-guitar-lounge.com\" \/>\n<meta property=\"article:publisher\" content=\"https:\/\/www.facebook.com\/Captain-Guitar-Lounge-140457272682315\/\" \/>\n<meta property=\"article:modified_time\" content=\"2026-01-26T15:35:23+00:00\" \/>\n<meta property=\"og:image\" content=\"https:\/\/captain-guitar-lounge.com\/wp-content\/uploads\/2025\/12\/2014-SKB-19-8U-Rack-Case-8HE-innen-40cm-tief-ID-5562IMG_3551.jpg\" \/>\n\t<meta property=\"og:image:width\" content=\"1512\" \/>\n\t<meta property=\"og:image:height\" content=\"1512\" \/>\n\t<meta property=\"og:image:type\" content=\"image\/jpeg\" \/>\n<meta name=\"twitter:card\" content=\"summary_large_image\" \/>\n<meta name=\"twitter:label1\" content=\"Est. reading time\" \/>\n\t<meta name=\"twitter:data1\" content=\"1 minute\" \/>\n<script type=\"application\/ld+json\" class=\"yoast-schema-graph\">{\"@context\":\"https:\/\/schema.org\",\"@graph\":[{\"@type\":\"WebPage\",\"@id\":\"https:\/\/captain-guitar-lounge.com\/en\/product\/2014-skb-19-8u-rack-case-8he-innen-40cm-tief-id-5562\/\",\"url\":\"https:\/\/captain-guitar-lounge.com\/en\/product\/2014-skb-19-8u-rack-case-8he-innen-40cm-tief-id-5562\/\",\"name\":\"2014 SKB - 19-8U Rack Case 8HE - innen 40cm tief - ID 5562 - captain-guitar-lounge.com\",\"isPartOf\":{\"@id\":\"https:\/\/captain-guitar-lounge.com\/en\/#website\"},\"primaryImageOfPage\":{\"@id\":\"https:\/\/captain-guitar-lounge.com\/en\/product\/2014-skb-19-8u-rack-case-8he-innen-40cm-tief-id-5562\/#primaryimage\"},\"image\":{\"@id\":\"https:\/\/captain-guitar-lounge.com\/en\/product\/2014-skb-19-8u-rack-case-8he-innen-40cm-tief-id-5562\/#primaryimage\"},\"thumbnailUrl\":\"https:\/\/captain-guitar-lounge.com\/wp-content\/uploads\/2025\/12\/2014-SKB-19-8U-Rack-Case-8HE-innen-40cm-tief-ID-5562IMG_3551.jpg\",\"datePublished\":\"2025-12-17T14:11:13+00:00\",\"dateModified\":\"2026-01-26T15:35:23+00:00\",\"breadcrumb\":{\"@id\":\"https:\/\/captain-guitar-lounge.com\/en\/product\/2014-skb-19-8u-rack-case-8he-innen-40cm-tief-id-5562\/#breadcrumb\"},\"inLanguage\":\"en-US\",\"potentialAction\":[{\"@type\":\"ReadAction\",\"target\":[\"https:\/\/captain-guitar-lounge.com\/en\/product\/2014-skb-19-8u-rack-case-8he-innen-40cm-tief-id-5562\/\"]}]},{\"@type\":\"ImageObject\",\"inLanguage\":\"en-US\",\"@id\":\"https:\/\/captain-guitar-lounge.com\/en\/product\/2014-skb-19-8u-rack-case-8he-innen-40cm-tief-id-5562\/#primaryimage\",\"url\":\"https:\/\/captain-guitar-lounge.com\/wp-content\/uploads\/2025\/12\/2014-SKB-19-8U-Rack-Case-8HE-innen-40cm-tief-ID-5562IMG_3551.jpg\",\"contentUrl\":\"https:\/\/captain-guitar-lounge.com\/wp-content\/uploads\/2025\/12\/2014-SKB-19-8U-Rack-Case-8HE-innen-40cm-tief-ID-5562IMG_3551.jpg\",\"width\":1512,\"height\":1512,\"caption\":\"2014-SKB-19-8U-Rack-Case-8HE-innen-40cm-tief-ID-5562IMG_3551.jpg\"},{\"@type\":\"BreadcrumbList\",\"@id\":\"https:\/\/captain-guitar-lounge.com\/en\/product\/2014-skb-19-8u-rack-case-8he-innen-40cm-tief-id-5562\/#breadcrumb\",\"itemListElement\":[{\"@type\":\"ListItem\",\"position\":1,\"name\":\"Startseite\",\"item\":\"https:\/\/captain-guitar-lounge.com\/en\/\"},{\"@type\":\"ListItem\",\"position\":2,\"name\":\"Shop\",\"item\":\"https:\/\/captain-guitar-lounge.com\/shop\/\"},{\"@type\":\"ListItem\",\"position\":3,\"name\":\"2014 SKB &#8211; 19-8U Rack Case 8HE &#8211; innen 40cm tief &#8211; ID 5562\"}]},{\"@type\":\"WebSite\",\"@id\":\"https:\/\/captain-guitar-lounge.com\/en\/#website\",\"url\":\"https:\/\/captain-guitar-lounge.com\/en\/\",\"name\":\"captain-guitar-lounge.com\",\"description\":\"Fine Amps and Guitars and more\",\"potentialAction\":[{\"@type\":\"SearchAction\",\"target\":{\"@type\":\"EntryPoint\",\"urlTemplate\":\"https:\/\/captain-guitar-lounge.com\/en\/?s={search_term_string}\"},\"query-input\":{\"@type\":\"PropertyValueSpecification\",\"valueRequired\":true,\"valueName\":\"search_term_string\"}}],\"inLanguage\":\"en-US\"}]}<\/script>\n<!-- \/ Yoast SEO plugin. -->","yoast_head_json":{"title":"2014 SKB - 19-8U Rack Case 8HE - innen 40cm tief - ID 5562 - captain-guitar-lounge.com","robots":{"index":"index","follow":"follow","max-snippet":"max-snippet:-1","max-image-preview":"max-image-preview:large","max-video-preview":"max-video-preview:-1"},"canonical":"https:\/\/captain-guitar-lounge.com\/en\/product\/2014-skb-19-8u-rack-case-8he-innen-40cm-tief-id-5562\/","og_locale":"en_US","og_type":"article","og_title":"2014 SKB - 19-8U Rack Case 8HE - innen 40cm tief - ID 5562 - captain-guitar-lounge.com","og_description":"aus 1. Hand Zustand: Sehr gut Gewicht: 7,8 kg Versandklasse: Large Vermittlungsverkauf: 17458","og_url":"https:\/\/captain-guitar-lounge.com\/en\/product\/2014-skb-19-8u-rack-case-8he-innen-40cm-tief-id-5562\/","og_site_name":"captain-guitar-lounge.com","article_publisher":"https:\/\/www.facebook.com\/Captain-Guitar-Lounge-140457272682315\/","article_modified_time":"2026-01-26T15:35:23+00:00","og_image":[{"width":1512,"height":1512,"url":"https:\/\/captain-guitar-lounge.com\/wp-content\/uploads\/2025\/12\/2014-SKB-19-8U-Rack-Case-8HE-innen-40cm-tief-ID-5562IMG_3551.jpg","type":"image\/jpeg"}],"twitter_card":"summary_large_image","twitter_misc":{"Est. reading time":"1 minute"},"schema":{"@context":"https:\/\/schema.org","@graph":[{"@type":"WebPage","@id":"https:\/\/captain-guitar-lounge.com\/en\/product\/2014-skb-19-8u-rack-case-8he-innen-40cm-tief-id-5562\/","url":"https:\/\/captain-guitar-lounge.com\/en\/product\/2014-skb-19-8u-rack-case-8he-innen-40cm-tief-id-5562\/","name":"2014 SKB - 19-8U Rack Case 8HE - innen 40cm tief - ID 5562 - captain-guitar-lounge.com","isPartOf":{"@id":"https:\/\/captain-guitar-lounge.com\/en\/#website"},"primaryImageOfPage":{"@id":"https:\/\/captain-guitar-lounge.com\/en\/product\/2014-skb-19-8u-rack-case-8he-innen-40cm-tief-id-5562\/#primaryimage"},"image":{"@id":"https:\/\/captain-guitar-lounge.com\/en\/product\/2014-skb-19-8u-rack-case-8he-innen-40cm-tief-id-5562\/#primaryimage"},"thumbnailUrl":"https:\/\/captain-guitar-lounge.com\/wp-content\/uploads\/2025\/12\/2014-SKB-19-8U-Rack-Case-8HE-innen-40cm-tief-ID-5562IMG_3551.jpg","datePublished":"2025-12-17T14:11:13+00:00","dateModified":"2026-01-26T15:35:23+00:00","breadcrumb":{"@id":"https:\/\/captain-guitar-lounge.com\/en\/product\/2014-skb-19-8u-rack-case-8he-innen-40cm-tief-id-5562\/#breadcrumb"},"inLanguage":"en-US","potentialAction":[{"@type":"ReadAction","target":["https:\/\/captain-guitar-lounge.com\/en\/product\/2014-skb-19-8u-rack-case-8he-innen-40cm-tief-id-5562\/"]}]},{"@type":"ImageObject","inLanguage":"en-US","@id":"https:\/\/captain-guitar-lounge.com\/en\/product\/2014-skb-19-8u-rack-case-8he-innen-40cm-tief-id-5562\/#primaryimage","url":"https:\/\/captain-guitar-lounge.com\/wp-content\/uploads\/2025\/12\/2014-SKB-19-8U-Rack-Case-8HE-innen-40cm-tief-ID-5562IMG_3551.jpg","contentUrl":"https:\/\/captain-guitar-lounge.com\/wp-content\/uploads\/2025\/12\/2014-SKB-19-8U-Rack-Case-8HE-innen-40cm-tief-ID-5562IMG_3551.jpg","width":1512,"height":1512,"caption":"2014-SKB-19-8U-Rack-Case-8HE-innen-40cm-tief-ID-5562IMG_3551.jpg"},{"@type":"BreadcrumbList","@id":"https:\/\/captain-guitar-lounge.com\/en\/product\/2014-skb-19-8u-rack-case-8he-innen-40cm-tief-id-5562\/#breadcrumb","itemListElement":[{"@type":"ListItem","position":1,"name":"Startseite","item":"https:\/\/captain-guitar-lounge.com\/en\/"},{"@type":"ListItem","position":2,"name":"Shop","item":"https:\/\/captain-guitar-lounge.com\/shop\/"},{"@type":"ListItem","position":3,"name":"2014 SKB &#8211; 19-8U Rack Case 8HE &#8211; innen 40cm tief &#8211; ID 5562"}]},{"@type":"WebSite","@id":"https:\/\/captain-guitar-lounge.com\/en\/#website","url":"https:\/\/captain-guitar-lounge.com\/en\/","name":"captain-guitar-lounge.com","description":"Fine Amps and Guitars and more","potentialAction":[{"@type":"SearchAction","target":{"@type":"EntryPoint","urlTemplate":"https:\/\/captain-guitar-lounge.com\/en\/?s={search_term_string}"},"query-input":{"@type":"PropertyValueSpecification","valueRequired":true,"valueName":"search_term_string"}}],"inLanguage":"en-US"}]}},"_links":{"self":[{"href":"https:\/\/captain-guitar-lounge.com\/en\/wp-json\/wp\/v2\/product\/226288","targetHints":{"allow":["GET"]}}],"collection":[{"href":"https:\/\/captain-guitar-lounge.com\/en\/wp-json\/wp\/v2\/product"}],"about":[{"href":"https:\/\/captain-guitar-lounge.com\/en\/wp-json\/wp\/v2\/types\/product"}],"replies":[{"embeddable":true,"href":"https:\/\/captain-guitar-lounge.com\/en\/wp-json\/wp\/v2\/comments?post=226288"}],"wp:featuredmedia":[{"embeddable":true,"href":"https:\/\/captain-guitar-lounge.com\/en\/wp-json\/wp\/v2\/media\/226290"}],"wp:attachment":[{"href":"https:\/\/captain-guitar-lounge.com\/en\/wp-json\/wp\/v2\/media?parent=226288"}],"wp:term":[{"taxonomy":"product_brand","embeddable":true,"href":"https:\/\/captain-guitar-lounge.com\/en\/wp-json\/wp\/v2\/product_brand?post=226288"},{"taxonomy":"product_cat","embeddable":true,"href":"https:\/\/captain-guitar-lounge.com\/en\/wp-json\/wp\/v2\/product_cat?post=226288"},{"taxonomy":"product_tag","embeddable":true,"href":"https:\/\/captain-guitar-lounge.com\/en\/wp-json\/wp\/v2\/product_tag?post=226288"}],"curies":[{"name":"wp","href":"https:\/\/api.w.org\/{rel}","templated":true}]}}