{"id":22886,"date":"2021-03-20T10:17:57","date_gmt":"2021-03-20T09:17:57","guid":{"rendered":"https:\/\/captain-guitar-lounge.com\/?p=22886&#038;post_type=product&#038;preview_id=22886"},"modified":"2022-06-08T11:46:04","modified_gmt":"2022-06-08T09:46:04","slug":"harvest-fine-leather-guitar-bags-es335-style-bag","status":"publish","type":"product","link":"https:\/\/captain-guitar-lounge.com\/en\/product\/harvest-fine-leather-guitar-bags-es335-style-bag\/","title":{"rendered":"Harvest Fine Leather Guitar Bag for ES335\/345\/355 Style Guitars"},"content":{"rendered":"<div class=\"n module-type-text diyfeLiveArea \">\n<p><strong>Das Bag besteht aus einer 5-lagigen Sandwichkonstruktion.<\/strong><\/p>\n<div class=\"n module-type-text diyfeLiveArea \">\n<ol>\n<li>Lage: au\u00dfen vollnarbiges Kalbsleder.<\/li>\n<li>Lage: 3 mm weicher, dichter Schaumstoff, der als Stossd\u00e4mpfer dient.<\/li>\n<li>Lage: 2 mm dicke, harte Kunststoffplatte, die dem Bag Festigkeit gibt und dem Instrument Schutz bietet.<\/li>\n<li>Lage: 20 mm Schaumstoff als Innenpolsterung, der sich an den Gitarrenk\u00f6rper anschmiegt<br \/>\nund um das Instrument eine eigene Schale bildet.<\/li>\n<li>Lage: Innen anti-elektrostatischer, strapazierf\u00e4higes Polyamid-Futter. Mit zwei Lederpatches<br \/>\nzum Schutz f\u00fcr Br\u00fccke, Saiten und Mechanik.<\/p>\n<div class=\"textwrapper\"><\/div>\n<p>Ein breiter 10er Nylon Rei\u00dfverschluss \u00f6ffnet das Bag komplett. Dadurch kann man das Instrument sehr gut in das Bag legen. Der Rei\u00dfverschluss hat innen einen h\u00f6her liegenden Schaumstoffsteg, somit kann dieser das Instrument nicht besch\u00e4digen. Beim Schlie\u00dfen wird nun die Gitarre in dem Bag wie ein Sandwich fixiert und kann nicht mehr verrutschen \u2013 egal welche Gr\u00f6\u00dfe! Oben befindet sich eine kleine Tasche f\u00fcr Guitar Tuner und Kleinteile, unten gibt es eine gro\u00dfe Tasche f\u00fcr ein Realbook und zwei zus\u00e4tzliche Taschen f\u00fcr Ersatzsaiten und andere Kleinteile. Innen liegt eine kleine Klarsichttasche f\u00fcr Inbusschl\u00fcssel oder Plektrums. Der Unterlegkeil und die Halsst\u00fctze k\u00f6nnen per Klett-Befestigung individuell an das Instrument angepasst werden. Die Griffe sowie die Tragegurte sind mit je zwei Stahlnieten befestigt \u2013 doppelt h\u00e4lt besser! Am Boden des Bags haben wir einen zus\u00e4tzlichen Stellschutz aufgen\u00e4ht, Das Bag hat zwei gut ausbalancierte Trageriemen und einen Aufh\u00e4nger.<\/p>\n<p><strong>Gefertigt aus vollnarbigem Kalbsleder mit handgefertigtem antiken Finish. Plus sch\u00f6nen, stabilen Messingbeschl\u00e4gen. <\/strong><strong>Ebenfalls im Retro Look. Wird geliefert mit Hals und Bodyst\u00fctzen. Diese sind durch Klettverschluss verstellbar.<\/strong><\/li>\n<\/ol>\n<\/div>\n<div class=\"n module-type-textWithImage diyfeLiveArea \">\n<div id=\"textWithImage-5798943955\" class=\"clearover \">\n<div class=\"textwrapper\"><\/div>\n<\/div>\n<\/div>\n<\/div>\n","protected":false},"excerpt":{"rendered":"<div class=\"textwrapper\">\n<p>Du suchst eine adequate Behausung f\u00fcr Deine Gitarre oder Deinen Bass?<br \/>\nKeinen sperrigen koffer, aber auch kein schwindliges Gigbag, sondern was ordentliches? Dein wertvolles Instrument soll richtig gut gesch\u00fctzt sein, aber trotzdem gut transportabel?<\/p>\n<p><strong>Dann brauchst Du ein<br \/>\n<\/strong><strong>Harvest Fine Leather Guitar Bag!<\/strong><\/p>\n<\/div>\n","protected":false},"featured_media":22888,"comment_status":"closed","ping_status":"closed","template":"","meta":{"_et_pb_use_builder":"","_et_pb_old_content":"","_et_gb_content_width":""},"product_brand":[],"product_cat":[1137],"product_tag":[],"class_list":{"0":"post-22886","1":"product","2":"type-product","3":"status-publish","4":"has-post-thumbnail","6":"product_cat-harvest-guitar-bags","7":"product_shipping_class-medium","9":"first","10":"onbackorder","11":"taxable","12":"shipping-taxable","13":"purchasable","14":"product-type-simple"},"composite_virtual":false,"composite_layout":"","composite_add_to_cart_form_location":"","composite_editable_in_cart":false,"composite_sold_individually_context":"","composite_shop_price_calc":"","composite_components":[],"composite_scenarios":[],"pp_statuses_selecting_workflow":false,"pp_workflow_action":"current","pp_status_selection":"publish","yoast_head":"<!-- This site is optimized with the Yoast SEO plugin v26.8 - https:\/\/yoast.com\/product\/yoast-seo-wordpress\/ -->\n<title>Harvest Fine Leather Guitar Bag for ES335\/345\/355 Style Guitars - captain-guitar-lounge.com<\/title>\n<meta name=\"robots\" content=\"index, follow, max-snippet:-1, max-image-preview:large, max-video-preview:-1\" \/>\n<link rel=\"canonical\" href=\"https:\/\/captain-guitar-lounge.com\/en\/product\/harvest-fine-leather-guitar-bags-es335-style-bag\/\" \/>\n<meta property=\"og:locale\" content=\"en_US\" \/>\n<meta property=\"og:type\" content=\"article\" \/>\n<meta property=\"og:title\" content=\"Harvest Fine Leather Guitar Bag for ES335\/345\/355 Style Guitars - captain-guitar-lounge.com\" \/>\n<meta property=\"og:description\" content=\"Du suchst eine adequate Behausung f\u00fcr Deine Gitarre oder Deinen Bass? Keinen sperrigen koffer, aber auch kein schwindliges Gigbag, sondern was ordentliches? Dein wertvolles Instrument soll richtig gut gesch\u00fctzt sein, aber trotzdem gut transportabel?  Dann brauchst Du ein Harvest Fine Leather Guitar Bag!\" \/>\n<meta property=\"og:url\" content=\"https:\/\/captain-guitar-lounge.com\/en\/product\/harvest-fine-leather-guitar-bags-es335-style-bag\/\" \/>\n<meta property=\"og:site_name\" content=\"captain-guitar-lounge.com\" \/>\n<meta property=\"article:publisher\" content=\"https:\/\/www.facebook.com\/Captain-Guitar-Lounge-140457272682315\/\" \/>\n<meta property=\"article:modified_time\" content=\"2022-06-08T09:46:04+00:00\" \/>\n<meta property=\"og:image\" content=\"https:\/\/captain-guitar-lounge.com\/wp-content\/uploads\/2021\/03\/k-IMG_3501-e1616255562727.jpg\" \/>\n\t<meta property=\"og:image:width\" content=\"480\" \/>\n\t<meta property=\"og:image:height\" content=\"480\" \/>\n\t<meta property=\"og:image:type\" content=\"image\/jpeg\" \/>\n<meta name=\"twitter:card\" content=\"summary_large_image\" \/>\n<meta name=\"twitter:label1\" content=\"Est. reading time\" \/>\n\t<meta name=\"twitter:data1\" content=\"1 minute\" \/>\n<script type=\"application\/ld+json\" class=\"yoast-schema-graph\">{\"@context\":\"https:\/\/schema.org\",\"@graph\":[{\"@type\":\"WebPage\",\"@id\":\"https:\/\/captain-guitar-lounge.com\/en\/product\/harvest-fine-leather-guitar-bags-es335-style-bag\/\",\"url\":\"https:\/\/captain-guitar-lounge.com\/en\/product\/harvest-fine-leather-guitar-bags-es335-style-bag\/\",\"name\":\"Harvest Fine Leather Guitar Bag for ES335\/345\/355 Style Guitars - captain-guitar-lounge.com\",\"isPartOf\":{\"@id\":\"https:\/\/captain-guitar-lounge.com\/en\/#website\"},\"primaryImageOfPage\":{\"@id\":\"https:\/\/captain-guitar-lounge.com\/en\/product\/harvest-fine-leather-guitar-bags-es335-style-bag\/#primaryimage\"},\"image\":{\"@id\":\"https:\/\/captain-guitar-lounge.com\/en\/product\/harvest-fine-leather-guitar-bags-es335-style-bag\/#primaryimage\"},\"thumbnailUrl\":\"https:\/\/captain-guitar-lounge.com\/wp-content\/uploads\/2021\/03\/k-IMG_3501-e1616255562727.jpg\",\"datePublished\":\"2021-03-20T09:17:57+00:00\",\"dateModified\":\"2022-06-08T09:46:04+00:00\",\"breadcrumb\":{\"@id\":\"https:\/\/captain-guitar-lounge.com\/en\/product\/harvest-fine-leather-guitar-bags-es335-style-bag\/#breadcrumb\"},\"inLanguage\":\"en-US\",\"potentialAction\":[{\"@type\":\"ReadAction\",\"target\":[\"https:\/\/captain-guitar-lounge.com\/en\/product\/harvest-fine-leather-guitar-bags-es335-style-bag\/\"]}]},{\"@type\":\"ImageObject\",\"inLanguage\":\"en-US\",\"@id\":\"https:\/\/captain-guitar-lounge.com\/en\/product\/harvest-fine-leather-guitar-bags-es335-style-bag\/#primaryimage\",\"url\":\"https:\/\/captain-guitar-lounge.com\/wp-content\/uploads\/2021\/03\/k-IMG_3501-e1616255562727.jpg\",\"contentUrl\":\"https:\/\/captain-guitar-lounge.com\/wp-content\/uploads\/2021\/03\/k-IMG_3501-e1616255562727.jpg\",\"width\":480,\"height\":480},{\"@type\":\"BreadcrumbList\",\"@id\":\"https:\/\/captain-guitar-lounge.com\/en\/product\/harvest-fine-leather-guitar-bags-es335-style-bag\/#breadcrumb\",\"itemListElement\":[{\"@type\":\"ListItem\",\"position\":1,\"name\":\"Startseite\",\"item\":\"https:\/\/captain-guitar-lounge.com\/en\/\"},{\"@type\":\"ListItem\",\"position\":2,\"name\":\"Shop\",\"item\":\"https:\/\/captain-guitar-lounge.com\/shop\/\"},{\"@type\":\"ListItem\",\"position\":3,\"name\":\"Harvest Fine Leather Guitar Bag for ES335\/345\/355 Style Guitars\"}]},{\"@type\":\"WebSite\",\"@id\":\"https:\/\/captain-guitar-lounge.com\/en\/#website\",\"url\":\"https:\/\/captain-guitar-lounge.com\/en\/\",\"name\":\"captain-guitar-lounge.com\",\"description\":\"Fine Amps and Guitars and more\",\"potentialAction\":[{\"@type\":\"SearchAction\",\"target\":{\"@type\":\"EntryPoint\",\"urlTemplate\":\"https:\/\/captain-guitar-lounge.com\/en\/?s={search_term_string}\"},\"query-input\":{\"@type\":\"PropertyValueSpecification\",\"valueRequired\":true,\"valueName\":\"search_term_string\"}}],\"inLanguage\":\"en-US\"}]}<\/script>\n<!-- \/ Yoast SEO plugin. -->","yoast_head_json":{"title":"Harvest Fine Leather Guitar Bag for ES335\/345\/355 Style Guitars - captain-guitar-lounge.com","robots":{"index":"index","follow":"follow","max-snippet":"max-snippet:-1","max-image-preview":"max-image-preview:large","max-video-preview":"max-video-preview:-1"},"canonical":"https:\/\/captain-guitar-lounge.com\/en\/product\/harvest-fine-leather-guitar-bags-es335-style-bag\/","og_locale":"en_US","og_type":"article","og_title":"Harvest Fine Leather Guitar Bag for ES335\/345\/355 Style Guitars - captain-guitar-lounge.com","og_description":"Du suchst eine adequate Behausung f\u00fcr Deine Gitarre oder Deinen Bass? Keinen sperrigen koffer, aber auch kein schwindliges Gigbag, sondern was ordentliches? Dein wertvolles Instrument soll richtig gut gesch\u00fctzt sein, aber trotzdem gut transportabel?  Dann brauchst Du ein Harvest Fine Leather Guitar Bag!","og_url":"https:\/\/captain-guitar-lounge.com\/en\/product\/harvest-fine-leather-guitar-bags-es335-style-bag\/","og_site_name":"captain-guitar-lounge.com","article_publisher":"https:\/\/www.facebook.com\/Captain-Guitar-Lounge-140457272682315\/","article_modified_time":"2022-06-08T09:46:04+00:00","og_image":[{"width":480,"height":480,"url":"https:\/\/captain-guitar-lounge.com\/wp-content\/uploads\/2021\/03\/k-IMG_3501-e1616255562727.jpg","type":"image\/jpeg"}],"twitter_card":"summary_large_image","twitter_misc":{"Est. reading time":"1 minute"},"schema":{"@context":"https:\/\/schema.org","@graph":[{"@type":"WebPage","@id":"https:\/\/captain-guitar-lounge.com\/en\/product\/harvest-fine-leather-guitar-bags-es335-style-bag\/","url":"https:\/\/captain-guitar-lounge.com\/en\/product\/harvest-fine-leather-guitar-bags-es335-style-bag\/","name":"Harvest Fine Leather Guitar Bag for ES335\/345\/355 Style Guitars - captain-guitar-lounge.com","isPartOf":{"@id":"https:\/\/captain-guitar-lounge.com\/en\/#website"},"primaryImageOfPage":{"@id":"https:\/\/captain-guitar-lounge.com\/en\/product\/harvest-fine-leather-guitar-bags-es335-style-bag\/#primaryimage"},"image":{"@id":"https:\/\/captain-guitar-lounge.com\/en\/product\/harvest-fine-leather-guitar-bags-es335-style-bag\/#primaryimage"},"thumbnailUrl":"https:\/\/captain-guitar-lounge.com\/wp-content\/uploads\/2021\/03\/k-IMG_3501-e1616255562727.jpg","datePublished":"2021-03-20T09:17:57+00:00","dateModified":"2022-06-08T09:46:04+00:00","breadcrumb":{"@id":"https:\/\/captain-guitar-lounge.com\/en\/product\/harvest-fine-leather-guitar-bags-es335-style-bag\/#breadcrumb"},"inLanguage":"en-US","potentialAction":[{"@type":"ReadAction","target":["https:\/\/captain-guitar-lounge.com\/en\/product\/harvest-fine-leather-guitar-bags-es335-style-bag\/"]}]},{"@type":"ImageObject","inLanguage":"en-US","@id":"https:\/\/captain-guitar-lounge.com\/en\/product\/harvest-fine-leather-guitar-bags-es335-style-bag\/#primaryimage","url":"https:\/\/captain-guitar-lounge.com\/wp-content\/uploads\/2021\/03\/k-IMG_3501-e1616255562727.jpg","contentUrl":"https:\/\/captain-guitar-lounge.com\/wp-content\/uploads\/2021\/03\/k-IMG_3501-e1616255562727.jpg","width":480,"height":480},{"@type":"BreadcrumbList","@id":"https:\/\/captain-guitar-lounge.com\/en\/product\/harvest-fine-leather-guitar-bags-es335-style-bag\/#breadcrumb","itemListElement":[{"@type":"ListItem","position":1,"name":"Startseite","item":"https:\/\/captain-guitar-lounge.com\/en\/"},{"@type":"ListItem","position":2,"name":"Shop","item":"https:\/\/captain-guitar-lounge.com\/shop\/"},{"@type":"ListItem","position":3,"name":"Harvest Fine Leather Guitar Bag for ES335\/345\/355 Style Guitars"}]},{"@type":"WebSite","@id":"https:\/\/captain-guitar-lounge.com\/en\/#website","url":"https:\/\/captain-guitar-lounge.com\/en\/","name":"captain-guitar-lounge.com","description":"Fine Amps and Guitars and more","potentialAction":[{"@type":"SearchAction","target":{"@type":"EntryPoint","urlTemplate":"https:\/\/captain-guitar-lounge.com\/en\/?s={search_term_string}"},"query-input":{"@type":"PropertyValueSpecification","valueRequired":true,"valueName":"search_term_string"}}],"inLanguage":"en-US"}]}},"_links":{"self":[{"href":"https:\/\/captain-guitar-lounge.com\/en\/wp-json\/wp\/v2\/product\/22886","targetHints":{"allow":["GET"]}}],"collection":[{"href":"https:\/\/captain-guitar-lounge.com\/en\/wp-json\/wp\/v2\/product"}],"about":[{"href":"https:\/\/captain-guitar-lounge.com\/en\/wp-json\/wp\/v2\/types\/product"}],"replies":[{"embeddable":true,"href":"https:\/\/captain-guitar-lounge.com\/en\/wp-json\/wp\/v2\/comments?post=22886"}],"wp:featuredmedia":[{"embeddable":true,"href":"https:\/\/captain-guitar-lounge.com\/en\/wp-json\/wp\/v2\/media\/22888"}],"wp:attachment":[{"href":"https:\/\/captain-guitar-lounge.com\/en\/wp-json\/wp\/v2\/media?parent=22886"}],"wp:term":[{"taxonomy":"product_brand","embeddable":true,"href":"https:\/\/captain-guitar-lounge.com\/en\/wp-json\/wp\/v2\/product_brand?post=22886"},{"taxonomy":"product_cat","embeddable":true,"href":"https:\/\/captain-guitar-lounge.com\/en\/wp-json\/wp\/v2\/product_cat?post=22886"},{"taxonomy":"product_tag","embeddable":true,"href":"https:\/\/captain-guitar-lounge.com\/en\/wp-json\/wp\/v2\/product_tag?post=22886"}],"curies":[{"name":"wp","href":"https:\/\/api.w.org\/{rel}","templated":true}]}}