{"id":230460,"date":"2026-02-07T10:34:17","date_gmt":"2026-02-07T09:34:17","guid":{"rendered":"https:\/\/captain-guitar-lounge.com\/?post_type=product&#038;p=230460"},"modified":"2026-02-09T14:04:55","modified_gmt":"2026-02-09T13:04:55","slug":"230460","status":"publish","type":"product","link":"https:\/\/captain-guitar-lounge.com\/en\/product\/230460\/","title":{"rendered":"1990 Hohner &#8211; G3T &#8211; Black &#8211; ID 5626"},"content":{"rendered":"<p><strong>Die G3T<\/strong> dieser Serie wurde von Hohner 1988 &#8211; 1994 in S\u00fcdkorea gebaut. Ausgestattet mit Selekt EMG Tonabnehmern in einem ergonomischen Korpus und Steinberger licensed hardware. Eine ausklapbare St\u00fctze erm\u00f6glicht das Spielen im Sitzen. Unter der St\u00fctze ist eine Seriennummer zu finden.<br \/>\nDiese Gitarre hat einige leichtere Gebrauchsspuren, der Tremolohebel fehlt leider.<br \/>\n&#8211; Halstonabnehmer: EMG Select Singlecoil<br \/>\n&#8211; Mitteltonabnehmer: EMG Select Singlecoil<br \/>\n&#8211; Stegtonabnehmer: EMG Select Humbucker (splitbar)<br \/>\n&#8211; Regler: 1x Volume, 1x Tone<br \/>\n&#8211; Schalter: 2x 2-Weg-Minitoggle (jeweils on\/off Hals-\/Mitteltonabnehmer), 1x 3-Weg-Minitoggle (on\/off\/split Stegtonabnehmer)<br \/>\n&#8211; Tremolohebel fehlt<br \/>\n&#8211; inkl. Spirit by Steinberger Gigbag,<br \/>\n&#8211; Gewicht: 2720 Gramm<\/p>\n","protected":false},"excerpt":{"rendered":"<p><strong>Made in Korea<\/strong><br \/>\nZustand: Gut<br \/>\nSerNr: CO08G10054<br \/>\nGewicht: 2,7 kg Versandklasse: Standard<br \/>\nKoffer\/Case: Spirit by Steinberger Gigbag<br \/>\nSonstiges: Fender Gurt<br \/>\nVermittlungsverkauf: 17635<\/p>\n","protected":false},"featured_media":230463,"comment_status":"closed","ping_status":"closed","template":"","meta":{"_et_pb_use_builder":"","_et_pb_old_content":"","_et_gb_content_width":""},"product_brand":[],"product_cat":[60,290],"product_tag":[],"class_list":{"0":"post-230460","1":"product","2":"type-product","3":"status-publish","4":"has-post-thumbnail","6":"product_cat-electric-guitars","7":"product_cat-fundgrube","8":"product_shipping_class-standard","10":"first","11":"instock","12":"sold-individually","13":"purchasable","14":"product-type-simple"},"composite_virtual":false,"composite_layout":"","composite_add_to_cart_form_location":"","composite_editable_in_cart":false,"composite_sold_individually_context":"","composite_shop_price_calc":"","composite_components":[],"composite_scenarios":[],"pp_statuses_selecting_workflow":false,"pp_workflow_action":"current","pp_status_selection":"publish","yoast_head":"<!-- This site is optimized with the Yoast SEO plugin v26.8 - https:\/\/yoast.com\/product\/yoast-seo-wordpress\/ -->\n<title>1990 Hohner - G3T - Black - ID 5626 - captain-guitar-lounge.com<\/title>\n<meta name=\"robots\" content=\"index, follow, max-snippet:-1, max-image-preview:large, max-video-preview:-1\" \/>\n<link rel=\"canonical\" href=\"https:\/\/captain-guitar-lounge.com\/en\/product\/230460\/\" \/>\n<meta property=\"og:locale\" content=\"en_US\" \/>\n<meta property=\"og:type\" content=\"article\" \/>\n<meta property=\"og:title\" content=\"1990 Hohner - G3T - Black - ID 5626 - captain-guitar-lounge.com\" \/>\n<meta property=\"og:description\" content=\"Made in Korea Zustand: Gut SerNr: CO08G10054 Gewicht: 2,7 kg Versandklasse: Standard Koffer\/Case: Spirit by Steinberger Gigbag Sonstiges: Fender Gurt Vermittlungsverkauf: 17635\" \/>\n<meta property=\"og:url\" content=\"https:\/\/captain-guitar-lounge.com\/en\/product\/230460\/\" \/>\n<meta property=\"og:site_name\" content=\"captain-guitar-lounge.com\" \/>\n<meta property=\"article:publisher\" content=\"https:\/\/www.facebook.com\/Captain-Guitar-Lounge-140457272682315\/\" \/>\n<meta property=\"article:modified_time\" content=\"2026-02-09T13:04:55+00:00\" \/>\n<meta property=\"og:image\" content=\"https:\/\/captain-guitar-lounge.com\/wp-content\/uploads\/2026\/02\/1990-Hohner-G3T-Black-ID-5626IMG_3876.jpg\" \/>\n\t<meta property=\"og:image:width\" content=\"1512\" \/>\n\t<meta property=\"og:image:height\" content=\"1512\" \/>\n\t<meta property=\"og:image:type\" content=\"image\/jpeg\" \/>\n<meta name=\"twitter:card\" content=\"summary_large_image\" \/>\n<meta name=\"twitter:label1\" content=\"Est. reading time\" \/>\n\t<meta name=\"twitter:data1\" content=\"1 minute\" \/>\n<script type=\"application\/ld+json\" class=\"yoast-schema-graph\">{\"@context\":\"https:\/\/schema.org\",\"@graph\":[{\"@type\":\"WebPage\",\"@id\":\"https:\/\/captain-guitar-lounge.com\/en\/product\/230460\/\",\"url\":\"https:\/\/captain-guitar-lounge.com\/en\/product\/230460\/\",\"name\":\"1990 Hohner - G3T - Black - ID 5626 - captain-guitar-lounge.com\",\"isPartOf\":{\"@id\":\"https:\/\/captain-guitar-lounge.com\/en\/#website\"},\"primaryImageOfPage\":{\"@id\":\"https:\/\/captain-guitar-lounge.com\/en\/product\/230460\/#primaryimage\"},\"image\":{\"@id\":\"https:\/\/captain-guitar-lounge.com\/en\/product\/230460\/#primaryimage\"},\"thumbnailUrl\":\"https:\/\/captain-guitar-lounge.com\/wp-content\/uploads\/2026\/02\/1990-Hohner-G3T-Black-ID-5626IMG_3876.jpg\",\"datePublished\":\"2026-02-07T09:34:17+00:00\",\"dateModified\":\"2026-02-09T13:04:55+00:00\",\"breadcrumb\":{\"@id\":\"https:\/\/captain-guitar-lounge.com\/en\/product\/230460\/#breadcrumb\"},\"inLanguage\":\"en-US\",\"potentialAction\":[{\"@type\":\"ReadAction\",\"target\":[\"https:\/\/captain-guitar-lounge.com\/en\/product\/230460\/\"]}]},{\"@type\":\"ImageObject\",\"inLanguage\":\"en-US\",\"@id\":\"https:\/\/captain-guitar-lounge.com\/en\/product\/230460\/#primaryimage\",\"url\":\"https:\/\/captain-guitar-lounge.com\/wp-content\/uploads\/2026\/02\/1990-Hohner-G3T-Black-ID-5626IMG_3876.jpg\",\"contentUrl\":\"https:\/\/captain-guitar-lounge.com\/wp-content\/uploads\/2026\/02\/1990-Hohner-G3T-Black-ID-5626IMG_3876.jpg\",\"width\":1512,\"height\":1512,\"caption\":\"1990-Hohner-G3T-Black-ID-5626IMG_3876.jpg\"},{\"@type\":\"BreadcrumbList\",\"@id\":\"https:\/\/captain-guitar-lounge.com\/en\/product\/230460\/#breadcrumb\",\"itemListElement\":[{\"@type\":\"ListItem\",\"position\":1,\"name\":\"Startseite\",\"item\":\"https:\/\/captain-guitar-lounge.com\/en\/captain-guitar-lounge\/\"},{\"@type\":\"ListItem\",\"position\":2,\"name\":\"Shop\",\"item\":\"https:\/\/captain-guitar-lounge.com\/shop\/\"},{\"@type\":\"ListItem\",\"position\":3,\"name\":\"1990 Hohner &#8211; G3T &#8211; Black &#8211; ID 5626\"}]},{\"@type\":\"WebSite\",\"@id\":\"https:\/\/captain-guitar-lounge.com\/en\/#website\",\"url\":\"https:\/\/captain-guitar-lounge.com\/en\/\",\"name\":\"captain-guitar-lounge.com\",\"description\":\"Fine Amps and Guitars and more\",\"potentialAction\":[{\"@type\":\"SearchAction\",\"target\":{\"@type\":\"EntryPoint\",\"urlTemplate\":\"https:\/\/captain-guitar-lounge.com\/en\/?s={search_term_string}\"},\"query-input\":{\"@type\":\"PropertyValueSpecification\",\"valueRequired\":true,\"valueName\":\"search_term_string\"}}],\"inLanguage\":\"en-US\"}]}<\/script>\n<!-- \/ Yoast SEO plugin. -->","yoast_head_json":{"title":"1990 Hohner - G3T - Black - ID 5626 - captain-guitar-lounge.com","robots":{"index":"index","follow":"follow","max-snippet":"max-snippet:-1","max-image-preview":"max-image-preview:large","max-video-preview":"max-video-preview:-1"},"canonical":"https:\/\/captain-guitar-lounge.com\/en\/product\/230460\/","og_locale":"en_US","og_type":"article","og_title":"1990 Hohner - G3T - Black - ID 5626 - captain-guitar-lounge.com","og_description":"Made in Korea Zustand: Gut SerNr: CO08G10054 Gewicht: 2,7 kg Versandklasse: Standard Koffer\/Case: Spirit by Steinberger Gigbag Sonstiges: Fender Gurt Vermittlungsverkauf: 17635","og_url":"https:\/\/captain-guitar-lounge.com\/en\/product\/230460\/","og_site_name":"captain-guitar-lounge.com","article_publisher":"https:\/\/www.facebook.com\/Captain-Guitar-Lounge-140457272682315\/","article_modified_time":"2026-02-09T13:04:55+00:00","og_image":[{"width":1512,"height":1512,"url":"https:\/\/captain-guitar-lounge.com\/wp-content\/uploads\/2026\/02\/1990-Hohner-G3T-Black-ID-5626IMG_3876.jpg","type":"image\/jpeg"}],"twitter_card":"summary_large_image","twitter_misc":{"Est. reading time":"1 minute"},"schema":{"@context":"https:\/\/schema.org","@graph":[{"@type":"WebPage","@id":"https:\/\/captain-guitar-lounge.com\/en\/product\/230460\/","url":"https:\/\/captain-guitar-lounge.com\/en\/product\/230460\/","name":"1990 Hohner - G3T - Black - ID 5626 - captain-guitar-lounge.com","isPartOf":{"@id":"https:\/\/captain-guitar-lounge.com\/en\/#website"},"primaryImageOfPage":{"@id":"https:\/\/captain-guitar-lounge.com\/en\/product\/230460\/#primaryimage"},"image":{"@id":"https:\/\/captain-guitar-lounge.com\/en\/product\/230460\/#primaryimage"},"thumbnailUrl":"https:\/\/captain-guitar-lounge.com\/wp-content\/uploads\/2026\/02\/1990-Hohner-G3T-Black-ID-5626IMG_3876.jpg","datePublished":"2026-02-07T09:34:17+00:00","dateModified":"2026-02-09T13:04:55+00:00","breadcrumb":{"@id":"https:\/\/captain-guitar-lounge.com\/en\/product\/230460\/#breadcrumb"},"inLanguage":"en-US","potentialAction":[{"@type":"ReadAction","target":["https:\/\/captain-guitar-lounge.com\/en\/product\/230460\/"]}]},{"@type":"ImageObject","inLanguage":"en-US","@id":"https:\/\/captain-guitar-lounge.com\/en\/product\/230460\/#primaryimage","url":"https:\/\/captain-guitar-lounge.com\/wp-content\/uploads\/2026\/02\/1990-Hohner-G3T-Black-ID-5626IMG_3876.jpg","contentUrl":"https:\/\/captain-guitar-lounge.com\/wp-content\/uploads\/2026\/02\/1990-Hohner-G3T-Black-ID-5626IMG_3876.jpg","width":1512,"height":1512,"caption":"1990-Hohner-G3T-Black-ID-5626IMG_3876.jpg"},{"@type":"BreadcrumbList","@id":"https:\/\/captain-guitar-lounge.com\/en\/product\/230460\/#breadcrumb","itemListElement":[{"@type":"ListItem","position":1,"name":"Startseite","item":"https:\/\/captain-guitar-lounge.com\/en\/captain-guitar-lounge\/"},{"@type":"ListItem","position":2,"name":"Shop","item":"https:\/\/captain-guitar-lounge.com\/shop\/"},{"@type":"ListItem","position":3,"name":"1990 Hohner &#8211; G3T &#8211; Black &#8211; ID 5626"}]},{"@type":"WebSite","@id":"https:\/\/captain-guitar-lounge.com\/en\/#website","url":"https:\/\/captain-guitar-lounge.com\/en\/","name":"captain-guitar-lounge.com","description":"Fine Amps and Guitars and more","potentialAction":[{"@type":"SearchAction","target":{"@type":"EntryPoint","urlTemplate":"https:\/\/captain-guitar-lounge.com\/en\/?s={search_term_string}"},"query-input":{"@type":"PropertyValueSpecification","valueRequired":true,"valueName":"search_term_string"}}],"inLanguage":"en-US"}]}},"_links":{"self":[{"href":"https:\/\/captain-guitar-lounge.com\/en\/wp-json\/wp\/v2\/product\/230460","targetHints":{"allow":["GET"]}}],"collection":[{"href":"https:\/\/captain-guitar-lounge.com\/en\/wp-json\/wp\/v2\/product"}],"about":[{"href":"https:\/\/captain-guitar-lounge.com\/en\/wp-json\/wp\/v2\/types\/product"}],"replies":[{"embeddable":true,"href":"https:\/\/captain-guitar-lounge.com\/en\/wp-json\/wp\/v2\/comments?post=230460"}],"wp:featuredmedia":[{"embeddable":true,"href":"https:\/\/captain-guitar-lounge.com\/en\/wp-json\/wp\/v2\/media\/230463"}],"wp:attachment":[{"href":"https:\/\/captain-guitar-lounge.com\/en\/wp-json\/wp\/v2\/media?parent=230460"}],"wp:term":[{"taxonomy":"product_brand","embeddable":true,"href":"https:\/\/captain-guitar-lounge.com\/en\/wp-json\/wp\/v2\/product_brand?post=230460"},{"taxonomy":"product_cat","embeddable":true,"href":"https:\/\/captain-guitar-lounge.com\/en\/wp-json\/wp\/v2\/product_cat?post=230460"},{"taxonomy":"product_tag","embeddable":true,"href":"https:\/\/captain-guitar-lounge.com\/en\/wp-json\/wp\/v2\/product_tag?post=230460"}],"curies":[{"name":"wp","href":"https:\/\/api.w.org\/{rel}","templated":true}]}}