{"id":230612,"date":"2026-02-07T13:36:02","date_gmt":"2026-02-07T12:36:02","guid":{"rendered":"https:\/\/captain-guitar-lounge.com\/?post_type=product&#038;p=230612"},"modified":"2026-02-09T13:56:50","modified_gmt":"2026-02-09T12:56:50","slug":"km-skb-diverse-mikrofonstative-und-case-mit-rollen-id-5613","status":"publish","type":"product","link":"https:\/\/captain-guitar-lounge.com\/en\/product\/km-skb-diverse-mikrofonstative-und-case-mit-rollen-id-5613\/","title":{"rendered":"K&amp;M, SKB &#8211; diverse Mikrofonstative und Case mit Rollen &#8211; ID 5613"},"content":{"rendered":"<p><strong>Konvolut an Mikrofonstativen:<\/strong><br \/>\n3x K&amp;M Mikrofonstativ mit Galgen und Gussglocke, klein\/niedrig, grau (25910)<br \/>\n1x Millenium Mikrofonstativ mit Galgen und Gussglocke, niedrig\/halb, schwarz<br \/>\n2x Adam Hall Mikrofonstativ mit Galgen und Gussglocke, normal<br \/>\nim SKB 1SKB-H4812W ATA Regular Stand Case:<br \/>\nDie &#8220;Rail-Pack&#8221; Koffer sind speziell f\u00fcr den sicheren Transport von Mikrofon-, Lichtstativen oder \u00e4hnlichen Ger\u00e4ten konzipiert, die eine dauerhafte, praktische und entsprechend dimensionierte Transport- und Lagerm\u00f6glichkeit erfordern.<br \/>\n&#8211; Robuste integrierte R\u00e4der<br \/>\n&#8211; TSA (Air Transport Association) anerkannte und akzeptierte Verriegelungsb\u00fcgel<br \/>\n&#8211; Ma\u00dfe intern: 122,24 x 28,58 x 27,94 (cm)<br \/>\n&#8211; Leer-Gewicht: 6,94 kg<br \/>\n&#8211; Gesamtgewicht: 20,3 Kg<\/p>\n","protected":false},"excerpt":{"rendered":"<p><strong>Zustand: Sehr gut<\/strong><br \/>\nGewicht: 20,3 kg Versandklasse: Large<br \/>\nKoffer\/Case: ja<br \/>\nVermittlungsverkauf: 17458<\/p>\n","protected":false},"featured_media":230614,"comment_status":"closed","ping_status":"closed","template":"","meta":{"_et_pb_use_builder":"","_et_pb_old_content":"","_et_gb_content_width":""},"product_brand":[],"product_cat":[2492,2489,290],"product_tag":[],"class_list":{"0":"post-230612","1":"product","2":"type-product","3":"status-publish","4":"has-post-thumbnail","6":"product_cat-koffer-cases","7":"product_cat-mischpulte-studio","8":"product_cat-fundgrube","9":"product_shipping_class-large","11":"first","12":"instock","13":"sold-individually","14":"purchasable","15":"product-type-simple"},"composite_virtual":false,"composite_layout":"","composite_add_to_cart_form_location":"","composite_editable_in_cart":false,"composite_sold_individually_context":"","composite_shop_price_calc":"","composite_components":[],"composite_scenarios":[],"pp_statuses_selecting_workflow":false,"pp_workflow_action":"current","pp_status_selection":"publish","yoast_head":"<!-- This site is optimized with the Yoast SEO plugin v26.8 - https:\/\/yoast.com\/product\/yoast-seo-wordpress\/ -->\n<title>K&amp;M, SKB - diverse Mikrofonstative und Case mit Rollen - ID 5613 - captain-guitar-lounge.com<\/title>\n<meta name=\"robots\" content=\"index, follow, max-snippet:-1, max-image-preview:large, max-video-preview:-1\" \/>\n<link rel=\"canonical\" href=\"https:\/\/captain-guitar-lounge.com\/en\/product\/km-skb-diverse-mikrofonstative-und-case-mit-rollen-id-5613\/\" \/>\n<meta property=\"og:locale\" content=\"en_US\" \/>\n<meta property=\"og:type\" content=\"article\" \/>\n<meta property=\"og:title\" content=\"K&amp;M, SKB - diverse Mikrofonstative und Case mit Rollen - ID 5613 - captain-guitar-lounge.com\" \/>\n<meta property=\"og:description\" content=\"Zustand: Sehr gut Gewicht: 20,3 kg Versandklasse: Large Koffer\/Case: ja Vermittlungsverkauf: 17458\" \/>\n<meta property=\"og:url\" content=\"https:\/\/captain-guitar-lounge.com\/en\/product\/km-skb-diverse-mikrofonstative-und-case-mit-rollen-id-5613\/\" \/>\n<meta property=\"og:site_name\" content=\"captain-guitar-lounge.com\" \/>\n<meta property=\"article:publisher\" content=\"https:\/\/www.facebook.com\/Captain-Guitar-Lounge-140457272682315\/\" \/>\n<meta property=\"article:modified_time\" content=\"2026-02-09T12:56:50+00:00\" \/>\n<meta property=\"og:image\" content=\"https:\/\/captain-guitar-lounge.com\/wp-content\/uploads\/2026\/02\/KM-SKB-diverse-Mikrofonstative-und-Case-mit-Rollen-ID-5613IMG_3947.jpg\" \/>\n\t<meta property=\"og:image:width\" content=\"1512\" \/>\n\t<meta property=\"og:image:height\" content=\"1512\" \/>\n\t<meta property=\"og:image:type\" content=\"image\/jpeg\" \/>\n<meta name=\"twitter:card\" content=\"summary_large_image\" \/>\n<meta name=\"twitter:label1\" content=\"Est. reading time\" \/>\n\t<meta name=\"twitter:data1\" content=\"1 minute\" \/>\n<script type=\"application\/ld+json\" class=\"yoast-schema-graph\">{\"@context\":\"https:\/\/schema.org\",\"@graph\":[{\"@type\":\"WebPage\",\"@id\":\"https:\/\/captain-guitar-lounge.com\/en\/product\/km-skb-diverse-mikrofonstative-und-case-mit-rollen-id-5613\/\",\"url\":\"https:\/\/captain-guitar-lounge.com\/en\/product\/km-skb-diverse-mikrofonstative-und-case-mit-rollen-id-5613\/\",\"name\":\"K&amp;M, SKB - diverse Mikrofonstative und Case mit Rollen - ID 5613 - captain-guitar-lounge.com\",\"isPartOf\":{\"@id\":\"https:\/\/captain-guitar-lounge.com\/en\/#website\"},\"primaryImageOfPage\":{\"@id\":\"https:\/\/captain-guitar-lounge.com\/en\/product\/km-skb-diverse-mikrofonstative-und-case-mit-rollen-id-5613\/#primaryimage\"},\"image\":{\"@id\":\"https:\/\/captain-guitar-lounge.com\/en\/product\/km-skb-diverse-mikrofonstative-und-case-mit-rollen-id-5613\/#primaryimage\"},\"thumbnailUrl\":\"https:\/\/captain-guitar-lounge.com\/wp-content\/uploads\/2026\/02\/KM-SKB-diverse-Mikrofonstative-und-Case-mit-Rollen-ID-5613IMG_3947.jpg\",\"datePublished\":\"2026-02-07T12:36:02+00:00\",\"dateModified\":\"2026-02-09T12:56:50+00:00\",\"breadcrumb\":{\"@id\":\"https:\/\/captain-guitar-lounge.com\/en\/product\/km-skb-diverse-mikrofonstative-und-case-mit-rollen-id-5613\/#breadcrumb\"},\"inLanguage\":\"en-US\",\"potentialAction\":[{\"@type\":\"ReadAction\",\"target\":[\"https:\/\/captain-guitar-lounge.com\/en\/product\/km-skb-diverse-mikrofonstative-und-case-mit-rollen-id-5613\/\"]}]},{\"@type\":\"ImageObject\",\"inLanguage\":\"en-US\",\"@id\":\"https:\/\/captain-guitar-lounge.com\/en\/product\/km-skb-diverse-mikrofonstative-und-case-mit-rollen-id-5613\/#primaryimage\",\"url\":\"https:\/\/captain-guitar-lounge.com\/wp-content\/uploads\/2026\/02\/KM-SKB-diverse-Mikrofonstative-und-Case-mit-Rollen-ID-5613IMG_3947.jpg\",\"contentUrl\":\"https:\/\/captain-guitar-lounge.com\/wp-content\/uploads\/2026\/02\/KM-SKB-diverse-Mikrofonstative-und-Case-mit-Rollen-ID-5613IMG_3947.jpg\",\"width\":1512,\"height\":1512,\"caption\":\"KM-SKB-diverse-Mikrofonstative-und-Case-mit-Rollen-ID-5613IMG_3947.jpg\"},{\"@type\":\"BreadcrumbList\",\"@id\":\"https:\/\/captain-guitar-lounge.com\/en\/product\/km-skb-diverse-mikrofonstative-und-case-mit-rollen-id-5613\/#breadcrumb\",\"itemListElement\":[{\"@type\":\"ListItem\",\"position\":1,\"name\":\"Startseite\",\"item\":\"https:\/\/captain-guitar-lounge.com\/en\/captain-guitar-lounge\/\"},{\"@type\":\"ListItem\",\"position\":2,\"name\":\"Shop\",\"item\":\"https:\/\/captain-guitar-lounge.com\/shop\/\"},{\"@type\":\"ListItem\",\"position\":3,\"name\":\"K&amp;M, SKB &#8211; diverse Mikrofonstative und Case mit Rollen &#8211; ID 5613\"}]},{\"@type\":\"WebSite\",\"@id\":\"https:\/\/captain-guitar-lounge.com\/en\/#website\",\"url\":\"https:\/\/captain-guitar-lounge.com\/en\/\",\"name\":\"captain-guitar-lounge.com\",\"description\":\"Fine Amps and Guitars and more\",\"potentialAction\":[{\"@type\":\"SearchAction\",\"target\":{\"@type\":\"EntryPoint\",\"urlTemplate\":\"https:\/\/captain-guitar-lounge.com\/en\/?s={search_term_string}\"},\"query-input\":{\"@type\":\"PropertyValueSpecification\",\"valueRequired\":true,\"valueName\":\"search_term_string\"}}],\"inLanguage\":\"en-US\"}]}<\/script>\n<!-- \/ Yoast SEO plugin. -->","yoast_head_json":{"title":"K&amp;M, SKB - diverse Mikrofonstative und Case mit Rollen - ID 5613 - captain-guitar-lounge.com","robots":{"index":"index","follow":"follow","max-snippet":"max-snippet:-1","max-image-preview":"max-image-preview:large","max-video-preview":"max-video-preview:-1"},"canonical":"https:\/\/captain-guitar-lounge.com\/en\/product\/km-skb-diverse-mikrofonstative-und-case-mit-rollen-id-5613\/","og_locale":"en_US","og_type":"article","og_title":"K&amp;M, SKB - diverse Mikrofonstative und Case mit Rollen - ID 5613 - captain-guitar-lounge.com","og_description":"Zustand: Sehr gut Gewicht: 20,3 kg Versandklasse: Large Koffer\/Case: ja Vermittlungsverkauf: 17458","og_url":"https:\/\/captain-guitar-lounge.com\/en\/product\/km-skb-diverse-mikrofonstative-und-case-mit-rollen-id-5613\/","og_site_name":"captain-guitar-lounge.com","article_publisher":"https:\/\/www.facebook.com\/Captain-Guitar-Lounge-140457272682315\/","article_modified_time":"2026-02-09T12:56:50+00:00","og_image":[{"width":1512,"height":1512,"url":"https:\/\/captain-guitar-lounge.com\/wp-content\/uploads\/2026\/02\/KM-SKB-diverse-Mikrofonstative-und-Case-mit-Rollen-ID-5613IMG_3947.jpg","type":"image\/jpeg"}],"twitter_card":"summary_large_image","twitter_misc":{"Est. reading time":"1 minute"},"schema":{"@context":"https:\/\/schema.org","@graph":[{"@type":"WebPage","@id":"https:\/\/captain-guitar-lounge.com\/en\/product\/km-skb-diverse-mikrofonstative-und-case-mit-rollen-id-5613\/","url":"https:\/\/captain-guitar-lounge.com\/en\/product\/km-skb-diverse-mikrofonstative-und-case-mit-rollen-id-5613\/","name":"K&amp;M, SKB - diverse Mikrofonstative und Case mit Rollen - ID 5613 - captain-guitar-lounge.com","isPartOf":{"@id":"https:\/\/captain-guitar-lounge.com\/en\/#website"},"primaryImageOfPage":{"@id":"https:\/\/captain-guitar-lounge.com\/en\/product\/km-skb-diverse-mikrofonstative-und-case-mit-rollen-id-5613\/#primaryimage"},"image":{"@id":"https:\/\/captain-guitar-lounge.com\/en\/product\/km-skb-diverse-mikrofonstative-und-case-mit-rollen-id-5613\/#primaryimage"},"thumbnailUrl":"https:\/\/captain-guitar-lounge.com\/wp-content\/uploads\/2026\/02\/KM-SKB-diverse-Mikrofonstative-und-Case-mit-Rollen-ID-5613IMG_3947.jpg","datePublished":"2026-02-07T12:36:02+00:00","dateModified":"2026-02-09T12:56:50+00:00","breadcrumb":{"@id":"https:\/\/captain-guitar-lounge.com\/en\/product\/km-skb-diverse-mikrofonstative-und-case-mit-rollen-id-5613\/#breadcrumb"},"inLanguage":"en-US","potentialAction":[{"@type":"ReadAction","target":["https:\/\/captain-guitar-lounge.com\/en\/product\/km-skb-diverse-mikrofonstative-und-case-mit-rollen-id-5613\/"]}]},{"@type":"ImageObject","inLanguage":"en-US","@id":"https:\/\/captain-guitar-lounge.com\/en\/product\/km-skb-diverse-mikrofonstative-und-case-mit-rollen-id-5613\/#primaryimage","url":"https:\/\/captain-guitar-lounge.com\/wp-content\/uploads\/2026\/02\/KM-SKB-diverse-Mikrofonstative-und-Case-mit-Rollen-ID-5613IMG_3947.jpg","contentUrl":"https:\/\/captain-guitar-lounge.com\/wp-content\/uploads\/2026\/02\/KM-SKB-diverse-Mikrofonstative-und-Case-mit-Rollen-ID-5613IMG_3947.jpg","width":1512,"height":1512,"caption":"KM-SKB-diverse-Mikrofonstative-und-Case-mit-Rollen-ID-5613IMG_3947.jpg"},{"@type":"BreadcrumbList","@id":"https:\/\/captain-guitar-lounge.com\/en\/product\/km-skb-diverse-mikrofonstative-und-case-mit-rollen-id-5613\/#breadcrumb","itemListElement":[{"@type":"ListItem","position":1,"name":"Startseite","item":"https:\/\/captain-guitar-lounge.com\/en\/captain-guitar-lounge\/"},{"@type":"ListItem","position":2,"name":"Shop","item":"https:\/\/captain-guitar-lounge.com\/shop\/"},{"@type":"ListItem","position":3,"name":"K&amp;M, SKB &#8211; diverse Mikrofonstative und Case mit Rollen &#8211; ID 5613"}]},{"@type":"WebSite","@id":"https:\/\/captain-guitar-lounge.com\/en\/#website","url":"https:\/\/captain-guitar-lounge.com\/en\/","name":"captain-guitar-lounge.com","description":"Fine Amps and Guitars and more","potentialAction":[{"@type":"SearchAction","target":{"@type":"EntryPoint","urlTemplate":"https:\/\/captain-guitar-lounge.com\/en\/?s={search_term_string}"},"query-input":{"@type":"PropertyValueSpecification","valueRequired":true,"valueName":"search_term_string"}}],"inLanguage":"en-US"}]}},"_links":{"self":[{"href":"https:\/\/captain-guitar-lounge.com\/en\/wp-json\/wp\/v2\/product\/230612","targetHints":{"allow":["GET"]}}],"collection":[{"href":"https:\/\/captain-guitar-lounge.com\/en\/wp-json\/wp\/v2\/product"}],"about":[{"href":"https:\/\/captain-guitar-lounge.com\/en\/wp-json\/wp\/v2\/types\/product"}],"replies":[{"embeddable":true,"href":"https:\/\/captain-guitar-lounge.com\/en\/wp-json\/wp\/v2\/comments?post=230612"}],"wp:featuredmedia":[{"embeddable":true,"href":"https:\/\/captain-guitar-lounge.com\/en\/wp-json\/wp\/v2\/media\/230614"}],"wp:attachment":[{"href":"https:\/\/captain-guitar-lounge.com\/en\/wp-json\/wp\/v2\/media?parent=230612"}],"wp:term":[{"taxonomy":"product_brand","embeddable":true,"href":"https:\/\/captain-guitar-lounge.com\/en\/wp-json\/wp\/v2\/product_brand?post=230612"},{"taxonomy":"product_cat","embeddable":true,"href":"https:\/\/captain-guitar-lounge.com\/en\/wp-json\/wp\/v2\/product_cat?post=230612"},{"taxonomy":"product_tag","embeddable":true,"href":"https:\/\/captain-guitar-lounge.com\/en\/wp-json\/wp\/v2\/product_tag?post=230612"}],"curies":[{"name":"wp","href":"https:\/\/api.w.org\/{rel}","templated":true}]}}