{"id":231043,"date":"2026-02-09T17:36:07","date_gmt":"2026-02-09T16:36:07","guid":{"rendered":"https:\/\/captain-guitar-lounge.com\/?post_type=product&#038;p=231043"},"modified":"2026-02-11T11:10:02","modified_gmt":"2026-02-11T10:10:02","slug":"1982-marshall-jcm800-1x12-lead-series-cab-celestion-g12-65-id-5640","status":"publish","type":"product","link":"https:\/\/captain-guitar-lounge.com\/en\/product\/1982-marshall-jcm800-1x12-lead-series-cab-celestion-g12-65-id-5640\/","title":{"rendered":"1982 Marshall &#8211; JCM800 1&#215;12 Lead Series Cab &#8211; Celestion G12-65 &#8211; ID 5640"},"content":{"rendered":"<p data-start=\"203\" data-end=\"501\">Sehr seltenes, originales <a href=\"https:\/\/www.marshall.com\/de\/de\/verstarker\/boxen\"><strong>Marshall<\/strong> <\/a>JCM800 Lead Series 1&#215;12 Cabinet aus dem Jahr 1982.<br \/>\nBest\u00fcckt mit einem originalen Celestion G12-65 Lautsprecher (Datecode DQ8 = 1982)<br \/>\nTypischer 80s-Marshall-Sound: fokussierte Mitten, straffer Bass und angenehm warme H\u00f6hen, idealer Partner f\u00fcr Classic Rock, Hard Rock und fr\u00fche Metal-Sounds.<br \/>\nEchter Vintage-Charakter bei moderatem Platzbedarf.<\/p>\n<p data-start=\"813\" data-end=\"1041\">Der Zustand ist <strong data-start=\"829\" data-end=\"850\">sehr gut\u00a0<\/strong>mit nur minimalen altersbedingten Gebrauchsspuren.<br data-start=\"901\" data-end=\"904\" \/>Hinweis: Das interne Lautsprecherkabel wurde mittels L\u00fcsterklemme verl\u00e4ngert. Funktional einwandfrei und ohne klangliche Einschr\u00e4nkungen.<\/p>\n<p>\u2705 Baujahr: 1982<br \/>\n\u2705 Modell: 1933 &#8211; Marshall JCM800 Lead Series, 1&#215;12 Cabinet<br \/>\n\u2705 Lautsprecher: 1x 12&#8243; Celestion G12-65 (Datecode: DQ8 = 1982)<br \/>\n\u2705 Zustand: sehr gut erhalten<br \/>\n\u2705 Modifikation: Lautsprecherkabel mit L\u00fcsterklemme verl\u00e4ngert<br \/>\n\u2705 Ma\u00dfe (BxHxT): 58 x 50 (mit Griff) x 25 cm<br \/>\n\u2705 Gewicht: 13,7 kg<\/p>\n","protected":false},"excerpt":{"rendered":"<p><strong>Made in England<\/strong><br \/>\nZustand: Gut<br \/>\nSerNr: 21095<br \/>\nGewicht: 13,7 kg<br \/>\nVersandklasse: <a href=\"https:\/\/captain-guitar-lounge.com\/versand__lieferung\/\"><strong>Large<\/strong><\/a><br \/>\nVermittlungsverkauf: 13482<\/p>\n","protected":false},"featured_media":231066,"comment_status":"closed","ping_status":"closed","template":"","meta":{"_et_pb_use_builder":"","_et_pb_old_content":"","_et_gb_content_width":""},"product_brand":[],"product_cat":[56,290],"product_tag":[76],"class_list":{"0":"post-231043","1":"product","2":"type-product","3":"status-publish","4":"has-post-thumbnail","6":"product_cat-1-speaker","7":"product_cat-fundgrube","8":"product_tag-vintage","9":"product_shipping_class-large","10":"pa_baujahr-80s","11":"pa_power-bis-80-watt","12":"pa_speaker-679","14":"first","15":"instock","16":"sold-individually","17":"purchasable","18":"product-type-simple"},"composite_virtual":false,"composite_layout":"","composite_add_to_cart_form_location":"","composite_editable_in_cart":false,"composite_sold_individually_context":"","composite_shop_price_calc":"","composite_components":[],"composite_scenarios":[],"pp_statuses_selecting_workflow":false,"pp_workflow_action":"current","pp_status_selection":"publish","yoast_head":"<!-- This site is optimized with the Yoast SEO plugin v26.8 - https:\/\/yoast.com\/product\/yoast-seo-wordpress\/ -->\n<title>1982 Marshall - JCM800 1x12 Lead Series Cab - Celestion G12-65 - ID 5640 - captain-guitar-lounge.com<\/title>\n<meta name=\"robots\" content=\"index, follow, max-snippet:-1, max-image-preview:large, max-video-preview:-1\" \/>\n<link rel=\"canonical\" href=\"https:\/\/captain-guitar-lounge.com\/en\/product\/1982-marshall-jcm800-1x12-lead-series-cab-celestion-g12-65-id-5640\/\" \/>\n<meta property=\"og:locale\" content=\"en_US\" \/>\n<meta property=\"og:type\" content=\"article\" \/>\n<meta property=\"og:title\" content=\"1982 Marshall - JCM800 1x12 Lead Series Cab - Celestion G12-65 - ID 5640 - captain-guitar-lounge.com\" \/>\n<meta property=\"og:description\" content=\"Made in England Zustand: Gut SerNr: 21095 Gewicht: 13,7 kg Versandklasse: Large Vermittlungsverkauf: 13482\" \/>\n<meta property=\"og:url\" content=\"https:\/\/captain-guitar-lounge.com\/en\/product\/1982-marshall-jcm800-1x12-lead-series-cab-celestion-g12-65-id-5640\/\" \/>\n<meta property=\"og:site_name\" content=\"captain-guitar-lounge.com\" \/>\n<meta property=\"article:publisher\" content=\"https:\/\/www.facebook.com\/Captain-Guitar-Lounge-140457272682315\/\" \/>\n<meta property=\"article:modified_time\" content=\"2026-02-11T10:10:02+00:00\" \/>\n<meta property=\"og:image\" content=\"https:\/\/captain-guitar-lounge.com\/wp-content\/uploads\/2026\/02\/1982-Marshall-JCM800-1x12-Lead-Series-Cab-Celestion-G12-65-ID-5640IMG_E3943.jpg\" \/>\n\t<meta property=\"og:image:width\" content=\"1512\" \/>\n\t<meta property=\"og:image:height\" content=\"1512\" \/>\n\t<meta property=\"og:image:type\" content=\"image\/jpeg\" \/>\n<meta name=\"twitter:card\" content=\"summary_large_image\" \/>\n<meta name=\"twitter:label1\" content=\"Est. reading time\" \/>\n\t<meta name=\"twitter:data1\" content=\"1 minute\" \/>\n<script type=\"application\/ld+json\" class=\"yoast-schema-graph\">{\"@context\":\"https:\/\/schema.org\",\"@graph\":[{\"@type\":\"WebPage\",\"@id\":\"https:\/\/captain-guitar-lounge.com\/en\/product\/1982-marshall-jcm800-1x12-lead-series-cab-celestion-g12-65-id-5640\/\",\"url\":\"https:\/\/captain-guitar-lounge.com\/en\/product\/1982-marshall-jcm800-1x12-lead-series-cab-celestion-g12-65-id-5640\/\",\"name\":\"1982 Marshall - JCM800 1x12 Lead Series Cab - Celestion G12-65 - ID 5640 - captain-guitar-lounge.com\",\"isPartOf\":{\"@id\":\"https:\/\/captain-guitar-lounge.com\/en\/#website\"},\"primaryImageOfPage\":{\"@id\":\"https:\/\/captain-guitar-lounge.com\/en\/product\/1982-marshall-jcm800-1x12-lead-series-cab-celestion-g12-65-id-5640\/#primaryimage\"},\"image\":{\"@id\":\"https:\/\/captain-guitar-lounge.com\/en\/product\/1982-marshall-jcm800-1x12-lead-series-cab-celestion-g12-65-id-5640\/#primaryimage\"},\"thumbnailUrl\":\"https:\/\/captain-guitar-lounge.com\/wp-content\/uploads\/2026\/02\/1982-Marshall-JCM800-1x12-Lead-Series-Cab-Celestion-G12-65-ID-5640IMG_E3943.jpg\",\"datePublished\":\"2026-02-09T16:36:07+00:00\",\"dateModified\":\"2026-02-11T10:10:02+00:00\",\"breadcrumb\":{\"@id\":\"https:\/\/captain-guitar-lounge.com\/en\/product\/1982-marshall-jcm800-1x12-lead-series-cab-celestion-g12-65-id-5640\/#breadcrumb\"},\"inLanguage\":\"en-US\",\"potentialAction\":[{\"@type\":\"ReadAction\",\"target\":[\"https:\/\/captain-guitar-lounge.com\/en\/product\/1982-marshall-jcm800-1x12-lead-series-cab-celestion-g12-65-id-5640\/\"]}]},{\"@type\":\"ImageObject\",\"inLanguage\":\"en-US\",\"@id\":\"https:\/\/captain-guitar-lounge.com\/en\/product\/1982-marshall-jcm800-1x12-lead-series-cab-celestion-g12-65-id-5640\/#primaryimage\",\"url\":\"https:\/\/captain-guitar-lounge.com\/wp-content\/uploads\/2026\/02\/1982-Marshall-JCM800-1x12-Lead-Series-Cab-Celestion-G12-65-ID-5640IMG_E3943.jpg\",\"contentUrl\":\"https:\/\/captain-guitar-lounge.com\/wp-content\/uploads\/2026\/02\/1982-Marshall-JCM800-1x12-Lead-Series-Cab-Celestion-G12-65-ID-5640IMG_E3943.jpg\",\"width\":1512,\"height\":1512},{\"@type\":\"BreadcrumbList\",\"@id\":\"https:\/\/captain-guitar-lounge.com\/en\/product\/1982-marshall-jcm800-1x12-lead-series-cab-celestion-g12-65-id-5640\/#breadcrumb\",\"itemListElement\":[{\"@type\":\"ListItem\",\"position\":1,\"name\":\"Startseite\",\"item\":\"https:\/\/captain-guitar-lounge.com\/en\/\"},{\"@type\":\"ListItem\",\"position\":2,\"name\":\"Shop\",\"item\":\"https:\/\/captain-guitar-lounge.com\/shop\/\"},{\"@type\":\"ListItem\",\"position\":3,\"name\":\"1982 Marshall &#8211; JCM800 1&#215;12 Lead Series Cab &#8211; Celestion G12-65 &#8211; ID 5640\"}]},{\"@type\":\"WebSite\",\"@id\":\"https:\/\/captain-guitar-lounge.com\/en\/#website\",\"url\":\"https:\/\/captain-guitar-lounge.com\/en\/\",\"name\":\"captain-guitar-lounge.com\",\"description\":\"Fine Amps and Guitars and more\",\"potentialAction\":[{\"@type\":\"SearchAction\",\"target\":{\"@type\":\"EntryPoint\",\"urlTemplate\":\"https:\/\/captain-guitar-lounge.com\/en\/?s={search_term_string}\"},\"query-input\":{\"@type\":\"PropertyValueSpecification\",\"valueRequired\":true,\"valueName\":\"search_term_string\"}}],\"inLanguage\":\"en-US\"}]}<\/script>\n<!-- \/ Yoast SEO plugin. -->","yoast_head_json":{"title":"1982 Marshall - JCM800 1x12 Lead Series Cab - Celestion G12-65 - ID 5640 - captain-guitar-lounge.com","robots":{"index":"index","follow":"follow","max-snippet":"max-snippet:-1","max-image-preview":"max-image-preview:large","max-video-preview":"max-video-preview:-1"},"canonical":"https:\/\/captain-guitar-lounge.com\/en\/product\/1982-marshall-jcm800-1x12-lead-series-cab-celestion-g12-65-id-5640\/","og_locale":"en_US","og_type":"article","og_title":"1982 Marshall - JCM800 1x12 Lead Series Cab - Celestion G12-65 - ID 5640 - captain-guitar-lounge.com","og_description":"Made in England Zustand: Gut SerNr: 21095 Gewicht: 13,7 kg Versandklasse: Large Vermittlungsverkauf: 13482","og_url":"https:\/\/captain-guitar-lounge.com\/en\/product\/1982-marshall-jcm800-1x12-lead-series-cab-celestion-g12-65-id-5640\/","og_site_name":"captain-guitar-lounge.com","article_publisher":"https:\/\/www.facebook.com\/Captain-Guitar-Lounge-140457272682315\/","article_modified_time":"2026-02-11T10:10:02+00:00","og_image":[{"width":1512,"height":1512,"url":"https:\/\/captain-guitar-lounge.com\/wp-content\/uploads\/2026\/02\/1982-Marshall-JCM800-1x12-Lead-Series-Cab-Celestion-G12-65-ID-5640IMG_E3943.jpg","type":"image\/jpeg"}],"twitter_card":"summary_large_image","twitter_misc":{"Est. reading time":"1 minute"},"schema":{"@context":"https:\/\/schema.org","@graph":[{"@type":"WebPage","@id":"https:\/\/captain-guitar-lounge.com\/en\/product\/1982-marshall-jcm800-1x12-lead-series-cab-celestion-g12-65-id-5640\/","url":"https:\/\/captain-guitar-lounge.com\/en\/product\/1982-marshall-jcm800-1x12-lead-series-cab-celestion-g12-65-id-5640\/","name":"1982 Marshall - JCM800 1x12 Lead Series Cab - Celestion G12-65 - ID 5640 - captain-guitar-lounge.com","isPartOf":{"@id":"https:\/\/captain-guitar-lounge.com\/en\/#website"},"primaryImageOfPage":{"@id":"https:\/\/captain-guitar-lounge.com\/en\/product\/1982-marshall-jcm800-1x12-lead-series-cab-celestion-g12-65-id-5640\/#primaryimage"},"image":{"@id":"https:\/\/captain-guitar-lounge.com\/en\/product\/1982-marshall-jcm800-1x12-lead-series-cab-celestion-g12-65-id-5640\/#primaryimage"},"thumbnailUrl":"https:\/\/captain-guitar-lounge.com\/wp-content\/uploads\/2026\/02\/1982-Marshall-JCM800-1x12-Lead-Series-Cab-Celestion-G12-65-ID-5640IMG_E3943.jpg","datePublished":"2026-02-09T16:36:07+00:00","dateModified":"2026-02-11T10:10:02+00:00","breadcrumb":{"@id":"https:\/\/captain-guitar-lounge.com\/en\/product\/1982-marshall-jcm800-1x12-lead-series-cab-celestion-g12-65-id-5640\/#breadcrumb"},"inLanguage":"en-US","potentialAction":[{"@type":"ReadAction","target":["https:\/\/captain-guitar-lounge.com\/en\/product\/1982-marshall-jcm800-1x12-lead-series-cab-celestion-g12-65-id-5640\/"]}]},{"@type":"ImageObject","inLanguage":"en-US","@id":"https:\/\/captain-guitar-lounge.com\/en\/product\/1982-marshall-jcm800-1x12-lead-series-cab-celestion-g12-65-id-5640\/#primaryimage","url":"https:\/\/captain-guitar-lounge.com\/wp-content\/uploads\/2026\/02\/1982-Marshall-JCM800-1x12-Lead-Series-Cab-Celestion-G12-65-ID-5640IMG_E3943.jpg","contentUrl":"https:\/\/captain-guitar-lounge.com\/wp-content\/uploads\/2026\/02\/1982-Marshall-JCM800-1x12-Lead-Series-Cab-Celestion-G12-65-ID-5640IMG_E3943.jpg","width":1512,"height":1512},{"@type":"BreadcrumbList","@id":"https:\/\/captain-guitar-lounge.com\/en\/product\/1982-marshall-jcm800-1x12-lead-series-cab-celestion-g12-65-id-5640\/#breadcrumb","itemListElement":[{"@type":"ListItem","position":1,"name":"Startseite","item":"https:\/\/captain-guitar-lounge.com\/en\/"},{"@type":"ListItem","position":2,"name":"Shop","item":"https:\/\/captain-guitar-lounge.com\/shop\/"},{"@type":"ListItem","position":3,"name":"1982 Marshall &#8211; JCM800 1&#215;12 Lead Series Cab &#8211; Celestion G12-65 &#8211; ID 5640"}]},{"@type":"WebSite","@id":"https:\/\/captain-guitar-lounge.com\/en\/#website","url":"https:\/\/captain-guitar-lounge.com\/en\/","name":"captain-guitar-lounge.com","description":"Fine Amps and Guitars and more","potentialAction":[{"@type":"SearchAction","target":{"@type":"EntryPoint","urlTemplate":"https:\/\/captain-guitar-lounge.com\/en\/?s={search_term_string}"},"query-input":{"@type":"PropertyValueSpecification","valueRequired":true,"valueName":"search_term_string"}}],"inLanguage":"en-US"}]}},"_links":{"self":[{"href":"https:\/\/captain-guitar-lounge.com\/en\/wp-json\/wp\/v2\/product\/231043","targetHints":{"allow":["GET"]}}],"collection":[{"href":"https:\/\/captain-guitar-lounge.com\/en\/wp-json\/wp\/v2\/product"}],"about":[{"href":"https:\/\/captain-guitar-lounge.com\/en\/wp-json\/wp\/v2\/types\/product"}],"replies":[{"embeddable":true,"href":"https:\/\/captain-guitar-lounge.com\/en\/wp-json\/wp\/v2\/comments?post=231043"}],"wp:featuredmedia":[{"embeddable":true,"href":"https:\/\/captain-guitar-lounge.com\/en\/wp-json\/wp\/v2\/media\/231066"}],"wp:attachment":[{"href":"https:\/\/captain-guitar-lounge.com\/en\/wp-json\/wp\/v2\/media?parent=231043"}],"wp:term":[{"taxonomy":"product_brand","embeddable":true,"href":"https:\/\/captain-guitar-lounge.com\/en\/wp-json\/wp\/v2\/product_brand?post=231043"},{"taxonomy":"product_cat","embeddable":true,"href":"https:\/\/captain-guitar-lounge.com\/en\/wp-json\/wp\/v2\/product_cat?post=231043"},{"taxonomy":"product_tag","embeddable":true,"href":"https:\/\/captain-guitar-lounge.com\/en\/wp-json\/wp\/v2\/product_tag?post=231043"}],"curies":[{"name":"wp","href":"https:\/\/api.w.org\/{rel}","templated":true}]}}