{"id":231254,"date":"2026-02-11T15:50:11","date_gmt":"2026-02-11T14:50:11","guid":{"rendered":"https:\/\/captain-guitar-lounge.com\/?post_type=product&#038;p=231254"},"modified":"2026-03-03T11:32:46","modified_gmt":"2026-03-03T10:32:46","slug":"shure-bundle-aus-3-stueck-sm57-lce-instrumentenmikrofon-id-5657ofon-id-5657","status":"publish","type":"product","link":"https:\/\/captain-guitar-lounge.com\/en\/product\/shure-bundle-aus-3-stueck-sm57-lce-instrumentenmikrofon-id-5657ofon-id-5657\/","title":{"rendered":"Shure &#8211; Bundle aus 3 St\u00fcck SM57-LCE &#8211;  Instrumentenmikrofon &#8211; ID 5657"},"content":{"rendered":"<p><strong> Dynamisches Mikrofon<\/strong><br \/>\nRichtcharakteristik: Niere<br \/>\n\u00dcbertragungsbereich: 40 &#8211; 15.000 Hz<br \/>\nEmpfindlichkeit (bei 1 kHz): -54,5 dBV\/Pa \/1,88 mV)<br \/>\nAusgangsimpedanz: 100 Ohm<br \/>\nOptimaler \u00dcbertragungsbereich f\u00fcr Drums, Percussion und Instrumente<br \/>\nAuch geeignet f\u00fcr Bl\u00e4ser<br \/>\nKaum R\u00fcckkopplungen dank Nierencharakteristik<br \/>\nLuftgefederter Ersch\u00fctterungsabsorber minimiert Griffger\u00e4usche<br \/>\nF\u00fcr st\u00e4rkste Beanspruchungen im B\u00fchnenalltag<br \/>\nGewicht: 284 g<br \/>\nInklusive Stativadapter und Tasche<\/p>\n","protected":false},"excerpt":{"rendered":"<p><strong>Bundle aus 3 St\u00fcck SM57-LCE<\/strong><br \/>\nZustand: Neuwertig<br \/>\nGewicht: 1,8 kg Versandklasse: <a href=\"https:\/\/captain-guitar-lounge.com\/versand__lieferung\/\"><strong>Medium<\/strong><\/a><br \/>\nKoffer\/Case: Tasche<br \/>\nDokumente: Ja<br \/>\nOVP: Ja<br \/>\nSonstiges: Klemme<br \/>\nVermittlungsverkauf: 17458<\/p>\n","protected":false},"featured_media":231256,"comment_status":"closed","ping_status":"closed","template":"","meta":{"_et_pb_use_builder":"","_et_pb_old_content":"","_et_gb_content_width":""},"product_brand":[],"product_cat":[2489,290],"product_tag":[],"class_list":{"0":"post-231254","1":"product","2":"type-product","3":"status-publish","4":"has-post-thumbnail","6":"product_cat-mischpulte-studio","7":"product_cat-fundgrube","8":"product_shipping_class-medium","10":"first","11":"outofstock","12":"sold-individually","13":"purchasable","14":"product-type-simple"},"composite_virtual":false,"composite_layout":"","composite_add_to_cart_form_location":"","composite_editable_in_cart":false,"composite_sold_individually_context":"","composite_shop_price_calc":"","composite_components":[],"composite_scenarios":[],"pp_statuses_selecting_workflow":false,"pp_workflow_action":"current","pp_status_selection":"publish","yoast_head":"<!-- This site is optimized with the Yoast SEO plugin v26.8 - https:\/\/yoast.com\/product\/yoast-seo-wordpress\/ -->\n<title>Shure - Bundle aus 3 St\u00fcck SM57-LCE - Instrumentenmikrofon - ID 5657 - captain-guitar-lounge.com<\/title>\n<meta name=\"robots\" content=\"index, follow, max-snippet:-1, max-image-preview:large, max-video-preview:-1\" \/>\n<link rel=\"canonical\" href=\"https:\/\/captain-guitar-lounge.com\/en\/product\/shure-bundle-aus-3-stueck-sm57-lce-instrumentenmikrofon-id-5657ofon-id-5657\/\" \/>\n<meta property=\"og:locale\" content=\"en_US\" \/>\n<meta property=\"og:type\" content=\"article\" \/>\n<meta property=\"og:title\" content=\"Shure - Bundle aus 3 St\u00fcck SM57-LCE - Instrumentenmikrofon - ID 5657 - captain-guitar-lounge.com\" \/>\n<meta property=\"og:description\" content=\"Bundle aus 3 St\u00fcck SM57-LCE Zustand: Neuwertig Gewicht: 1,8 kg Versandklasse: Medium Koffer\/Case: Tasche Dokumente: Ja OVP: Ja Sonstiges: Klemme Vermittlungsverkauf: 17458\" \/>\n<meta property=\"og:url\" content=\"https:\/\/captain-guitar-lounge.com\/en\/product\/shure-bundle-aus-3-stueck-sm57-lce-instrumentenmikrofon-id-5657ofon-id-5657\/\" \/>\n<meta property=\"og:site_name\" content=\"captain-guitar-lounge.com\" \/>\n<meta property=\"article:publisher\" content=\"https:\/\/www.facebook.com\/Captain-Guitar-Lounge-140457272682315\/\" \/>\n<meta property=\"article:modified_time\" content=\"2026-03-03T10:32:46+00:00\" \/>\n<meta property=\"og:image\" content=\"https:\/\/captain-guitar-lounge.com\/wp-content\/uploads\/2026\/02\/Shure-SM57-LCE-Instrumentenmikrofon-ID-5657IMG_4004.jpg\" \/>\n\t<meta property=\"og:image:width\" content=\"1512\" \/>\n\t<meta property=\"og:image:height\" content=\"1512\" \/>\n\t<meta property=\"og:image:type\" content=\"image\/jpeg\" \/>\n<meta name=\"twitter:card\" content=\"summary_large_image\" \/>\n<meta name=\"twitter:label1\" content=\"Est. reading time\" \/>\n\t<meta name=\"twitter:data1\" content=\"1 minute\" \/>\n<script type=\"application\/ld+json\" class=\"yoast-schema-graph\">{\"@context\":\"https:\/\/schema.org\",\"@graph\":[{\"@type\":\"WebPage\",\"@id\":\"https:\/\/captain-guitar-lounge.com\/en\/product\/shure-bundle-aus-3-stueck-sm57-lce-instrumentenmikrofon-id-5657ofon-id-5657\/\",\"url\":\"https:\/\/captain-guitar-lounge.com\/en\/product\/shure-bundle-aus-3-stueck-sm57-lce-instrumentenmikrofon-id-5657ofon-id-5657\/\",\"name\":\"Shure - Bundle aus 3 St\u00fcck SM57-LCE - Instrumentenmikrofon - ID 5657 - captain-guitar-lounge.com\",\"isPartOf\":{\"@id\":\"https:\/\/captain-guitar-lounge.com\/en\/#website\"},\"primaryImageOfPage\":{\"@id\":\"https:\/\/captain-guitar-lounge.com\/en\/product\/shure-bundle-aus-3-stueck-sm57-lce-instrumentenmikrofon-id-5657ofon-id-5657\/#primaryimage\"},\"image\":{\"@id\":\"https:\/\/captain-guitar-lounge.com\/en\/product\/shure-bundle-aus-3-stueck-sm57-lce-instrumentenmikrofon-id-5657ofon-id-5657\/#primaryimage\"},\"thumbnailUrl\":\"https:\/\/captain-guitar-lounge.com\/wp-content\/uploads\/2026\/02\/Shure-SM57-LCE-Instrumentenmikrofon-ID-5657IMG_4004.jpg\",\"datePublished\":\"2026-02-11T14:50:11+00:00\",\"dateModified\":\"2026-03-03T10:32:46+00:00\",\"breadcrumb\":{\"@id\":\"https:\/\/captain-guitar-lounge.com\/en\/product\/shure-bundle-aus-3-stueck-sm57-lce-instrumentenmikrofon-id-5657ofon-id-5657\/#breadcrumb\"},\"inLanguage\":\"en-US\",\"potentialAction\":[{\"@type\":\"ReadAction\",\"target\":[\"https:\/\/captain-guitar-lounge.com\/en\/product\/shure-bundle-aus-3-stueck-sm57-lce-instrumentenmikrofon-id-5657ofon-id-5657\/\"]}]},{\"@type\":\"ImageObject\",\"inLanguage\":\"en-US\",\"@id\":\"https:\/\/captain-guitar-lounge.com\/en\/product\/shure-bundle-aus-3-stueck-sm57-lce-instrumentenmikrofon-id-5657ofon-id-5657\/#primaryimage\",\"url\":\"https:\/\/captain-guitar-lounge.com\/wp-content\/uploads\/2026\/02\/Shure-SM57-LCE-Instrumentenmikrofon-ID-5657IMG_4004.jpg\",\"contentUrl\":\"https:\/\/captain-guitar-lounge.com\/wp-content\/uploads\/2026\/02\/Shure-SM57-LCE-Instrumentenmikrofon-ID-5657IMG_4004.jpg\",\"width\":1512,\"height\":1512,\"caption\":\"Shure-SM57-LCE-Instrumentenmikrofon-ID-5657IMG_4004.jpg\"},{\"@type\":\"BreadcrumbList\",\"@id\":\"https:\/\/captain-guitar-lounge.com\/en\/product\/shure-bundle-aus-3-stueck-sm57-lce-instrumentenmikrofon-id-5657ofon-id-5657\/#breadcrumb\",\"itemListElement\":[{\"@type\":\"ListItem\",\"position\":1,\"name\":\"Startseite\",\"item\":\"https:\/\/captain-guitar-lounge.com\/en\/\"},{\"@type\":\"ListItem\",\"position\":2,\"name\":\"Shop\",\"item\":\"https:\/\/captain-guitar-lounge.com\/shop\/\"},{\"@type\":\"ListItem\",\"position\":3,\"name\":\"Shure &#8211; Bundle aus 3 St\u00fcck SM57-LCE &#8211; Instrumentenmikrofon &#8211; ID 5657\"}]},{\"@type\":\"WebSite\",\"@id\":\"https:\/\/captain-guitar-lounge.com\/en\/#website\",\"url\":\"https:\/\/captain-guitar-lounge.com\/en\/\",\"name\":\"captain-guitar-lounge.com\",\"description\":\"Fine Amps and Guitars and more\",\"potentialAction\":[{\"@type\":\"SearchAction\",\"target\":{\"@type\":\"EntryPoint\",\"urlTemplate\":\"https:\/\/captain-guitar-lounge.com\/en\/?s={search_term_string}\"},\"query-input\":{\"@type\":\"PropertyValueSpecification\",\"valueRequired\":true,\"valueName\":\"search_term_string\"}}],\"inLanguage\":\"en-US\"}]}<\/script>\n<!-- \/ Yoast SEO plugin. -->","yoast_head_json":{"title":"Shure - Bundle aus 3 St\u00fcck SM57-LCE - Instrumentenmikrofon - ID 5657 - captain-guitar-lounge.com","robots":{"index":"index","follow":"follow","max-snippet":"max-snippet:-1","max-image-preview":"max-image-preview:large","max-video-preview":"max-video-preview:-1"},"canonical":"https:\/\/captain-guitar-lounge.com\/en\/product\/shure-bundle-aus-3-stueck-sm57-lce-instrumentenmikrofon-id-5657ofon-id-5657\/","og_locale":"en_US","og_type":"article","og_title":"Shure - Bundle aus 3 St\u00fcck SM57-LCE - Instrumentenmikrofon - ID 5657 - captain-guitar-lounge.com","og_description":"Bundle aus 3 St\u00fcck SM57-LCE Zustand: Neuwertig Gewicht: 1,8 kg Versandklasse: Medium Koffer\/Case: Tasche Dokumente: Ja OVP: Ja Sonstiges: Klemme Vermittlungsverkauf: 17458","og_url":"https:\/\/captain-guitar-lounge.com\/en\/product\/shure-bundle-aus-3-stueck-sm57-lce-instrumentenmikrofon-id-5657ofon-id-5657\/","og_site_name":"captain-guitar-lounge.com","article_publisher":"https:\/\/www.facebook.com\/Captain-Guitar-Lounge-140457272682315\/","article_modified_time":"2026-03-03T10:32:46+00:00","og_image":[{"width":1512,"height":1512,"url":"https:\/\/captain-guitar-lounge.com\/wp-content\/uploads\/2026\/02\/Shure-SM57-LCE-Instrumentenmikrofon-ID-5657IMG_4004.jpg","type":"image\/jpeg"}],"twitter_card":"summary_large_image","twitter_misc":{"Est. reading time":"1 minute"},"schema":{"@context":"https:\/\/schema.org","@graph":[{"@type":"WebPage","@id":"https:\/\/captain-guitar-lounge.com\/en\/product\/shure-bundle-aus-3-stueck-sm57-lce-instrumentenmikrofon-id-5657ofon-id-5657\/","url":"https:\/\/captain-guitar-lounge.com\/en\/product\/shure-bundle-aus-3-stueck-sm57-lce-instrumentenmikrofon-id-5657ofon-id-5657\/","name":"Shure - Bundle aus 3 St\u00fcck SM57-LCE - Instrumentenmikrofon - ID 5657 - captain-guitar-lounge.com","isPartOf":{"@id":"https:\/\/captain-guitar-lounge.com\/en\/#website"},"primaryImageOfPage":{"@id":"https:\/\/captain-guitar-lounge.com\/en\/product\/shure-bundle-aus-3-stueck-sm57-lce-instrumentenmikrofon-id-5657ofon-id-5657\/#primaryimage"},"image":{"@id":"https:\/\/captain-guitar-lounge.com\/en\/product\/shure-bundle-aus-3-stueck-sm57-lce-instrumentenmikrofon-id-5657ofon-id-5657\/#primaryimage"},"thumbnailUrl":"https:\/\/captain-guitar-lounge.com\/wp-content\/uploads\/2026\/02\/Shure-SM57-LCE-Instrumentenmikrofon-ID-5657IMG_4004.jpg","datePublished":"2026-02-11T14:50:11+00:00","dateModified":"2026-03-03T10:32:46+00:00","breadcrumb":{"@id":"https:\/\/captain-guitar-lounge.com\/en\/product\/shure-bundle-aus-3-stueck-sm57-lce-instrumentenmikrofon-id-5657ofon-id-5657\/#breadcrumb"},"inLanguage":"en-US","potentialAction":[{"@type":"ReadAction","target":["https:\/\/captain-guitar-lounge.com\/en\/product\/shure-bundle-aus-3-stueck-sm57-lce-instrumentenmikrofon-id-5657ofon-id-5657\/"]}]},{"@type":"ImageObject","inLanguage":"en-US","@id":"https:\/\/captain-guitar-lounge.com\/en\/product\/shure-bundle-aus-3-stueck-sm57-lce-instrumentenmikrofon-id-5657ofon-id-5657\/#primaryimage","url":"https:\/\/captain-guitar-lounge.com\/wp-content\/uploads\/2026\/02\/Shure-SM57-LCE-Instrumentenmikrofon-ID-5657IMG_4004.jpg","contentUrl":"https:\/\/captain-guitar-lounge.com\/wp-content\/uploads\/2026\/02\/Shure-SM57-LCE-Instrumentenmikrofon-ID-5657IMG_4004.jpg","width":1512,"height":1512,"caption":"Shure-SM57-LCE-Instrumentenmikrofon-ID-5657IMG_4004.jpg"},{"@type":"BreadcrumbList","@id":"https:\/\/captain-guitar-lounge.com\/en\/product\/shure-bundle-aus-3-stueck-sm57-lce-instrumentenmikrofon-id-5657ofon-id-5657\/#breadcrumb","itemListElement":[{"@type":"ListItem","position":1,"name":"Startseite","item":"https:\/\/captain-guitar-lounge.com\/en\/"},{"@type":"ListItem","position":2,"name":"Shop","item":"https:\/\/captain-guitar-lounge.com\/shop\/"},{"@type":"ListItem","position":3,"name":"Shure &#8211; Bundle aus 3 St\u00fcck SM57-LCE &#8211; Instrumentenmikrofon &#8211; ID 5657"}]},{"@type":"WebSite","@id":"https:\/\/captain-guitar-lounge.com\/en\/#website","url":"https:\/\/captain-guitar-lounge.com\/en\/","name":"captain-guitar-lounge.com","description":"Fine Amps and Guitars and more","potentialAction":[{"@type":"SearchAction","target":{"@type":"EntryPoint","urlTemplate":"https:\/\/captain-guitar-lounge.com\/en\/?s={search_term_string}"},"query-input":{"@type":"PropertyValueSpecification","valueRequired":true,"valueName":"search_term_string"}}],"inLanguage":"en-US"}]}},"_links":{"self":[{"href":"https:\/\/captain-guitar-lounge.com\/en\/wp-json\/wp\/v2\/product\/231254","targetHints":{"allow":["GET"]}}],"collection":[{"href":"https:\/\/captain-guitar-lounge.com\/en\/wp-json\/wp\/v2\/product"}],"about":[{"href":"https:\/\/captain-guitar-lounge.com\/en\/wp-json\/wp\/v2\/types\/product"}],"replies":[{"embeddable":true,"href":"https:\/\/captain-guitar-lounge.com\/en\/wp-json\/wp\/v2\/comments?post=231254"}],"wp:featuredmedia":[{"embeddable":true,"href":"https:\/\/captain-guitar-lounge.com\/en\/wp-json\/wp\/v2\/media\/231256"}],"wp:attachment":[{"href":"https:\/\/captain-guitar-lounge.com\/en\/wp-json\/wp\/v2\/media?parent=231254"}],"wp:term":[{"taxonomy":"product_brand","embeddable":true,"href":"https:\/\/captain-guitar-lounge.com\/en\/wp-json\/wp\/v2\/product_brand?post=231254"},{"taxonomy":"product_cat","embeddable":true,"href":"https:\/\/captain-guitar-lounge.com\/en\/wp-json\/wp\/v2\/product_cat?post=231254"},{"taxonomy":"product_tag","embeddable":true,"href":"https:\/\/captain-guitar-lounge.com\/en\/wp-json\/wp\/v2\/product_tag?post=231254"}],"curies":[{"name":"wp","href":"https:\/\/api.w.org\/{rel}","templated":true}]}}