{"id":231776,"date":"2026-02-14T10:44:29","date_gmt":"2026-02-14T09:44:29","guid":{"rendered":"https:\/\/captain-guitar-lounge.com\/?post_type=product&#038;p=231776"},"modified":"2026-03-04T12:21:53","modified_gmt":"2026-03-04T11:21:53","slug":"1991-marshall-jcm-800-1936-2x12-cab-2x-celestion-g12t-75-id-5643","status":"publish","type":"product","link":"https:\/\/captain-guitar-lounge.com\/en\/product\/1991-marshall-jcm-800-1936-2x12-cab-2x-celestion-g12t-75-id-5643\/","title":{"rendered":"1991 Marshall &#8211; JCM 800 1936 2&#215;12 Cab &#8211; 2x Celestion G12T-75 &#8211; ID 5643"},"content":{"rendered":"<p data-start=\"194\" data-end=\"289\">Originales 1991er <strong data-start=\"212\" data-end=\"250\"><a href=\"https:\/\/www.marshall.com\/de\/de\/verstarker\/boxen?srsltid=AfmBOornv9LkWivCIwqtGkpS56XGid2f16z2W-jvFyCrBQqx3TK0liJa\"><em>Marshall<\/em> <\/a>1936 JCM 800 2&#215;12 Cabinet<\/strong> im au\u00dfergew\u00f6hnlich gepflegten Zustand. Eine der letzten 800er Boxen! Noch mit dem alten 130 Watt Label.<\/p>\n<p data-start=\"291\" data-end=\"679\">Die 1936er Cabs geh\u00f6ren zu den flexibelsten Marshall-Boxen \u00fcberhaupt, kompakt genug f\u00fcr Club-Gigs, aber mit gen\u00fcgend Druck und Projektion f\u00fcr gr\u00f6\u00dfere B\u00fchnen.<br \/>\nBest\u00fcckt mit zwei originalen <strong data-start=\"479\" data-end=\"500\">Celestion G12T-75<\/strong> (Date Code BZ15 = 1991) liefert diese Box genau den typischen, durchsetzungsstarken 80s-90s-Marshall-Sound: straffe B\u00e4sse, klare H\u00f6hen, stabile Mittenstruktur und hohe Belastbarkeit.<\/p>\n<p data-start=\"799\" data-end=\"911\">Der Zustand ist <strong data-start=\"815\" data-end=\"823\">mint<\/strong> \u2013 optisch wie technisch sehr gepflegt.<br data-start=\"862\" data-end=\"865\" \/>Inklusive originaler <strong data-start=\"886\" data-end=\"910\">Marshall-Schutzh\u00fclle<\/strong>.<\/p>\n<p>\u2705 Hersteller: Marshall<br \/>\n\u2705 Modell: 1936 JCM 800<br \/>\n\u2705 Baujahr: 1991<br \/>\n\u2705 Bauart: 2&#215;12&#8243; Cabinet<br \/>\n\u2705 Leistung: 150 Watt<br \/>\n\u2705 Impedanz: 16 Ohm (Mono)<br \/>\n\u2705 Lautsprecher: 2x 12&#8243; Celestion G12T-75<br \/>\n\u2705 Speaker Date Code: BZ15 (1991)<br \/>\n\u2705 Zustand: Mint<br \/>\n\u2705 Ma\u00dfe (B x H x T): 75 x 60 x 30,5 cm<br \/>\n\u2705 Gewicht: 24,9 kg<br \/>\n\u2705 Zubeh\u00f6r: Marshall H\u00fclle<\/p>\n","protected":false},"excerpt":{"rendered":"<p><strong>Vintage 1936 &#8211; Mint<\/strong><br \/>\nZustand: Sehr gut<br \/>\nSerNr: 3791<br \/>\nGewicht: 24,9 kg<br \/>\nVersandklasse: <a href=\"https:\/\/captain-guitar-lounge.com\/versand__lieferung\/\"><strong>Heavy<\/strong><\/a><br \/>\nKoffer\/Case: Marshall H\u00fclle<br \/>\nVermittlungsverkauf: 13482<\/p>\n","protected":false},"featured_media":231803,"comment_status":"closed","ping_status":"closed","template":"","meta":{"_et_pb_use_builder":"","_et_pb_old_content":"","_et_gb_content_width":""},"product_brand":[],"product_cat":[57,290],"product_tag":[2469,76],"class_list":{"0":"post-231776","1":"product","2":"type-product","3":"status-publish","4":"has-post-thumbnail","6":"product_cat-2-speaker","7":"product_cat-fundgrube","8":"product_tag-collectors-item","9":"product_tag-vintage","10":"product_shipping_class-heavy","11":"pa_baujahr-80s","12":"pa_impedanz-16-ohm","13":"pa_power-bis-200watt","14":"pa_speaker-679","16":"first","17":"instock","18":"sold-individually","19":"purchasable","20":"product-type-simple"},"composite_virtual":false,"composite_layout":"","composite_add_to_cart_form_location":"","composite_editable_in_cart":false,"composite_sold_individually_context":"","composite_shop_price_calc":"","composite_components":[],"composite_scenarios":[],"pp_statuses_selecting_workflow":false,"pp_workflow_action":"current","pp_status_selection":"publish","yoast_head":"<!-- This site is optimized with the Yoast SEO plugin v26.8 - https:\/\/yoast.com\/product\/yoast-seo-wordpress\/ -->\n<title>1991 Marshall - JCM 800 1936 2x12 Cab - 2x Celestion G12T-75 - ID 5643 - captain-guitar-lounge.com<\/title>\n<meta name=\"robots\" content=\"index, follow, max-snippet:-1, max-image-preview:large, max-video-preview:-1\" \/>\n<link rel=\"canonical\" href=\"https:\/\/captain-guitar-lounge.com\/en\/product\/1991-marshall-jcm-800-1936-2x12-cab-2x-celestion-g12t-75-id-5643\/\" \/>\n<meta property=\"og:locale\" content=\"en_US\" \/>\n<meta property=\"og:type\" content=\"article\" \/>\n<meta property=\"og:title\" content=\"1991 Marshall - JCM 800 1936 2x12 Cab - 2x Celestion G12T-75 - ID 5643 - captain-guitar-lounge.com\" \/>\n<meta property=\"og:description\" content=\"Vintage 1936 - Mint Zustand: Sehr gut SerNr: 3791 Gewicht: 24,9 kg Versandklasse: Heavy Koffer\/Case: Marshall H\u00fclle Vermittlungsverkauf: 13482\" \/>\n<meta property=\"og:url\" content=\"https:\/\/captain-guitar-lounge.com\/en\/product\/1991-marshall-jcm-800-1936-2x12-cab-2x-celestion-g12t-75-id-5643\/\" \/>\n<meta property=\"og:site_name\" content=\"captain-guitar-lounge.com\" \/>\n<meta property=\"article:publisher\" content=\"https:\/\/www.facebook.com\/Captain-Guitar-Lounge-140457272682315\/\" \/>\n<meta property=\"article:modified_time\" content=\"2026-03-04T11:21:53+00:00\" \/>\n<meta property=\"og:image\" content=\"https:\/\/captain-guitar-lounge.com\/wp-content\/uploads\/2026\/02\/1991-Marshall-JCM-800-1936-2x12-Cab-2x-Celestion-G12T-75-ID-5643IMG_E4116.jpg\" \/>\n\t<meta property=\"og:image:width\" content=\"1512\" \/>\n\t<meta property=\"og:image:height\" content=\"1512\" \/>\n\t<meta property=\"og:image:type\" content=\"image\/jpeg\" \/>\n<meta name=\"twitter:card\" content=\"summary_large_image\" \/>\n<meta name=\"twitter:label1\" content=\"Est. reading time\" \/>\n\t<meta name=\"twitter:data1\" content=\"2 minutes\" \/>\n<script type=\"application\/ld+json\" class=\"yoast-schema-graph\">{\"@context\":\"https:\/\/schema.org\",\"@graph\":[{\"@type\":\"WebPage\",\"@id\":\"https:\/\/captain-guitar-lounge.com\/en\/product\/1991-marshall-jcm-800-1936-2x12-cab-2x-celestion-g12t-75-id-5643\/\",\"url\":\"https:\/\/captain-guitar-lounge.com\/en\/product\/1991-marshall-jcm-800-1936-2x12-cab-2x-celestion-g12t-75-id-5643\/\",\"name\":\"1991 Marshall - JCM 800 1936 2x12 Cab - 2x Celestion G12T-75 - ID 5643 - captain-guitar-lounge.com\",\"isPartOf\":{\"@id\":\"https:\/\/captain-guitar-lounge.com\/en\/#website\"},\"primaryImageOfPage\":{\"@id\":\"https:\/\/captain-guitar-lounge.com\/en\/product\/1991-marshall-jcm-800-1936-2x12-cab-2x-celestion-g12t-75-id-5643\/#primaryimage\"},\"image\":{\"@id\":\"https:\/\/captain-guitar-lounge.com\/en\/product\/1991-marshall-jcm-800-1936-2x12-cab-2x-celestion-g12t-75-id-5643\/#primaryimage\"},\"thumbnailUrl\":\"https:\/\/captain-guitar-lounge.com\/wp-content\/uploads\/2026\/02\/1991-Marshall-JCM-800-1936-2x12-Cab-2x-Celestion-G12T-75-ID-5643IMG_E4116.jpg\",\"datePublished\":\"2026-02-14T09:44:29+00:00\",\"dateModified\":\"2026-03-04T11:21:53+00:00\",\"breadcrumb\":{\"@id\":\"https:\/\/captain-guitar-lounge.com\/en\/product\/1991-marshall-jcm-800-1936-2x12-cab-2x-celestion-g12t-75-id-5643\/#breadcrumb\"},\"inLanguage\":\"en-US\",\"potentialAction\":[{\"@type\":\"ReadAction\",\"target\":[\"https:\/\/captain-guitar-lounge.com\/en\/product\/1991-marshall-jcm-800-1936-2x12-cab-2x-celestion-g12t-75-id-5643\/\"]}]},{\"@type\":\"ImageObject\",\"inLanguage\":\"en-US\",\"@id\":\"https:\/\/captain-guitar-lounge.com\/en\/product\/1991-marshall-jcm-800-1936-2x12-cab-2x-celestion-g12t-75-id-5643\/#primaryimage\",\"url\":\"https:\/\/captain-guitar-lounge.com\/wp-content\/uploads\/2026\/02\/1991-Marshall-JCM-800-1936-2x12-Cab-2x-Celestion-G12T-75-ID-5643IMG_E4116.jpg\",\"contentUrl\":\"https:\/\/captain-guitar-lounge.com\/wp-content\/uploads\/2026\/02\/1991-Marshall-JCM-800-1936-2x12-Cab-2x-Celestion-G12T-75-ID-5643IMG_E4116.jpg\",\"width\":1512,\"height\":1512},{\"@type\":\"BreadcrumbList\",\"@id\":\"https:\/\/captain-guitar-lounge.com\/en\/product\/1991-marshall-jcm-800-1936-2x12-cab-2x-celestion-g12t-75-id-5643\/#breadcrumb\",\"itemListElement\":[{\"@type\":\"ListItem\",\"position\":1,\"name\":\"Startseite\",\"item\":\"https:\/\/captain-guitar-lounge.com\/en\/\"},{\"@type\":\"ListItem\",\"position\":2,\"name\":\"Shop\",\"item\":\"https:\/\/captain-guitar-lounge.com\/shop\/\"},{\"@type\":\"ListItem\",\"position\":3,\"name\":\"1991 Marshall &#8211; JCM 800 1936 2&#215;12 Cab &#8211; 2x Celestion G12T-75 &#8211; ID 5643\"}]},{\"@type\":\"WebSite\",\"@id\":\"https:\/\/captain-guitar-lounge.com\/en\/#website\",\"url\":\"https:\/\/captain-guitar-lounge.com\/en\/\",\"name\":\"captain-guitar-lounge.com\",\"description\":\"Fine Amps and Guitars and more\",\"potentialAction\":[{\"@type\":\"SearchAction\",\"target\":{\"@type\":\"EntryPoint\",\"urlTemplate\":\"https:\/\/captain-guitar-lounge.com\/en\/?s={search_term_string}\"},\"query-input\":{\"@type\":\"PropertyValueSpecification\",\"valueRequired\":true,\"valueName\":\"search_term_string\"}}],\"inLanguage\":\"en-US\"}]}<\/script>\n<!-- \/ Yoast SEO plugin. -->","yoast_head_json":{"title":"1991 Marshall - JCM 800 1936 2x12 Cab - 2x Celestion G12T-75 - ID 5643 - captain-guitar-lounge.com","robots":{"index":"index","follow":"follow","max-snippet":"max-snippet:-1","max-image-preview":"max-image-preview:large","max-video-preview":"max-video-preview:-1"},"canonical":"https:\/\/captain-guitar-lounge.com\/en\/product\/1991-marshall-jcm-800-1936-2x12-cab-2x-celestion-g12t-75-id-5643\/","og_locale":"en_US","og_type":"article","og_title":"1991 Marshall - JCM 800 1936 2x12 Cab - 2x Celestion G12T-75 - ID 5643 - captain-guitar-lounge.com","og_description":"Vintage 1936 - Mint Zustand: Sehr gut SerNr: 3791 Gewicht: 24,9 kg Versandklasse: Heavy Koffer\/Case: Marshall H\u00fclle Vermittlungsverkauf: 13482","og_url":"https:\/\/captain-guitar-lounge.com\/en\/product\/1991-marshall-jcm-800-1936-2x12-cab-2x-celestion-g12t-75-id-5643\/","og_site_name":"captain-guitar-lounge.com","article_publisher":"https:\/\/www.facebook.com\/Captain-Guitar-Lounge-140457272682315\/","article_modified_time":"2026-03-04T11:21:53+00:00","og_image":[{"width":1512,"height":1512,"url":"https:\/\/captain-guitar-lounge.com\/wp-content\/uploads\/2026\/02\/1991-Marshall-JCM-800-1936-2x12-Cab-2x-Celestion-G12T-75-ID-5643IMG_E4116.jpg","type":"image\/jpeg"}],"twitter_card":"summary_large_image","twitter_misc":{"Est. reading time":"2 minutes"},"schema":{"@context":"https:\/\/schema.org","@graph":[{"@type":"WebPage","@id":"https:\/\/captain-guitar-lounge.com\/en\/product\/1991-marshall-jcm-800-1936-2x12-cab-2x-celestion-g12t-75-id-5643\/","url":"https:\/\/captain-guitar-lounge.com\/en\/product\/1991-marshall-jcm-800-1936-2x12-cab-2x-celestion-g12t-75-id-5643\/","name":"1991 Marshall - JCM 800 1936 2x12 Cab - 2x Celestion G12T-75 - ID 5643 - captain-guitar-lounge.com","isPartOf":{"@id":"https:\/\/captain-guitar-lounge.com\/en\/#website"},"primaryImageOfPage":{"@id":"https:\/\/captain-guitar-lounge.com\/en\/product\/1991-marshall-jcm-800-1936-2x12-cab-2x-celestion-g12t-75-id-5643\/#primaryimage"},"image":{"@id":"https:\/\/captain-guitar-lounge.com\/en\/product\/1991-marshall-jcm-800-1936-2x12-cab-2x-celestion-g12t-75-id-5643\/#primaryimage"},"thumbnailUrl":"https:\/\/captain-guitar-lounge.com\/wp-content\/uploads\/2026\/02\/1991-Marshall-JCM-800-1936-2x12-Cab-2x-Celestion-G12T-75-ID-5643IMG_E4116.jpg","datePublished":"2026-02-14T09:44:29+00:00","dateModified":"2026-03-04T11:21:53+00:00","breadcrumb":{"@id":"https:\/\/captain-guitar-lounge.com\/en\/product\/1991-marshall-jcm-800-1936-2x12-cab-2x-celestion-g12t-75-id-5643\/#breadcrumb"},"inLanguage":"en-US","potentialAction":[{"@type":"ReadAction","target":["https:\/\/captain-guitar-lounge.com\/en\/product\/1991-marshall-jcm-800-1936-2x12-cab-2x-celestion-g12t-75-id-5643\/"]}]},{"@type":"ImageObject","inLanguage":"en-US","@id":"https:\/\/captain-guitar-lounge.com\/en\/product\/1991-marshall-jcm-800-1936-2x12-cab-2x-celestion-g12t-75-id-5643\/#primaryimage","url":"https:\/\/captain-guitar-lounge.com\/wp-content\/uploads\/2026\/02\/1991-Marshall-JCM-800-1936-2x12-Cab-2x-Celestion-G12T-75-ID-5643IMG_E4116.jpg","contentUrl":"https:\/\/captain-guitar-lounge.com\/wp-content\/uploads\/2026\/02\/1991-Marshall-JCM-800-1936-2x12-Cab-2x-Celestion-G12T-75-ID-5643IMG_E4116.jpg","width":1512,"height":1512},{"@type":"BreadcrumbList","@id":"https:\/\/captain-guitar-lounge.com\/en\/product\/1991-marshall-jcm-800-1936-2x12-cab-2x-celestion-g12t-75-id-5643\/#breadcrumb","itemListElement":[{"@type":"ListItem","position":1,"name":"Startseite","item":"https:\/\/captain-guitar-lounge.com\/en\/"},{"@type":"ListItem","position":2,"name":"Shop","item":"https:\/\/captain-guitar-lounge.com\/shop\/"},{"@type":"ListItem","position":3,"name":"1991 Marshall &#8211; JCM 800 1936 2&#215;12 Cab &#8211; 2x Celestion G12T-75 &#8211; ID 5643"}]},{"@type":"WebSite","@id":"https:\/\/captain-guitar-lounge.com\/en\/#website","url":"https:\/\/captain-guitar-lounge.com\/en\/","name":"captain-guitar-lounge.com","description":"Fine Amps and Guitars and more","potentialAction":[{"@type":"SearchAction","target":{"@type":"EntryPoint","urlTemplate":"https:\/\/captain-guitar-lounge.com\/en\/?s={search_term_string}"},"query-input":{"@type":"PropertyValueSpecification","valueRequired":true,"valueName":"search_term_string"}}],"inLanguage":"en-US"}]}},"_links":{"self":[{"href":"https:\/\/captain-guitar-lounge.com\/en\/wp-json\/wp\/v2\/product\/231776","targetHints":{"allow":["GET"]}}],"collection":[{"href":"https:\/\/captain-guitar-lounge.com\/en\/wp-json\/wp\/v2\/product"}],"about":[{"href":"https:\/\/captain-guitar-lounge.com\/en\/wp-json\/wp\/v2\/types\/product"}],"replies":[{"embeddable":true,"href":"https:\/\/captain-guitar-lounge.com\/en\/wp-json\/wp\/v2\/comments?post=231776"}],"wp:featuredmedia":[{"embeddable":true,"href":"https:\/\/captain-guitar-lounge.com\/en\/wp-json\/wp\/v2\/media\/231803"}],"wp:attachment":[{"href":"https:\/\/captain-guitar-lounge.com\/en\/wp-json\/wp\/v2\/media?parent=231776"}],"wp:term":[{"taxonomy":"product_brand","embeddable":true,"href":"https:\/\/captain-guitar-lounge.com\/en\/wp-json\/wp\/v2\/product_brand?post=231776"},{"taxonomy":"product_cat","embeddable":true,"href":"https:\/\/captain-guitar-lounge.com\/en\/wp-json\/wp\/v2\/product_cat?post=231776"},{"taxonomy":"product_tag","embeddable":true,"href":"https:\/\/captain-guitar-lounge.com\/en\/wp-json\/wp\/v2\/product_tag?post=231776"}],"curies":[{"name":"wp","href":"https:\/\/api.w.org\/{rel}","templated":true}]}}