{"id":23202,"date":"2021-03-21T17:50:49","date_gmt":"2021-03-21T16:50:49","guid":{"rendered":"https:\/\/captain-guitar-lounge.com\/?p=23202&#038;post_type=product&#038;preview_id=23202"},"modified":"2023-12-07T16:16:14","modified_gmt":"2023-12-07T15:16:14","slug":"jvm-anti-gain-mods","status":"publish","type":"product","link":"https:\/\/captain-guitar-lounge.com\/en\/product\/jvm-anti-gain-mods\/","title":{"rendered":"JVM Anti-Gain-Mods"},"content":{"rendered":"<p>Die koplette Palette alle JVM Mods findest Du hier:<br \/>\n<a href=\"https:\/\/captain-guitar-lounge.com\/2021\/04\/23\/marshall-jvm-2xx-modifications\/\"><strong>JVM 2xxx Modifications<\/strong><\/a><br \/>\n<strong><a href=\"https:\/\/captain-guitar-lounge.com\/2021\/03\/21\/marshall-jvm410-modifications\/\">JVM 410 Modifications<\/a><\/strong><\/p>\n","protected":false},"excerpt":{"rendered":"<p>Die Anti-Gain Mod war die erste Modifikation, die wir an einem JVM410 durchgef\u00fchrt haben. Und sie ist in unseren Augen die Wichtigste.<br \/>\nDie Overdrive-Kan\u00e4le haben einfach viel zuviel Gain und Kompression. Das f\u00fchrt auch zu Problemen mit den Nebenger\u00e4uschen wenn die R\u00f6hren nicht absolut topfrisch sind.<\/p>\n<p>Es gibt drei Varianten:<\/p>\n<p><strong>1) Anti-Gain-Mod<br \/>\n<\/strong>Wir reduzieren die Verst\u00e4rkung in Clean rot und OD1\/OD2 gelb und rot.<br \/>\nClean rot r\u00fcckt dadurch n\u00e4her an die anderen Modi des Kanals.<br \/>\nIn OD1\/OD2 wird mit dem Gain auch die Kompression redudziert, der Sound wird offener\/dynamischer, die Rauschfahne wird reduziert.<br \/>\n<strong>Preis: 97,- \u20ac<\/strong><\/p>\n<p><strong>2) Anti-Gain Mod mit Gain-Schalter<br \/>\n<\/strong>Zur Anti-Gain-Mod ein zus\u00e4tzlicher Schalter an der R\u00fcckwand um die Gain-Reduction in zwei Stufen zu schalten.<br \/>\nLow \u2259 ca. 25% des urspr\u00fcnglichen Gains, High \u2259 50%.<br \/>\n<strong>Preis: 147,- \u20ac<\/strong><\/p>\n<p><strong>3) Anti Gain Mod mit Gain Schalter und Bite-Regler<br \/>\n<\/strong>Zum Einstellen des \u201eBisses\u201c der Verzerrung, v.a. im Crunch Channel wahnsinnig geil! Einstellbereich geht vom eher kratzigen Stock Sound bis hin zu leicht sahnigem Overdrive.<br \/>\nSchwer zu beschreiben, unbedingt in der Lounge ausprobieren!<br \/>\nZus\u00e4tzlicher Bite- Drehregler an der R\u00fcckwand.<br \/>\n<strong>Preis: 207,- \u20ac<\/strong><\/p>\n","protected":false},"featured_media":24658,"comment_status":"closed","ping_status":"closed","template":"","meta":{"_et_pb_use_builder":"","_et_pb_old_content":"","_et_gb_content_width":""},"product_brand":[],"product_cat":[590],"product_tag":[],"class_list":{"0":"post-23202","1":"product","2":"type-product","3":"status-publish","4":"has-post-thumbnail","6":"product_cat-amp-mods","7":"product_shipping_class-nur-abholung","9":"first","10":"instock","11":"sold-individually","12":"taxable","13":"shipping-taxable","14":"purchasable","15":"product-type-variable","16":"has-default-attributes"},"composite_virtual":false,"composite_layout":"","composite_add_to_cart_form_location":"","composite_editable_in_cart":false,"composite_sold_individually_context":"","composite_shop_price_calc":"","composite_components":[],"composite_scenarios":[],"pp_statuses_selecting_workflow":false,"pp_workflow_action":"current","pp_status_selection":"publish","yoast_head":"<!-- This site is optimized with the Yoast SEO plugin v26.8 - https:\/\/yoast.com\/product\/yoast-seo-wordpress\/ -->\n<title>JVM Anti-Gain-Mods - captain-guitar-lounge.com<\/title>\n<meta name=\"robots\" content=\"index, follow, max-snippet:-1, max-image-preview:large, max-video-preview:-1\" \/>\n<link rel=\"canonical\" href=\"https:\/\/captain-guitar-lounge.com\/en\/product\/jvm-anti-gain-mods\/\" \/>\n<meta property=\"og:locale\" content=\"en_US\" \/>\n<meta property=\"og:type\" content=\"article\" \/>\n<meta property=\"og:title\" content=\"JVM Anti-Gain-Mods - captain-guitar-lounge.com\" \/>\n<meta property=\"og:description\" content=\"Die Anti-Gain Mod war die erste Modifikation, die wir an einem JVM410 durchgef\u00fchrt haben. Und sie ist in unseren Augen die Wichtigste. Die Overdrive-Kan\u00e4le haben einfach viel zuviel Gain und Kompression. Das f\u00fchrt auch zu Problemen mit den Nebenger\u00e4uschen wenn die R\u00f6hren nicht absolut topfrisch sind.  Es gibt drei Varianten:  1) Anti-Gain-Mod Wir reduzieren die Verst\u00e4rkung in Clean rot und OD1\/OD2 gelb und rot. Clean rot r\u00fcckt dadurch n\u00e4her an die anderen Modi des Kanals. In OD1\/OD2 wird mit dem Gain auch die Kompression redudziert, der Sound wird offener\/dynamischer, die Rauschfahne wird reduziert. Preis: 97,- \u20ac  2) Anti-Gain Mod mit Gain-Schalter Zur Anti-Gain-Mod ein zus\u00e4tzlicher Schalter an der R\u00fcckwand um die Gain-Reduction in zwei Stufen zu schalten. Low \u2259 ca. 25% des urspr\u00fcnglichen Gains, High \u2259 50%. Preis: 147,- \u20ac  3) Anti Gain Mod mit Gain Schalter und Bite-Regler Zum Einstellen des \u201eBisses\u201c der Verzerrung, v.a. im Crunch Channel wahnsinnig geil! Einstellbereich geht vom eher kratzigen Stock Sound bis hin zu leicht sahnigem Overdrive. Schwer zu beschreiben, unbedingt in der Lounge ausprobieren! Zus\u00e4tzlicher Bite- Drehregler an der R\u00fcckwand. Preis: 207,- \u20ac\" \/>\n<meta property=\"og:url\" content=\"https:\/\/captain-guitar-lounge.com\/en\/product\/jvm-anti-gain-mods\/\" \/>\n<meta property=\"og:site_name\" content=\"captain-guitar-lounge.com\" \/>\n<meta property=\"article:publisher\" content=\"https:\/\/www.facebook.com\/Captain-Guitar-Lounge-140457272682315\/\" \/>\n<meta property=\"article:modified_time\" content=\"2023-12-07T15:16:14+00:00\" \/>\n<meta property=\"og:image\" content=\"https:\/\/captain-guitar-lounge.com\/wp-content\/uploads\/2021\/03\/k-IMG_3035.jpg\" \/>\n\t<meta property=\"og:image:width\" content=\"1280\" \/>\n\t<meta property=\"og:image:height\" content=\"1280\" \/>\n\t<meta property=\"og:image:type\" content=\"image\/jpeg\" \/>\n<meta name=\"twitter:card\" content=\"summary_large_image\" \/>\n<script type=\"application\/ld+json\" class=\"yoast-schema-graph\">{\"@context\":\"https:\/\/schema.org\",\"@graph\":[{\"@type\":\"WebPage\",\"@id\":\"https:\/\/captain-guitar-lounge.com\/en\/product\/jvm-anti-gain-mods\/\",\"url\":\"https:\/\/captain-guitar-lounge.com\/en\/product\/jvm-anti-gain-mods\/\",\"name\":\"JVM Anti-Gain-Mods - captain-guitar-lounge.com\",\"isPartOf\":{\"@id\":\"https:\/\/captain-guitar-lounge.com\/en\/#website\"},\"primaryImageOfPage\":{\"@id\":\"https:\/\/captain-guitar-lounge.com\/en\/product\/jvm-anti-gain-mods\/#primaryimage\"},\"image\":{\"@id\":\"https:\/\/captain-guitar-lounge.com\/en\/product\/jvm-anti-gain-mods\/#primaryimage\"},\"thumbnailUrl\":\"https:\/\/captain-guitar-lounge.com\/wp-content\/uploads\/2021\/03\/k-IMG_3035.jpg\",\"datePublished\":\"2021-03-21T16:50:49+00:00\",\"dateModified\":\"2023-12-07T15:16:14+00:00\",\"breadcrumb\":{\"@id\":\"https:\/\/captain-guitar-lounge.com\/en\/product\/jvm-anti-gain-mods\/#breadcrumb\"},\"inLanguage\":\"en-US\",\"potentialAction\":[{\"@type\":\"ReadAction\",\"target\":[\"https:\/\/captain-guitar-lounge.com\/en\/product\/jvm-anti-gain-mods\/\"]}]},{\"@type\":\"ImageObject\",\"inLanguage\":\"en-US\",\"@id\":\"https:\/\/captain-guitar-lounge.com\/en\/product\/jvm-anti-gain-mods\/#primaryimage\",\"url\":\"https:\/\/captain-guitar-lounge.com\/wp-content\/uploads\/2021\/03\/k-IMG_3035.jpg\",\"contentUrl\":\"https:\/\/captain-guitar-lounge.com\/wp-content\/uploads\/2021\/03\/k-IMG_3035.jpg\",\"width\":1280,\"height\":1280},{\"@type\":\"BreadcrumbList\",\"@id\":\"https:\/\/captain-guitar-lounge.com\/en\/product\/jvm-anti-gain-mods\/#breadcrumb\",\"itemListElement\":[{\"@type\":\"ListItem\",\"position\":1,\"name\":\"Startseite\",\"item\":\"https:\/\/captain-guitar-lounge.com\/en\/captain-guitar-lounge\/\"},{\"@type\":\"ListItem\",\"position\":2,\"name\":\"Shop\",\"item\":\"https:\/\/captain-guitar-lounge.com\/shop\/\"},{\"@type\":\"ListItem\",\"position\":3,\"name\":\"JVM Anti-Gain-Mods\"}]},{\"@type\":\"WebSite\",\"@id\":\"https:\/\/captain-guitar-lounge.com\/en\/#website\",\"url\":\"https:\/\/captain-guitar-lounge.com\/en\/\",\"name\":\"captain-guitar-lounge.com\",\"description\":\"Fine Amps and Guitars and more\",\"potentialAction\":[{\"@type\":\"SearchAction\",\"target\":{\"@type\":\"EntryPoint\",\"urlTemplate\":\"https:\/\/captain-guitar-lounge.com\/en\/?s={search_term_string}\"},\"query-input\":{\"@type\":\"PropertyValueSpecification\",\"valueRequired\":true,\"valueName\":\"search_term_string\"}}],\"inLanguage\":\"en-US\"}]}<\/script>\n<!-- \/ Yoast SEO plugin. -->","yoast_head_json":{"title":"JVM Anti-Gain-Mods - captain-guitar-lounge.com","robots":{"index":"index","follow":"follow","max-snippet":"max-snippet:-1","max-image-preview":"max-image-preview:large","max-video-preview":"max-video-preview:-1"},"canonical":"https:\/\/captain-guitar-lounge.com\/en\/product\/jvm-anti-gain-mods\/","og_locale":"en_US","og_type":"article","og_title":"JVM Anti-Gain-Mods - captain-guitar-lounge.com","og_description":"Die Anti-Gain Mod war die erste Modifikation, die wir an einem JVM410 durchgef\u00fchrt haben. Und sie ist in unseren Augen die Wichtigste. Die Overdrive-Kan\u00e4le haben einfach viel zuviel Gain und Kompression. Das f\u00fchrt auch zu Problemen mit den Nebenger\u00e4uschen wenn die R\u00f6hren nicht absolut topfrisch sind.  Es gibt drei Varianten:  1) Anti-Gain-Mod Wir reduzieren die Verst\u00e4rkung in Clean rot und OD1\/OD2 gelb und rot. Clean rot r\u00fcckt dadurch n\u00e4her an die anderen Modi des Kanals. In OD1\/OD2 wird mit dem Gain auch die Kompression redudziert, der Sound wird offener\/dynamischer, die Rauschfahne wird reduziert. Preis: 97,- \u20ac  2) Anti-Gain Mod mit Gain-Schalter Zur Anti-Gain-Mod ein zus\u00e4tzlicher Schalter an der R\u00fcckwand um die Gain-Reduction in zwei Stufen zu schalten. Low \u2259 ca. 25% des urspr\u00fcnglichen Gains, High \u2259 50%. Preis: 147,- \u20ac  3) Anti Gain Mod mit Gain Schalter und Bite-Regler Zum Einstellen des \u201eBisses\u201c der Verzerrung, v.a. im Crunch Channel wahnsinnig geil! Einstellbereich geht vom eher kratzigen Stock Sound bis hin zu leicht sahnigem Overdrive. Schwer zu beschreiben, unbedingt in der Lounge ausprobieren! Zus\u00e4tzlicher Bite- Drehregler an der R\u00fcckwand. Preis: 207,- \u20ac","og_url":"https:\/\/captain-guitar-lounge.com\/en\/product\/jvm-anti-gain-mods\/","og_site_name":"captain-guitar-lounge.com","article_publisher":"https:\/\/www.facebook.com\/Captain-Guitar-Lounge-140457272682315\/","article_modified_time":"2023-12-07T15:16:14+00:00","og_image":[{"width":1280,"height":1280,"url":"https:\/\/captain-guitar-lounge.com\/wp-content\/uploads\/2021\/03\/k-IMG_3035.jpg","type":"image\/jpeg"}],"twitter_card":"summary_large_image","schema":{"@context":"https:\/\/schema.org","@graph":[{"@type":"WebPage","@id":"https:\/\/captain-guitar-lounge.com\/en\/product\/jvm-anti-gain-mods\/","url":"https:\/\/captain-guitar-lounge.com\/en\/product\/jvm-anti-gain-mods\/","name":"JVM Anti-Gain-Mods - captain-guitar-lounge.com","isPartOf":{"@id":"https:\/\/captain-guitar-lounge.com\/en\/#website"},"primaryImageOfPage":{"@id":"https:\/\/captain-guitar-lounge.com\/en\/product\/jvm-anti-gain-mods\/#primaryimage"},"image":{"@id":"https:\/\/captain-guitar-lounge.com\/en\/product\/jvm-anti-gain-mods\/#primaryimage"},"thumbnailUrl":"https:\/\/captain-guitar-lounge.com\/wp-content\/uploads\/2021\/03\/k-IMG_3035.jpg","datePublished":"2021-03-21T16:50:49+00:00","dateModified":"2023-12-07T15:16:14+00:00","breadcrumb":{"@id":"https:\/\/captain-guitar-lounge.com\/en\/product\/jvm-anti-gain-mods\/#breadcrumb"},"inLanguage":"en-US","potentialAction":[{"@type":"ReadAction","target":["https:\/\/captain-guitar-lounge.com\/en\/product\/jvm-anti-gain-mods\/"]}]},{"@type":"ImageObject","inLanguage":"en-US","@id":"https:\/\/captain-guitar-lounge.com\/en\/product\/jvm-anti-gain-mods\/#primaryimage","url":"https:\/\/captain-guitar-lounge.com\/wp-content\/uploads\/2021\/03\/k-IMG_3035.jpg","contentUrl":"https:\/\/captain-guitar-lounge.com\/wp-content\/uploads\/2021\/03\/k-IMG_3035.jpg","width":1280,"height":1280},{"@type":"BreadcrumbList","@id":"https:\/\/captain-guitar-lounge.com\/en\/product\/jvm-anti-gain-mods\/#breadcrumb","itemListElement":[{"@type":"ListItem","position":1,"name":"Startseite","item":"https:\/\/captain-guitar-lounge.com\/en\/captain-guitar-lounge\/"},{"@type":"ListItem","position":2,"name":"Shop","item":"https:\/\/captain-guitar-lounge.com\/shop\/"},{"@type":"ListItem","position":3,"name":"JVM Anti-Gain-Mods"}]},{"@type":"WebSite","@id":"https:\/\/captain-guitar-lounge.com\/en\/#website","url":"https:\/\/captain-guitar-lounge.com\/en\/","name":"captain-guitar-lounge.com","description":"Fine Amps and Guitars and more","potentialAction":[{"@type":"SearchAction","target":{"@type":"EntryPoint","urlTemplate":"https:\/\/captain-guitar-lounge.com\/en\/?s={search_term_string}"},"query-input":{"@type":"PropertyValueSpecification","valueRequired":true,"valueName":"search_term_string"}}],"inLanguage":"en-US"}]}},"_links":{"self":[{"href":"https:\/\/captain-guitar-lounge.com\/en\/wp-json\/wp\/v2\/product\/23202","targetHints":{"allow":["GET"]}}],"collection":[{"href":"https:\/\/captain-guitar-lounge.com\/en\/wp-json\/wp\/v2\/product"}],"about":[{"href":"https:\/\/captain-guitar-lounge.com\/en\/wp-json\/wp\/v2\/types\/product"}],"replies":[{"embeddable":true,"href":"https:\/\/captain-guitar-lounge.com\/en\/wp-json\/wp\/v2\/comments?post=23202"}],"wp:featuredmedia":[{"embeddable":true,"href":"https:\/\/captain-guitar-lounge.com\/en\/wp-json\/wp\/v2\/media\/24658"}],"wp:attachment":[{"href":"https:\/\/captain-guitar-lounge.com\/en\/wp-json\/wp\/v2\/media?parent=23202"}],"wp:term":[{"taxonomy":"product_brand","embeddable":true,"href":"https:\/\/captain-guitar-lounge.com\/en\/wp-json\/wp\/v2\/product_brand?post=23202"},{"taxonomy":"product_cat","embeddable":true,"href":"https:\/\/captain-guitar-lounge.com\/en\/wp-json\/wp\/v2\/product_cat?post=23202"},{"taxonomy":"product_tag","embeddable":true,"href":"https:\/\/captain-guitar-lounge.com\/en\/wp-json\/wp\/v2\/product_tag?post=23202"}],"curies":[{"name":"wp","href":"https:\/\/api.w.org\/{rel}","templated":true}]}}