{"id":23413,"date":"2021-03-23T21:41:36","date_gmt":"2021-03-23T20:41:36","guid":{"rendered":"https:\/\/captain-guitar-lounge.com\/?p=23413&#038;post_type=product&#038;preview_id=23413"},"modified":"2023-10-18T13:35:44","modified_gmt":"2023-10-18T11:35:44","slug":"jvm410-mod-packages","status":"publish","type":"product","link":"https:\/\/captain-guitar-lounge.com\/en\/product\/jvm410-mod-packages\/","title":{"rendered":"JVM410 Mod Packages"},"content":{"rendered":"","protected":false},"excerpt":{"rendered":"<div class=\"n module-type-text diyfeLiveArea \">Alle sieben Modifikationen haben wir f\u00fcr euch als Paket zusammengeschn\u00fcrt.<\/div>\n<div class=\"n module-type-text diyfeLiveArea \"><strong><br \/>\nJVM 410 Captain Volle H\u00fctte Mod<\/strong><\/div>\n<div>Beinhaltet alle Modifikationen:<\/div>\n<div class=\"et_pb_column et_pb_column_3_4 et_pb_column_4 et_pb_css_mix_blend_mode_passthrough\">\n<div class=\"et_pb_module et_pb_text et_pb_text_4 et_pb_text_align_left et_pb_bg_layout_light\">\n<ul>\n<li class=\"et_pb_text_inner\">Voicing der Kan\u00e4le<\/li>\n<li class=\"et_pb_text_inner\">Vintage-Style Mod<\/li>\n<li class=\"et_pb_text_inner\">Clean Green\/Crunch Boost mit Schalter<\/li>\n<li class=\"et_pb_text_inner\">Anti Gain Mod mit Gain Schalter und Bite-Regler<\/li>\n<li class=\"et_pb_text_inner\">Negative-Feedback-Mod mit Regler<\/li>\n<li class=\"et_pb_text_inner\">Choke Mod<\/li>\n<li class=\"et_pb_text_inner\">Master Mod<br \/>\n<strong>Komplettpreis 497,- \u20ac<br \/>\n<\/strong><\/li>\n<\/ul>\n<p><strong>JVM 410 Captains Favorite Mod<br \/>\n<\/strong>Und wem die ganzen zus\u00e4tzlichen Kn\u00f6ppe zuviel sind, der bekommt die Mods auch mit Captains Lieblings-Sound voreingestellt, ohne die zus\u00e4tzlichen Schalter und Regler auf der R\u00fcckwand.<br \/>\n<strong>Komplettpreis: 397,- \u20ac<\/strong><\/p>\n<\/div>\n<\/div>\n","protected":false},"featured_media":23742,"comment_status":"closed","ping_status":"closed","template":"","meta":{"_et_pb_use_builder":"","_et_pb_old_content":"","_et_gb_content_width":""},"product_brand":[],"product_cat":[590],"product_tag":[],"class_list":{"0":"post-23413","1":"product","2":"type-product","3":"status-publish","4":"has-post-thumbnail","6":"product_cat-amp-mods","7":"product_shipping_class-nur-abholung","9":"first","10":"instock","11":"sold-individually","12":"taxable","13":"shipping-taxable","14":"purchasable","15":"product-type-variable","16":"has-default-attributes"},"composite_virtual":false,"composite_layout":"","composite_add_to_cart_form_location":"","composite_editable_in_cart":false,"composite_sold_individually_context":"","composite_shop_price_calc":"","composite_components":[],"composite_scenarios":[],"pp_statuses_selecting_workflow":false,"pp_workflow_action":"current","pp_status_selection":"publish","yoast_head":"<!-- This site is optimized with the Yoast SEO plugin v26.8 - https:\/\/yoast.com\/product\/yoast-seo-wordpress\/ -->\n<title>JVM410 Mod Packages - captain-guitar-lounge.com<\/title>\n<meta name=\"robots\" content=\"index, follow, max-snippet:-1, max-image-preview:large, max-video-preview:-1\" \/>\n<link rel=\"canonical\" href=\"https:\/\/captain-guitar-lounge.com\/en\/product\/jvm410-mod-packages\/\" \/>\n<meta property=\"og:locale\" content=\"en_US\" \/>\n<meta property=\"og:type\" content=\"article\" \/>\n<meta property=\"og:title\" content=\"JVM410 Mod Packages - captain-guitar-lounge.com\" \/>\n<meta property=\"og:description\" content=\"Alle sieben Modifikationen haben wir f\u00fcr euch als Paket zusammengeschn\u00fcrt.  JVM 410 Captain Volle H\u00fctte Mod Beinhaltet alle Modifikationen:     Voicing der Kan\u00e4le  Vintage-Style Mod  Clean Green\/Crunch Boost mit Schalter  Anti Gain Mod mit Gain Schalter und Bite-Regler  Negative-Feedback-Mod mit Regler  Choke Mod  Master Mod Komplettpreis 497,- \u20ac   JVM 410 Captains Favorite Mod Und wem die ganzen zus\u00e4tzlichen Kn\u00f6ppe zuviel sind, der bekommt die Mods auch mit Captains Lieblings-Sound voreingestellt, ohne die zus\u00e4tzlichen Schalter und Regler auf der R\u00fcckwand. Komplettpreis: 397,- \u20ac\" \/>\n<meta property=\"og:url\" content=\"https:\/\/captain-guitar-lounge.com\/en\/product\/jvm410-mod-packages\/\" \/>\n<meta property=\"og:site_name\" content=\"captain-guitar-lounge.com\" \/>\n<meta property=\"article:publisher\" content=\"https:\/\/www.facebook.com\/Captain-Guitar-Lounge-140457272682315\/\" \/>\n<meta property=\"article:modified_time\" content=\"2023-10-18T11:35:44+00:00\" \/>\n<meta property=\"og:image\" content=\"https:\/\/captain-guitar-lounge.com\/wp-content\/uploads\/2021\/03\/JVM410H-Mod.jpg\" \/>\n\t<meta property=\"og:image:width\" content=\"220\" \/>\n\t<meta property=\"og:image:height\" content=\"220\" \/>\n\t<meta property=\"og:image:type\" content=\"image\/jpeg\" \/>\n<meta name=\"twitter:card\" content=\"summary_large_image\" \/>\n<script type=\"application\/ld+json\" class=\"yoast-schema-graph\">{\"@context\":\"https:\/\/schema.org\",\"@graph\":[{\"@type\":\"WebPage\",\"@id\":\"https:\/\/captain-guitar-lounge.com\/en\/product\/jvm410-mod-packages\/\",\"url\":\"https:\/\/captain-guitar-lounge.com\/en\/product\/jvm410-mod-packages\/\",\"name\":\"JVM410 Mod Packages - captain-guitar-lounge.com\",\"isPartOf\":{\"@id\":\"https:\/\/captain-guitar-lounge.com\/en\/#website\"},\"primaryImageOfPage\":{\"@id\":\"https:\/\/captain-guitar-lounge.com\/en\/product\/jvm410-mod-packages\/#primaryimage\"},\"image\":{\"@id\":\"https:\/\/captain-guitar-lounge.com\/en\/product\/jvm410-mod-packages\/#primaryimage\"},\"thumbnailUrl\":\"https:\/\/captain-guitar-lounge.com\/wp-content\/uploads\/2021\/03\/JVM410H-Mod.jpg\",\"datePublished\":\"2021-03-23T20:41:36+00:00\",\"dateModified\":\"2023-10-18T11:35:44+00:00\",\"breadcrumb\":{\"@id\":\"https:\/\/captain-guitar-lounge.com\/en\/product\/jvm410-mod-packages\/#breadcrumb\"},\"inLanguage\":\"en-US\",\"potentialAction\":[{\"@type\":\"ReadAction\",\"target\":[\"https:\/\/captain-guitar-lounge.com\/en\/product\/jvm410-mod-packages\/\"]}]},{\"@type\":\"ImageObject\",\"inLanguage\":\"en-US\",\"@id\":\"https:\/\/captain-guitar-lounge.com\/en\/product\/jvm410-mod-packages\/#primaryimage\",\"url\":\"https:\/\/captain-guitar-lounge.com\/wp-content\/uploads\/2021\/03\/JVM410H-Mod.jpg\",\"contentUrl\":\"https:\/\/captain-guitar-lounge.com\/wp-content\/uploads\/2021\/03\/JVM410H-Mod.jpg\",\"width\":220,\"height\":220},{\"@type\":\"BreadcrumbList\",\"@id\":\"https:\/\/captain-guitar-lounge.com\/en\/product\/jvm410-mod-packages\/#breadcrumb\",\"itemListElement\":[{\"@type\":\"ListItem\",\"position\":1,\"name\":\"Startseite\",\"item\":\"https:\/\/captain-guitar-lounge.com\/en\/\"},{\"@type\":\"ListItem\",\"position\":2,\"name\":\"Shop\",\"item\":\"https:\/\/captain-guitar-lounge.com\/shop\/\"},{\"@type\":\"ListItem\",\"position\":3,\"name\":\"JVM410 Mod Packages\"}]},{\"@type\":\"WebSite\",\"@id\":\"https:\/\/captain-guitar-lounge.com\/en\/#website\",\"url\":\"https:\/\/captain-guitar-lounge.com\/en\/\",\"name\":\"captain-guitar-lounge.com\",\"description\":\"Fine Amps and Guitars and more\",\"potentialAction\":[{\"@type\":\"SearchAction\",\"target\":{\"@type\":\"EntryPoint\",\"urlTemplate\":\"https:\/\/captain-guitar-lounge.com\/en\/?s={search_term_string}\"},\"query-input\":{\"@type\":\"PropertyValueSpecification\",\"valueRequired\":true,\"valueName\":\"search_term_string\"}}],\"inLanguage\":\"en-US\"}]}<\/script>\n<!-- \/ Yoast SEO plugin. -->","yoast_head_json":{"title":"JVM410 Mod Packages - captain-guitar-lounge.com","robots":{"index":"index","follow":"follow","max-snippet":"max-snippet:-1","max-image-preview":"max-image-preview:large","max-video-preview":"max-video-preview:-1"},"canonical":"https:\/\/captain-guitar-lounge.com\/en\/product\/jvm410-mod-packages\/","og_locale":"en_US","og_type":"article","og_title":"JVM410 Mod Packages - captain-guitar-lounge.com","og_description":"Alle sieben Modifikationen haben wir f\u00fcr euch als Paket zusammengeschn\u00fcrt.  JVM 410 Captain Volle H\u00fctte Mod Beinhaltet alle Modifikationen:     Voicing der Kan\u00e4le  Vintage-Style Mod  Clean Green\/Crunch Boost mit Schalter  Anti Gain Mod mit Gain Schalter und Bite-Regler  Negative-Feedback-Mod mit Regler  Choke Mod  Master Mod Komplettpreis 497,- \u20ac   JVM 410 Captains Favorite Mod Und wem die ganzen zus\u00e4tzlichen Kn\u00f6ppe zuviel sind, der bekommt die Mods auch mit Captains Lieblings-Sound voreingestellt, ohne die zus\u00e4tzlichen Schalter und Regler auf der R\u00fcckwand. Komplettpreis: 397,- \u20ac","og_url":"https:\/\/captain-guitar-lounge.com\/en\/product\/jvm410-mod-packages\/","og_site_name":"captain-guitar-lounge.com","article_publisher":"https:\/\/www.facebook.com\/Captain-Guitar-Lounge-140457272682315\/","article_modified_time":"2023-10-18T11:35:44+00:00","og_image":[{"width":220,"height":220,"url":"https:\/\/captain-guitar-lounge.com\/wp-content\/uploads\/2021\/03\/JVM410H-Mod.jpg","type":"image\/jpeg"}],"twitter_card":"summary_large_image","schema":{"@context":"https:\/\/schema.org","@graph":[{"@type":"WebPage","@id":"https:\/\/captain-guitar-lounge.com\/en\/product\/jvm410-mod-packages\/","url":"https:\/\/captain-guitar-lounge.com\/en\/product\/jvm410-mod-packages\/","name":"JVM410 Mod Packages - captain-guitar-lounge.com","isPartOf":{"@id":"https:\/\/captain-guitar-lounge.com\/en\/#website"},"primaryImageOfPage":{"@id":"https:\/\/captain-guitar-lounge.com\/en\/product\/jvm410-mod-packages\/#primaryimage"},"image":{"@id":"https:\/\/captain-guitar-lounge.com\/en\/product\/jvm410-mod-packages\/#primaryimage"},"thumbnailUrl":"https:\/\/captain-guitar-lounge.com\/wp-content\/uploads\/2021\/03\/JVM410H-Mod.jpg","datePublished":"2021-03-23T20:41:36+00:00","dateModified":"2023-10-18T11:35:44+00:00","breadcrumb":{"@id":"https:\/\/captain-guitar-lounge.com\/en\/product\/jvm410-mod-packages\/#breadcrumb"},"inLanguage":"en-US","potentialAction":[{"@type":"ReadAction","target":["https:\/\/captain-guitar-lounge.com\/en\/product\/jvm410-mod-packages\/"]}]},{"@type":"ImageObject","inLanguage":"en-US","@id":"https:\/\/captain-guitar-lounge.com\/en\/product\/jvm410-mod-packages\/#primaryimage","url":"https:\/\/captain-guitar-lounge.com\/wp-content\/uploads\/2021\/03\/JVM410H-Mod.jpg","contentUrl":"https:\/\/captain-guitar-lounge.com\/wp-content\/uploads\/2021\/03\/JVM410H-Mod.jpg","width":220,"height":220},{"@type":"BreadcrumbList","@id":"https:\/\/captain-guitar-lounge.com\/en\/product\/jvm410-mod-packages\/#breadcrumb","itemListElement":[{"@type":"ListItem","position":1,"name":"Startseite","item":"https:\/\/captain-guitar-lounge.com\/en\/"},{"@type":"ListItem","position":2,"name":"Shop","item":"https:\/\/captain-guitar-lounge.com\/shop\/"},{"@type":"ListItem","position":3,"name":"JVM410 Mod Packages"}]},{"@type":"WebSite","@id":"https:\/\/captain-guitar-lounge.com\/en\/#website","url":"https:\/\/captain-guitar-lounge.com\/en\/","name":"captain-guitar-lounge.com","description":"Fine Amps and Guitars and more","potentialAction":[{"@type":"SearchAction","target":{"@type":"EntryPoint","urlTemplate":"https:\/\/captain-guitar-lounge.com\/en\/?s={search_term_string}"},"query-input":{"@type":"PropertyValueSpecification","valueRequired":true,"valueName":"search_term_string"}}],"inLanguage":"en-US"}]}},"_links":{"self":[{"href":"https:\/\/captain-guitar-lounge.com\/en\/wp-json\/wp\/v2\/product\/23413","targetHints":{"allow":["GET"]}}],"collection":[{"href":"https:\/\/captain-guitar-lounge.com\/en\/wp-json\/wp\/v2\/product"}],"about":[{"href":"https:\/\/captain-guitar-lounge.com\/en\/wp-json\/wp\/v2\/types\/product"}],"replies":[{"embeddable":true,"href":"https:\/\/captain-guitar-lounge.com\/en\/wp-json\/wp\/v2\/comments?post=23413"}],"wp:featuredmedia":[{"embeddable":true,"href":"https:\/\/captain-guitar-lounge.com\/en\/wp-json\/wp\/v2\/media\/23742"}],"wp:attachment":[{"href":"https:\/\/captain-guitar-lounge.com\/en\/wp-json\/wp\/v2\/media?parent=23413"}],"wp:term":[{"taxonomy":"product_brand","embeddable":true,"href":"https:\/\/captain-guitar-lounge.com\/en\/wp-json\/wp\/v2\/product_brand?post=23413"},{"taxonomy":"product_cat","embeddable":true,"href":"https:\/\/captain-guitar-lounge.com\/en\/wp-json\/wp\/v2\/product_cat?post=23413"},{"taxonomy":"product_tag","embeddable":true,"href":"https:\/\/captain-guitar-lounge.com\/en\/wp-json\/wp\/v2\/product_tag?post=23413"}],"curies":[{"name":"wp","href":"https:\/\/api.w.org\/{rel}","templated":true}]}}