{"id":234830,"date":"2026-03-04T10:08:48","date_gmt":"2026-03-04T09:08:48","guid":{"rendered":"https:\/\/captain-guitar-lounge.com\/?post_type=product&#038;p=234830"},"modified":"2026-03-19T09:41:57","modified_gmt":"2026-03-19T08:41:57","slug":"arbiter-sg-e-gitarre-id-5734","status":"publish","type":"product","link":"https:\/\/captain-guitar-lounge.com\/en\/product\/arbiter-sg-e-gitarre-id-5734\/","title":{"rendered":"Arbiter &#8211; SG E Gitarre &#8211; ID 5734"},"content":{"rendered":"<p>Diese<strong> solidbody E-Gitarre<\/strong> wurde unter dem Namen Arbiter von Teisco in Japan produziert. Das Baujahr ist vermutlich in den 1970er Jahren. Die Korpusform \u00e4hnelt einer Gibson SG Melodymaker, die Kopfplatte \u00e4hnelt einer Fender Stratocaster. Der Mahagoni-Hals ist verschraubt und das Palisandergriffbrett mit 21 B\u00fcnden hat ein Binding. Als Tonabnehmer dient ein Singlecoil mit je einem Regler f\u00fcr Lautst\u00e4rke und Ton.<\/p>\n<p>Der Zustand ist sehr gut, das Setup wurde justiert. Die Mechaniken sind vermutlich nicht original, sondern Kluson Deluxe Style, dadurch ist die Gitarre allerdings stimmstabil und l\u00e4sst sich sehr gut spielen. Sie klingt \u00fcberrraschend gut und schwingt wie der Teufel!<\/p>\n<p>&#8211; Hals: Mahagoni<br \/>\n&#8211; Griffbrett: Palisander mit Binding und Dot Inlays<br \/>\n&#8211; Griffbrettradius: 9,5&#8243;<br \/>\n&#8211; B\u00fcnde: 21 mit Nullbund<br \/>\n&#8211; Sattelbreite: 43,3 mm<br \/>\n&#8211; Breite am 12. Bund: 52 mm<br \/>\n&#8211; Halsst\u00e4rke am 1. Bund: 22,2 mm<br \/>\n&#8211; Halsst\u00e4rke am 12. Bund: 23,4 mm<br \/>\n&#8211; Mensur: ca. 63 cm<br \/>\n&#8211; Tonabnehmer: 1x Singlecoil<br \/>\n&#8211; Regler: 1x Volume, 1x Tone<br \/>\n&#8211; Farbe: 2 Tone Sunburst (schwarz\/rot)<br \/>\n&#8211; inkl. Gigbag<br \/>\n&#8211; Gewicht: 2423 Gramm<\/p>\n","protected":false},"excerpt":{"rendered":"<p><strong>made in Japan<\/strong><br \/>\nZustand: Sehr gut<br \/>\nGewicht: 2,4 kg Versandklasse: Standard<br \/>\nKoffer\/Case: Gigbag<\/p>\n","protected":false},"featured_media":234831,"comment_status":"closed","ping_status":"closed","template":"","meta":{"_et_pb_use_builder":"","_et_pb_old_content":"","_et_gb_content_width":""},"product_brand":[],"product_cat":[60,290],"product_tag":[],"class_list":{"0":"post-234830","1":"product","2":"type-product","3":"status-publish","4":"has-post-thumbnail","6":"product_cat-electric-guitars","7":"product_cat-fundgrube","8":"product_shipping_class-standard","10":"first","11":"outofstock","12":"sold-individually","13":"purchasable","14":"product-type-simple"},"composite_virtual":false,"composite_layout":"","composite_add_to_cart_form_location":"","composite_editable_in_cart":false,"composite_sold_individually_context":"","composite_shop_price_calc":"","composite_components":[],"composite_scenarios":[],"pp_statuses_selecting_workflow":false,"pp_workflow_action":"current","pp_status_selection":"publish","yoast_head":"<!-- This site is optimized with the Yoast SEO plugin v26.8 - https:\/\/yoast.com\/product\/yoast-seo-wordpress\/ -->\n<title>Arbiter - SG E Gitarre - ID 5734 - captain-guitar-lounge.com<\/title>\n<meta name=\"robots\" content=\"index, follow, max-snippet:-1, max-image-preview:large, max-video-preview:-1\" \/>\n<link rel=\"canonical\" href=\"https:\/\/captain-guitar-lounge.com\/en\/product\/arbiter-sg-e-gitarre-id-5734\/\" \/>\n<meta property=\"og:locale\" content=\"en_US\" \/>\n<meta property=\"og:type\" content=\"article\" \/>\n<meta property=\"og:title\" content=\"Arbiter - SG E Gitarre - ID 5734 - captain-guitar-lounge.com\" \/>\n<meta property=\"og:description\" content=\"made in Japan Zustand: Sehr gut Gewicht: 2,4 kg Versandklasse: Standard Koffer\/Case: Gigbag\" \/>\n<meta property=\"og:url\" content=\"https:\/\/captain-guitar-lounge.com\/en\/product\/arbiter-sg-e-gitarre-id-5734\/\" \/>\n<meta property=\"og:site_name\" content=\"captain-guitar-lounge.com\" \/>\n<meta property=\"article:publisher\" content=\"https:\/\/www.facebook.com\/Captain-Guitar-Lounge-140457272682315\/\" \/>\n<meta property=\"article:modified_time\" content=\"2026-03-19T08:41:57+00:00\" \/>\n<meta property=\"og:image\" content=\"https:\/\/captain-guitar-lounge.com\/wp-content\/uploads\/2026\/03\/Arbiter-SG-E-Gitarre-ID-5734IMG_4133.jpg\" \/>\n\t<meta property=\"og:image:width\" content=\"1512\" \/>\n\t<meta property=\"og:image:height\" content=\"1512\" \/>\n\t<meta property=\"og:image:type\" content=\"image\/jpeg\" \/>\n<meta name=\"twitter:card\" content=\"summary_large_image\" \/>\n<meta name=\"twitter:label1\" content=\"Est. reading time\" \/>\n\t<meta name=\"twitter:data1\" content=\"2 minutes\" \/>\n<script type=\"application\/ld+json\" class=\"yoast-schema-graph\">{\"@context\":\"https:\/\/schema.org\",\"@graph\":[{\"@type\":\"WebPage\",\"@id\":\"https:\/\/captain-guitar-lounge.com\/en\/product\/arbiter-sg-e-gitarre-id-5734\/\",\"url\":\"https:\/\/captain-guitar-lounge.com\/en\/product\/arbiter-sg-e-gitarre-id-5734\/\",\"name\":\"Arbiter - SG E Gitarre - ID 5734 - captain-guitar-lounge.com\",\"isPartOf\":{\"@id\":\"https:\/\/captain-guitar-lounge.com\/en\/#website\"},\"primaryImageOfPage\":{\"@id\":\"https:\/\/captain-guitar-lounge.com\/en\/product\/arbiter-sg-e-gitarre-id-5734\/#primaryimage\"},\"image\":{\"@id\":\"https:\/\/captain-guitar-lounge.com\/en\/product\/arbiter-sg-e-gitarre-id-5734\/#primaryimage\"},\"thumbnailUrl\":\"https:\/\/captain-guitar-lounge.com\/wp-content\/uploads\/2026\/03\/Arbiter-SG-E-Gitarre-ID-5734IMG_4133.jpg\",\"datePublished\":\"2026-03-04T09:08:48+00:00\",\"dateModified\":\"2026-03-19T08:41:57+00:00\",\"breadcrumb\":{\"@id\":\"https:\/\/captain-guitar-lounge.com\/en\/product\/arbiter-sg-e-gitarre-id-5734\/#breadcrumb\"},\"inLanguage\":\"en-US\",\"potentialAction\":[{\"@type\":\"ReadAction\",\"target\":[\"https:\/\/captain-guitar-lounge.com\/en\/product\/arbiter-sg-e-gitarre-id-5734\/\"]}]},{\"@type\":\"ImageObject\",\"inLanguage\":\"en-US\",\"@id\":\"https:\/\/captain-guitar-lounge.com\/en\/product\/arbiter-sg-e-gitarre-id-5734\/#primaryimage\",\"url\":\"https:\/\/captain-guitar-lounge.com\/wp-content\/uploads\/2026\/03\/Arbiter-SG-E-Gitarre-ID-5734IMG_4133.jpg\",\"contentUrl\":\"https:\/\/captain-guitar-lounge.com\/wp-content\/uploads\/2026\/03\/Arbiter-SG-E-Gitarre-ID-5734IMG_4133.jpg\",\"width\":1512,\"height\":1512,\"caption\":\"Arbiter-SG-E-Gitarre-ID-5734IMG_4133.jpg 4. M\u00e4rz 2026\"},{\"@type\":\"BreadcrumbList\",\"@id\":\"https:\/\/captain-guitar-lounge.com\/en\/product\/arbiter-sg-e-gitarre-id-5734\/#breadcrumb\",\"itemListElement\":[{\"@type\":\"ListItem\",\"position\":1,\"name\":\"Startseite\",\"item\":\"https:\/\/captain-guitar-lounge.com\/en\/\"},{\"@type\":\"ListItem\",\"position\":2,\"name\":\"Shop\",\"item\":\"https:\/\/captain-guitar-lounge.com\/shop\/\"},{\"@type\":\"ListItem\",\"position\":3,\"name\":\"Arbiter &#8211; SG E Gitarre &#8211; ID 5734\"}]},{\"@type\":\"WebSite\",\"@id\":\"https:\/\/captain-guitar-lounge.com\/en\/#website\",\"url\":\"https:\/\/captain-guitar-lounge.com\/en\/\",\"name\":\"captain-guitar-lounge.com\",\"description\":\"Fine Amps and Guitars and more\",\"potentialAction\":[{\"@type\":\"SearchAction\",\"target\":{\"@type\":\"EntryPoint\",\"urlTemplate\":\"https:\/\/captain-guitar-lounge.com\/en\/?s={search_term_string}\"},\"query-input\":{\"@type\":\"PropertyValueSpecification\",\"valueRequired\":true,\"valueName\":\"search_term_string\"}}],\"inLanguage\":\"en-US\"}]}<\/script>\n<!-- \/ Yoast SEO plugin. -->","yoast_head_json":{"title":"Arbiter - SG E Gitarre - ID 5734 - captain-guitar-lounge.com","robots":{"index":"index","follow":"follow","max-snippet":"max-snippet:-1","max-image-preview":"max-image-preview:large","max-video-preview":"max-video-preview:-1"},"canonical":"https:\/\/captain-guitar-lounge.com\/en\/product\/arbiter-sg-e-gitarre-id-5734\/","og_locale":"en_US","og_type":"article","og_title":"Arbiter - SG E Gitarre - ID 5734 - captain-guitar-lounge.com","og_description":"made in Japan Zustand: Sehr gut Gewicht: 2,4 kg Versandklasse: Standard Koffer\/Case: Gigbag","og_url":"https:\/\/captain-guitar-lounge.com\/en\/product\/arbiter-sg-e-gitarre-id-5734\/","og_site_name":"captain-guitar-lounge.com","article_publisher":"https:\/\/www.facebook.com\/Captain-Guitar-Lounge-140457272682315\/","article_modified_time":"2026-03-19T08:41:57+00:00","og_image":[{"width":1512,"height":1512,"url":"https:\/\/captain-guitar-lounge.com\/wp-content\/uploads\/2026\/03\/Arbiter-SG-E-Gitarre-ID-5734IMG_4133.jpg","type":"image\/jpeg"}],"twitter_card":"summary_large_image","twitter_misc":{"Est. reading time":"2 minutes"},"schema":{"@context":"https:\/\/schema.org","@graph":[{"@type":"WebPage","@id":"https:\/\/captain-guitar-lounge.com\/en\/product\/arbiter-sg-e-gitarre-id-5734\/","url":"https:\/\/captain-guitar-lounge.com\/en\/product\/arbiter-sg-e-gitarre-id-5734\/","name":"Arbiter - SG E Gitarre - ID 5734 - captain-guitar-lounge.com","isPartOf":{"@id":"https:\/\/captain-guitar-lounge.com\/en\/#website"},"primaryImageOfPage":{"@id":"https:\/\/captain-guitar-lounge.com\/en\/product\/arbiter-sg-e-gitarre-id-5734\/#primaryimage"},"image":{"@id":"https:\/\/captain-guitar-lounge.com\/en\/product\/arbiter-sg-e-gitarre-id-5734\/#primaryimage"},"thumbnailUrl":"https:\/\/captain-guitar-lounge.com\/wp-content\/uploads\/2026\/03\/Arbiter-SG-E-Gitarre-ID-5734IMG_4133.jpg","datePublished":"2026-03-04T09:08:48+00:00","dateModified":"2026-03-19T08:41:57+00:00","breadcrumb":{"@id":"https:\/\/captain-guitar-lounge.com\/en\/product\/arbiter-sg-e-gitarre-id-5734\/#breadcrumb"},"inLanguage":"en-US","potentialAction":[{"@type":"ReadAction","target":["https:\/\/captain-guitar-lounge.com\/en\/product\/arbiter-sg-e-gitarre-id-5734\/"]}]},{"@type":"ImageObject","inLanguage":"en-US","@id":"https:\/\/captain-guitar-lounge.com\/en\/product\/arbiter-sg-e-gitarre-id-5734\/#primaryimage","url":"https:\/\/captain-guitar-lounge.com\/wp-content\/uploads\/2026\/03\/Arbiter-SG-E-Gitarre-ID-5734IMG_4133.jpg","contentUrl":"https:\/\/captain-guitar-lounge.com\/wp-content\/uploads\/2026\/03\/Arbiter-SG-E-Gitarre-ID-5734IMG_4133.jpg","width":1512,"height":1512,"caption":"Arbiter-SG-E-Gitarre-ID-5734IMG_4133.jpg 4. M\u00e4rz 2026"},{"@type":"BreadcrumbList","@id":"https:\/\/captain-guitar-lounge.com\/en\/product\/arbiter-sg-e-gitarre-id-5734\/#breadcrumb","itemListElement":[{"@type":"ListItem","position":1,"name":"Startseite","item":"https:\/\/captain-guitar-lounge.com\/en\/"},{"@type":"ListItem","position":2,"name":"Shop","item":"https:\/\/captain-guitar-lounge.com\/shop\/"},{"@type":"ListItem","position":3,"name":"Arbiter &#8211; SG E Gitarre &#8211; ID 5734"}]},{"@type":"WebSite","@id":"https:\/\/captain-guitar-lounge.com\/en\/#website","url":"https:\/\/captain-guitar-lounge.com\/en\/","name":"captain-guitar-lounge.com","description":"Fine Amps and Guitars and more","potentialAction":[{"@type":"SearchAction","target":{"@type":"EntryPoint","urlTemplate":"https:\/\/captain-guitar-lounge.com\/en\/?s={search_term_string}"},"query-input":{"@type":"PropertyValueSpecification","valueRequired":true,"valueName":"search_term_string"}}],"inLanguage":"en-US"}]}},"_links":{"self":[{"href":"https:\/\/captain-guitar-lounge.com\/en\/wp-json\/wp\/v2\/product\/234830","targetHints":{"allow":["GET"]}}],"collection":[{"href":"https:\/\/captain-guitar-lounge.com\/en\/wp-json\/wp\/v2\/product"}],"about":[{"href":"https:\/\/captain-guitar-lounge.com\/en\/wp-json\/wp\/v2\/types\/product"}],"replies":[{"embeddable":true,"href":"https:\/\/captain-guitar-lounge.com\/en\/wp-json\/wp\/v2\/comments?post=234830"}],"wp:featuredmedia":[{"embeddable":true,"href":"https:\/\/captain-guitar-lounge.com\/en\/wp-json\/wp\/v2\/media\/234831"}],"wp:attachment":[{"href":"https:\/\/captain-guitar-lounge.com\/en\/wp-json\/wp\/v2\/media?parent=234830"}],"wp:term":[{"taxonomy":"product_brand","embeddable":true,"href":"https:\/\/captain-guitar-lounge.com\/en\/wp-json\/wp\/v2\/product_brand?post=234830"},{"taxonomy":"product_cat","embeddable":true,"href":"https:\/\/captain-guitar-lounge.com\/en\/wp-json\/wp\/v2\/product_cat?post=234830"},{"taxonomy":"product_tag","embeddable":true,"href":"https:\/\/captain-guitar-lounge.com\/en\/wp-json\/wp\/v2\/product_tag?post=234830"}],"curies":[{"name":"wp","href":"https:\/\/api.w.org\/{rel}","templated":true}]}}