{"id":235867,"date":"2026-03-07T11:01:11","date_gmt":"2026-03-07T10:01:11","guid":{"rendered":"https:\/\/captain-guitar-lounge.com\/?p=235867&#038;post_type=product&#038;preview_id=235867"},"modified":"2026-03-10T10:26:11","modified_gmt":"2026-03-10T09:26:11","slug":"mooer-ge-300-multi-effekt-prozessor-fuer-e-gitarre-id-5741","status":"publish","type":"product","link":"https:\/\/captain-guitar-lounge.com\/en\/product\/mooer-ge-300-multi-effekt-prozessor-fuer-e-gitarre-id-5741\/","title":{"rendered":"Mooer &#8211; GE 300 &#8211; Multi-Effekt Prozessor f\u00fcr E-Gitarre &#8211; ID 5741"},"content":{"rendered":"<p><strong>Multieffektger\u00e4t f\u00fcr E-Gitarre<\/strong><br \/>\n108 Amp-Models von Clean bis High-Gain auf Basis der Mooer Non-Linear Amp Modeling Technology<br \/>\n43 Lautsprechersimulationen auf IR-Basis (Impulse Response) und 20 Speicherpl\u00e4tze f\u00fcr 3rd Party IRs<br \/>\n164 Effektsimulationen in h\u00f6chster Qualit\u00e4t<br \/>\nIntegriertes Synth-Modul mit drei unabh\u00e4ngigen Stimmen<br \/>\nIntegrierter Loop-Recorder mit bis zu 30 Minuten Aufnahmezeit<br \/>\nIntegriertes Stimmger\u00e4t<br \/>\nIntegriertes USB-Audio-Interface<br \/>\nBis zu 15 Effekt-Bl\u00f6cke gleichzeitig nutzbar<br \/>\nTone-Capture-Funktion zum Erstellen eigner Modelings von Verst\u00e4rkern, Boxen und Gitarren<br \/>\nAusf\u00fchrliche Beschreibung gibt es im Web.<\/p>\n","protected":false},"excerpt":{"rendered":"<p><strong>Zustand: Sehr gut<\/strong><br \/>\nSerNr: 1833528<br \/>\nGewicht: 3 kg Versandklasse: Medium<br \/>\nOVP: Ja<br \/>\nSonstiges: Original Netzteil incl.<br \/>\nVermittlungsverkauf: 17673<\/p>\n","protected":false},"featured_media":235868,"comment_status":"closed","ping_status":"closed","template":"","meta":{"_et_pb_use_builder":"","_et_pb_old_content":"","_et_gb_content_width":""},"product_brand":[],"product_cat":[2476,290],"product_tag":[2534],"class_list":{"0":"post-235867","1":"product","2":"type-product","3":"status-publish","4":"has-post-thumbnail","6":"product_cat-multieffekt","7":"product_cat-fundgrube","8":"product_tag-one-owner","9":"product_shipping_class-medium","11":"first","12":"instock","13":"sold-individually","14":"purchasable","15":"product-type-simple"},"composite_virtual":false,"composite_layout":"","composite_add_to_cart_form_location":"","composite_editable_in_cart":false,"composite_sold_individually_context":"","composite_shop_price_calc":"","composite_components":[],"composite_scenarios":[],"pp_statuses_selecting_workflow":false,"pp_workflow_action":"current","pp_status_selection":"publish","yoast_head":"<!-- This site is optimized with the Yoast SEO plugin v26.8 - https:\/\/yoast.com\/product\/yoast-seo-wordpress\/ -->\n<title>Mooer - GE 300 - Multi-Effekt Prozessor f\u00fcr E-Gitarre - ID 5741 - captain-guitar-lounge.com<\/title>\n<meta name=\"robots\" content=\"index, follow, max-snippet:-1, max-image-preview:large, max-video-preview:-1\" \/>\n<link rel=\"canonical\" href=\"https:\/\/captain-guitar-lounge.com\/en\/product\/mooer-ge-300-multi-effekt-prozessor-fuer-e-gitarre-id-5741\/\" \/>\n<meta property=\"og:locale\" content=\"en_US\" \/>\n<meta property=\"og:type\" content=\"article\" \/>\n<meta property=\"og:title\" content=\"Mooer - GE 300 - Multi-Effekt Prozessor f\u00fcr E-Gitarre - ID 5741 - captain-guitar-lounge.com\" \/>\n<meta property=\"og:description\" content=\"Zustand: Sehr gut SerNr: 1833528 Gewicht: 3 kg Versandklasse: Medium OVP: Ja Sonstiges: Original Netzteil incl. Vermittlungsverkauf: 17673\" \/>\n<meta property=\"og:url\" content=\"https:\/\/captain-guitar-lounge.com\/en\/product\/mooer-ge-300-multi-effekt-prozessor-fuer-e-gitarre-id-5741\/\" \/>\n<meta property=\"og:site_name\" content=\"captain-guitar-lounge.com\" \/>\n<meta property=\"article:publisher\" content=\"https:\/\/www.facebook.com\/Captain-Guitar-Lounge-140457272682315\/\" \/>\n<meta property=\"article:modified_time\" content=\"2026-03-10T09:26:11+00:00\" \/>\n<meta property=\"og:image\" content=\"https:\/\/captain-guitar-lounge.com\/wp-content\/uploads\/2026\/03\/Mooer-GE-300-Multi-Effekt-Prozessor-fuer-E-Gitarre-ID-5741IMG_4169.jpg\" \/>\n\t<meta property=\"og:image:width\" content=\"1512\" \/>\n\t<meta property=\"og:image:height\" content=\"1512\" \/>\n\t<meta property=\"og:image:type\" content=\"image\/jpeg\" \/>\n<meta name=\"twitter:card\" content=\"summary_large_image\" \/>\n<meta name=\"twitter:label1\" content=\"Est. reading time\" \/>\n\t<meta name=\"twitter:data1\" content=\"1 minute\" \/>\n<script type=\"application\/ld+json\" class=\"yoast-schema-graph\">{\"@context\":\"https:\/\/schema.org\",\"@graph\":[{\"@type\":\"WebPage\",\"@id\":\"https:\/\/captain-guitar-lounge.com\/en\/product\/mooer-ge-300-multi-effekt-prozessor-fuer-e-gitarre-id-5741\/\",\"url\":\"https:\/\/captain-guitar-lounge.com\/en\/product\/mooer-ge-300-multi-effekt-prozessor-fuer-e-gitarre-id-5741\/\",\"name\":\"Mooer - GE 300 - Multi-Effekt Prozessor f\u00fcr E-Gitarre - ID 5741 - captain-guitar-lounge.com\",\"isPartOf\":{\"@id\":\"https:\/\/captain-guitar-lounge.com\/en\/#website\"},\"primaryImageOfPage\":{\"@id\":\"https:\/\/captain-guitar-lounge.com\/en\/product\/mooer-ge-300-multi-effekt-prozessor-fuer-e-gitarre-id-5741\/#primaryimage\"},\"image\":{\"@id\":\"https:\/\/captain-guitar-lounge.com\/en\/product\/mooer-ge-300-multi-effekt-prozessor-fuer-e-gitarre-id-5741\/#primaryimage\"},\"thumbnailUrl\":\"https:\/\/captain-guitar-lounge.com\/wp-content\/uploads\/2026\/03\/Mooer-GE-300-Multi-Effekt-Prozessor-fuer-E-Gitarre-ID-5741IMG_4169.jpg\",\"datePublished\":\"2026-03-07T10:01:11+00:00\",\"dateModified\":\"2026-03-10T09:26:11+00:00\",\"breadcrumb\":{\"@id\":\"https:\/\/captain-guitar-lounge.com\/en\/product\/mooer-ge-300-multi-effekt-prozessor-fuer-e-gitarre-id-5741\/#breadcrumb\"},\"inLanguage\":\"en-US\",\"potentialAction\":[{\"@type\":\"ReadAction\",\"target\":[\"https:\/\/captain-guitar-lounge.com\/en\/product\/mooer-ge-300-multi-effekt-prozessor-fuer-e-gitarre-id-5741\/\"]}]},{\"@type\":\"ImageObject\",\"inLanguage\":\"en-US\",\"@id\":\"https:\/\/captain-guitar-lounge.com\/en\/product\/mooer-ge-300-multi-effekt-prozessor-fuer-e-gitarre-id-5741\/#primaryimage\",\"url\":\"https:\/\/captain-guitar-lounge.com\/wp-content\/uploads\/2026\/03\/Mooer-GE-300-Multi-Effekt-Prozessor-fuer-E-Gitarre-ID-5741IMG_4169.jpg\",\"contentUrl\":\"https:\/\/captain-guitar-lounge.com\/wp-content\/uploads\/2026\/03\/Mooer-GE-300-Multi-Effekt-Prozessor-fuer-E-Gitarre-ID-5741IMG_4169.jpg\",\"width\":1512,\"height\":1512,\"caption\":\"Mooer-GE-300-Multi-Effekt-Prozessor-fuer-E-Gitarre-ID-5741IMG_4169.jpg\"},{\"@type\":\"BreadcrumbList\",\"@id\":\"https:\/\/captain-guitar-lounge.com\/en\/product\/mooer-ge-300-multi-effekt-prozessor-fuer-e-gitarre-id-5741\/#breadcrumb\",\"itemListElement\":[{\"@type\":\"ListItem\",\"position\":1,\"name\":\"Startseite\",\"item\":\"https:\/\/captain-guitar-lounge.com\/en\/\"},{\"@type\":\"ListItem\",\"position\":2,\"name\":\"Shop\",\"item\":\"https:\/\/captain-guitar-lounge.com\/shop\/\"},{\"@type\":\"ListItem\",\"position\":3,\"name\":\"Mooer &#8211; GE 300 &#8211; Multi-Effekt Prozessor f\u00fcr E-Gitarre &#8211; ID 5741\"}]},{\"@type\":\"WebSite\",\"@id\":\"https:\/\/captain-guitar-lounge.com\/en\/#website\",\"url\":\"https:\/\/captain-guitar-lounge.com\/en\/\",\"name\":\"captain-guitar-lounge.com\",\"description\":\"Fine Amps and Guitars and more\",\"potentialAction\":[{\"@type\":\"SearchAction\",\"target\":{\"@type\":\"EntryPoint\",\"urlTemplate\":\"https:\/\/captain-guitar-lounge.com\/en\/?s={search_term_string}\"},\"query-input\":{\"@type\":\"PropertyValueSpecification\",\"valueRequired\":true,\"valueName\":\"search_term_string\"}}],\"inLanguage\":\"en-US\"}]}<\/script>\n<!-- \/ Yoast SEO plugin. -->","yoast_head_json":{"title":"Mooer - GE 300 - Multi-Effekt Prozessor f\u00fcr E-Gitarre - ID 5741 - captain-guitar-lounge.com","robots":{"index":"index","follow":"follow","max-snippet":"max-snippet:-1","max-image-preview":"max-image-preview:large","max-video-preview":"max-video-preview:-1"},"canonical":"https:\/\/captain-guitar-lounge.com\/en\/product\/mooer-ge-300-multi-effekt-prozessor-fuer-e-gitarre-id-5741\/","og_locale":"en_US","og_type":"article","og_title":"Mooer - GE 300 - Multi-Effekt Prozessor f\u00fcr E-Gitarre - ID 5741 - captain-guitar-lounge.com","og_description":"Zustand: Sehr gut SerNr: 1833528 Gewicht: 3 kg Versandklasse: Medium OVP: Ja Sonstiges: Original Netzteil incl. Vermittlungsverkauf: 17673","og_url":"https:\/\/captain-guitar-lounge.com\/en\/product\/mooer-ge-300-multi-effekt-prozessor-fuer-e-gitarre-id-5741\/","og_site_name":"captain-guitar-lounge.com","article_publisher":"https:\/\/www.facebook.com\/Captain-Guitar-Lounge-140457272682315\/","article_modified_time":"2026-03-10T09:26:11+00:00","og_image":[{"width":1512,"height":1512,"url":"https:\/\/captain-guitar-lounge.com\/wp-content\/uploads\/2026\/03\/Mooer-GE-300-Multi-Effekt-Prozessor-fuer-E-Gitarre-ID-5741IMG_4169.jpg","type":"image\/jpeg"}],"twitter_card":"summary_large_image","twitter_misc":{"Est. reading time":"1 minute"},"schema":{"@context":"https:\/\/schema.org","@graph":[{"@type":"WebPage","@id":"https:\/\/captain-guitar-lounge.com\/en\/product\/mooer-ge-300-multi-effekt-prozessor-fuer-e-gitarre-id-5741\/","url":"https:\/\/captain-guitar-lounge.com\/en\/product\/mooer-ge-300-multi-effekt-prozessor-fuer-e-gitarre-id-5741\/","name":"Mooer - GE 300 - Multi-Effekt Prozessor f\u00fcr E-Gitarre - ID 5741 - captain-guitar-lounge.com","isPartOf":{"@id":"https:\/\/captain-guitar-lounge.com\/en\/#website"},"primaryImageOfPage":{"@id":"https:\/\/captain-guitar-lounge.com\/en\/product\/mooer-ge-300-multi-effekt-prozessor-fuer-e-gitarre-id-5741\/#primaryimage"},"image":{"@id":"https:\/\/captain-guitar-lounge.com\/en\/product\/mooer-ge-300-multi-effekt-prozessor-fuer-e-gitarre-id-5741\/#primaryimage"},"thumbnailUrl":"https:\/\/captain-guitar-lounge.com\/wp-content\/uploads\/2026\/03\/Mooer-GE-300-Multi-Effekt-Prozessor-fuer-E-Gitarre-ID-5741IMG_4169.jpg","datePublished":"2026-03-07T10:01:11+00:00","dateModified":"2026-03-10T09:26:11+00:00","breadcrumb":{"@id":"https:\/\/captain-guitar-lounge.com\/en\/product\/mooer-ge-300-multi-effekt-prozessor-fuer-e-gitarre-id-5741\/#breadcrumb"},"inLanguage":"en-US","potentialAction":[{"@type":"ReadAction","target":["https:\/\/captain-guitar-lounge.com\/en\/product\/mooer-ge-300-multi-effekt-prozessor-fuer-e-gitarre-id-5741\/"]}]},{"@type":"ImageObject","inLanguage":"en-US","@id":"https:\/\/captain-guitar-lounge.com\/en\/product\/mooer-ge-300-multi-effekt-prozessor-fuer-e-gitarre-id-5741\/#primaryimage","url":"https:\/\/captain-guitar-lounge.com\/wp-content\/uploads\/2026\/03\/Mooer-GE-300-Multi-Effekt-Prozessor-fuer-E-Gitarre-ID-5741IMG_4169.jpg","contentUrl":"https:\/\/captain-guitar-lounge.com\/wp-content\/uploads\/2026\/03\/Mooer-GE-300-Multi-Effekt-Prozessor-fuer-E-Gitarre-ID-5741IMG_4169.jpg","width":1512,"height":1512,"caption":"Mooer-GE-300-Multi-Effekt-Prozessor-fuer-E-Gitarre-ID-5741IMG_4169.jpg"},{"@type":"BreadcrumbList","@id":"https:\/\/captain-guitar-lounge.com\/en\/product\/mooer-ge-300-multi-effekt-prozessor-fuer-e-gitarre-id-5741\/#breadcrumb","itemListElement":[{"@type":"ListItem","position":1,"name":"Startseite","item":"https:\/\/captain-guitar-lounge.com\/en\/"},{"@type":"ListItem","position":2,"name":"Shop","item":"https:\/\/captain-guitar-lounge.com\/shop\/"},{"@type":"ListItem","position":3,"name":"Mooer &#8211; GE 300 &#8211; Multi-Effekt Prozessor f\u00fcr E-Gitarre &#8211; ID 5741"}]},{"@type":"WebSite","@id":"https:\/\/captain-guitar-lounge.com\/en\/#website","url":"https:\/\/captain-guitar-lounge.com\/en\/","name":"captain-guitar-lounge.com","description":"Fine Amps and Guitars and more","potentialAction":[{"@type":"SearchAction","target":{"@type":"EntryPoint","urlTemplate":"https:\/\/captain-guitar-lounge.com\/en\/?s={search_term_string}"},"query-input":{"@type":"PropertyValueSpecification","valueRequired":true,"valueName":"search_term_string"}}],"inLanguage":"en-US"}]}},"_links":{"self":[{"href":"https:\/\/captain-guitar-lounge.com\/en\/wp-json\/wp\/v2\/product\/235867","targetHints":{"allow":["GET"]}}],"collection":[{"href":"https:\/\/captain-guitar-lounge.com\/en\/wp-json\/wp\/v2\/product"}],"about":[{"href":"https:\/\/captain-guitar-lounge.com\/en\/wp-json\/wp\/v2\/types\/product"}],"replies":[{"embeddable":true,"href":"https:\/\/captain-guitar-lounge.com\/en\/wp-json\/wp\/v2\/comments?post=235867"}],"wp:featuredmedia":[{"embeddable":true,"href":"https:\/\/captain-guitar-lounge.com\/en\/wp-json\/wp\/v2\/media\/235868"}],"wp:attachment":[{"href":"https:\/\/captain-guitar-lounge.com\/en\/wp-json\/wp\/v2\/media?parent=235867"}],"wp:term":[{"taxonomy":"product_brand","embeddable":true,"href":"https:\/\/captain-guitar-lounge.com\/en\/wp-json\/wp\/v2\/product_brand?post=235867"},{"taxonomy":"product_cat","embeddable":true,"href":"https:\/\/captain-guitar-lounge.com\/en\/wp-json\/wp\/v2\/product_cat?post=235867"},{"taxonomy":"product_tag","embeddable":true,"href":"https:\/\/captain-guitar-lounge.com\/en\/wp-json\/wp\/v2\/product_tag?post=235867"}],"curies":[{"name":"wp","href":"https:\/\/api.w.org\/{rel}","templated":true}]}}