{"id":236669,"date":"2026-03-12T17:36:18","date_gmt":"2026-03-12T16:36:18","guid":{"rendered":"https:\/\/captain-guitar-lounge.com\/?post_type=product&#038;p=236669"},"modified":"2026-03-17T09:55:08","modified_gmt":"2026-03-17T08:55:08","slug":"2002-fender-hot-rod-deluxe-id-5722","status":"publish","type":"product","link":"https:\/\/captain-guitar-lounge.com\/en\/product\/2002-fender-hot-rod-deluxe-id-5722\/","title":{"rendered":"2002 Fender &#8211; Hot Rod Deluxe &#8211; ID 5722"},"content":{"rendered":"<p data-start=\"215\" data-end=\"323\">Der <strong data-start=\"219\" data-end=\"244\"><a href=\"https:\/\/de.fender.com\/collections\/guitar-amplifiers\"><em>Fender<\/em><\/a> Hot Rod Deluxe<\/strong> geh\u00f6rt zu Recht seit Jahrzehnten zu den beliebtesten R\u00f6hrencombos f\u00fcr B\u00fchne und Studio.<br \/>\nDieses <strong data-start=\"332\" data-end=\"349\">2002er Modell<\/strong> befindet sich in gutem Zustand und wurde aktuell bei uns <strong data-start=\"407\" data-end=\"433\">komplett durchgecheckt<\/strong>.<br \/>\nVor etwa zwei Jahren wurden beide Endstufenr\u00f6hren sowie zwei Vorstufenr\u00f6hren erneuert.<br \/>\nEin zuverl\u00e4ssiger Arbeitsamp mit klassischem Fender-Charakter.<\/p>\n<p>\u2705 Baujahr: 2002<br data-start=\"790\" data-end=\"793\" \/>\u2705 Modell: Fender Hot Rod Deluxe<br data-start=\"824\" data-end=\"827\" \/>\u2705 Bauart: R\u00f6hrencombo<br data-start=\"848\" data-end=\"851\" \/>\u2705 Leistung: 40 Watt<br data-start=\"870\" data-end=\"873\" \/>\u2705 Kan\u00e4le: 3 (Clean \/ Drive \/ More Drive)<br data-start=\"913\" data-end=\"916\" \/>\u2705 Endstufe: 2x 6L6 GC<br data-start=\"937\" data-end=\"940\" \/>\u2705 Vorstufe: 3x 12AX7<br data-start=\"960\" data-end=\"963\" \/>\u2705 Lautsprecher: 1x 12&#8243; Celestion G12T-75<br data-start=\"1003\" data-end=\"1006\" \/>\u2705 Fu\u00dfschalter: Original Fender Footswitch<br data-start=\"1047\" data-end=\"1050\" \/>\u2705 Zubeh\u00f6r: Fender Cover<br data-start=\"1073\" data-end=\"1076\" \/>\u2705 Service: Amp aktuell komplett durchgecheckt<br data-start=\"1121\" data-end=\"1124\" \/>\u2705 R\u00f6hren: Endstufenr\u00f6hren und zwei Vorstufenr\u00f6hren vor ca. 2 Jahren ersetzt<\/p>\n","protected":false},"excerpt":{"rendered":"<p><strong>Serviced &#8211; Ready to Rock\u00a0<\/strong><br \/>\nZustand: Gut<br \/>\nSerNr: B-193673<br \/>\nGewicht: 23 kg<br \/>\nVersandklasse: <a href=\"https:\/\/captain-guitar-lounge.com\/versand__lieferung\/\"><strong>Standard<\/strong><\/a><br \/>\nKoffer\/Case: Cover<br \/>\nVermittlungsverkauf: 11955<\/p>\n","protected":false},"featured_media":236704,"comment_status":"closed","ping_status":"closed","template":"","meta":{"_et_pb_use_builder":"","_et_pb_old_content":"","_et_gb_content_width":""},"product_brand":[],"product_cat":[55,290],"product_tag":[],"class_list":{"0":"post-236669","1":"product","2":"type-product","3":"status-publish","4":"has-post-thumbnail","6":"product_cat-combo","7":"product_cat-fundgrube","8":"product_shipping_class-standard","9":"pa_baujahr-2000s","10":"pa_power-bis-30watt","11":"pa_power-tubes-6l6","12":"pa_speaker-679","14":"first","15":"instock","16":"sold-individually","17":"purchasable","18":"product-type-simple"},"composite_virtual":false,"composite_layout":"","composite_add_to_cart_form_location":"","composite_editable_in_cart":false,"composite_sold_individually_context":"","composite_shop_price_calc":"","composite_components":[],"composite_scenarios":[],"pp_statuses_selecting_workflow":false,"pp_workflow_action":"current","pp_status_selection":"publish","yoast_head":"<!-- This site is optimized with the Yoast SEO plugin v26.8 - https:\/\/yoast.com\/product\/yoast-seo-wordpress\/ -->\n<title>2002 Fender - Hot Rod Deluxe - ID 5722 - captain-guitar-lounge.com<\/title>\n<meta name=\"robots\" content=\"index, follow, max-snippet:-1, max-image-preview:large, max-video-preview:-1\" \/>\n<link rel=\"canonical\" href=\"https:\/\/captain-guitar-lounge.com\/en\/product\/2002-fender-hot-rod-deluxe-id-5722\/\" \/>\n<meta property=\"og:locale\" content=\"en_US\" \/>\n<meta property=\"og:type\" content=\"article\" \/>\n<meta property=\"og:title\" content=\"2002 Fender - Hot Rod Deluxe - ID 5722 - captain-guitar-lounge.com\" \/>\n<meta property=\"og:description\" content=\"Serviced - Ready to Rock\u00a0 Zustand: Gut SerNr: B-193673 Gewicht: 23 kg Versandklasse: Standard Koffer\/Case: Cover Vermittlungsverkauf: 11955\" \/>\n<meta property=\"og:url\" content=\"https:\/\/captain-guitar-lounge.com\/en\/product\/2002-fender-hot-rod-deluxe-id-5722\/\" \/>\n<meta property=\"og:site_name\" content=\"captain-guitar-lounge.com\" \/>\n<meta property=\"article:publisher\" content=\"https:\/\/www.facebook.com\/Captain-Guitar-Lounge-140457272682315\/\" \/>\n<meta property=\"article:modified_time\" content=\"2026-03-17T08:55:08+00:00\" \/>\n<meta property=\"og:image\" content=\"https:\/\/captain-guitar-lounge.com\/wp-content\/uploads\/2026\/03\/2002-Fender-Hot-Rod-Deluxe-ID-5722IMG_E5682.jpg\" \/>\n\t<meta property=\"og:image:width\" content=\"1512\" \/>\n\t<meta property=\"og:image:height\" content=\"1512\" \/>\n\t<meta property=\"og:image:type\" content=\"image\/jpeg\" \/>\n<meta name=\"twitter:card\" content=\"summary_large_image\" \/>\n<meta name=\"twitter:label1\" content=\"Est. reading time\" \/>\n\t<meta name=\"twitter:data1\" content=\"1 minute\" \/>\n<script type=\"application\/ld+json\" class=\"yoast-schema-graph\">{\"@context\":\"https:\/\/schema.org\",\"@graph\":[{\"@type\":\"WebPage\",\"@id\":\"https:\/\/captain-guitar-lounge.com\/en\/product\/2002-fender-hot-rod-deluxe-id-5722\/\",\"url\":\"https:\/\/captain-guitar-lounge.com\/en\/product\/2002-fender-hot-rod-deluxe-id-5722\/\",\"name\":\"2002 Fender - Hot Rod Deluxe - ID 5722 - captain-guitar-lounge.com\",\"isPartOf\":{\"@id\":\"https:\/\/captain-guitar-lounge.com\/en\/#website\"},\"primaryImageOfPage\":{\"@id\":\"https:\/\/captain-guitar-lounge.com\/en\/product\/2002-fender-hot-rod-deluxe-id-5722\/#primaryimage\"},\"image\":{\"@id\":\"https:\/\/captain-guitar-lounge.com\/en\/product\/2002-fender-hot-rod-deluxe-id-5722\/#primaryimage\"},\"thumbnailUrl\":\"https:\/\/captain-guitar-lounge.com\/wp-content\/uploads\/2026\/03\/2002-Fender-Hot-Rod-Deluxe-ID-5722IMG_E5682.jpg\",\"datePublished\":\"2026-03-12T16:36:18+00:00\",\"dateModified\":\"2026-03-17T08:55:08+00:00\",\"breadcrumb\":{\"@id\":\"https:\/\/captain-guitar-lounge.com\/en\/product\/2002-fender-hot-rod-deluxe-id-5722\/#breadcrumb\"},\"inLanguage\":\"en-US\",\"potentialAction\":[{\"@type\":\"ReadAction\",\"target\":[\"https:\/\/captain-guitar-lounge.com\/en\/product\/2002-fender-hot-rod-deluxe-id-5722\/\"]}]},{\"@type\":\"ImageObject\",\"inLanguage\":\"en-US\",\"@id\":\"https:\/\/captain-guitar-lounge.com\/en\/product\/2002-fender-hot-rod-deluxe-id-5722\/#primaryimage\",\"url\":\"https:\/\/captain-guitar-lounge.com\/wp-content\/uploads\/2026\/03\/2002-Fender-Hot-Rod-Deluxe-ID-5722IMG_E5682.jpg\",\"contentUrl\":\"https:\/\/captain-guitar-lounge.com\/wp-content\/uploads\/2026\/03\/2002-Fender-Hot-Rod-Deluxe-ID-5722IMG_E5682.jpg\",\"width\":1512,\"height\":1512},{\"@type\":\"BreadcrumbList\",\"@id\":\"https:\/\/captain-guitar-lounge.com\/en\/product\/2002-fender-hot-rod-deluxe-id-5722\/#breadcrumb\",\"itemListElement\":[{\"@type\":\"ListItem\",\"position\":1,\"name\":\"Startseite\",\"item\":\"https:\/\/captain-guitar-lounge.com\/en\/\"},{\"@type\":\"ListItem\",\"position\":2,\"name\":\"Shop\",\"item\":\"https:\/\/captain-guitar-lounge.com\/shop\/\"},{\"@type\":\"ListItem\",\"position\":3,\"name\":\"2002 Fender &#8211; Hot Rod Deluxe &#8211; ID 5722\"}]},{\"@type\":\"WebSite\",\"@id\":\"https:\/\/captain-guitar-lounge.com\/en\/#website\",\"url\":\"https:\/\/captain-guitar-lounge.com\/en\/\",\"name\":\"captain-guitar-lounge.com\",\"description\":\"Fine Amps and Guitars and more\",\"potentialAction\":[{\"@type\":\"SearchAction\",\"target\":{\"@type\":\"EntryPoint\",\"urlTemplate\":\"https:\/\/captain-guitar-lounge.com\/en\/?s={search_term_string}\"},\"query-input\":{\"@type\":\"PropertyValueSpecification\",\"valueRequired\":true,\"valueName\":\"search_term_string\"}}],\"inLanguage\":\"en-US\"}]}<\/script>\n<!-- \/ Yoast SEO plugin. -->","yoast_head_json":{"title":"2002 Fender - Hot Rod Deluxe - ID 5722 - captain-guitar-lounge.com","robots":{"index":"index","follow":"follow","max-snippet":"max-snippet:-1","max-image-preview":"max-image-preview:large","max-video-preview":"max-video-preview:-1"},"canonical":"https:\/\/captain-guitar-lounge.com\/en\/product\/2002-fender-hot-rod-deluxe-id-5722\/","og_locale":"en_US","og_type":"article","og_title":"2002 Fender - Hot Rod Deluxe - ID 5722 - captain-guitar-lounge.com","og_description":"Serviced - Ready to Rock\u00a0 Zustand: Gut SerNr: B-193673 Gewicht: 23 kg Versandklasse: Standard Koffer\/Case: Cover Vermittlungsverkauf: 11955","og_url":"https:\/\/captain-guitar-lounge.com\/en\/product\/2002-fender-hot-rod-deluxe-id-5722\/","og_site_name":"captain-guitar-lounge.com","article_publisher":"https:\/\/www.facebook.com\/Captain-Guitar-Lounge-140457272682315\/","article_modified_time":"2026-03-17T08:55:08+00:00","og_image":[{"width":1512,"height":1512,"url":"https:\/\/captain-guitar-lounge.com\/wp-content\/uploads\/2026\/03\/2002-Fender-Hot-Rod-Deluxe-ID-5722IMG_E5682.jpg","type":"image\/jpeg"}],"twitter_card":"summary_large_image","twitter_misc":{"Est. reading time":"1 minute"},"schema":{"@context":"https:\/\/schema.org","@graph":[{"@type":"WebPage","@id":"https:\/\/captain-guitar-lounge.com\/en\/product\/2002-fender-hot-rod-deluxe-id-5722\/","url":"https:\/\/captain-guitar-lounge.com\/en\/product\/2002-fender-hot-rod-deluxe-id-5722\/","name":"2002 Fender - Hot Rod Deluxe - ID 5722 - captain-guitar-lounge.com","isPartOf":{"@id":"https:\/\/captain-guitar-lounge.com\/en\/#website"},"primaryImageOfPage":{"@id":"https:\/\/captain-guitar-lounge.com\/en\/product\/2002-fender-hot-rod-deluxe-id-5722\/#primaryimage"},"image":{"@id":"https:\/\/captain-guitar-lounge.com\/en\/product\/2002-fender-hot-rod-deluxe-id-5722\/#primaryimage"},"thumbnailUrl":"https:\/\/captain-guitar-lounge.com\/wp-content\/uploads\/2026\/03\/2002-Fender-Hot-Rod-Deluxe-ID-5722IMG_E5682.jpg","datePublished":"2026-03-12T16:36:18+00:00","dateModified":"2026-03-17T08:55:08+00:00","breadcrumb":{"@id":"https:\/\/captain-guitar-lounge.com\/en\/product\/2002-fender-hot-rod-deluxe-id-5722\/#breadcrumb"},"inLanguage":"en-US","potentialAction":[{"@type":"ReadAction","target":["https:\/\/captain-guitar-lounge.com\/en\/product\/2002-fender-hot-rod-deluxe-id-5722\/"]}]},{"@type":"ImageObject","inLanguage":"en-US","@id":"https:\/\/captain-guitar-lounge.com\/en\/product\/2002-fender-hot-rod-deluxe-id-5722\/#primaryimage","url":"https:\/\/captain-guitar-lounge.com\/wp-content\/uploads\/2026\/03\/2002-Fender-Hot-Rod-Deluxe-ID-5722IMG_E5682.jpg","contentUrl":"https:\/\/captain-guitar-lounge.com\/wp-content\/uploads\/2026\/03\/2002-Fender-Hot-Rod-Deluxe-ID-5722IMG_E5682.jpg","width":1512,"height":1512},{"@type":"BreadcrumbList","@id":"https:\/\/captain-guitar-lounge.com\/en\/product\/2002-fender-hot-rod-deluxe-id-5722\/#breadcrumb","itemListElement":[{"@type":"ListItem","position":1,"name":"Startseite","item":"https:\/\/captain-guitar-lounge.com\/en\/"},{"@type":"ListItem","position":2,"name":"Shop","item":"https:\/\/captain-guitar-lounge.com\/shop\/"},{"@type":"ListItem","position":3,"name":"2002 Fender &#8211; Hot Rod Deluxe &#8211; ID 5722"}]},{"@type":"WebSite","@id":"https:\/\/captain-guitar-lounge.com\/en\/#website","url":"https:\/\/captain-guitar-lounge.com\/en\/","name":"captain-guitar-lounge.com","description":"Fine Amps and Guitars and more","potentialAction":[{"@type":"SearchAction","target":{"@type":"EntryPoint","urlTemplate":"https:\/\/captain-guitar-lounge.com\/en\/?s={search_term_string}"},"query-input":{"@type":"PropertyValueSpecification","valueRequired":true,"valueName":"search_term_string"}}],"inLanguage":"en-US"}]}},"_links":{"self":[{"href":"https:\/\/captain-guitar-lounge.com\/en\/wp-json\/wp\/v2\/product\/236669","targetHints":{"allow":["GET"]}}],"collection":[{"href":"https:\/\/captain-guitar-lounge.com\/en\/wp-json\/wp\/v2\/product"}],"about":[{"href":"https:\/\/captain-guitar-lounge.com\/en\/wp-json\/wp\/v2\/types\/product"}],"replies":[{"embeddable":true,"href":"https:\/\/captain-guitar-lounge.com\/en\/wp-json\/wp\/v2\/comments?post=236669"}],"wp:featuredmedia":[{"embeddable":true,"href":"https:\/\/captain-guitar-lounge.com\/en\/wp-json\/wp\/v2\/media\/236704"}],"wp:attachment":[{"href":"https:\/\/captain-guitar-lounge.com\/en\/wp-json\/wp\/v2\/media?parent=236669"}],"wp:term":[{"taxonomy":"product_brand","embeddable":true,"href":"https:\/\/captain-guitar-lounge.com\/en\/wp-json\/wp\/v2\/product_brand?post=236669"},{"taxonomy":"product_cat","embeddable":true,"href":"https:\/\/captain-guitar-lounge.com\/en\/wp-json\/wp\/v2\/product_cat?post=236669"},{"taxonomy":"product_tag","embeddable":true,"href":"https:\/\/captain-guitar-lounge.com\/en\/wp-json\/wp\/v2\/product_tag?post=236669"}],"curies":[{"name":"wp","href":"https:\/\/api.w.org\/{rel}","templated":true}]}}