{"id":236927,"date":"2026-03-16T14:49:40","date_gmt":"2026-03-16T13:49:40","guid":{"rendered":"https:\/\/captain-guitar-lounge.com\/?post_type=product&#038;p=236927"},"modified":"2026-03-17T09:23:37","modified_gmt":"2026-03-17T08:23:37","slug":"236927","status":"publish","type":"product","link":"https:\/\/captain-guitar-lounge.com\/en\/product\/236927\/","title":{"rendered":"1980 Pearl &#8211; Duo Reverb PFT 101 &#8211; ID 5724"},"content":{"rendered":"<p data-start=\"267\" data-end=\"514\">Der <strong data-start=\"271\" data-end=\"291\">Pearl Duo Reverb<\/strong> aus den fr\u00fchen 80ern ist die japanische Antwort auf die US-R\u00f6hren Amps der 60er und 70er Jahre.<br \/>\nKlanglich orientiert sich der Amp am klassischen <strong data-start=\"416\" data-end=\"439\">Fender Twin Konzept,<\/strong> viel Clean-Headroom, lebendiger Federhall und ein musikalisches Tremolo.<br \/>\nDieses <strong data-start=\"523\" data-end=\"540\">1980er Modell<\/strong> wurde mit <strong data-start=\"551\" data-end=\"595\">zwei <a href=\"https:\/\/www.jensentone.com\/vintage-ceramic\/c12q\"><em>Jensen C12Q<\/em> <\/a>Special Design Speakern<\/strong> ausgestattet, die den Amp zus\u00e4tzlich aufwerten.<\/p>\n<p data-start=\"680\" data-end=\"803\">Mit seinen zwei Kan\u00e4len (Normal &amp; Bright) ist der Duo Reverb ein vielseitiger Clean-Amp f\u00fcr Pedalboards, Studio oder B\u00fchne.<\/p>\n<p data-start=\"892\" data-end=\"1235\">\u2705 Baujahr: 1980<br data-start=\"907\" data-end=\"910\" \/>\u2705 Modell: Pearl Duo Reverb (PFT-101)<br data-start=\"946\" data-end=\"949\" \/>\u2705 Bauart: Solid State Combo<br data-start=\"976\" data-end=\"979\" \/>\u2705 Leistung: ca. 50 Watt RMS<br data-start=\"1006\" data-end=\"1009\" \/>\u2705 Kan\u00e4le: 2 (Normal &amp; Bright)<br data-start=\"1038\" data-end=\"1041\" \/>\u2705 Regler: Volume (je Kanal), Treble, Bass<br data-start=\"1082\" data-end=\"1085\" \/>\u2705 Effekte: Federhall &amp; Tremolo (Speed \/ Intensity)<br data-start=\"1135\" data-end=\"1138\" \/>\u2705 Lautsprecher: 2\u00d712&#8243; Jensen C12Q Special Design<br data-start=\"1186\" data-end=\"1189\" \/>\u2705 Tilt Legs vorhanden<br data-start=\"1210\" data-end=\"1213\" \/>\u2705 Gewicht: 22,7 kg<\/p>\n","protected":false},"excerpt":{"rendered":"<p><strong>Vintage Solid State Amp<\/strong><br \/>\nZustand: Gut<br \/>\nSerNr: 120197<br \/>\nGewicht: 22,7 kg<br \/>\nVersandklasse: <a href=\"https:\/\/captain-guitar-lounge.com\/versand__lieferung\/\"><strong>Heavy<\/strong><\/a><br \/>\nVermittlungsverkauf: 11955<\/p>\n","protected":false},"featured_media":236934,"comment_status":"closed","ping_status":"closed","template":"","meta":{"_et_pb_use_builder":"","_et_pb_old_content":"","_et_gb_content_width":""},"product_brand":[],"product_cat":[55,290],"product_tag":[76],"class_list":{"0":"post-236927","1":"product","2":"type-product","3":"status-publish","4":"has-post-thumbnail","6":"product_cat-combo","7":"product_cat-fundgrube","8":"product_tag-vintage","9":"product_shipping_class-heavy","10":"pa_baujahr-80s","11":"pa_power-bis-50watt","12":"pa_speaker-679","14":"first","15":"instock","16":"sold-individually","17":"purchasable","18":"product-type-simple"},"composite_virtual":false,"composite_layout":"","composite_add_to_cart_form_location":"","composite_editable_in_cart":false,"composite_sold_individually_context":"","composite_shop_price_calc":"","composite_components":[],"composite_scenarios":[],"pp_statuses_selecting_workflow":false,"pp_workflow_action":"current","pp_status_selection":"publish","yoast_head":"<!-- This site is optimized with the Yoast SEO plugin v26.8 - https:\/\/yoast.com\/product\/yoast-seo-wordpress\/ -->\n<title>1980 Pearl - Duo Reverb PFT 101 - ID 5724 - captain-guitar-lounge.com<\/title>\n<meta name=\"robots\" content=\"index, follow, max-snippet:-1, max-image-preview:large, max-video-preview:-1\" \/>\n<link rel=\"canonical\" href=\"https:\/\/captain-guitar-lounge.com\/en\/product\/236927\/\" \/>\n<meta property=\"og:locale\" content=\"en_US\" \/>\n<meta property=\"og:type\" content=\"article\" \/>\n<meta property=\"og:title\" content=\"1980 Pearl - Duo Reverb PFT 101 - ID 5724 - captain-guitar-lounge.com\" \/>\n<meta property=\"og:description\" content=\"Vintage Solid State Amp Zustand: Gut SerNr: 120197 Gewicht: 22,7 kg Versandklasse: Heavy Vermittlungsverkauf: 11955\" \/>\n<meta property=\"og:url\" content=\"https:\/\/captain-guitar-lounge.com\/en\/product\/236927\/\" \/>\n<meta property=\"og:site_name\" content=\"captain-guitar-lounge.com\" \/>\n<meta property=\"article:publisher\" content=\"https:\/\/www.facebook.com\/Captain-Guitar-Lounge-140457272682315\/\" \/>\n<meta property=\"article:modified_time\" content=\"2026-03-17T08:23:37+00:00\" \/>\n<meta property=\"og:image\" content=\"https:\/\/captain-guitar-lounge.com\/wp-content\/uploads\/2026\/03\/1980-Pearl-Duo-Reverb-PFT-101-ID-5724IMG_E5744-1024x1024.jpg\" \/>\n\t<meta property=\"og:image:width\" content=\"1024\" \/>\n\t<meta property=\"og:image:height\" content=\"1024\" \/>\n\t<meta property=\"og:image:type\" content=\"image\/jpeg\" \/>\n<meta name=\"twitter:card\" content=\"summary_large_image\" \/>\n<meta name=\"twitter:label1\" content=\"Est. reading time\" \/>\n\t<meta name=\"twitter:data1\" content=\"1 minute\" \/>\n<script type=\"application\/ld+json\" class=\"yoast-schema-graph\">{\"@context\":\"https:\/\/schema.org\",\"@graph\":[{\"@type\":\"WebPage\",\"@id\":\"https:\/\/captain-guitar-lounge.com\/en\/product\/236927\/\",\"url\":\"https:\/\/captain-guitar-lounge.com\/en\/product\/236927\/\",\"name\":\"1980 Pearl - Duo Reverb PFT 101 - ID 5724 - captain-guitar-lounge.com\",\"isPartOf\":{\"@id\":\"https:\/\/captain-guitar-lounge.com\/en\/#website\"},\"primaryImageOfPage\":{\"@id\":\"https:\/\/captain-guitar-lounge.com\/en\/product\/236927\/#primaryimage\"},\"image\":{\"@id\":\"https:\/\/captain-guitar-lounge.com\/en\/product\/236927\/#primaryimage\"},\"thumbnailUrl\":\"https:\/\/captain-guitar-lounge.com\/wp-content\/uploads\/2026\/03\/1980-Pearl-Duo-Reverb-PFT-101-ID-5724IMG_E5744.jpg\",\"datePublished\":\"2026-03-16T13:49:40+00:00\",\"dateModified\":\"2026-03-17T08:23:37+00:00\",\"breadcrumb\":{\"@id\":\"https:\/\/captain-guitar-lounge.com\/en\/product\/236927\/#breadcrumb\"},\"inLanguage\":\"en-US\",\"potentialAction\":[{\"@type\":\"ReadAction\",\"target\":[\"https:\/\/captain-guitar-lounge.com\/en\/product\/236927\/\"]}]},{\"@type\":\"ImageObject\",\"inLanguage\":\"en-US\",\"@id\":\"https:\/\/captain-guitar-lounge.com\/en\/product\/236927\/#primaryimage\",\"url\":\"https:\/\/captain-guitar-lounge.com\/wp-content\/uploads\/2026\/03\/1980-Pearl-Duo-Reverb-PFT-101-ID-5724IMG_E5744.jpg\",\"contentUrl\":\"https:\/\/captain-guitar-lounge.com\/wp-content\/uploads\/2026\/03\/1980-Pearl-Duo-Reverb-PFT-101-ID-5724IMG_E5744.jpg\",\"width\":2142,\"height\":2142},{\"@type\":\"BreadcrumbList\",\"@id\":\"https:\/\/captain-guitar-lounge.com\/en\/product\/236927\/#breadcrumb\",\"itemListElement\":[{\"@type\":\"ListItem\",\"position\":1,\"name\":\"Startseite\",\"item\":\"https:\/\/captain-guitar-lounge.com\/en\/captain-guitar-lounge\/\"},{\"@type\":\"ListItem\",\"position\":2,\"name\":\"Shop\",\"item\":\"https:\/\/captain-guitar-lounge.com\/shop\/\"},{\"@type\":\"ListItem\",\"position\":3,\"name\":\"1980 Pearl &#8211; Duo Reverb PFT 101 &#8211; ID 5724\"}]},{\"@type\":\"WebSite\",\"@id\":\"https:\/\/captain-guitar-lounge.com\/en\/#website\",\"url\":\"https:\/\/captain-guitar-lounge.com\/en\/\",\"name\":\"captain-guitar-lounge.com\",\"description\":\"Fine Amps and Guitars and more\",\"potentialAction\":[{\"@type\":\"SearchAction\",\"target\":{\"@type\":\"EntryPoint\",\"urlTemplate\":\"https:\/\/captain-guitar-lounge.com\/en\/?s={search_term_string}\"},\"query-input\":{\"@type\":\"PropertyValueSpecification\",\"valueRequired\":true,\"valueName\":\"search_term_string\"}}],\"inLanguage\":\"en-US\"}]}<\/script>\n<!-- \/ Yoast SEO plugin. -->","yoast_head_json":{"title":"1980 Pearl - Duo Reverb PFT 101 - ID 5724 - captain-guitar-lounge.com","robots":{"index":"index","follow":"follow","max-snippet":"max-snippet:-1","max-image-preview":"max-image-preview:large","max-video-preview":"max-video-preview:-1"},"canonical":"https:\/\/captain-guitar-lounge.com\/en\/product\/236927\/","og_locale":"en_US","og_type":"article","og_title":"1980 Pearl - Duo Reverb PFT 101 - ID 5724 - captain-guitar-lounge.com","og_description":"Vintage Solid State Amp Zustand: Gut SerNr: 120197 Gewicht: 22,7 kg Versandklasse: Heavy Vermittlungsverkauf: 11955","og_url":"https:\/\/captain-guitar-lounge.com\/en\/product\/236927\/","og_site_name":"captain-guitar-lounge.com","article_publisher":"https:\/\/www.facebook.com\/Captain-Guitar-Lounge-140457272682315\/","article_modified_time":"2026-03-17T08:23:37+00:00","og_image":[{"width":1024,"height":1024,"url":"https:\/\/captain-guitar-lounge.com\/wp-content\/uploads\/2026\/03\/1980-Pearl-Duo-Reverb-PFT-101-ID-5724IMG_E5744-1024x1024.jpg","type":"image\/jpeg"}],"twitter_card":"summary_large_image","twitter_misc":{"Est. reading time":"1 minute"},"schema":{"@context":"https:\/\/schema.org","@graph":[{"@type":"WebPage","@id":"https:\/\/captain-guitar-lounge.com\/en\/product\/236927\/","url":"https:\/\/captain-guitar-lounge.com\/en\/product\/236927\/","name":"1980 Pearl - Duo Reverb PFT 101 - ID 5724 - captain-guitar-lounge.com","isPartOf":{"@id":"https:\/\/captain-guitar-lounge.com\/en\/#website"},"primaryImageOfPage":{"@id":"https:\/\/captain-guitar-lounge.com\/en\/product\/236927\/#primaryimage"},"image":{"@id":"https:\/\/captain-guitar-lounge.com\/en\/product\/236927\/#primaryimage"},"thumbnailUrl":"https:\/\/captain-guitar-lounge.com\/wp-content\/uploads\/2026\/03\/1980-Pearl-Duo-Reverb-PFT-101-ID-5724IMG_E5744.jpg","datePublished":"2026-03-16T13:49:40+00:00","dateModified":"2026-03-17T08:23:37+00:00","breadcrumb":{"@id":"https:\/\/captain-guitar-lounge.com\/en\/product\/236927\/#breadcrumb"},"inLanguage":"en-US","potentialAction":[{"@type":"ReadAction","target":["https:\/\/captain-guitar-lounge.com\/en\/product\/236927\/"]}]},{"@type":"ImageObject","inLanguage":"en-US","@id":"https:\/\/captain-guitar-lounge.com\/en\/product\/236927\/#primaryimage","url":"https:\/\/captain-guitar-lounge.com\/wp-content\/uploads\/2026\/03\/1980-Pearl-Duo-Reverb-PFT-101-ID-5724IMG_E5744.jpg","contentUrl":"https:\/\/captain-guitar-lounge.com\/wp-content\/uploads\/2026\/03\/1980-Pearl-Duo-Reverb-PFT-101-ID-5724IMG_E5744.jpg","width":2142,"height":2142},{"@type":"BreadcrumbList","@id":"https:\/\/captain-guitar-lounge.com\/en\/product\/236927\/#breadcrumb","itemListElement":[{"@type":"ListItem","position":1,"name":"Startseite","item":"https:\/\/captain-guitar-lounge.com\/en\/captain-guitar-lounge\/"},{"@type":"ListItem","position":2,"name":"Shop","item":"https:\/\/captain-guitar-lounge.com\/shop\/"},{"@type":"ListItem","position":3,"name":"1980 Pearl &#8211; Duo Reverb PFT 101 &#8211; ID 5724"}]},{"@type":"WebSite","@id":"https:\/\/captain-guitar-lounge.com\/en\/#website","url":"https:\/\/captain-guitar-lounge.com\/en\/","name":"captain-guitar-lounge.com","description":"Fine Amps and Guitars and more","potentialAction":[{"@type":"SearchAction","target":{"@type":"EntryPoint","urlTemplate":"https:\/\/captain-guitar-lounge.com\/en\/?s={search_term_string}"},"query-input":{"@type":"PropertyValueSpecification","valueRequired":true,"valueName":"search_term_string"}}],"inLanguage":"en-US"}]}},"_links":{"self":[{"href":"https:\/\/captain-guitar-lounge.com\/en\/wp-json\/wp\/v2\/product\/236927","targetHints":{"allow":["GET"]}}],"collection":[{"href":"https:\/\/captain-guitar-lounge.com\/en\/wp-json\/wp\/v2\/product"}],"about":[{"href":"https:\/\/captain-guitar-lounge.com\/en\/wp-json\/wp\/v2\/types\/product"}],"replies":[{"embeddable":true,"href":"https:\/\/captain-guitar-lounge.com\/en\/wp-json\/wp\/v2\/comments?post=236927"}],"wp:featuredmedia":[{"embeddable":true,"href":"https:\/\/captain-guitar-lounge.com\/en\/wp-json\/wp\/v2\/media\/236934"}],"wp:attachment":[{"href":"https:\/\/captain-guitar-lounge.com\/en\/wp-json\/wp\/v2\/media?parent=236927"}],"wp:term":[{"taxonomy":"product_brand","embeddable":true,"href":"https:\/\/captain-guitar-lounge.com\/en\/wp-json\/wp\/v2\/product_brand?post=236927"},{"taxonomy":"product_cat","embeddable":true,"href":"https:\/\/captain-guitar-lounge.com\/en\/wp-json\/wp\/v2\/product_cat?post=236927"},{"taxonomy":"product_tag","embeddable":true,"href":"https:\/\/captain-guitar-lounge.com\/en\/wp-json\/wp\/v2\/product_tag?post=236927"}],"curies":[{"name":"wp","href":"https:\/\/api.w.org\/{rel}","templated":true}]}}