{"id":23765,"date":"2021-03-28T11:01:00","date_gmt":"2021-03-28T09:01:00","guid":{"rendered":"https:\/\/captain-guitar-lounge.com\/?p=23765&#038;post_type=product&#038;preview_id=23765"},"modified":"2023-12-07T16:16:16","modified_gmt":"2023-12-07T15:16:16","slug":"jvm-master-mod","status":"publish","type":"product","link":"https:\/\/captain-guitar-lounge.com\/en\/product\/jvm-master-mod\/","title":{"rendered":"JVM Master Mod"},"content":{"rendered":"<p>Die koplette Palette alle JVM Mods findest Du hier:<br \/>\n<a href=\"https:\/\/captain-guitar-lounge.com\/2021\/04\/23\/marshall-jvm-2xx-modifications\/\"><strong>JVM 2xxx Modifications<\/strong><\/a><br \/>\n<strong><a href=\"https:\/\/captain-guitar-lounge.com\/2021\/03\/21\/marshall-jvm410-modifications\/\">JVM 410 Modifications<\/a><\/strong><\/p>\n","protected":false},"excerpt":{"rendered":"<div class=\"n module-type-text diyfeLiveArea \">\n<p>In der Vergangenheit kamen\u00a0 oft Anfragen, ob wir den JVM mit einem Powersoak ausstatten k\u00f6nnen \u2013 vielen ist er anscheinend <strong>einfach zu laut<\/strong>!<br \/>\nUnd das stimmt: Mit Master auf 9 bis 10 Uhr ist es eigentlich schon zu laut f\u00fcr das Musikzimmer, oder den Keller.<br \/>\nUnd darunter tut man sich echt schwer, die richtige Lautst\u00e4rke einzustellen, das liegt an der Charakteristik der Master-Regler selbst!<br \/>\nDie regeln zwischen 0 und 5 gef\u00fchlt 80% der Lautst\u00e4rke, alles \u00fcber die H\u00e4lfte ver\u00e4ndert den Pegel nur noch geringf\u00fcgig.<br \/>\nAber so weit kommt man nie, weil einem schon die Ohren abgefallen sind.<\/p>\n<p><strong>Wir korrigieren das!<\/strong> Mit neuen Potentiometern erweitert sich der untere Regelbereich, so dass die normale 9Uhr Stellung erst bei 12 Uhr erreicht wird \u2013 hei\u00dft:<br \/>\n<strong>Bessere Dosierbarkeit bei geringeren Lautst\u00e4rken!<\/strong><br \/>\nDie Endlautst\u00e4rke bleibt nat\u00fcrlich unver\u00e4ndert.<br \/>\nUnd die Regler funktionieren echt gut, <strong>der JVM klingt auch leise kraftvoll und dynamisch!<\/strong><\/p>\n<\/div>\n","protected":false},"featured_media":24656,"comment_status":"closed","ping_status":"closed","template":"","meta":{"_et_pb_use_builder":"","_et_pb_old_content":"","_et_gb_content_width":""},"product_brand":[],"product_cat":[590],"product_tag":[],"class_list":{"0":"post-23765","1":"product","2":"type-product","3":"status-publish","4":"has-post-thumbnail","6":"product_cat-amp-mods","7":"product_shipping_class-nur-abholung","9":"first","10":"instock","11":"virtual","12":"sold-individually","13":"taxable","14":"purchasable","15":"product-type-simple"},"composite_virtual":false,"composite_layout":"","composite_add_to_cart_form_location":"","composite_editable_in_cart":false,"composite_sold_individually_context":"","composite_shop_price_calc":"","composite_components":[],"composite_scenarios":[],"pp_statuses_selecting_workflow":false,"pp_workflow_action":"current","pp_status_selection":"publish","yoast_head":"<!-- This site is optimized with the Yoast SEO plugin v26.8 - https:\/\/yoast.com\/product\/yoast-seo-wordpress\/ -->\n<title>JVM Master Mod - captain-guitar-lounge.com<\/title>\n<meta name=\"robots\" content=\"index, follow, max-snippet:-1, max-image-preview:large, max-video-preview:-1\" \/>\n<link rel=\"canonical\" href=\"https:\/\/captain-guitar-lounge.com\/en\/product\/jvm-master-mod\/\" \/>\n<meta property=\"og:locale\" content=\"en_US\" \/>\n<meta property=\"og:type\" content=\"article\" \/>\n<meta property=\"og:title\" content=\"JVM Master Mod - captain-guitar-lounge.com\" \/>\n<meta property=\"og:description\" content=\"In der Vergangenheit kamen\u00a0 oft Anfragen, ob wir den JVM mit einem Powersoak ausstatten k\u00f6nnen \u2013 vielen ist er anscheinend einfach zu laut! Und das stimmt: Mit Master auf 9 bis 10 Uhr ist es eigentlich schon zu laut f\u00fcr das Musikzimmer, oder den Keller. Und darunter tut man sich echt schwer, die richtige Lautst\u00e4rke einzustellen, das liegt an der Charakteristik der Master-Regler selbst! Die regeln zwischen 0 und 5 gef\u00fchlt 80% der Lautst\u00e4rke, alles \u00fcber die H\u00e4lfte ver\u00e4ndert den Pegel nur noch geringf\u00fcgig. Aber so weit kommt man nie, weil einem schon die Ohren abgefallen sind.  Wir korrigieren das! Mit neuen Potentiometern erweitert sich der untere Regelbereich, so dass die normale 9Uhr Stellung erst bei 12 Uhr erreicht wird \u2013 hei\u00dft: Bessere Dosierbarkeit bei geringeren Lautst\u00e4rken! Die Endlautst\u00e4rke bleibt nat\u00fcrlich unver\u00e4ndert. Und die Regler funktionieren echt gut, der JVM klingt auch leise kraftvoll und dynamisch!\" \/>\n<meta property=\"og:url\" content=\"https:\/\/captain-guitar-lounge.com\/en\/product\/jvm-master-mod\/\" \/>\n<meta property=\"og:site_name\" content=\"captain-guitar-lounge.com\" \/>\n<meta property=\"article:publisher\" content=\"https:\/\/www.facebook.com\/Captain-Guitar-Lounge-140457272682315\/\" \/>\n<meta property=\"article:modified_time\" content=\"2023-12-07T15:16:16+00:00\" \/>\n<meta property=\"og:image\" content=\"https:\/\/captain-guitar-lounge.com\/wp-content\/uploads\/2021\/03\/k-IMG_3032.jpg\" \/>\n\t<meta property=\"og:image:width\" content=\"1280\" \/>\n\t<meta property=\"og:image:height\" content=\"1280\" \/>\n\t<meta property=\"og:image:type\" content=\"image\/jpeg\" \/>\n<meta name=\"twitter:card\" content=\"summary_large_image\" \/>\n<script type=\"application\/ld+json\" class=\"yoast-schema-graph\">{\"@context\":\"https:\/\/schema.org\",\"@graph\":[{\"@type\":\"WebPage\",\"@id\":\"https:\/\/captain-guitar-lounge.com\/en\/product\/jvm-master-mod\/\",\"url\":\"https:\/\/captain-guitar-lounge.com\/en\/product\/jvm-master-mod\/\",\"name\":\"JVM Master Mod - captain-guitar-lounge.com\",\"isPartOf\":{\"@id\":\"https:\/\/captain-guitar-lounge.com\/en\/#website\"},\"primaryImageOfPage\":{\"@id\":\"https:\/\/captain-guitar-lounge.com\/en\/product\/jvm-master-mod\/#primaryimage\"},\"image\":{\"@id\":\"https:\/\/captain-guitar-lounge.com\/en\/product\/jvm-master-mod\/#primaryimage\"},\"thumbnailUrl\":\"https:\/\/captain-guitar-lounge.com\/wp-content\/uploads\/2021\/03\/k-IMG_3032.jpg\",\"datePublished\":\"2021-03-28T09:01:00+00:00\",\"dateModified\":\"2023-12-07T15:16:16+00:00\",\"breadcrumb\":{\"@id\":\"https:\/\/captain-guitar-lounge.com\/en\/product\/jvm-master-mod\/#breadcrumb\"},\"inLanguage\":\"en-US\",\"potentialAction\":[{\"@type\":\"ReadAction\",\"target\":[\"https:\/\/captain-guitar-lounge.com\/en\/product\/jvm-master-mod\/\"]}]},{\"@type\":\"ImageObject\",\"inLanguage\":\"en-US\",\"@id\":\"https:\/\/captain-guitar-lounge.com\/en\/product\/jvm-master-mod\/#primaryimage\",\"url\":\"https:\/\/captain-guitar-lounge.com\/wp-content\/uploads\/2021\/03\/k-IMG_3032.jpg\",\"contentUrl\":\"https:\/\/captain-guitar-lounge.com\/wp-content\/uploads\/2021\/03\/k-IMG_3032.jpg\",\"width\":1280,\"height\":1280},{\"@type\":\"BreadcrumbList\",\"@id\":\"https:\/\/captain-guitar-lounge.com\/en\/product\/jvm-master-mod\/#breadcrumb\",\"itemListElement\":[{\"@type\":\"ListItem\",\"position\":1,\"name\":\"Startseite\",\"item\":\"https:\/\/captain-guitar-lounge.com\/en\/captain-guitar-lounge\/\"},{\"@type\":\"ListItem\",\"position\":2,\"name\":\"Shop\",\"item\":\"https:\/\/captain-guitar-lounge.com\/shop\/\"},{\"@type\":\"ListItem\",\"position\":3,\"name\":\"JVM Master Mod\"}]},{\"@type\":\"WebSite\",\"@id\":\"https:\/\/captain-guitar-lounge.com\/en\/#website\",\"url\":\"https:\/\/captain-guitar-lounge.com\/en\/\",\"name\":\"captain-guitar-lounge.com\",\"description\":\"Fine Amps and Guitars and more\",\"potentialAction\":[{\"@type\":\"SearchAction\",\"target\":{\"@type\":\"EntryPoint\",\"urlTemplate\":\"https:\/\/captain-guitar-lounge.com\/en\/?s={search_term_string}\"},\"query-input\":{\"@type\":\"PropertyValueSpecification\",\"valueRequired\":true,\"valueName\":\"search_term_string\"}}],\"inLanguage\":\"en-US\"}]}<\/script>\n<!-- \/ Yoast SEO plugin. -->","yoast_head_json":{"title":"JVM Master Mod - captain-guitar-lounge.com","robots":{"index":"index","follow":"follow","max-snippet":"max-snippet:-1","max-image-preview":"max-image-preview:large","max-video-preview":"max-video-preview:-1"},"canonical":"https:\/\/captain-guitar-lounge.com\/en\/product\/jvm-master-mod\/","og_locale":"en_US","og_type":"article","og_title":"JVM Master Mod - captain-guitar-lounge.com","og_description":"In der Vergangenheit kamen\u00a0 oft Anfragen, ob wir den JVM mit einem Powersoak ausstatten k\u00f6nnen \u2013 vielen ist er anscheinend einfach zu laut! Und das stimmt: Mit Master auf 9 bis 10 Uhr ist es eigentlich schon zu laut f\u00fcr das Musikzimmer, oder den Keller. Und darunter tut man sich echt schwer, die richtige Lautst\u00e4rke einzustellen, das liegt an der Charakteristik der Master-Regler selbst! Die regeln zwischen 0 und 5 gef\u00fchlt 80% der Lautst\u00e4rke, alles \u00fcber die H\u00e4lfte ver\u00e4ndert den Pegel nur noch geringf\u00fcgig. Aber so weit kommt man nie, weil einem schon die Ohren abgefallen sind.  Wir korrigieren das! Mit neuen Potentiometern erweitert sich der untere Regelbereich, so dass die normale 9Uhr Stellung erst bei 12 Uhr erreicht wird \u2013 hei\u00dft: Bessere Dosierbarkeit bei geringeren Lautst\u00e4rken! Die Endlautst\u00e4rke bleibt nat\u00fcrlich unver\u00e4ndert. Und die Regler funktionieren echt gut, der JVM klingt auch leise kraftvoll und dynamisch!","og_url":"https:\/\/captain-guitar-lounge.com\/en\/product\/jvm-master-mod\/","og_site_name":"captain-guitar-lounge.com","article_publisher":"https:\/\/www.facebook.com\/Captain-Guitar-Lounge-140457272682315\/","article_modified_time":"2023-12-07T15:16:16+00:00","og_image":[{"width":1280,"height":1280,"url":"https:\/\/captain-guitar-lounge.com\/wp-content\/uploads\/2021\/03\/k-IMG_3032.jpg","type":"image\/jpeg"}],"twitter_card":"summary_large_image","schema":{"@context":"https:\/\/schema.org","@graph":[{"@type":"WebPage","@id":"https:\/\/captain-guitar-lounge.com\/en\/product\/jvm-master-mod\/","url":"https:\/\/captain-guitar-lounge.com\/en\/product\/jvm-master-mod\/","name":"JVM Master Mod - captain-guitar-lounge.com","isPartOf":{"@id":"https:\/\/captain-guitar-lounge.com\/en\/#website"},"primaryImageOfPage":{"@id":"https:\/\/captain-guitar-lounge.com\/en\/product\/jvm-master-mod\/#primaryimage"},"image":{"@id":"https:\/\/captain-guitar-lounge.com\/en\/product\/jvm-master-mod\/#primaryimage"},"thumbnailUrl":"https:\/\/captain-guitar-lounge.com\/wp-content\/uploads\/2021\/03\/k-IMG_3032.jpg","datePublished":"2021-03-28T09:01:00+00:00","dateModified":"2023-12-07T15:16:16+00:00","breadcrumb":{"@id":"https:\/\/captain-guitar-lounge.com\/en\/product\/jvm-master-mod\/#breadcrumb"},"inLanguage":"en-US","potentialAction":[{"@type":"ReadAction","target":["https:\/\/captain-guitar-lounge.com\/en\/product\/jvm-master-mod\/"]}]},{"@type":"ImageObject","inLanguage":"en-US","@id":"https:\/\/captain-guitar-lounge.com\/en\/product\/jvm-master-mod\/#primaryimage","url":"https:\/\/captain-guitar-lounge.com\/wp-content\/uploads\/2021\/03\/k-IMG_3032.jpg","contentUrl":"https:\/\/captain-guitar-lounge.com\/wp-content\/uploads\/2021\/03\/k-IMG_3032.jpg","width":1280,"height":1280},{"@type":"BreadcrumbList","@id":"https:\/\/captain-guitar-lounge.com\/en\/product\/jvm-master-mod\/#breadcrumb","itemListElement":[{"@type":"ListItem","position":1,"name":"Startseite","item":"https:\/\/captain-guitar-lounge.com\/en\/captain-guitar-lounge\/"},{"@type":"ListItem","position":2,"name":"Shop","item":"https:\/\/captain-guitar-lounge.com\/shop\/"},{"@type":"ListItem","position":3,"name":"JVM Master Mod"}]},{"@type":"WebSite","@id":"https:\/\/captain-guitar-lounge.com\/en\/#website","url":"https:\/\/captain-guitar-lounge.com\/en\/","name":"captain-guitar-lounge.com","description":"Fine Amps and Guitars and more","potentialAction":[{"@type":"SearchAction","target":{"@type":"EntryPoint","urlTemplate":"https:\/\/captain-guitar-lounge.com\/en\/?s={search_term_string}"},"query-input":{"@type":"PropertyValueSpecification","valueRequired":true,"valueName":"search_term_string"}}],"inLanguage":"en-US"}]}},"_links":{"self":[{"href":"https:\/\/captain-guitar-lounge.com\/en\/wp-json\/wp\/v2\/product\/23765","targetHints":{"allow":["GET"]}}],"collection":[{"href":"https:\/\/captain-guitar-lounge.com\/en\/wp-json\/wp\/v2\/product"}],"about":[{"href":"https:\/\/captain-guitar-lounge.com\/en\/wp-json\/wp\/v2\/types\/product"}],"replies":[{"embeddable":true,"href":"https:\/\/captain-guitar-lounge.com\/en\/wp-json\/wp\/v2\/comments?post=23765"}],"wp:featuredmedia":[{"embeddable":true,"href":"https:\/\/captain-guitar-lounge.com\/en\/wp-json\/wp\/v2\/media\/24656"}],"wp:attachment":[{"href":"https:\/\/captain-guitar-lounge.com\/en\/wp-json\/wp\/v2\/media?parent=23765"}],"wp:term":[{"taxonomy":"product_brand","embeddable":true,"href":"https:\/\/captain-guitar-lounge.com\/en\/wp-json\/wp\/v2\/product_brand?post=23765"},{"taxonomy":"product_cat","embeddable":true,"href":"https:\/\/captain-guitar-lounge.com\/en\/wp-json\/wp\/v2\/product_cat?post=23765"},{"taxonomy":"product_tag","embeddable":true,"href":"https:\/\/captain-guitar-lounge.com\/en\/wp-json\/wp\/v2\/product_tag?post=23765"}],"curies":[{"name":"wp","href":"https:\/\/api.w.org\/{rel}","templated":true}]}}