{"id":240230,"date":"2026-04-08T13:14:32","date_gmt":"2026-04-08T11:14:32","guid":{"rendered":"https:\/\/captain-guitar-lounge.com\/?post_type=product&#038;p=240230"},"modified":"2026-04-15T13:27:49","modified_gmt":"2026-04-15T11:27:49","slug":"2025-engl-e725-ravager-ir-id-5801","status":"publish","type":"product","link":"https:\/\/captain-guitar-lounge.com\/en\/product\/2025-engl-e725-ravager-ir-id-5801\/","title":{"rendered":"2025 Engl &#8211; E725 Ravager IR &#8211; ID 5801"},"content":{"rendered":"<p><strong>20 Watt Gitarrenverst\u00e4rker<\/strong><br \/>\n2-Kanal Tube Amp<br \/>\nECC83-Vorverst\u00e4rker und EL84-Endstufe<br \/>\nintegrierter IR-Loader mit vier IRs (drei anpassbare Slots)<br \/>\nUSB-Anschluss f\u00fcr einfache IR-Verwaltung<br \/>\nKopfh\u00f6rerausgang f\u00fcr lautloses \u00dcben<br \/>\nXLR-Direktausgang f\u00fcr Live- und Aufnahme-Setups<br \/>\nFX Loop<br \/>\nFootswitch<br \/>\nLine Output und Poweramp Output: je 6,3 mm Klinkenanschluss<br \/>\nintegrierter Power Soak f\u00fcr einstellbare Leistung:<br \/>\n20 Watt, 5 Watt, 1 Watt, Lautsprecher aus<br \/>\nKompaktes Design<\/p>\n","protected":false},"excerpt":{"rendered":"<p><strong>Aus 1. Hand &#8211; ex G\u00fcnter Gr\u00fcnwald<\/strong><br \/>\nZustand: Neuwertig<br \/>\nSerNr: 72508840625<br \/>\nGewicht: 6,2 kg Versandklasse: Standard<br \/>\nVermittlungsverkauf: 10619<\/p>\n","protected":false},"featured_media":240231,"comment_status":"closed","ping_status":"closed","template":"","meta":{"_et_pb_use_builder":"","_et_pb_old_content":"","_et_gb_content_width":""},"product_brand":[],"product_cat":[54,290],"product_tag":[],"class_list":{"0":"post-240230","1":"product","2":"type-product","3":"status-publish","4":"has-post-thumbnail","6":"product_cat-head","7":"product_cat-fundgrube","8":"product_shipping_class-standard","10":"first","11":"outofstock","12":"sold-individually","13":"purchasable","14":"product-type-simple"},"composite_virtual":false,"composite_layout":"","composite_add_to_cart_form_location":"","composite_editable_in_cart":false,"composite_sold_individually_context":"","composite_shop_price_calc":"","composite_components":[],"composite_scenarios":[],"pp_statuses_selecting_workflow":false,"pp_workflow_action":"current","pp_status_selection":"publish","yoast_head":"<!-- This site is optimized with the Yoast SEO plugin v26.8 - https:\/\/yoast.com\/product\/yoast-seo-wordpress\/ -->\n<title>2025 Engl - E725 Ravager IR - ID 5801 - captain-guitar-lounge.com<\/title>\n<meta name=\"robots\" content=\"index, follow, max-snippet:-1, max-image-preview:large, max-video-preview:-1\" \/>\n<link rel=\"canonical\" href=\"https:\/\/captain-guitar-lounge.com\/en\/product\/2025-engl-e725-ravager-ir-id-5801\/\" \/>\n<meta property=\"og:locale\" content=\"en_US\" \/>\n<meta property=\"og:type\" content=\"article\" \/>\n<meta property=\"og:title\" content=\"2025 Engl - E725 Ravager IR - ID 5801 - captain-guitar-lounge.com\" \/>\n<meta property=\"og:description\" content=\"Aus 1. Hand - ex G\u00fcnter Gr\u00fcnwald Zustand: Neuwertig SerNr: 72508840625 Gewicht: 6,2 kg Versandklasse: Standard Vermittlungsverkauf: 10619\" \/>\n<meta property=\"og:url\" content=\"https:\/\/captain-guitar-lounge.com\/en\/product\/2025-engl-e725-ravager-ir-id-5801\/\" \/>\n<meta property=\"og:site_name\" content=\"captain-guitar-lounge.com\" \/>\n<meta property=\"article:publisher\" content=\"https:\/\/www.facebook.com\/Captain-Guitar-Lounge-140457272682315\/\" \/>\n<meta property=\"article:modified_time\" content=\"2026-04-15T11:27:49+00:00\" \/>\n<meta property=\"og:image\" content=\"https:\/\/captain-guitar-lounge.com\/wp-content\/uploads\/2026\/04\/Engl-E725-Ravager-IR-ID-5801IMG_4498.jpg\" \/>\n\t<meta property=\"og:image:width\" content=\"1512\" \/>\n\t<meta property=\"og:image:height\" content=\"1512\" \/>\n\t<meta property=\"og:image:type\" content=\"image\/jpeg\" \/>\n<meta name=\"twitter:card\" content=\"summary_large_image\" \/>\n<meta name=\"twitter:label1\" content=\"Est. reading time\" \/>\n\t<meta name=\"twitter:data1\" content=\"1 minute\" \/>\n<script type=\"application\/ld+json\" class=\"yoast-schema-graph\">{\"@context\":\"https:\/\/schema.org\",\"@graph\":[{\"@type\":\"WebPage\",\"@id\":\"https:\/\/captain-guitar-lounge.com\/en\/product\/2025-engl-e725-ravager-ir-id-5801\/\",\"url\":\"https:\/\/captain-guitar-lounge.com\/en\/product\/2025-engl-e725-ravager-ir-id-5801\/\",\"name\":\"2025 Engl - E725 Ravager IR - ID 5801 - captain-guitar-lounge.com\",\"isPartOf\":{\"@id\":\"https:\/\/captain-guitar-lounge.com\/en\/#website\"},\"primaryImageOfPage\":{\"@id\":\"https:\/\/captain-guitar-lounge.com\/en\/product\/2025-engl-e725-ravager-ir-id-5801\/#primaryimage\"},\"image\":{\"@id\":\"https:\/\/captain-guitar-lounge.com\/en\/product\/2025-engl-e725-ravager-ir-id-5801\/#primaryimage\"},\"thumbnailUrl\":\"https:\/\/captain-guitar-lounge.com\/wp-content\/uploads\/2026\/04\/Engl-E725-Ravager-IR-ID-5801IMG_4498.jpg\",\"datePublished\":\"2026-04-08T11:14:32+00:00\",\"dateModified\":\"2026-04-15T11:27:49+00:00\",\"breadcrumb\":{\"@id\":\"https:\/\/captain-guitar-lounge.com\/en\/product\/2025-engl-e725-ravager-ir-id-5801\/#breadcrumb\"},\"inLanguage\":\"en-US\",\"potentialAction\":[{\"@type\":\"ReadAction\",\"target\":[\"https:\/\/captain-guitar-lounge.com\/en\/product\/2025-engl-e725-ravager-ir-id-5801\/\"]}]},{\"@type\":\"ImageObject\",\"inLanguage\":\"en-US\",\"@id\":\"https:\/\/captain-guitar-lounge.com\/en\/product\/2025-engl-e725-ravager-ir-id-5801\/#primaryimage\",\"url\":\"https:\/\/captain-guitar-lounge.com\/wp-content\/uploads\/2026\/04\/Engl-E725-Ravager-IR-ID-5801IMG_4498.jpg\",\"contentUrl\":\"https:\/\/captain-guitar-lounge.com\/wp-content\/uploads\/2026\/04\/Engl-E725-Ravager-IR-ID-5801IMG_4498.jpg\",\"width\":1512,\"height\":1512,\"caption\":\"Engl-E725-Ravager-IR-ID-5801IMG_4498.jpg 8. April 2026\"},{\"@type\":\"BreadcrumbList\",\"@id\":\"https:\/\/captain-guitar-lounge.com\/en\/product\/2025-engl-e725-ravager-ir-id-5801\/#breadcrumb\",\"itemListElement\":[{\"@type\":\"ListItem\",\"position\":1,\"name\":\"Startseite\",\"item\":\"https:\/\/captain-guitar-lounge.com\/en\/\"},{\"@type\":\"ListItem\",\"position\":2,\"name\":\"Shop\",\"item\":\"https:\/\/captain-guitar-lounge.com\/shop\/\"},{\"@type\":\"ListItem\",\"position\":3,\"name\":\"2025 Engl &#8211; E725 Ravager IR &#8211; ID 5801\"}]},{\"@type\":\"WebSite\",\"@id\":\"https:\/\/captain-guitar-lounge.com\/en\/#website\",\"url\":\"https:\/\/captain-guitar-lounge.com\/en\/\",\"name\":\"captain-guitar-lounge.com\",\"description\":\"Fine Amps and Guitars and more\",\"potentialAction\":[{\"@type\":\"SearchAction\",\"target\":{\"@type\":\"EntryPoint\",\"urlTemplate\":\"https:\/\/captain-guitar-lounge.com\/en\/?s={search_term_string}\"},\"query-input\":{\"@type\":\"PropertyValueSpecification\",\"valueRequired\":true,\"valueName\":\"search_term_string\"}}],\"inLanguage\":\"en-US\"}]}<\/script>\n<!-- \/ Yoast SEO plugin. -->","yoast_head_json":{"title":"2025 Engl - E725 Ravager IR - ID 5801 - captain-guitar-lounge.com","robots":{"index":"index","follow":"follow","max-snippet":"max-snippet:-1","max-image-preview":"max-image-preview:large","max-video-preview":"max-video-preview:-1"},"canonical":"https:\/\/captain-guitar-lounge.com\/en\/product\/2025-engl-e725-ravager-ir-id-5801\/","og_locale":"en_US","og_type":"article","og_title":"2025 Engl - E725 Ravager IR - ID 5801 - captain-guitar-lounge.com","og_description":"Aus 1. Hand - ex G\u00fcnter Gr\u00fcnwald Zustand: Neuwertig SerNr: 72508840625 Gewicht: 6,2 kg Versandklasse: Standard Vermittlungsverkauf: 10619","og_url":"https:\/\/captain-guitar-lounge.com\/en\/product\/2025-engl-e725-ravager-ir-id-5801\/","og_site_name":"captain-guitar-lounge.com","article_publisher":"https:\/\/www.facebook.com\/Captain-Guitar-Lounge-140457272682315\/","article_modified_time":"2026-04-15T11:27:49+00:00","og_image":[{"width":1512,"height":1512,"url":"https:\/\/captain-guitar-lounge.com\/wp-content\/uploads\/2026\/04\/Engl-E725-Ravager-IR-ID-5801IMG_4498.jpg","type":"image\/jpeg"}],"twitter_card":"summary_large_image","twitter_misc":{"Est. reading time":"1 minute"},"schema":{"@context":"https:\/\/schema.org","@graph":[{"@type":"WebPage","@id":"https:\/\/captain-guitar-lounge.com\/en\/product\/2025-engl-e725-ravager-ir-id-5801\/","url":"https:\/\/captain-guitar-lounge.com\/en\/product\/2025-engl-e725-ravager-ir-id-5801\/","name":"2025 Engl - E725 Ravager IR - ID 5801 - captain-guitar-lounge.com","isPartOf":{"@id":"https:\/\/captain-guitar-lounge.com\/en\/#website"},"primaryImageOfPage":{"@id":"https:\/\/captain-guitar-lounge.com\/en\/product\/2025-engl-e725-ravager-ir-id-5801\/#primaryimage"},"image":{"@id":"https:\/\/captain-guitar-lounge.com\/en\/product\/2025-engl-e725-ravager-ir-id-5801\/#primaryimage"},"thumbnailUrl":"https:\/\/captain-guitar-lounge.com\/wp-content\/uploads\/2026\/04\/Engl-E725-Ravager-IR-ID-5801IMG_4498.jpg","datePublished":"2026-04-08T11:14:32+00:00","dateModified":"2026-04-15T11:27:49+00:00","breadcrumb":{"@id":"https:\/\/captain-guitar-lounge.com\/en\/product\/2025-engl-e725-ravager-ir-id-5801\/#breadcrumb"},"inLanguage":"en-US","potentialAction":[{"@type":"ReadAction","target":["https:\/\/captain-guitar-lounge.com\/en\/product\/2025-engl-e725-ravager-ir-id-5801\/"]}]},{"@type":"ImageObject","inLanguage":"en-US","@id":"https:\/\/captain-guitar-lounge.com\/en\/product\/2025-engl-e725-ravager-ir-id-5801\/#primaryimage","url":"https:\/\/captain-guitar-lounge.com\/wp-content\/uploads\/2026\/04\/Engl-E725-Ravager-IR-ID-5801IMG_4498.jpg","contentUrl":"https:\/\/captain-guitar-lounge.com\/wp-content\/uploads\/2026\/04\/Engl-E725-Ravager-IR-ID-5801IMG_4498.jpg","width":1512,"height":1512,"caption":"Engl-E725-Ravager-IR-ID-5801IMG_4498.jpg 8. April 2026"},{"@type":"BreadcrumbList","@id":"https:\/\/captain-guitar-lounge.com\/en\/product\/2025-engl-e725-ravager-ir-id-5801\/#breadcrumb","itemListElement":[{"@type":"ListItem","position":1,"name":"Startseite","item":"https:\/\/captain-guitar-lounge.com\/en\/"},{"@type":"ListItem","position":2,"name":"Shop","item":"https:\/\/captain-guitar-lounge.com\/shop\/"},{"@type":"ListItem","position":3,"name":"2025 Engl &#8211; E725 Ravager IR &#8211; ID 5801"}]},{"@type":"WebSite","@id":"https:\/\/captain-guitar-lounge.com\/en\/#website","url":"https:\/\/captain-guitar-lounge.com\/en\/","name":"captain-guitar-lounge.com","description":"Fine Amps and Guitars and more","potentialAction":[{"@type":"SearchAction","target":{"@type":"EntryPoint","urlTemplate":"https:\/\/captain-guitar-lounge.com\/en\/?s={search_term_string}"},"query-input":{"@type":"PropertyValueSpecification","valueRequired":true,"valueName":"search_term_string"}}],"inLanguage":"en-US"}]}},"_links":{"self":[{"href":"https:\/\/captain-guitar-lounge.com\/en\/wp-json\/wp\/v2\/product\/240230","targetHints":{"allow":["GET"]}}],"collection":[{"href":"https:\/\/captain-guitar-lounge.com\/en\/wp-json\/wp\/v2\/product"}],"about":[{"href":"https:\/\/captain-guitar-lounge.com\/en\/wp-json\/wp\/v2\/types\/product"}],"replies":[{"embeddable":true,"href":"https:\/\/captain-guitar-lounge.com\/en\/wp-json\/wp\/v2\/comments?post=240230"}],"wp:featuredmedia":[{"embeddable":true,"href":"https:\/\/captain-guitar-lounge.com\/en\/wp-json\/wp\/v2\/media\/240231"}],"wp:attachment":[{"href":"https:\/\/captain-guitar-lounge.com\/en\/wp-json\/wp\/v2\/media?parent=240230"}],"wp:term":[{"taxonomy":"product_brand","embeddable":true,"href":"https:\/\/captain-guitar-lounge.com\/en\/wp-json\/wp\/v2\/product_brand?post=240230"},{"taxonomy":"product_cat","embeddable":true,"href":"https:\/\/captain-guitar-lounge.com\/en\/wp-json\/wp\/v2\/product_cat?post=240230"},{"taxonomy":"product_tag","embeddable":true,"href":"https:\/\/captain-guitar-lounge.com\/en\/wp-json\/wp\/v2\/product_tag?post=240230"}],"curies":[{"name":"wp","href":"https:\/\/api.w.org\/{rel}","templated":true}]}}