{"id":24099,"date":"2021-04-08T10:00:16","date_gmt":"2021-04-08T08:00:16","guid":{"rendered":"https:\/\/captain-guitar-lounge.com\/?p=24099&#038;post_type=product&#038;preview_id=24099"},"modified":"2023-12-06T10:48:07","modified_gmt":"2023-12-06T09:48:07","slug":"captain-buddy-1x12-cabinet","status":"publish","type":"product","link":"https:\/\/captain-guitar-lounge.com\/en\/product\/captain-buddy-1x12-cabinet\/","title":{"rendered":"Captain Buddy 1&#215;12&#8243; Cabinet"},"content":{"rendered":"<div class=\"textwrapper\">\n<div class=\"n module-type-text diyfeLiveArea \">\n<p><strong>Technische Daten Captain Buddy Cabinet<br \/>\n<\/strong><br \/>\n<strong>Ma\u00dfe: ca. 61<\/strong>,5cm x 40x 24cm<br \/>\n<strong>Gewicht: <\/strong>ca. 14,5kg (mit Celestion v-Type)<br \/>\n<strong>Speaker: <\/strong>12&#8243;<br \/>\nJeder Captain Amp ist ein<strong> individuelles Einzelst\u00fcck<\/strong> und wird f\u00fcr Dich in <strong>Handarbeit<\/strong> hergestellt.<br \/>\nDaher sind <strong>Sonderw\u00fcnsche<\/strong> jederzeit m\u00f6glich, setzt Dich einfach mit uns in Verbindung und wir besprechen Deine Ideen.<br \/>\nDie Lieferzeit betr\u00e4gt je nach Optionen und Sonderw\u00fcnschen zwischen 8 und 14 Wochen.<\/p>\n<p>&nbsp;<\/p>\n<\/div>\n<\/div>\n","protected":false},"excerpt":{"rendered":"<div class=\"n module-type-text diyfeLiveArea \">\n<p>&nbsp;<\/p>\n<p>Die passende Box zum Captain Buddy Amp, zur Erg\u00e4nzung beim Topteil oder als Zusatzbox zum Combo.<br \/>\nPasst auch f\u00fcr alle Fender Deluxe Reverb Amps und deren Clones.<\/p>\n<p><strong>Hier kannst Du Dir Dein Captain Buddy Cabinet individuell zusammenstellen.<\/strong><\/p>\n<p>Gerne helfen wir Dir telefonisch oder per Email wenn Fragen auftauchen.<\/p>\n<p>&nbsp;<\/p>\n<\/div>\n","protected":false},"featured_media":24101,"comment_status":"closed","ping_status":"closed","template":"","meta":{"_et_pb_use_builder":"off","_et_pb_old_content":"Test Gruppiertes Produkt","_et_gb_content_width":""},"product_brand":[],"product_cat":[743],"product_tag":[],"class_list":{"0":"post-24099","1":"product","2":"type-product","3":"status-publish","4":"has-post-thumbnail","6":"product_cat-captain-cabinets","7":"product_shipping_class-standard","8":"pa_artikelzustand-neuer-artikel","9":"pa_captain-amp-serie-pure-captain-amps","10":"pa_captain-amp-speaker-12-zoll","11":"pa_captain-amp-style-us-late-sixties","13":"first","14":"onbackorder","15":"taxable","16":"shipping-taxable","17":"purchasable","18":"product-type-composite"},"composite_virtual":false,"composite_layout":"paged","composite_add_to_cart_form_location":"after_summary","composite_editable_in_cart":true,"composite_sold_individually_context":"product","composite_shop_price_calc":"defaults","composite_components":[{"id":"1595333654","title":"Tolex","description":"<p>Hier kannst Du Dir den Bezug f\u00fcr Deine Box aussuchen.<\/p>\n","query_type":"category_ids","query_ids":[872],"default_option_id":13429,"thumbnail_id":"","thumbnail_src":"","quantity_min":1,"quantity_max":1,"priced_individually":true,"shipped_individually":false,"optional":true,"discount":"","options_style":"thumbnails","pagination_style":"load-more","display_prices":"absolute","show_sorting_options":false,"show_filtering_options":false,"attribute_filter_ids":[],"select_action":"view","product_title_visible":true,"product_descr_visible":true,"product_price_visible":true,"product_thumb_visible":true,"subtotal_visible_product":true,"subtotal_visible_cart":true,"subtotal_visible_orders":true},{"id":"1595334351","title":"Front","description":"<p>Hier kannst Du Dir die Frontbespannung f\u00fcr Deine Box aussuchen.<\/p>\n","query_type":"category_ids","query_ids":[873],"default_option_id":13338,"thumbnail_id":"","thumbnail_src":"","quantity_min":1,"quantity_max":1,"priced_individually":true,"shipped_individually":false,"optional":true,"discount":"","options_style":"thumbnails","pagination_style":"load-more","display_prices":"absolute","show_sorting_options":false,"show_filtering_options":false,"attribute_filter_ids":[],"select_action":"view","product_title_visible":true,"product_descr_visible":true,"product_price_visible":true,"product_thumb_visible":true,"subtotal_visible_product":true,"subtotal_visible_cart":true,"subtotal_visible_orders":true},{"id":"1595604944","title":"Griff","description":"<p>Such dir einen Griff aus!<\/p>\n","query_type":"category_ids","query_ids":[880],"default_option_id":"","thumbnail_id":"","thumbnail_src":"","quantity_min":1,"quantity_max":1,"priced_individually":false,"shipped_individually":false,"optional":true,"discount":"","options_style":"thumbnails","pagination_style":"load-more","display_prices":"absolute","show_sorting_options":false,"show_filtering_options":false,"attribute_filter_ids":[],"select_action":"view","product_title_visible":true,"product_descr_visible":true,"product_price_visible":true,"product_thumb_visible":true,"subtotal_visible_product":true,"subtotal_visible_cart":true,"subtotal_visible_orders":true},{"id":"1595155676","title":"Speaker","description":"<p>Der standard-Speaker f\u00fcr den Captain Buddy Amp ist der Celestion V-Type.<br \/>\nEr hat reichlich Mitten und keine schneidenden H\u00f6hen. Klingt sehr nach an den alten Celestion Greenbacks aus den fr\u00fchen Siebzigern.<\/p>\n<p>Der Weber 12F150 ist vom Sound nah an den Jensen Ceramic Speakern, die Mitte der sechziger verbaut wurden. Ohne kratzige H\u00f6hen, daf\u00fcr stramme definierte B\u00e4sse und ausgewogene Mitten.<\/p>\n<p>Der Weber Alnico 12A150 trimmt den Captain Buddy Amp in Richtung Tweed Amp, etwas rauher und ungeschliffener.<\/p>\n<p>Alle Speaker bekommen einen 24hrs Captain Speaker Shakedown.<\/p>\n<p>Nat\u00fcrlich sind auch andere Lautsprecher m\u00f6glich, gerne beraten wir Dich.<br \/>\nDann bitte No Speaker w\u00e4hlen.<\/p>\n","query_type":"product_ids","query_ids":[6637,6648,11225],"default_option_id":6648,"thumbnail_id":13539,"thumbnail_src":"https:\/\/captain-guitar-lounge.com\/wp-content\/uploads\/2020\/07\/NO-Speaker.jpg","quantity_min":1,"quantity_max":1,"priced_individually":true,"shipped_individually":false,"optional":true,"discount":"","options_style":"radios","pagination_style":"classic","display_prices":"absolute","show_sorting_options":false,"show_filtering_options":false,"attribute_filter_ids":[],"select_action":"view","product_title_visible":true,"product_descr_visible":true,"product_price_visible":true,"product_thumb_visible":true,"subtotal_visible_product":true,"subtotal_visible_cart":true,"subtotal_visible_orders":true}],"composite_scenarios":[],"pp_statuses_selecting_workflow":false,"pp_workflow_action":"current","pp_status_selection":"publish","yoast_head":"<!-- This site is optimized with the Yoast SEO plugin v26.8 - https:\/\/yoast.com\/product\/yoast-seo-wordpress\/ -->\n<title>Captain Buddy 1x12&quot; Cabinet - captain-guitar-lounge.com<\/title>\n<meta name=\"robots\" content=\"index, follow, max-snippet:-1, max-image-preview:large, max-video-preview:-1\" \/>\n<link rel=\"canonical\" href=\"https:\/\/captain-guitar-lounge.com\/en\/product\/captain-buddy-1x12-cabinet\/\" \/>\n<meta property=\"og:locale\" content=\"en_US\" \/>\n<meta property=\"og:type\" content=\"article\" \/>\n<meta property=\"og:title\" content=\"Captain Buddy 1x12&quot; Cabinet - captain-guitar-lounge.com\" \/>\n<meta property=\"og:description\" content=\"&nbsp;  Die passende Box zum Captain Buddy Amp, zur Erg\u00e4nzung beim Topteil oder als Zusatzbox zum Combo. Passt auch f\u00fcr alle Fender Deluxe Reverb Amps und deren Clones.  Hier kannst Du Dir Dein Captain Buddy Cabinet individuell zusammenstellen.  Gerne helfen wir Dir telefonisch oder per Email wenn Fragen auftauchen.  &nbsp;\" \/>\n<meta property=\"og:url\" content=\"https:\/\/captain-guitar-lounge.com\/en\/product\/captain-buddy-1x12-cabinet\/\" \/>\n<meta property=\"og:site_name\" content=\"captain-guitar-lounge.com\" \/>\n<meta property=\"article:publisher\" content=\"https:\/\/www.facebook.com\/Captain-Guitar-Lounge-140457272682315\/\" \/>\n<meta property=\"article:modified_time\" content=\"2023-12-06T09:48:07+00:00\" \/>\n<meta property=\"og:image\" content=\"https:\/\/captain-guitar-lounge.com\/wp-content\/uploads\/2021\/04\/k-IMG_2979.jpg\" \/>\n\t<meta property=\"og:image:width\" content=\"1280\" \/>\n\t<meta property=\"og:image:height\" content=\"960\" \/>\n\t<meta property=\"og:image:type\" content=\"image\/jpeg\" \/>\n<meta name=\"twitter:card\" content=\"summary_large_image\" \/>\n<meta name=\"twitter:label1\" content=\"Est. reading time\" \/>\n\t<meta name=\"twitter:data1\" content=\"1 minute\" \/>\n<script type=\"application\/ld+json\" class=\"yoast-schema-graph\">{\"@context\":\"https:\/\/schema.org\",\"@graph\":[{\"@type\":\"WebPage\",\"@id\":\"https:\/\/captain-guitar-lounge.com\/en\/product\/captain-buddy-1x12-cabinet\/\",\"url\":\"https:\/\/captain-guitar-lounge.com\/en\/product\/captain-buddy-1x12-cabinet\/\",\"name\":\"Captain Buddy 1x12\\\" Cabinet - captain-guitar-lounge.com\",\"isPartOf\":{\"@id\":\"https:\/\/captain-guitar-lounge.com\/en\/#website\"},\"primaryImageOfPage\":{\"@id\":\"https:\/\/captain-guitar-lounge.com\/en\/product\/captain-buddy-1x12-cabinet\/#primaryimage\"},\"image\":{\"@id\":\"https:\/\/captain-guitar-lounge.com\/en\/product\/captain-buddy-1x12-cabinet\/#primaryimage\"},\"thumbnailUrl\":\"https:\/\/captain-guitar-lounge.com\/wp-content\/uploads\/2021\/04\/k-IMG_2979.jpg\",\"datePublished\":\"2021-04-08T08:00:16+00:00\",\"dateModified\":\"2023-12-06T09:48:07+00:00\",\"breadcrumb\":{\"@id\":\"https:\/\/captain-guitar-lounge.com\/en\/product\/captain-buddy-1x12-cabinet\/#breadcrumb\"},\"inLanguage\":\"en-US\",\"potentialAction\":[{\"@type\":\"ReadAction\",\"target\":[\"https:\/\/captain-guitar-lounge.com\/en\/product\/captain-buddy-1x12-cabinet\/\"]}]},{\"@type\":\"ImageObject\",\"inLanguage\":\"en-US\",\"@id\":\"https:\/\/captain-guitar-lounge.com\/en\/product\/captain-buddy-1x12-cabinet\/#primaryimage\",\"url\":\"https:\/\/captain-guitar-lounge.com\/wp-content\/uploads\/2021\/04\/k-IMG_2979.jpg\",\"contentUrl\":\"https:\/\/captain-guitar-lounge.com\/wp-content\/uploads\/2021\/04\/k-IMG_2979.jpg\",\"width\":1280,\"height\":960},{\"@type\":\"BreadcrumbList\",\"@id\":\"https:\/\/captain-guitar-lounge.com\/en\/product\/captain-buddy-1x12-cabinet\/#breadcrumb\",\"itemListElement\":[{\"@type\":\"ListItem\",\"position\":1,\"name\":\"Startseite\",\"item\":\"https:\/\/captain-guitar-lounge.com\/en\/\"},{\"@type\":\"ListItem\",\"position\":2,\"name\":\"Shop\",\"item\":\"https:\/\/captain-guitar-lounge.com\/shop\/\"},{\"@type\":\"ListItem\",\"position\":3,\"name\":\"Captain Buddy 1&#215;12&#8243; Cabinet\"}]},{\"@type\":\"WebSite\",\"@id\":\"https:\/\/captain-guitar-lounge.com\/en\/#website\",\"url\":\"https:\/\/captain-guitar-lounge.com\/en\/\",\"name\":\"captain-guitar-lounge.com\",\"description\":\"Fine Amps and Guitars and more\",\"potentialAction\":[{\"@type\":\"SearchAction\",\"target\":{\"@type\":\"EntryPoint\",\"urlTemplate\":\"https:\/\/captain-guitar-lounge.com\/en\/?s={search_term_string}\"},\"query-input\":{\"@type\":\"PropertyValueSpecification\",\"valueRequired\":true,\"valueName\":\"search_term_string\"}}],\"inLanguage\":\"en-US\"}]}<\/script>\n<!-- \/ Yoast SEO plugin. -->","yoast_head_json":{"title":"Captain Buddy 1x12\" Cabinet - captain-guitar-lounge.com","robots":{"index":"index","follow":"follow","max-snippet":"max-snippet:-1","max-image-preview":"max-image-preview:large","max-video-preview":"max-video-preview:-1"},"canonical":"https:\/\/captain-guitar-lounge.com\/en\/product\/captain-buddy-1x12-cabinet\/","og_locale":"en_US","og_type":"article","og_title":"Captain Buddy 1x12\" Cabinet - captain-guitar-lounge.com","og_description":"&nbsp;  Die passende Box zum Captain Buddy Amp, zur Erg\u00e4nzung beim Topteil oder als Zusatzbox zum Combo. Passt auch f\u00fcr alle Fender Deluxe Reverb Amps und deren Clones.  Hier kannst Du Dir Dein Captain Buddy Cabinet individuell zusammenstellen.  Gerne helfen wir Dir telefonisch oder per Email wenn Fragen auftauchen.  &nbsp;","og_url":"https:\/\/captain-guitar-lounge.com\/en\/product\/captain-buddy-1x12-cabinet\/","og_site_name":"captain-guitar-lounge.com","article_publisher":"https:\/\/www.facebook.com\/Captain-Guitar-Lounge-140457272682315\/","article_modified_time":"2023-12-06T09:48:07+00:00","og_image":[{"width":1280,"height":960,"url":"https:\/\/captain-guitar-lounge.com\/wp-content\/uploads\/2021\/04\/k-IMG_2979.jpg","type":"image\/jpeg"}],"twitter_card":"summary_large_image","twitter_misc":{"Est. reading time":"1 minute"},"schema":{"@context":"https:\/\/schema.org","@graph":[{"@type":"WebPage","@id":"https:\/\/captain-guitar-lounge.com\/en\/product\/captain-buddy-1x12-cabinet\/","url":"https:\/\/captain-guitar-lounge.com\/en\/product\/captain-buddy-1x12-cabinet\/","name":"Captain Buddy 1x12\" Cabinet - captain-guitar-lounge.com","isPartOf":{"@id":"https:\/\/captain-guitar-lounge.com\/en\/#website"},"primaryImageOfPage":{"@id":"https:\/\/captain-guitar-lounge.com\/en\/product\/captain-buddy-1x12-cabinet\/#primaryimage"},"image":{"@id":"https:\/\/captain-guitar-lounge.com\/en\/product\/captain-buddy-1x12-cabinet\/#primaryimage"},"thumbnailUrl":"https:\/\/captain-guitar-lounge.com\/wp-content\/uploads\/2021\/04\/k-IMG_2979.jpg","datePublished":"2021-04-08T08:00:16+00:00","dateModified":"2023-12-06T09:48:07+00:00","breadcrumb":{"@id":"https:\/\/captain-guitar-lounge.com\/en\/product\/captain-buddy-1x12-cabinet\/#breadcrumb"},"inLanguage":"en-US","potentialAction":[{"@type":"ReadAction","target":["https:\/\/captain-guitar-lounge.com\/en\/product\/captain-buddy-1x12-cabinet\/"]}]},{"@type":"ImageObject","inLanguage":"en-US","@id":"https:\/\/captain-guitar-lounge.com\/en\/product\/captain-buddy-1x12-cabinet\/#primaryimage","url":"https:\/\/captain-guitar-lounge.com\/wp-content\/uploads\/2021\/04\/k-IMG_2979.jpg","contentUrl":"https:\/\/captain-guitar-lounge.com\/wp-content\/uploads\/2021\/04\/k-IMG_2979.jpg","width":1280,"height":960},{"@type":"BreadcrumbList","@id":"https:\/\/captain-guitar-lounge.com\/en\/product\/captain-buddy-1x12-cabinet\/#breadcrumb","itemListElement":[{"@type":"ListItem","position":1,"name":"Startseite","item":"https:\/\/captain-guitar-lounge.com\/en\/"},{"@type":"ListItem","position":2,"name":"Shop","item":"https:\/\/captain-guitar-lounge.com\/shop\/"},{"@type":"ListItem","position":3,"name":"Captain Buddy 1&#215;12&#8243; Cabinet"}]},{"@type":"WebSite","@id":"https:\/\/captain-guitar-lounge.com\/en\/#website","url":"https:\/\/captain-guitar-lounge.com\/en\/","name":"captain-guitar-lounge.com","description":"Fine Amps and Guitars and more","potentialAction":[{"@type":"SearchAction","target":{"@type":"EntryPoint","urlTemplate":"https:\/\/captain-guitar-lounge.com\/en\/?s={search_term_string}"},"query-input":{"@type":"PropertyValueSpecification","valueRequired":true,"valueName":"search_term_string"}}],"inLanguage":"en-US"}]}},"_links":{"self":[{"href":"https:\/\/captain-guitar-lounge.com\/en\/wp-json\/wp\/v2\/product\/24099","targetHints":{"allow":["GET"]}}],"collection":[{"href":"https:\/\/captain-guitar-lounge.com\/en\/wp-json\/wp\/v2\/product"}],"about":[{"href":"https:\/\/captain-guitar-lounge.com\/en\/wp-json\/wp\/v2\/types\/product"}],"replies":[{"embeddable":true,"href":"https:\/\/captain-guitar-lounge.com\/en\/wp-json\/wp\/v2\/comments?post=24099"}],"wp:featuredmedia":[{"embeddable":true,"href":"https:\/\/captain-guitar-lounge.com\/en\/wp-json\/wp\/v2\/media\/24101"}],"wp:attachment":[{"href":"https:\/\/captain-guitar-lounge.com\/en\/wp-json\/wp\/v2\/media?parent=24099"}],"wp:term":[{"taxonomy":"product_brand","embeddable":true,"href":"https:\/\/captain-guitar-lounge.com\/en\/wp-json\/wp\/v2\/product_brand?post=24099"},{"taxonomy":"product_cat","embeddable":true,"href":"https:\/\/captain-guitar-lounge.com\/en\/wp-json\/wp\/v2\/product_cat?post=24099"},{"taxonomy":"product_tag","embeddable":true,"href":"https:\/\/captain-guitar-lounge.com\/en\/wp-json\/wp\/v2\/product_tag?post=24099"}],"curies":[{"name":"wp","href":"https:\/\/api.w.org\/{rel}","templated":true}]}}