{"id":241861,"date":"2026-04-23T11:42:55","date_gmt":"2026-04-23T09:42:55","guid":{"rendered":"https:\/\/captain-guitar-lounge.com\/?post_type=product&#038;p=241861"},"modified":"2026-04-28T13:16:19","modified_gmt":"2026-04-28T11:16:19","slug":"2014-gretsch-g9460-dixie-6-guitar-banjo-lefty-linkshaendermodell-id-5756","status":"publish","type":"product","link":"https:\/\/captain-guitar-lounge.com\/en\/product\/2014-gretsch-g9460-dixie-6-guitar-banjo-lefty-linkshaendermodell-id-5756\/","title":{"rendered":"2014 Gretsch &#8211; G9460 Dixie 6 Guitar Banjo &#8211; Lefty Linksh\u00e4ndermodell &#8211; ID 5756"},"content":{"rendered":"<p data-start=\"171\" data-end=\"435\">Spannendes und eher seltenes Instrument: Das Gretsch Dixie 6-String Banjo verbindet den typischen, perkussiven Banjo-Sound mit dem gewohnten Spielgef\u00fchl einer Gitarre.<br \/>\nPerfekt f\u00fcr Gitarristen, die ohne Umgew\u00f6hnung authentische Bluegrass- oder Folk-Sounds integrieren m\u00f6chten.<\/p>\n<p data-start=\"639\" data-end=\"708\">Linksh\u00e4nderversion und mit interessanter Historie (ex Till Kersting)<br \/>\n<em><a href=\"https:\/\/linktr.ee\/tillkersting\"><strong>Till Kerstin<\/strong><\/a> ist ein deutscher Gitarrist, S\u00e4nger und Komponist. Er kombiniert in seinen Songs Rock \u2018n\u2019 Roll, Classic Rock &amp; Vintage Pop und gibt seiner Musik durch seine rauhe einpr\u00e4gsame Stimme und dem charakteristischen Fender Telecaster Sound einen besonders eigenen Stil. Bekannt wurde er durch seine 4 Solo Alben, als Gitarrist der internationalen Rockabilly Band \u201eThe <a href=\"https:\/\/www.thebaseballs.shop\/collections\/the-baseballs\"><strong>Baseballs<\/strong><\/a>)\u201c (Universal Music) und als Late Night Show Gitarrist und MD f\u00fcr \u201ePussy Terror TV\u201c und \u201eDCKS\u201c mit Carolin Kebekus in der ARD. Sein letztes Solo Album \u201eCircuskind\u201c ist 2021 auf Vinyl &amp; CD bei Bear Family Records erschienen. Als Gitarrist arbeitete er mit Stefanie Heinzmann, Peter Kraus, Tom Beck, Lou\u2019s The Coolcats, Rockemarieche und dem Circus Roncalli. Die aktuelle Single \u201eKein Stadt es wie du\u201c ist ein Duett mit der k\u00f6lschen S\u00e4ngerin Peggy Sugarhill und wurde 2023 auf dem K\u00f6lsche Heimat Sampler von Pavement Records ver\u00f6ffentlicht.<\/em><\/p>\n<p>&nbsp;<\/p>\n<div class=\"relative w-full mt-4 mb-1\">\n<div class=\"\">\n<div class=\"relative\">\n<div class=\"h-full min-h-0 min-w-0\">\n<div class=\"h-full min-h-0 min-w-0\">\n<div class=\"border border-token-border-light border-radius-3xl corner-superellipse\/1.1 rounded-3xl\">\n<div class=\"h-full w-full border-radius-3xl bg-token-bg-elevated-secondary corner-superellipse\/1.1 overflow-clip rounded-3xl lxnfua_clipPathFallback\">\n<div class=\"pointer-events-none absolute end-1.5 top-1 z-2 md:end-2 md:top-1\"><\/div>\n<div class=\"relative\">\n<div class=\"pe-11 pt-3\">\n<div class=\"relative z-0 flex max-w-full\">\n<div id=\"code-block-viewer\" class=\"q9tKkq_viewer cm-editor z-10 light:cm-light dark:cm-light flex h-full w-full flex-col items-stretch \u037c5 \u037cj\" dir=\"ltr\">\n<div class=\"cm-scroller\">\n<div class=\"cm-content q9tKkq_readonly\">\u2705 Modell: Gretsch G9460 Dixie 6 Guitar Banjo<br \/>\n\u2705 Lefty<br \/>\n\u2705 Ahornhals<br \/>\n\u2705 Ahorn-Resonator<br \/>\n\u2705 Soft &#8220;V&#8221;-Shape<br \/>\n\u2705 Grover V 98 N-Mechaniken<br \/>\n\u2705 Fiber Skin Head<br \/>\n\u2705 Hardware vernickelt<br \/>\n\u2705 Farbe Antique Maple &#8211; matt<br \/>\n\u2705 Baujahr: 2014<br \/>\n\u2705 Ausf\u00fchrung: Lefty \/ Linksh\u00e4nder<br \/>\n\u2705 Bauart: Closed-Back<br \/>\n\u2705 Stimmung: Standard Gitarrenstimmung (EADGBE)<br \/>\n\u2705 Sound: Klar, perkussiv, banjotypisch mit viel Attack<br \/>\n\u2705 Gewicht: 2877 Gramm<br \/>\n\u2705 Besonderheit: ex Till Kersting<\/div>\n<\/div>\n<\/div>\n<\/div>\n<\/div>\n<\/div>\n<\/div>\n<\/div>\n<\/div>\n<\/div>\n<\/div>\n<\/div>\n<\/div>\n","protected":false},"excerpt":{"rendered":"<p><strong>ex Till Kersting<\/strong><br \/>\nZustand: Sehr gut<br \/>\nSerNr: CDB1412260<br \/>\nGewicht: 2,8 kg<br \/>\nVersandklasse: <a href=\"https:\/\/captain-guitar-lounge.com\/versand__lieferung\/\"><strong>Standard<\/strong><\/a><br \/>\nKoffer\/Case: Fender Gigbag<br \/>\nVermittlungsverkauf: 10688<br \/>\n<a href=\"https:\/\/captain-guitar-lounge.com\/wp-content\/uploads\/2026\/04\/Till-Kersting-Gretsch-Banjo-rotated.jpg\"><img loading=\"lazy\" decoding=\"async\" class=\"alignnone size-medium wp-image-242109\" src=\"https:\/\/captain-guitar-lounge.com\/wp-content\/uploads\/2026\/04\/Till-Kersting-Gretsch-Banjo-225x300.jpg\" alt=\"\" width=\"225\" height=\"300\" \/><\/a><\/p>\n","protected":false},"featured_media":241897,"comment_status":"closed","ping_status":"closed","template":"","meta":{"_et_pb_use_builder":"","_et_pb_old_content":"","_et_gb_content_width":""},"product_brand":[],"product_cat":[2549,106,290],"product_tag":[2540,2600],"class_list":{"0":"post-241861","1":"product","2":"type-product","3":"status-publish","4":"has-post-thumbnail","6":"product_cat-till-kersting","7":"product_cat-acoustic-guitars","8":"product_cat-fundgrube","9":"product_tag-celebrity-owned","10":"product_tag-lefty","11":"product_shipping_class-standard","12":"pa_baujahr-2010s","14":"first","15":"instock","16":"sold-individually","17":"purchasable","18":"product-type-simple"},"composite_virtual":false,"composite_layout":"","composite_add_to_cart_form_location":"","composite_editable_in_cart":false,"composite_sold_individually_context":"","composite_shop_price_calc":"","composite_components":[],"composite_scenarios":[],"pp_statuses_selecting_workflow":false,"pp_workflow_action":"current","pp_status_selection":"publish","yoast_head":"<!-- This site is optimized with the Yoast SEO plugin v26.8 - https:\/\/yoast.com\/product\/yoast-seo-wordpress\/ -->\n<title>2014 Gretsch - G9460 Dixie 6 Guitar Banjo - Lefty Linksh\u00e4ndermodell - ID 5756 - captain-guitar-lounge.com<\/title>\n<meta name=\"robots\" content=\"index, follow, max-snippet:-1, max-image-preview:large, max-video-preview:-1\" \/>\n<link rel=\"canonical\" href=\"https:\/\/captain-guitar-lounge.com\/en\/product\/2014-gretsch-g9460-dixie-6-guitar-banjo-lefty-linkshaendermodell-id-5756\/\" \/>\n<meta property=\"og:locale\" content=\"en_US\" \/>\n<meta property=\"og:type\" content=\"article\" \/>\n<meta property=\"og:title\" content=\"2014 Gretsch - G9460 Dixie 6 Guitar Banjo - Lefty Linksh\u00e4ndermodell - ID 5756 - captain-guitar-lounge.com\" \/>\n<meta property=\"og:description\" content=\"ex Till Kersting Zustand: Sehr gut SerNr: CDB1412260 Gewicht: 2,8 kg Versandklasse: Standard Koffer\/Case: Fender Gigbag Vermittlungsverkauf: 10688\" \/>\n<meta property=\"og:url\" content=\"https:\/\/captain-guitar-lounge.com\/en\/product\/2014-gretsch-g9460-dixie-6-guitar-banjo-lefty-linkshaendermodell-id-5756\/\" \/>\n<meta property=\"og:site_name\" content=\"captain-guitar-lounge.com\" \/>\n<meta property=\"article:publisher\" content=\"https:\/\/www.facebook.com\/Captain-Guitar-Lounge-140457272682315\/\" \/>\n<meta property=\"article:modified_time\" content=\"2026-04-28T11:16:19+00:00\" \/>\n<meta property=\"og:image\" content=\"https:\/\/captain-guitar-lounge.com\/wp-content\/uploads\/2026\/04\/2014-Gretsch-G9460-Dixie-6-Guitar-Banjo-Lefty-Linkshaendermodell-ID-5756IMG_E7429.jpg\" \/>\n\t<meta property=\"og:image:width\" content=\"2142\" \/>\n\t<meta property=\"og:image:height\" content=\"2142\" \/>\n\t<meta property=\"og:image:type\" content=\"image\/jpeg\" \/>\n<meta name=\"twitter:card\" content=\"summary_large_image\" \/>\n<meta name=\"twitter:label1\" content=\"Est. reading time\" \/>\n\t<meta name=\"twitter:data1\" content=\"2 minutes\" \/>\n<script type=\"application\/ld+json\" class=\"yoast-schema-graph\">{\"@context\":\"https:\/\/schema.org\",\"@graph\":[{\"@type\":\"WebPage\",\"@id\":\"https:\/\/captain-guitar-lounge.com\/en\/product\/2014-gretsch-g9460-dixie-6-guitar-banjo-lefty-linkshaendermodell-id-5756\/\",\"url\":\"https:\/\/captain-guitar-lounge.com\/en\/product\/2014-gretsch-g9460-dixie-6-guitar-banjo-lefty-linkshaendermodell-id-5756\/\",\"name\":\"2014 Gretsch - G9460 Dixie 6 Guitar Banjo - Lefty Linksh\u00e4ndermodell - ID 5756 - captain-guitar-lounge.com\",\"isPartOf\":{\"@id\":\"https:\/\/captain-guitar-lounge.com\/en\/#website\"},\"primaryImageOfPage\":{\"@id\":\"https:\/\/captain-guitar-lounge.com\/en\/product\/2014-gretsch-g9460-dixie-6-guitar-banjo-lefty-linkshaendermodell-id-5756\/#primaryimage\"},\"image\":{\"@id\":\"https:\/\/captain-guitar-lounge.com\/en\/product\/2014-gretsch-g9460-dixie-6-guitar-banjo-lefty-linkshaendermodell-id-5756\/#primaryimage\"},\"thumbnailUrl\":\"https:\/\/captain-guitar-lounge.com\/wp-content\/uploads\/2026\/04\/2014-Gretsch-G9460-Dixie-6-Guitar-Banjo-Lefty-Linkshaendermodell-ID-5756IMG_E7429.jpg\",\"datePublished\":\"2026-04-23T09:42:55+00:00\",\"dateModified\":\"2026-04-28T11:16:19+00:00\",\"breadcrumb\":{\"@id\":\"https:\/\/captain-guitar-lounge.com\/en\/product\/2014-gretsch-g9460-dixie-6-guitar-banjo-lefty-linkshaendermodell-id-5756\/#breadcrumb\"},\"inLanguage\":\"en-US\",\"potentialAction\":[{\"@type\":\"ReadAction\",\"target\":[\"https:\/\/captain-guitar-lounge.com\/en\/product\/2014-gretsch-g9460-dixie-6-guitar-banjo-lefty-linkshaendermodell-id-5756\/\"]}]},{\"@type\":\"ImageObject\",\"inLanguage\":\"en-US\",\"@id\":\"https:\/\/captain-guitar-lounge.com\/en\/product\/2014-gretsch-g9460-dixie-6-guitar-banjo-lefty-linkshaendermodell-id-5756\/#primaryimage\",\"url\":\"https:\/\/captain-guitar-lounge.com\/wp-content\/uploads\/2026\/04\/2014-Gretsch-G9460-Dixie-6-Guitar-Banjo-Lefty-Linkshaendermodell-ID-5756IMG_E7429.jpg\",\"contentUrl\":\"https:\/\/captain-guitar-lounge.com\/wp-content\/uploads\/2026\/04\/2014-Gretsch-G9460-Dixie-6-Guitar-Banjo-Lefty-Linkshaendermodell-ID-5756IMG_E7429.jpg\",\"width\":2142,\"height\":2142},{\"@type\":\"BreadcrumbList\",\"@id\":\"https:\/\/captain-guitar-lounge.com\/en\/product\/2014-gretsch-g9460-dixie-6-guitar-banjo-lefty-linkshaendermodell-id-5756\/#breadcrumb\",\"itemListElement\":[{\"@type\":\"ListItem\",\"position\":1,\"name\":\"Startseite\",\"item\":\"https:\/\/captain-guitar-lounge.com\/en\/\"},{\"@type\":\"ListItem\",\"position\":2,\"name\":\"Shop\",\"item\":\"https:\/\/captain-guitar-lounge.com\/shop\/\"},{\"@type\":\"ListItem\",\"position\":3,\"name\":\"2014 Gretsch &#8211; G9460 Dixie 6 Guitar Banjo &#8211; Lefty Linksh\u00e4ndermodell &#8211; ID 5756\"}]},{\"@type\":\"WebSite\",\"@id\":\"https:\/\/captain-guitar-lounge.com\/en\/#website\",\"url\":\"https:\/\/captain-guitar-lounge.com\/en\/\",\"name\":\"captain-guitar-lounge.com\",\"description\":\"Fine Amps and Guitars and more\",\"potentialAction\":[{\"@type\":\"SearchAction\",\"target\":{\"@type\":\"EntryPoint\",\"urlTemplate\":\"https:\/\/captain-guitar-lounge.com\/en\/?s={search_term_string}\"},\"query-input\":{\"@type\":\"PropertyValueSpecification\",\"valueRequired\":true,\"valueName\":\"search_term_string\"}}],\"inLanguage\":\"en-US\"}]}<\/script>\n<!-- \/ Yoast SEO plugin. -->","yoast_head_json":{"title":"2014 Gretsch - G9460 Dixie 6 Guitar Banjo - Lefty Linksh\u00e4ndermodell - ID 5756 - captain-guitar-lounge.com","robots":{"index":"index","follow":"follow","max-snippet":"max-snippet:-1","max-image-preview":"max-image-preview:large","max-video-preview":"max-video-preview:-1"},"canonical":"https:\/\/captain-guitar-lounge.com\/en\/product\/2014-gretsch-g9460-dixie-6-guitar-banjo-lefty-linkshaendermodell-id-5756\/","og_locale":"en_US","og_type":"article","og_title":"2014 Gretsch - G9460 Dixie 6 Guitar Banjo - Lefty Linksh\u00e4ndermodell - ID 5756 - captain-guitar-lounge.com","og_description":"ex Till Kersting Zustand: Sehr gut SerNr: CDB1412260 Gewicht: 2,8 kg Versandklasse: Standard Koffer\/Case: Fender Gigbag Vermittlungsverkauf: 10688","og_url":"https:\/\/captain-guitar-lounge.com\/en\/product\/2014-gretsch-g9460-dixie-6-guitar-banjo-lefty-linkshaendermodell-id-5756\/","og_site_name":"captain-guitar-lounge.com","article_publisher":"https:\/\/www.facebook.com\/Captain-Guitar-Lounge-140457272682315\/","article_modified_time":"2026-04-28T11:16:19+00:00","og_image":[{"width":2142,"height":2142,"url":"https:\/\/captain-guitar-lounge.com\/wp-content\/uploads\/2026\/04\/2014-Gretsch-G9460-Dixie-6-Guitar-Banjo-Lefty-Linkshaendermodell-ID-5756IMG_E7429.jpg","type":"image\/jpeg"}],"twitter_card":"summary_large_image","twitter_misc":{"Est. reading time":"2 minutes"},"schema":{"@context":"https:\/\/schema.org","@graph":[{"@type":"WebPage","@id":"https:\/\/captain-guitar-lounge.com\/en\/product\/2014-gretsch-g9460-dixie-6-guitar-banjo-lefty-linkshaendermodell-id-5756\/","url":"https:\/\/captain-guitar-lounge.com\/en\/product\/2014-gretsch-g9460-dixie-6-guitar-banjo-lefty-linkshaendermodell-id-5756\/","name":"2014 Gretsch - G9460 Dixie 6 Guitar Banjo - Lefty Linksh\u00e4ndermodell - ID 5756 - captain-guitar-lounge.com","isPartOf":{"@id":"https:\/\/captain-guitar-lounge.com\/en\/#website"},"primaryImageOfPage":{"@id":"https:\/\/captain-guitar-lounge.com\/en\/product\/2014-gretsch-g9460-dixie-6-guitar-banjo-lefty-linkshaendermodell-id-5756\/#primaryimage"},"image":{"@id":"https:\/\/captain-guitar-lounge.com\/en\/product\/2014-gretsch-g9460-dixie-6-guitar-banjo-lefty-linkshaendermodell-id-5756\/#primaryimage"},"thumbnailUrl":"https:\/\/captain-guitar-lounge.com\/wp-content\/uploads\/2026\/04\/2014-Gretsch-G9460-Dixie-6-Guitar-Banjo-Lefty-Linkshaendermodell-ID-5756IMG_E7429.jpg","datePublished":"2026-04-23T09:42:55+00:00","dateModified":"2026-04-28T11:16:19+00:00","breadcrumb":{"@id":"https:\/\/captain-guitar-lounge.com\/en\/product\/2014-gretsch-g9460-dixie-6-guitar-banjo-lefty-linkshaendermodell-id-5756\/#breadcrumb"},"inLanguage":"en-US","potentialAction":[{"@type":"ReadAction","target":["https:\/\/captain-guitar-lounge.com\/en\/product\/2014-gretsch-g9460-dixie-6-guitar-banjo-lefty-linkshaendermodell-id-5756\/"]}]},{"@type":"ImageObject","inLanguage":"en-US","@id":"https:\/\/captain-guitar-lounge.com\/en\/product\/2014-gretsch-g9460-dixie-6-guitar-banjo-lefty-linkshaendermodell-id-5756\/#primaryimage","url":"https:\/\/captain-guitar-lounge.com\/wp-content\/uploads\/2026\/04\/2014-Gretsch-G9460-Dixie-6-Guitar-Banjo-Lefty-Linkshaendermodell-ID-5756IMG_E7429.jpg","contentUrl":"https:\/\/captain-guitar-lounge.com\/wp-content\/uploads\/2026\/04\/2014-Gretsch-G9460-Dixie-6-Guitar-Banjo-Lefty-Linkshaendermodell-ID-5756IMG_E7429.jpg","width":2142,"height":2142},{"@type":"BreadcrumbList","@id":"https:\/\/captain-guitar-lounge.com\/en\/product\/2014-gretsch-g9460-dixie-6-guitar-banjo-lefty-linkshaendermodell-id-5756\/#breadcrumb","itemListElement":[{"@type":"ListItem","position":1,"name":"Startseite","item":"https:\/\/captain-guitar-lounge.com\/en\/"},{"@type":"ListItem","position":2,"name":"Shop","item":"https:\/\/captain-guitar-lounge.com\/shop\/"},{"@type":"ListItem","position":3,"name":"2014 Gretsch &#8211; G9460 Dixie 6 Guitar Banjo &#8211; Lefty Linksh\u00e4ndermodell &#8211; ID 5756"}]},{"@type":"WebSite","@id":"https:\/\/captain-guitar-lounge.com\/en\/#website","url":"https:\/\/captain-guitar-lounge.com\/en\/","name":"captain-guitar-lounge.com","description":"Fine Amps and Guitars and more","potentialAction":[{"@type":"SearchAction","target":{"@type":"EntryPoint","urlTemplate":"https:\/\/captain-guitar-lounge.com\/en\/?s={search_term_string}"},"query-input":{"@type":"PropertyValueSpecification","valueRequired":true,"valueName":"search_term_string"}}],"inLanguage":"en-US"}]}},"_links":{"self":[{"href":"https:\/\/captain-guitar-lounge.com\/en\/wp-json\/wp\/v2\/product\/241861","targetHints":{"allow":["GET"]}}],"collection":[{"href":"https:\/\/captain-guitar-lounge.com\/en\/wp-json\/wp\/v2\/product"}],"about":[{"href":"https:\/\/captain-guitar-lounge.com\/en\/wp-json\/wp\/v2\/types\/product"}],"replies":[{"embeddable":true,"href":"https:\/\/captain-guitar-lounge.com\/en\/wp-json\/wp\/v2\/comments?post=241861"}],"wp:featuredmedia":[{"embeddable":true,"href":"https:\/\/captain-guitar-lounge.com\/en\/wp-json\/wp\/v2\/media\/241897"}],"wp:attachment":[{"href":"https:\/\/captain-guitar-lounge.com\/en\/wp-json\/wp\/v2\/media?parent=241861"}],"wp:term":[{"taxonomy":"product_brand","embeddable":true,"href":"https:\/\/captain-guitar-lounge.com\/en\/wp-json\/wp\/v2\/product_brand?post=241861"},{"taxonomy":"product_cat","embeddable":true,"href":"https:\/\/captain-guitar-lounge.com\/en\/wp-json\/wp\/v2\/product_cat?post=241861"},{"taxonomy":"product_tag","embeddable":true,"href":"https:\/\/captain-guitar-lounge.com\/en\/wp-json\/wp\/v2\/product_tag?post=241861"}],"curies":[{"name":"wp","href":"https:\/\/api.w.org\/{rel}","templated":true}]}}