{"id":243630,"date":"2026-05-06T10:01:07","date_gmt":"2026-05-06T08:01:07","guid":{"rendered":"https:\/\/captain-guitar-lounge.com\/?post_type=product&#038;p=243630"},"modified":"2026-05-07T10:42:18","modified_gmt":"2026-05-07T08:42:18","slug":"marshall-jmp-1-preamp-im-2-he-rackcase-mit-alesis-midiverb-iii-id-5829","status":"publish","type":"product","link":"https:\/\/captain-guitar-lounge.com\/en\/product\/marshall-jmp-1-preamp-im-2-he-rackcase-mit-alesis-midiverb-iii-id-5829\/","title":{"rendered":"1995 Marshall &#8211; JMP-1 Preamp &#8211; im 2 HE Rackcase mit Alesis Midiverb III &#8211; ID 5829"},"content":{"rendered":"<p><strong>90er Jahre Marshall JMP-1, 19\u2033 Gitarren-Preamp + Alesis Midiverb III (Baujahr gesch\u00e4tzt) <\/strong><br \/>\nVier Kan\u00e4le, MIDI-Schnittstelle mit IN\/OUT und THRU, Stereo-Effektweg, Kopfh\u00f6reranschluss und neben den Ausgangsbuchsen in zweifacher Ausf\u00fchrung zwei weitere Anschl\u00fcsse, die das Signal mit einer Lautsprechersimulation abgaben. Nicht zu vergessen sei nat\u00fcrlich auch die Speicherm\u00f6glichkeit, die mit 99 Presets.<br \/>\n+ Alesis Midiverb III<br \/>\nDigitaler Multieffektprozessor<br \/>\nWeiter Infos gibt es im Netz<br \/>\nBeide Ger\u00e4te im handlichen 2 HE Rackcase.<\/p>\n","protected":false},"excerpt":{"rendered":"<p><strong>Zustand: Sehr gut<\/strong><br \/>\nSerNr: nicht lesbar<br \/>\nGewicht: 11 kg Versandklasse: Standard<br \/>\nKoffer\/Case: 2HE\/2U Rackcase<br \/>\nDokumente: Manual f\u00fcr JMP-1<br \/>\nVermittlungsverkauf: 10985<\/p>\n","protected":false},"featured_media":243631,"comment_status":"closed","ping_status":"closed","template":"","meta":{"_et_pb_use_builder":"","_et_pb_old_content":"","_et_gb_content_width":""},"product_brand":[],"product_cat":[2481,54,290],"product_tag":[76],"class_list":{"0":"post-243630","1":"product","2":"type-product","3":"status-publish","4":"has-post-thumbnail","6":"product_cat-reverb","7":"product_cat-head","8":"product_cat-fundgrube","9":"product_tag-vintage","10":"product_shipping_class-standard","11":"pa_baujahr-90s","13":"first","14":"instock","15":"sold-individually","16":"purchasable","17":"product-type-simple"},"composite_virtual":false,"composite_layout":"","composite_add_to_cart_form_location":"","composite_editable_in_cart":false,"composite_sold_individually_context":"","composite_shop_price_calc":"","composite_components":[],"composite_scenarios":[],"pp_statuses_selecting_workflow":false,"pp_workflow_action":"current","pp_status_selection":"publish","yoast_head":"<!-- This site is optimized with the Yoast SEO plugin v26.8 - https:\/\/yoast.com\/product\/yoast-seo-wordpress\/ -->\n<title>1995 Marshall - JMP-1 Preamp - im 2 HE Rackcase mit Alesis Midiverb III - ID 5829 - captain-guitar-lounge.com<\/title>\n<meta name=\"robots\" content=\"index, follow, max-snippet:-1, max-image-preview:large, max-video-preview:-1\" \/>\n<link rel=\"canonical\" href=\"https:\/\/captain-guitar-lounge.com\/en\/product\/marshall-jmp-1-preamp-im-2-he-rackcase-mit-alesis-midiverb-iii-id-5829\/\" \/>\n<meta property=\"og:locale\" content=\"en_US\" \/>\n<meta property=\"og:type\" content=\"article\" \/>\n<meta property=\"og:title\" content=\"1995 Marshall - JMP-1 Preamp - im 2 HE Rackcase mit Alesis Midiverb III - ID 5829 - captain-guitar-lounge.com\" \/>\n<meta property=\"og:description\" content=\"Zustand: Sehr gut SerNr: nicht lesbar Gewicht: 11 kg Versandklasse: Standard Koffer\/Case: 2HE\/2U Rackcase Dokumente: Manual f\u00fcr JMP-1 Vermittlungsverkauf: 10985\" \/>\n<meta property=\"og:url\" content=\"https:\/\/captain-guitar-lounge.com\/en\/product\/marshall-jmp-1-preamp-im-2-he-rackcase-mit-alesis-midiverb-iii-id-5829\/\" \/>\n<meta property=\"og:site_name\" content=\"captain-guitar-lounge.com\" \/>\n<meta property=\"article:publisher\" content=\"https:\/\/www.facebook.com\/Captain-Guitar-Lounge-140457272682315\/\" \/>\n<meta property=\"article:modified_time\" content=\"2026-05-07T08:42:18+00:00\" \/>\n<meta property=\"og:image\" content=\"https:\/\/captain-guitar-lounge.com\/wp-content\/uploads\/2026\/05\/Marshall-JMP-1-im-2-HE-Rackcase-mit-Alesis-Midiverb-III-ID-5829IMG_4678.jpg\" \/>\n\t<meta property=\"og:image:width\" content=\"1512\" \/>\n\t<meta property=\"og:image:height\" content=\"1512\" \/>\n\t<meta property=\"og:image:type\" content=\"image\/jpeg\" \/>\n<meta name=\"twitter:card\" content=\"summary_large_image\" \/>\n<meta name=\"twitter:label1\" content=\"Est. reading time\" \/>\n\t<meta name=\"twitter:data1\" content=\"1 minute\" \/>\n<script type=\"application\/ld+json\" class=\"yoast-schema-graph\">{\"@context\":\"https:\/\/schema.org\",\"@graph\":[{\"@type\":\"WebPage\",\"@id\":\"https:\/\/captain-guitar-lounge.com\/en\/product\/marshall-jmp-1-preamp-im-2-he-rackcase-mit-alesis-midiverb-iii-id-5829\/\",\"url\":\"https:\/\/captain-guitar-lounge.com\/en\/product\/marshall-jmp-1-preamp-im-2-he-rackcase-mit-alesis-midiverb-iii-id-5829\/\",\"name\":\"1995 Marshall - JMP-1 Preamp - im 2 HE Rackcase mit Alesis Midiverb III - ID 5829 - captain-guitar-lounge.com\",\"isPartOf\":{\"@id\":\"https:\/\/captain-guitar-lounge.com\/en\/#website\"},\"primaryImageOfPage\":{\"@id\":\"https:\/\/captain-guitar-lounge.com\/en\/product\/marshall-jmp-1-preamp-im-2-he-rackcase-mit-alesis-midiverb-iii-id-5829\/#primaryimage\"},\"image\":{\"@id\":\"https:\/\/captain-guitar-lounge.com\/en\/product\/marshall-jmp-1-preamp-im-2-he-rackcase-mit-alesis-midiverb-iii-id-5829\/#primaryimage\"},\"thumbnailUrl\":\"https:\/\/captain-guitar-lounge.com\/wp-content\/uploads\/2026\/05\/Marshall-JMP-1-im-2-HE-Rackcase-mit-Alesis-Midiverb-III-ID-5829IMG_4678.jpg\",\"datePublished\":\"2026-05-06T08:01:07+00:00\",\"dateModified\":\"2026-05-07T08:42:18+00:00\",\"breadcrumb\":{\"@id\":\"https:\/\/captain-guitar-lounge.com\/en\/product\/marshall-jmp-1-preamp-im-2-he-rackcase-mit-alesis-midiverb-iii-id-5829\/#breadcrumb\"},\"inLanguage\":\"en-US\",\"potentialAction\":[{\"@type\":\"ReadAction\",\"target\":[\"https:\/\/captain-guitar-lounge.com\/en\/product\/marshall-jmp-1-preamp-im-2-he-rackcase-mit-alesis-midiverb-iii-id-5829\/\"]}]},{\"@type\":\"ImageObject\",\"inLanguage\":\"en-US\",\"@id\":\"https:\/\/captain-guitar-lounge.com\/en\/product\/marshall-jmp-1-preamp-im-2-he-rackcase-mit-alesis-midiverb-iii-id-5829\/#primaryimage\",\"url\":\"https:\/\/captain-guitar-lounge.com\/wp-content\/uploads\/2026\/05\/Marshall-JMP-1-im-2-HE-Rackcase-mit-Alesis-Midiverb-III-ID-5829IMG_4678.jpg\",\"contentUrl\":\"https:\/\/captain-guitar-lounge.com\/wp-content\/uploads\/2026\/05\/Marshall-JMP-1-im-2-HE-Rackcase-mit-Alesis-Midiverb-III-ID-5829IMG_4678.jpg\",\"width\":1512,\"height\":1512,\"caption\":\"Marshall-JMP-1-im-2-HE-Rackcase-mit-Alesis-Midiverb-III-ID-5829IMG_4678.jpg\"},{\"@type\":\"BreadcrumbList\",\"@id\":\"https:\/\/captain-guitar-lounge.com\/en\/product\/marshall-jmp-1-preamp-im-2-he-rackcase-mit-alesis-midiverb-iii-id-5829\/#breadcrumb\",\"itemListElement\":[{\"@type\":\"ListItem\",\"position\":1,\"name\":\"Startseite\",\"item\":\"https:\/\/captain-guitar-lounge.com\/en\/\"},{\"@type\":\"ListItem\",\"position\":2,\"name\":\"Shop\",\"item\":\"https:\/\/captain-guitar-lounge.com\/shop\/\"},{\"@type\":\"ListItem\",\"position\":3,\"name\":\"1995 Marshall &#8211; JMP-1 Preamp &#8211; im 2 HE Rackcase mit Alesis Midiverb III &#8211; ID 5829\"}]},{\"@type\":\"WebSite\",\"@id\":\"https:\/\/captain-guitar-lounge.com\/en\/#website\",\"url\":\"https:\/\/captain-guitar-lounge.com\/en\/\",\"name\":\"captain-guitar-lounge.com\",\"description\":\"Fine Amps and Guitars and more\",\"potentialAction\":[{\"@type\":\"SearchAction\",\"target\":{\"@type\":\"EntryPoint\",\"urlTemplate\":\"https:\/\/captain-guitar-lounge.com\/en\/?s={search_term_string}\"},\"query-input\":{\"@type\":\"PropertyValueSpecification\",\"valueRequired\":true,\"valueName\":\"search_term_string\"}}],\"inLanguage\":\"en-US\"}]}<\/script>\n<!-- \/ Yoast SEO plugin. -->","yoast_head_json":{"title":"1995 Marshall - JMP-1 Preamp - im 2 HE Rackcase mit Alesis Midiverb III - ID 5829 - captain-guitar-lounge.com","robots":{"index":"index","follow":"follow","max-snippet":"max-snippet:-1","max-image-preview":"max-image-preview:large","max-video-preview":"max-video-preview:-1"},"canonical":"https:\/\/captain-guitar-lounge.com\/en\/product\/marshall-jmp-1-preamp-im-2-he-rackcase-mit-alesis-midiverb-iii-id-5829\/","og_locale":"en_US","og_type":"article","og_title":"1995 Marshall - JMP-1 Preamp - im 2 HE Rackcase mit Alesis Midiverb III - ID 5829 - captain-guitar-lounge.com","og_description":"Zustand: Sehr gut SerNr: nicht lesbar Gewicht: 11 kg Versandklasse: Standard Koffer\/Case: 2HE\/2U Rackcase Dokumente: Manual f\u00fcr JMP-1 Vermittlungsverkauf: 10985","og_url":"https:\/\/captain-guitar-lounge.com\/en\/product\/marshall-jmp-1-preamp-im-2-he-rackcase-mit-alesis-midiverb-iii-id-5829\/","og_site_name":"captain-guitar-lounge.com","article_publisher":"https:\/\/www.facebook.com\/Captain-Guitar-Lounge-140457272682315\/","article_modified_time":"2026-05-07T08:42:18+00:00","og_image":[{"width":1512,"height":1512,"url":"https:\/\/captain-guitar-lounge.com\/wp-content\/uploads\/2026\/05\/Marshall-JMP-1-im-2-HE-Rackcase-mit-Alesis-Midiverb-III-ID-5829IMG_4678.jpg","type":"image\/jpeg"}],"twitter_card":"summary_large_image","twitter_misc":{"Est. reading time":"1 minute"},"schema":{"@context":"https:\/\/schema.org","@graph":[{"@type":"WebPage","@id":"https:\/\/captain-guitar-lounge.com\/en\/product\/marshall-jmp-1-preamp-im-2-he-rackcase-mit-alesis-midiverb-iii-id-5829\/","url":"https:\/\/captain-guitar-lounge.com\/en\/product\/marshall-jmp-1-preamp-im-2-he-rackcase-mit-alesis-midiverb-iii-id-5829\/","name":"1995 Marshall - JMP-1 Preamp - im 2 HE Rackcase mit Alesis Midiverb III - ID 5829 - captain-guitar-lounge.com","isPartOf":{"@id":"https:\/\/captain-guitar-lounge.com\/en\/#website"},"primaryImageOfPage":{"@id":"https:\/\/captain-guitar-lounge.com\/en\/product\/marshall-jmp-1-preamp-im-2-he-rackcase-mit-alesis-midiverb-iii-id-5829\/#primaryimage"},"image":{"@id":"https:\/\/captain-guitar-lounge.com\/en\/product\/marshall-jmp-1-preamp-im-2-he-rackcase-mit-alesis-midiverb-iii-id-5829\/#primaryimage"},"thumbnailUrl":"https:\/\/captain-guitar-lounge.com\/wp-content\/uploads\/2026\/05\/Marshall-JMP-1-im-2-HE-Rackcase-mit-Alesis-Midiverb-III-ID-5829IMG_4678.jpg","datePublished":"2026-05-06T08:01:07+00:00","dateModified":"2026-05-07T08:42:18+00:00","breadcrumb":{"@id":"https:\/\/captain-guitar-lounge.com\/en\/product\/marshall-jmp-1-preamp-im-2-he-rackcase-mit-alesis-midiverb-iii-id-5829\/#breadcrumb"},"inLanguage":"en-US","potentialAction":[{"@type":"ReadAction","target":["https:\/\/captain-guitar-lounge.com\/en\/product\/marshall-jmp-1-preamp-im-2-he-rackcase-mit-alesis-midiverb-iii-id-5829\/"]}]},{"@type":"ImageObject","inLanguage":"en-US","@id":"https:\/\/captain-guitar-lounge.com\/en\/product\/marshall-jmp-1-preamp-im-2-he-rackcase-mit-alesis-midiverb-iii-id-5829\/#primaryimage","url":"https:\/\/captain-guitar-lounge.com\/wp-content\/uploads\/2026\/05\/Marshall-JMP-1-im-2-HE-Rackcase-mit-Alesis-Midiverb-III-ID-5829IMG_4678.jpg","contentUrl":"https:\/\/captain-guitar-lounge.com\/wp-content\/uploads\/2026\/05\/Marshall-JMP-1-im-2-HE-Rackcase-mit-Alesis-Midiverb-III-ID-5829IMG_4678.jpg","width":1512,"height":1512,"caption":"Marshall-JMP-1-im-2-HE-Rackcase-mit-Alesis-Midiverb-III-ID-5829IMG_4678.jpg"},{"@type":"BreadcrumbList","@id":"https:\/\/captain-guitar-lounge.com\/en\/product\/marshall-jmp-1-preamp-im-2-he-rackcase-mit-alesis-midiverb-iii-id-5829\/#breadcrumb","itemListElement":[{"@type":"ListItem","position":1,"name":"Startseite","item":"https:\/\/captain-guitar-lounge.com\/en\/"},{"@type":"ListItem","position":2,"name":"Shop","item":"https:\/\/captain-guitar-lounge.com\/shop\/"},{"@type":"ListItem","position":3,"name":"1995 Marshall &#8211; JMP-1 Preamp &#8211; im 2 HE Rackcase mit Alesis Midiverb III &#8211; ID 5829"}]},{"@type":"WebSite","@id":"https:\/\/captain-guitar-lounge.com\/en\/#website","url":"https:\/\/captain-guitar-lounge.com\/en\/","name":"captain-guitar-lounge.com","description":"Fine Amps and Guitars and more","potentialAction":[{"@type":"SearchAction","target":{"@type":"EntryPoint","urlTemplate":"https:\/\/captain-guitar-lounge.com\/en\/?s={search_term_string}"},"query-input":{"@type":"PropertyValueSpecification","valueRequired":true,"valueName":"search_term_string"}}],"inLanguage":"en-US"}]}},"_links":{"self":[{"href":"https:\/\/captain-guitar-lounge.com\/en\/wp-json\/wp\/v2\/product\/243630","targetHints":{"allow":["GET"]}}],"collection":[{"href":"https:\/\/captain-guitar-lounge.com\/en\/wp-json\/wp\/v2\/product"}],"about":[{"href":"https:\/\/captain-guitar-lounge.com\/en\/wp-json\/wp\/v2\/types\/product"}],"replies":[{"embeddable":true,"href":"https:\/\/captain-guitar-lounge.com\/en\/wp-json\/wp\/v2\/comments?post=243630"}],"wp:featuredmedia":[{"embeddable":true,"href":"https:\/\/captain-guitar-lounge.com\/en\/wp-json\/wp\/v2\/media\/243631"}],"wp:attachment":[{"href":"https:\/\/captain-guitar-lounge.com\/en\/wp-json\/wp\/v2\/media?parent=243630"}],"wp:term":[{"taxonomy":"product_brand","embeddable":true,"href":"https:\/\/captain-guitar-lounge.com\/en\/wp-json\/wp\/v2\/product_brand?post=243630"},{"taxonomy":"product_cat","embeddable":true,"href":"https:\/\/captain-guitar-lounge.com\/en\/wp-json\/wp\/v2\/product_cat?post=243630"},{"taxonomy":"product_tag","embeddable":true,"href":"https:\/\/captain-guitar-lounge.com\/en\/wp-json\/wp\/v2\/product_tag?post=243630"}],"curies":[{"name":"wp","href":"https:\/\/api.w.org\/{rel}","templated":true}]}}