{"id":24792,"date":"2021-04-22T16:39:21","date_gmt":"2021-04-22T14:39:21","guid":{"rendered":"https:\/\/captain-guitar-lounge.com\/?p=24792&#038;post_type=product&#038;preview_id=24792"},"modified":"2023-12-07T16:16:16","modified_gmt":"2023-12-07T15:16:16","slug":"jvm2xx-clean-crunch-channel-mods","status":"publish","type":"product","link":"https:\/\/captain-guitar-lounge.com\/en\/product\/jvm2xx-clean-crunch-channel-mods\/","title":{"rendered":"JVM2xx Clean\/Crunch-Channel Mods"},"content":{"rendered":"","protected":false},"excerpt":{"rendered":"<div class=\"n module-type-text diyfeLiveArea \">\n<div class=\"textwrapper\">\n<p>F\u00fcr die Clean- und Crunch-Kan\u00e4le gibt es zwei Modifikationen:<\/p>\n<p><strong><u>Clean-Green-Volume<br \/>\n<\/u><\/strong>Abhilfe f\u00fcr das altbekannte Problem: Der gr\u00fcne Clean-Modus hat nur einen Gain und keinen Volumen Regler, eine differenzierte Volumenanpassung innerhalb des Kanals ist fast unm\u00f6glich. Und beim 2xx ist das doppelt schade, weil von Haus aus weniger M\u00f6glichkeiten hat als der 410er.<br \/>\nVolumenregler auf der R\u00fcckseite, um die Lautst\u00e4rke von gr\u00fcn Clean einzustellen.<br \/>\n<strong>Preis: 47,-\u20ac<\/strong><\/p>\n<p><strong><u>SMD-Schalter<br \/>\n<\/u><\/strong>Der SMD, bzw. ausgeschrieben &#8220;<strong>S<\/strong>o-<strong>M<\/strong>uss-<strong>D<\/strong>as&#8221;-Schalter erh\u00f6ht das Mittensprektum und Dynamik im kompletten Clean\/Crunch-Kanal. F\u00fcr den normalen Hardrocker, der sich zwischen Clean\/Crunch und OD noch einen Zwischenmodus mit extra <em>Ph\u00e4ttness<\/em> w\u00fcnscht. Hebt zudem die Kanallautst\u00e4rke etwas an (ist ja auch klar, wenn was dazu kommt &#8211; wir wollen doch alle immer mehr und nicht weniger)<br \/>\n<strong>Preis: 47,-\u20ac<\/strong><\/p>\n<p><strong>Bundle SMD &amp; CleanGreenVolume<\/strong><br \/>\nMit Glean Green Volume Regler und SMD-Schalter<br \/>\n<strong>Preis: 77,-\u20ac<\/strong><\/p>\n<\/div>\n<\/div>\n","protected":false},"featured_media":0,"comment_status":"closed","ping_status":"closed","template":"","meta":{"_et_pb_use_builder":"","_et_pb_old_content":"","_et_gb_content_width":""},"product_brand":[],"product_cat":[590],"product_tag":[],"class_list":{"0":"post-24792","1":"product","2":"type-product","3":"status-publish","5":"product_cat-amp-mods","6":"product_shipping_class-nur-abholung","8":"first","9":"instock","10":"sold-individually","11":"taxable","12":"shipping-taxable","13":"purchasable","14":"product-type-variable","15":"has-default-attributes"},"composite_virtual":false,"composite_layout":"","composite_add_to_cart_form_location":"","composite_editable_in_cart":false,"composite_sold_individually_context":"","composite_shop_price_calc":"","composite_components":[],"composite_scenarios":[],"pp_statuses_selecting_workflow":false,"pp_workflow_action":"current","pp_status_selection":"publish","yoast_head":"<!-- This site is optimized with the Yoast SEO plugin v26.8 - https:\/\/yoast.com\/product\/yoast-seo-wordpress\/ -->\n<title>JVM2xx Clean\/Crunch-Channel Mods - captain-guitar-lounge.com<\/title>\n<meta name=\"robots\" content=\"index, follow, max-snippet:-1, max-image-preview:large, max-video-preview:-1\" \/>\n<link rel=\"canonical\" href=\"https:\/\/captain-guitar-lounge.com\/en\/product\/jvm2xx-clean-crunch-channel-mods\/\" \/>\n<meta property=\"og:locale\" content=\"en_US\" \/>\n<meta property=\"og:type\" content=\"article\" \/>\n<meta property=\"og:title\" content=\"JVM2xx Clean\/Crunch-Channel Mods - captain-guitar-lounge.com\" \/>\n<meta property=\"og:description\" content=\"F\u00fcr die Clean- und Crunch-Kan\u00e4le gibt es zwei Modifikationen:  Clean-Green-Volume Abhilfe f\u00fcr das altbekannte Problem: Der gr\u00fcne Clean-Modus hat nur einen Gain und keinen Volumen Regler, eine differenzierte Volumenanpassung innerhalb des Kanals ist fast unm\u00f6glich. Und beim 2xx ist das doppelt schade, weil von Haus aus weniger M\u00f6glichkeiten hat als der 410er. Volumenregler auf der R\u00fcckseite, um die Lautst\u00e4rke von gr\u00fcn Clean einzustellen. Preis: 47,-\u20ac  SMD-Schalter Der SMD, bzw. ausgeschrieben &quot;So-Muss-Das&quot;-Schalter erh\u00f6ht das Mittensprektum und Dynamik im kompletten Clean\/Crunch-Kanal. F\u00fcr den normalen Hardrocker, der sich zwischen Clean\/Crunch und OD noch einen Zwischenmodus mit extra Ph\u00e4ttness w\u00fcnscht. Hebt zudem die Kanallautst\u00e4rke etwas an (ist ja auch klar, wenn was dazu kommt - wir wollen doch alle immer mehr und nicht weniger) Preis: 47,-\u20ac  Bundle SMD &amp; CleanGreenVolume Mit Glean Green Volume Regler und SMD-Schalter Preis: 77,-\u20ac\" \/>\n<meta property=\"og:url\" content=\"https:\/\/captain-guitar-lounge.com\/en\/product\/jvm2xx-clean-crunch-channel-mods\/\" \/>\n<meta property=\"og:site_name\" content=\"captain-guitar-lounge.com\" \/>\n<meta property=\"article:publisher\" content=\"https:\/\/www.facebook.com\/Captain-Guitar-Lounge-140457272682315\/\" \/>\n<meta property=\"article:modified_time\" content=\"2023-12-07T15:16:16+00:00\" \/>\n<meta name=\"twitter:card\" content=\"summary_large_image\" \/>\n<script type=\"application\/ld+json\" class=\"yoast-schema-graph\">{\"@context\":\"https:\/\/schema.org\",\"@graph\":[{\"@type\":\"WebPage\",\"@id\":\"https:\/\/captain-guitar-lounge.com\/en\/product\/jvm2xx-clean-crunch-channel-mods\/\",\"url\":\"https:\/\/captain-guitar-lounge.com\/en\/product\/jvm2xx-clean-crunch-channel-mods\/\",\"name\":\"JVM2xx Clean\/Crunch-Channel Mods - captain-guitar-lounge.com\",\"isPartOf\":{\"@id\":\"https:\/\/captain-guitar-lounge.com\/en\/#website\"},\"datePublished\":\"2021-04-22T14:39:21+00:00\",\"dateModified\":\"2023-12-07T15:16:16+00:00\",\"breadcrumb\":{\"@id\":\"https:\/\/captain-guitar-lounge.com\/en\/product\/jvm2xx-clean-crunch-channel-mods\/#breadcrumb\"},\"inLanguage\":\"en-US\",\"potentialAction\":[{\"@type\":\"ReadAction\",\"target\":[\"https:\/\/captain-guitar-lounge.com\/en\/product\/jvm2xx-clean-crunch-channel-mods\/\"]}]},{\"@type\":\"BreadcrumbList\",\"@id\":\"https:\/\/captain-guitar-lounge.com\/en\/product\/jvm2xx-clean-crunch-channel-mods\/#breadcrumb\",\"itemListElement\":[{\"@type\":\"ListItem\",\"position\":1,\"name\":\"Startseite\",\"item\":\"https:\/\/captain-guitar-lounge.com\/en\/\"},{\"@type\":\"ListItem\",\"position\":2,\"name\":\"Shop\",\"item\":\"https:\/\/captain-guitar-lounge.com\/shop\/\"},{\"@type\":\"ListItem\",\"position\":3,\"name\":\"JVM2xx Clean\/Crunch-Channel Mods\"}]},{\"@type\":\"WebSite\",\"@id\":\"https:\/\/captain-guitar-lounge.com\/en\/#website\",\"url\":\"https:\/\/captain-guitar-lounge.com\/en\/\",\"name\":\"captain-guitar-lounge.com\",\"description\":\"Fine Amps and Guitars and more\",\"potentialAction\":[{\"@type\":\"SearchAction\",\"target\":{\"@type\":\"EntryPoint\",\"urlTemplate\":\"https:\/\/captain-guitar-lounge.com\/en\/?s={search_term_string}\"},\"query-input\":{\"@type\":\"PropertyValueSpecification\",\"valueRequired\":true,\"valueName\":\"search_term_string\"}}],\"inLanguage\":\"en-US\"}]}<\/script>\n<!-- \/ Yoast SEO plugin. -->","yoast_head_json":{"title":"JVM2xx Clean\/Crunch-Channel Mods - captain-guitar-lounge.com","robots":{"index":"index","follow":"follow","max-snippet":"max-snippet:-1","max-image-preview":"max-image-preview:large","max-video-preview":"max-video-preview:-1"},"canonical":"https:\/\/captain-guitar-lounge.com\/en\/product\/jvm2xx-clean-crunch-channel-mods\/","og_locale":"en_US","og_type":"article","og_title":"JVM2xx Clean\/Crunch-Channel Mods - captain-guitar-lounge.com","og_description":"F\u00fcr die Clean- und Crunch-Kan\u00e4le gibt es zwei Modifikationen:  Clean-Green-Volume Abhilfe f\u00fcr das altbekannte Problem: Der gr\u00fcne Clean-Modus hat nur einen Gain und keinen Volumen Regler, eine differenzierte Volumenanpassung innerhalb des Kanals ist fast unm\u00f6glich. Und beim 2xx ist das doppelt schade, weil von Haus aus weniger M\u00f6glichkeiten hat als der 410er. Volumenregler auf der R\u00fcckseite, um die Lautst\u00e4rke von gr\u00fcn Clean einzustellen. Preis: 47,-\u20ac  SMD-Schalter Der SMD, bzw. ausgeschrieben \"So-Muss-Das\"-Schalter erh\u00f6ht das Mittensprektum und Dynamik im kompletten Clean\/Crunch-Kanal. F\u00fcr den normalen Hardrocker, der sich zwischen Clean\/Crunch und OD noch einen Zwischenmodus mit extra Ph\u00e4ttness w\u00fcnscht. Hebt zudem die Kanallautst\u00e4rke etwas an (ist ja auch klar, wenn was dazu kommt - wir wollen doch alle immer mehr und nicht weniger) Preis: 47,-\u20ac  Bundle SMD &amp; CleanGreenVolume Mit Glean Green Volume Regler und SMD-Schalter Preis: 77,-\u20ac","og_url":"https:\/\/captain-guitar-lounge.com\/en\/product\/jvm2xx-clean-crunch-channel-mods\/","og_site_name":"captain-guitar-lounge.com","article_publisher":"https:\/\/www.facebook.com\/Captain-Guitar-Lounge-140457272682315\/","article_modified_time":"2023-12-07T15:16:16+00:00","twitter_card":"summary_large_image","schema":{"@context":"https:\/\/schema.org","@graph":[{"@type":"WebPage","@id":"https:\/\/captain-guitar-lounge.com\/en\/product\/jvm2xx-clean-crunch-channel-mods\/","url":"https:\/\/captain-guitar-lounge.com\/en\/product\/jvm2xx-clean-crunch-channel-mods\/","name":"JVM2xx Clean\/Crunch-Channel Mods - captain-guitar-lounge.com","isPartOf":{"@id":"https:\/\/captain-guitar-lounge.com\/en\/#website"},"datePublished":"2021-04-22T14:39:21+00:00","dateModified":"2023-12-07T15:16:16+00:00","breadcrumb":{"@id":"https:\/\/captain-guitar-lounge.com\/en\/product\/jvm2xx-clean-crunch-channel-mods\/#breadcrumb"},"inLanguage":"en-US","potentialAction":[{"@type":"ReadAction","target":["https:\/\/captain-guitar-lounge.com\/en\/product\/jvm2xx-clean-crunch-channel-mods\/"]}]},{"@type":"BreadcrumbList","@id":"https:\/\/captain-guitar-lounge.com\/en\/product\/jvm2xx-clean-crunch-channel-mods\/#breadcrumb","itemListElement":[{"@type":"ListItem","position":1,"name":"Startseite","item":"https:\/\/captain-guitar-lounge.com\/en\/"},{"@type":"ListItem","position":2,"name":"Shop","item":"https:\/\/captain-guitar-lounge.com\/shop\/"},{"@type":"ListItem","position":3,"name":"JVM2xx Clean\/Crunch-Channel Mods"}]},{"@type":"WebSite","@id":"https:\/\/captain-guitar-lounge.com\/en\/#website","url":"https:\/\/captain-guitar-lounge.com\/en\/","name":"captain-guitar-lounge.com","description":"Fine Amps and Guitars and more","potentialAction":[{"@type":"SearchAction","target":{"@type":"EntryPoint","urlTemplate":"https:\/\/captain-guitar-lounge.com\/en\/?s={search_term_string}"},"query-input":{"@type":"PropertyValueSpecification","valueRequired":true,"valueName":"search_term_string"}}],"inLanguage":"en-US"}]}},"_links":{"self":[{"href":"https:\/\/captain-guitar-lounge.com\/en\/wp-json\/wp\/v2\/product\/24792","targetHints":{"allow":["GET"]}}],"collection":[{"href":"https:\/\/captain-guitar-lounge.com\/en\/wp-json\/wp\/v2\/product"}],"about":[{"href":"https:\/\/captain-guitar-lounge.com\/en\/wp-json\/wp\/v2\/types\/product"}],"replies":[{"embeddable":true,"href":"https:\/\/captain-guitar-lounge.com\/en\/wp-json\/wp\/v2\/comments?post=24792"}],"wp:attachment":[{"href":"https:\/\/captain-guitar-lounge.com\/en\/wp-json\/wp\/v2\/media?parent=24792"}],"wp:term":[{"taxonomy":"product_brand","embeddable":true,"href":"https:\/\/captain-guitar-lounge.com\/en\/wp-json\/wp\/v2\/product_brand?post=24792"},{"taxonomy":"product_cat","embeddable":true,"href":"https:\/\/captain-guitar-lounge.com\/en\/wp-json\/wp\/v2\/product_cat?post=24792"},{"taxonomy":"product_tag","embeddable":true,"href":"https:\/\/captain-guitar-lounge.com\/en\/wp-json\/wp\/v2\/product_tag?post=24792"}],"curies":[{"name":"wp","href":"https:\/\/api.w.org\/{rel}","templated":true}]}}