{"id":26284,"date":"2021-05-28T07:52:57","date_gmt":"2021-05-28T05:52:57","guid":{"rendered":"https:\/\/captain-guitar-lounge.com\/?p=26284&#038;post_type=product&#038;preview_id=26284"},"modified":"2025-08-18T10:50:28","modified_gmt":"2025-08-18T08:50:28","slug":"captain-amp-cover-fuer-fender-princeton-reverb","status":"publish","type":"product","link":"https:\/\/captain-guitar-lounge.com\/en\/product\/captain-amp-cover-fuer-fender-princeton-reverb\/","title":{"rendered":"Captain Amp Cover f\u00fcr Fender Princeton Reverb"},"content":{"rendered":"<p>Perfekt vern\u00e4hte Kunstleder-Schutzbez\u00fcge in Top-Lederoptik. 7 Farben zur Wahl.<\/p>\n<p>Die H\u00fcllen sind dick gepolstert und wasserdicht, sie sch\u00fctzten vor Schl\u00e4gen beim Transport und auch vor Ausbleichen (UV-Schutz) und Staub.<\/p>\n<p>Bitte \u00fcberpr\u00fcfe die Ma\u00dfe an Deinem Verst\u00e4rker:<br \/>\nMa\u00dfe Combo: 40,6 x 50,5 x 24,2 cm (HxBxT)<br \/>\nMa\u00dfe Topteil: 22 x 50,5 x 24,2 cm (HxBxT)<\/p>\n<p>Die Ma\u00dfe vom Griff-Ausschnitt m\u00fcssen bei der Bestellung \u00fcbermittelt werden.<br \/>\nWir ben\u00f6tigen die L\u00e4nge und Breite des Griffs und den Abstand der Griff-\u00d6ffnung zur R\u00fcckwand.<\/p>\n<p>Wenn das Cover f\u00fcr einen Captain Amp bestimmt ist k\u00fcmmern wir uns um den passenden Griff-Ausschnitt.<\/p>\n<p>Die H\u00fcllen werden auf Ma\u00df angefertigt. Die Lieferzeit betr\u00e4gt ca. 2-3 Wochen.<\/p>\n<p>&nbsp;<\/p>\n","protected":false},"excerpt":{"rendered":"<p>Ma\u00dfgeschneidertes, dick gepolstertes Amp Cover f\u00fcr alle Fender-Princeton-Reverb-Style Amps<\/p>\n","protected":false},"featured_media":26305,"comment_status":"closed","ping_status":"closed","template":"","meta":{"_et_pb_use_builder":"","_et_pb_old_content":"","_et_gb_content_width":""},"product_brand":[],"product_cat":[1219],"product_tag":[],"class_list":{"0":"post-26284","1":"product","2":"type-product","3":"status-publish","4":"has-post-thumbnail","6":"product_cat-captain-amp-covers","7":"product_shipping_class-small","8":"pa_artikelzustand-neuer-artikel","10":"first","11":"onbackorder","12":"taxable","13":"shipping-taxable","14":"purchasable","15":"product-type-variable","16":"has-default-attributes"},"composite_virtual":false,"composite_layout":"","composite_add_to_cart_form_location":"","composite_editable_in_cart":false,"composite_sold_individually_context":"","composite_shop_price_calc":"","composite_components":[],"composite_scenarios":[],"pp_statuses_selecting_workflow":false,"pp_workflow_action":"current","pp_status_selection":"publish","yoast_head":"<!-- This site is optimized with the Yoast SEO plugin v26.8 - https:\/\/yoast.com\/product\/yoast-seo-wordpress\/ -->\n<title>Captain Amp Cover f\u00fcr Fender Princeton Reverb - captain-guitar-lounge.com<\/title>\n<meta name=\"robots\" content=\"index, follow, max-snippet:-1, max-image-preview:large, max-video-preview:-1\" \/>\n<link rel=\"canonical\" href=\"https:\/\/captain-guitar-lounge.com\/en\/product\/captain-amp-cover-fuer-fender-princeton-reverb\/\" \/>\n<meta property=\"og:locale\" content=\"en_US\" \/>\n<meta property=\"og:type\" content=\"article\" \/>\n<meta property=\"og:title\" content=\"Captain Amp Cover f\u00fcr Fender Princeton Reverb - captain-guitar-lounge.com\" \/>\n<meta property=\"og:description\" content=\"Ma\u00dfgeschneidertes, dick gepolstertes Amp Cover f\u00fcr alle Fender-Princeton-Reverb-Style Amps\" \/>\n<meta property=\"og:url\" content=\"https:\/\/captain-guitar-lounge.com\/en\/product\/captain-amp-cover-fuer-fender-princeton-reverb\/\" \/>\n<meta property=\"og:site_name\" content=\"captain-guitar-lounge.com\" \/>\n<meta property=\"article:publisher\" content=\"https:\/\/www.facebook.com\/Captain-Guitar-Lounge-140457272682315\/\" \/>\n<meta property=\"article:modified_time\" content=\"2025-08-18T08:50:28+00:00\" \/>\n<meta property=\"og:image\" content=\"https:\/\/captain-guitar-lounge.com\/wp-content\/uploads\/2021\/05\/1966FenderPrincetonReverb.jpg\" \/>\n\t<meta property=\"og:image:width\" content=\"1600\" \/>\n\t<meta property=\"og:image:height\" content=\"1189\" \/>\n\t<meta property=\"og:image:type\" content=\"image\/jpeg\" \/>\n<meta name=\"twitter:card\" content=\"summary_large_image\" \/>\n<meta name=\"twitter:label1\" content=\"Est. reading time\" \/>\n\t<meta name=\"twitter:data1\" content=\"1 minute\" \/>\n<script type=\"application\/ld+json\" class=\"yoast-schema-graph\">{\"@context\":\"https:\/\/schema.org\",\"@graph\":[{\"@type\":\"WebPage\",\"@id\":\"https:\/\/captain-guitar-lounge.com\/en\/product\/captain-amp-cover-fuer-fender-princeton-reverb\/\",\"url\":\"https:\/\/captain-guitar-lounge.com\/en\/product\/captain-amp-cover-fuer-fender-princeton-reverb\/\",\"name\":\"Captain Amp Cover f\u00fcr Fender Princeton Reverb - captain-guitar-lounge.com\",\"isPartOf\":{\"@id\":\"https:\/\/captain-guitar-lounge.com\/en\/#website\"},\"primaryImageOfPage\":{\"@id\":\"https:\/\/captain-guitar-lounge.com\/en\/product\/captain-amp-cover-fuer-fender-princeton-reverb\/#primaryimage\"},\"image\":{\"@id\":\"https:\/\/captain-guitar-lounge.com\/en\/product\/captain-amp-cover-fuer-fender-princeton-reverb\/#primaryimage\"},\"thumbnailUrl\":\"https:\/\/captain-guitar-lounge.com\/wp-content\/uploads\/2021\/05\/1966FenderPrincetonReverb.jpg\",\"datePublished\":\"2021-05-28T05:52:57+00:00\",\"dateModified\":\"2025-08-18T08:50:28+00:00\",\"breadcrumb\":{\"@id\":\"https:\/\/captain-guitar-lounge.com\/en\/product\/captain-amp-cover-fuer-fender-princeton-reverb\/#breadcrumb\"},\"inLanguage\":\"en-US\",\"potentialAction\":[{\"@type\":\"ReadAction\",\"target\":[\"https:\/\/captain-guitar-lounge.com\/en\/product\/captain-amp-cover-fuer-fender-princeton-reverb\/\"]}]},{\"@type\":\"ImageObject\",\"inLanguage\":\"en-US\",\"@id\":\"https:\/\/captain-guitar-lounge.com\/en\/product\/captain-amp-cover-fuer-fender-princeton-reverb\/#primaryimage\",\"url\":\"https:\/\/captain-guitar-lounge.com\/wp-content\/uploads\/2021\/05\/1966FenderPrincetonReverb.jpg\",\"contentUrl\":\"https:\/\/captain-guitar-lounge.com\/wp-content\/uploads\/2021\/05\/1966FenderPrincetonReverb.jpg\",\"width\":1600,\"height\":1189},{\"@type\":\"BreadcrumbList\",\"@id\":\"https:\/\/captain-guitar-lounge.com\/en\/product\/captain-amp-cover-fuer-fender-princeton-reverb\/#breadcrumb\",\"itemListElement\":[{\"@type\":\"ListItem\",\"position\":1,\"name\":\"Startseite\",\"item\":\"https:\/\/captain-guitar-lounge.com\/en\/\"},{\"@type\":\"ListItem\",\"position\":2,\"name\":\"Shop\",\"item\":\"https:\/\/captain-guitar-lounge.com\/shop\/\"},{\"@type\":\"ListItem\",\"position\":3,\"name\":\"Captain Amp Cover f\u00fcr Fender Princeton Reverb\"}]},{\"@type\":\"WebSite\",\"@id\":\"https:\/\/captain-guitar-lounge.com\/en\/#website\",\"url\":\"https:\/\/captain-guitar-lounge.com\/en\/\",\"name\":\"captain-guitar-lounge.com\",\"description\":\"Fine Amps and Guitars and more\",\"potentialAction\":[{\"@type\":\"SearchAction\",\"target\":{\"@type\":\"EntryPoint\",\"urlTemplate\":\"https:\/\/captain-guitar-lounge.com\/en\/?s={search_term_string}\"},\"query-input\":{\"@type\":\"PropertyValueSpecification\",\"valueRequired\":true,\"valueName\":\"search_term_string\"}}],\"inLanguage\":\"en-US\"}]}<\/script>\n<!-- \/ Yoast SEO plugin. -->","yoast_head_json":{"title":"Captain Amp Cover f\u00fcr Fender Princeton Reverb - captain-guitar-lounge.com","robots":{"index":"index","follow":"follow","max-snippet":"max-snippet:-1","max-image-preview":"max-image-preview:large","max-video-preview":"max-video-preview:-1"},"canonical":"https:\/\/captain-guitar-lounge.com\/en\/product\/captain-amp-cover-fuer-fender-princeton-reverb\/","og_locale":"en_US","og_type":"article","og_title":"Captain Amp Cover f\u00fcr Fender Princeton Reverb - captain-guitar-lounge.com","og_description":"Ma\u00dfgeschneidertes, dick gepolstertes Amp Cover f\u00fcr alle Fender-Princeton-Reverb-Style Amps","og_url":"https:\/\/captain-guitar-lounge.com\/en\/product\/captain-amp-cover-fuer-fender-princeton-reverb\/","og_site_name":"captain-guitar-lounge.com","article_publisher":"https:\/\/www.facebook.com\/Captain-Guitar-Lounge-140457272682315\/","article_modified_time":"2025-08-18T08:50:28+00:00","og_image":[{"width":1600,"height":1189,"url":"https:\/\/captain-guitar-lounge.com\/wp-content\/uploads\/2021\/05\/1966FenderPrincetonReverb.jpg","type":"image\/jpeg"}],"twitter_card":"summary_large_image","twitter_misc":{"Est. reading time":"1 minute"},"schema":{"@context":"https:\/\/schema.org","@graph":[{"@type":"WebPage","@id":"https:\/\/captain-guitar-lounge.com\/en\/product\/captain-amp-cover-fuer-fender-princeton-reverb\/","url":"https:\/\/captain-guitar-lounge.com\/en\/product\/captain-amp-cover-fuer-fender-princeton-reverb\/","name":"Captain Amp Cover f\u00fcr Fender Princeton Reverb - captain-guitar-lounge.com","isPartOf":{"@id":"https:\/\/captain-guitar-lounge.com\/en\/#website"},"primaryImageOfPage":{"@id":"https:\/\/captain-guitar-lounge.com\/en\/product\/captain-amp-cover-fuer-fender-princeton-reverb\/#primaryimage"},"image":{"@id":"https:\/\/captain-guitar-lounge.com\/en\/product\/captain-amp-cover-fuer-fender-princeton-reverb\/#primaryimage"},"thumbnailUrl":"https:\/\/captain-guitar-lounge.com\/wp-content\/uploads\/2021\/05\/1966FenderPrincetonReverb.jpg","datePublished":"2021-05-28T05:52:57+00:00","dateModified":"2025-08-18T08:50:28+00:00","breadcrumb":{"@id":"https:\/\/captain-guitar-lounge.com\/en\/product\/captain-amp-cover-fuer-fender-princeton-reverb\/#breadcrumb"},"inLanguage":"en-US","potentialAction":[{"@type":"ReadAction","target":["https:\/\/captain-guitar-lounge.com\/en\/product\/captain-amp-cover-fuer-fender-princeton-reverb\/"]}]},{"@type":"ImageObject","inLanguage":"en-US","@id":"https:\/\/captain-guitar-lounge.com\/en\/product\/captain-amp-cover-fuer-fender-princeton-reverb\/#primaryimage","url":"https:\/\/captain-guitar-lounge.com\/wp-content\/uploads\/2021\/05\/1966FenderPrincetonReverb.jpg","contentUrl":"https:\/\/captain-guitar-lounge.com\/wp-content\/uploads\/2021\/05\/1966FenderPrincetonReverb.jpg","width":1600,"height":1189},{"@type":"BreadcrumbList","@id":"https:\/\/captain-guitar-lounge.com\/en\/product\/captain-amp-cover-fuer-fender-princeton-reverb\/#breadcrumb","itemListElement":[{"@type":"ListItem","position":1,"name":"Startseite","item":"https:\/\/captain-guitar-lounge.com\/en\/"},{"@type":"ListItem","position":2,"name":"Shop","item":"https:\/\/captain-guitar-lounge.com\/shop\/"},{"@type":"ListItem","position":3,"name":"Captain Amp Cover f\u00fcr Fender Princeton Reverb"}]},{"@type":"WebSite","@id":"https:\/\/captain-guitar-lounge.com\/en\/#website","url":"https:\/\/captain-guitar-lounge.com\/en\/","name":"captain-guitar-lounge.com","description":"Fine Amps and Guitars and more","potentialAction":[{"@type":"SearchAction","target":{"@type":"EntryPoint","urlTemplate":"https:\/\/captain-guitar-lounge.com\/en\/?s={search_term_string}"},"query-input":{"@type":"PropertyValueSpecification","valueRequired":true,"valueName":"search_term_string"}}],"inLanguage":"en-US"}]}},"_links":{"self":[{"href":"https:\/\/captain-guitar-lounge.com\/en\/wp-json\/wp\/v2\/product\/26284","targetHints":{"allow":["GET"]}}],"collection":[{"href":"https:\/\/captain-guitar-lounge.com\/en\/wp-json\/wp\/v2\/product"}],"about":[{"href":"https:\/\/captain-guitar-lounge.com\/en\/wp-json\/wp\/v2\/types\/product"}],"replies":[{"embeddable":true,"href":"https:\/\/captain-guitar-lounge.com\/en\/wp-json\/wp\/v2\/comments?post=26284"}],"wp:featuredmedia":[{"embeddable":true,"href":"https:\/\/captain-guitar-lounge.com\/en\/wp-json\/wp\/v2\/media\/26305"}],"wp:attachment":[{"href":"https:\/\/captain-guitar-lounge.com\/en\/wp-json\/wp\/v2\/media?parent=26284"}],"wp:term":[{"taxonomy":"product_brand","embeddable":true,"href":"https:\/\/captain-guitar-lounge.com\/en\/wp-json\/wp\/v2\/product_brand?post=26284"},{"taxonomy":"product_cat","embeddable":true,"href":"https:\/\/captain-guitar-lounge.com\/en\/wp-json\/wp\/v2\/product_cat?post=26284"},{"taxonomy":"product_tag","embeddable":true,"href":"https:\/\/captain-guitar-lounge.com\/en\/wp-json\/wp\/v2\/product_tag?post=26284"}],"curies":[{"name":"wp","href":"https:\/\/api.w.org\/{rel}","templated":true}]}}