{"id":26796,"date":"2021-06-24T10:32:06","date_gmt":"2021-06-24T08:32:06","guid":{"rendered":"https:\/\/captain-guitar-lounge.com\/?post_type=product&#038;p=26796"},"modified":"2023-12-07T14:56:25","modified_gmt":"2023-12-07T13:56:25","slug":"2017-captain-tweed-master-310-id-1401","status":"publish","type":"product","link":"https:\/\/captain-guitar-lounge.com\/en\/product\/2017-captain-tweed-master-310-id-1401\/","title":{"rendered":"2017 Captain &#8211; Tweed Master 310 &#8211; ID 1401"},"content":{"rendered":"<p><strong>Captain Tweedmaster 310<\/strong><\/p>\n<p><strong>40 Watt<\/strong> Tweed Bandmaster 3&#215;10 Amp mit zwei umschaltbaren Setups, nat\u00fcrlich wie immer <strong>Point to Point<\/strong> handverdrahtet mit den besten Bauteilen, wie z.B. <strong>Mercury Magnetics<\/strong> Transformatoren.<br \/>\nIm offenen Geh\u00e4use arbeiten zwei <strong>Weber<\/strong> Alnicos und ein Weber Ferromax.<br \/>\nMit Captain <strong>RFBT<\/strong> (Reverb + FX Loop + Boost + Tremolo):<br \/>\n&#8211; Tube Reverb<br \/>\n&#8211; paralleler Einschleifweg, auch als Boost nutzbar<br \/>\n&#8211; Bias Tremolo<br \/>\nZwei Fu\u00dfschalter mit \u00fcberlangen Kabeln, dazu ein Power Plant f\u00fcr die Versorgung der LEDs im RFBT-Fu\u00dfschalter.<br \/>\nDazu gibt es noch ein passgenaues <strong>Captain Easy Case<\/strong>.<\/p>\n<p>Top Zustand, frisch durchgecheckt in der Guitar Lounge.<\/p>\n<p>Mehr infos zum Captain Tweedmaster findest Du <a href=\"https:\/\/captain-guitar-lounge.com\/produkt\/captain-tweed-master-amp\/\">hier<\/a>.<\/p>\n","protected":false},"excerpt":{"rendered":"<p><strong>Handwired Boutique Amp<\/strong><br \/>\nZustand: Gut<br \/>\nSerNr: 004<br \/>\nGewicht: 22 kg Versandklasse: Klasse 4 &#8211; bis 40kg<br \/>\nKoffer\/Case: Captain Easy Case<br \/>\nFu\u00dfschalter: Zwei<br \/>\nVermittlungsverkauf: 11015<\/p>\n","protected":false},"featured_media":26813,"comment_status":"closed","ping_status":"closed","template":"","meta":{"_et_pb_use_builder":"","_et_pb_old_content":"","_et_gb_content_width":""},"product_brand":[],"product_cat":[55,936],"product_tag":[],"class_list":{"0":"post-26796","1":"product","2":"type-product","3":"status-publish","4":"has-post-thumbnail","6":"product_cat-combo","7":"product_cat-captain-amps-on-stock","8":"product_shipping_class-large","9":"pa_baujahr-2010s","10":"pa_power-bis-50watt","11":"pa_speaker-678","13":"first","14":"instock","15":"sold-individually","16":"purchasable","17":"product-type-simple"},"composite_virtual":false,"composite_layout":"","composite_add_to_cart_form_location":"","composite_editable_in_cart":false,"composite_sold_individually_context":"","composite_shop_price_calc":"","composite_components":[],"composite_scenarios":[],"pp_statuses_selecting_workflow":false,"pp_workflow_action":"current","pp_status_selection":"publish","yoast_head":"<!-- This site is optimized with the Yoast SEO plugin v26.8 - https:\/\/yoast.com\/product\/yoast-seo-wordpress\/ -->\n<title>2017 Captain - Tweed Master 310 - ID 1401 - captain-guitar-lounge.com<\/title>\n<meta name=\"robots\" content=\"index, follow, max-snippet:-1, max-image-preview:large, max-video-preview:-1\" \/>\n<link rel=\"canonical\" href=\"https:\/\/captain-guitar-lounge.com\/en\/product\/2017-captain-tweed-master-310-id-1401\/\" \/>\n<meta property=\"og:locale\" content=\"en_US\" \/>\n<meta property=\"og:type\" content=\"article\" \/>\n<meta property=\"og:title\" content=\"2017 Captain - Tweed Master 310 - ID 1401 - captain-guitar-lounge.com\" \/>\n<meta property=\"og:description\" content=\"Handwired Boutique Amp Zustand: Gut SerNr: 004 Gewicht: 22 kg Versandklasse: Klasse 4 - bis 40kg Koffer\/Case: Captain Easy Case Fu\u00dfschalter: Zwei Vermittlungsverkauf: 11015\" \/>\n<meta property=\"og:url\" content=\"https:\/\/captain-guitar-lounge.com\/en\/product\/2017-captain-tweed-master-310-id-1401\/\" \/>\n<meta property=\"og:site_name\" content=\"captain-guitar-lounge.com\" \/>\n<meta property=\"article:publisher\" content=\"https:\/\/www.facebook.com\/Captain-Guitar-Lounge-140457272682315\/\" \/>\n<meta property=\"article:modified_time\" content=\"2023-12-07T13:56:25+00:00\" \/>\n<meta property=\"og:image\" content=\"https:\/\/captain-guitar-lounge.com\/wp-content\/uploads\/2021\/06\/k-IMG_E6888.jpg\" \/>\n\t<meta property=\"og:image:width\" content=\"1024\" \/>\n\t<meta property=\"og:image:height\" content=\"1024\" \/>\n\t<meta property=\"og:image:type\" content=\"image\/jpeg\" \/>\n<meta name=\"twitter:card\" content=\"summary_large_image\" \/>\n<meta name=\"twitter:label1\" content=\"Est. reading time\" \/>\n\t<meta name=\"twitter:data1\" content=\"1 minute\" \/>\n<script type=\"application\/ld+json\" class=\"yoast-schema-graph\">{\"@context\":\"https:\/\/schema.org\",\"@graph\":[{\"@type\":\"WebPage\",\"@id\":\"https:\/\/captain-guitar-lounge.com\/en\/product\/2017-captain-tweed-master-310-id-1401\/\",\"url\":\"https:\/\/captain-guitar-lounge.com\/en\/product\/2017-captain-tweed-master-310-id-1401\/\",\"name\":\"2017 Captain - Tweed Master 310 - ID 1401 - captain-guitar-lounge.com\",\"isPartOf\":{\"@id\":\"https:\/\/captain-guitar-lounge.com\/en\/#website\"},\"primaryImageOfPage\":{\"@id\":\"https:\/\/captain-guitar-lounge.com\/en\/product\/2017-captain-tweed-master-310-id-1401\/#primaryimage\"},\"image\":{\"@id\":\"https:\/\/captain-guitar-lounge.com\/en\/product\/2017-captain-tweed-master-310-id-1401\/#primaryimage\"},\"thumbnailUrl\":\"https:\/\/captain-guitar-lounge.com\/wp-content\/uploads\/2021\/06\/k-IMG_E6888.jpg\",\"datePublished\":\"2021-06-24T08:32:06+00:00\",\"dateModified\":\"2023-12-07T13:56:25+00:00\",\"breadcrumb\":{\"@id\":\"https:\/\/captain-guitar-lounge.com\/en\/product\/2017-captain-tweed-master-310-id-1401\/#breadcrumb\"},\"inLanguage\":\"en-US\",\"potentialAction\":[{\"@type\":\"ReadAction\",\"target\":[\"https:\/\/captain-guitar-lounge.com\/en\/product\/2017-captain-tweed-master-310-id-1401\/\"]}]},{\"@type\":\"ImageObject\",\"inLanguage\":\"en-US\",\"@id\":\"https:\/\/captain-guitar-lounge.com\/en\/product\/2017-captain-tweed-master-310-id-1401\/#primaryimage\",\"url\":\"https:\/\/captain-guitar-lounge.com\/wp-content\/uploads\/2021\/06\/k-IMG_E6888.jpg\",\"contentUrl\":\"https:\/\/captain-guitar-lounge.com\/wp-content\/uploads\/2021\/06\/k-IMG_E6888.jpg\",\"width\":1024,\"height\":1024,\"caption\":\"2017 Captain - Tweed Master 310 - ID 1401\"},{\"@type\":\"BreadcrumbList\",\"@id\":\"https:\/\/captain-guitar-lounge.com\/en\/product\/2017-captain-tweed-master-310-id-1401\/#breadcrumb\",\"itemListElement\":[{\"@type\":\"ListItem\",\"position\":1,\"name\":\"Startseite\",\"item\":\"https:\/\/captain-guitar-lounge.com\/en\/\"},{\"@type\":\"ListItem\",\"position\":2,\"name\":\"Shop\",\"item\":\"https:\/\/captain-guitar-lounge.com\/shop\/\"},{\"@type\":\"ListItem\",\"position\":3,\"name\":\"2017 Captain &#8211; Tweed Master 310 &#8211; ID 1401\"}]},{\"@type\":\"WebSite\",\"@id\":\"https:\/\/captain-guitar-lounge.com\/en\/#website\",\"url\":\"https:\/\/captain-guitar-lounge.com\/en\/\",\"name\":\"captain-guitar-lounge.com\",\"description\":\"Fine Amps and Guitars and more\",\"potentialAction\":[{\"@type\":\"SearchAction\",\"target\":{\"@type\":\"EntryPoint\",\"urlTemplate\":\"https:\/\/captain-guitar-lounge.com\/en\/?s={search_term_string}\"},\"query-input\":{\"@type\":\"PropertyValueSpecification\",\"valueRequired\":true,\"valueName\":\"search_term_string\"}}],\"inLanguage\":\"en-US\"}]}<\/script>\n<!-- \/ Yoast SEO plugin. -->","yoast_head_json":{"title":"2017 Captain - Tweed Master 310 - ID 1401 - captain-guitar-lounge.com","robots":{"index":"index","follow":"follow","max-snippet":"max-snippet:-1","max-image-preview":"max-image-preview:large","max-video-preview":"max-video-preview:-1"},"canonical":"https:\/\/captain-guitar-lounge.com\/en\/product\/2017-captain-tweed-master-310-id-1401\/","og_locale":"en_US","og_type":"article","og_title":"2017 Captain - Tweed Master 310 - ID 1401 - captain-guitar-lounge.com","og_description":"Handwired Boutique Amp Zustand: Gut SerNr: 004 Gewicht: 22 kg Versandklasse: Klasse 4 - bis 40kg Koffer\/Case: Captain Easy Case Fu\u00dfschalter: Zwei Vermittlungsverkauf: 11015","og_url":"https:\/\/captain-guitar-lounge.com\/en\/product\/2017-captain-tweed-master-310-id-1401\/","og_site_name":"captain-guitar-lounge.com","article_publisher":"https:\/\/www.facebook.com\/Captain-Guitar-Lounge-140457272682315\/","article_modified_time":"2023-12-07T13:56:25+00:00","og_image":[{"width":1024,"height":1024,"url":"https:\/\/captain-guitar-lounge.com\/wp-content\/uploads\/2021\/06\/k-IMG_E6888.jpg","type":"image\/jpeg"}],"twitter_card":"summary_large_image","twitter_misc":{"Est. reading time":"1 minute"},"schema":{"@context":"https:\/\/schema.org","@graph":[{"@type":"WebPage","@id":"https:\/\/captain-guitar-lounge.com\/en\/product\/2017-captain-tweed-master-310-id-1401\/","url":"https:\/\/captain-guitar-lounge.com\/en\/product\/2017-captain-tweed-master-310-id-1401\/","name":"2017 Captain - Tweed Master 310 - ID 1401 - captain-guitar-lounge.com","isPartOf":{"@id":"https:\/\/captain-guitar-lounge.com\/en\/#website"},"primaryImageOfPage":{"@id":"https:\/\/captain-guitar-lounge.com\/en\/product\/2017-captain-tweed-master-310-id-1401\/#primaryimage"},"image":{"@id":"https:\/\/captain-guitar-lounge.com\/en\/product\/2017-captain-tweed-master-310-id-1401\/#primaryimage"},"thumbnailUrl":"https:\/\/captain-guitar-lounge.com\/wp-content\/uploads\/2021\/06\/k-IMG_E6888.jpg","datePublished":"2021-06-24T08:32:06+00:00","dateModified":"2023-12-07T13:56:25+00:00","breadcrumb":{"@id":"https:\/\/captain-guitar-lounge.com\/en\/product\/2017-captain-tweed-master-310-id-1401\/#breadcrumb"},"inLanguage":"en-US","potentialAction":[{"@type":"ReadAction","target":["https:\/\/captain-guitar-lounge.com\/en\/product\/2017-captain-tweed-master-310-id-1401\/"]}]},{"@type":"ImageObject","inLanguage":"en-US","@id":"https:\/\/captain-guitar-lounge.com\/en\/product\/2017-captain-tweed-master-310-id-1401\/#primaryimage","url":"https:\/\/captain-guitar-lounge.com\/wp-content\/uploads\/2021\/06\/k-IMG_E6888.jpg","contentUrl":"https:\/\/captain-guitar-lounge.com\/wp-content\/uploads\/2021\/06\/k-IMG_E6888.jpg","width":1024,"height":1024,"caption":"2017 Captain - Tweed Master 310 - ID 1401"},{"@type":"BreadcrumbList","@id":"https:\/\/captain-guitar-lounge.com\/en\/product\/2017-captain-tweed-master-310-id-1401\/#breadcrumb","itemListElement":[{"@type":"ListItem","position":1,"name":"Startseite","item":"https:\/\/captain-guitar-lounge.com\/en\/"},{"@type":"ListItem","position":2,"name":"Shop","item":"https:\/\/captain-guitar-lounge.com\/shop\/"},{"@type":"ListItem","position":3,"name":"2017 Captain &#8211; Tweed Master 310 &#8211; ID 1401"}]},{"@type":"WebSite","@id":"https:\/\/captain-guitar-lounge.com\/en\/#website","url":"https:\/\/captain-guitar-lounge.com\/en\/","name":"captain-guitar-lounge.com","description":"Fine Amps and Guitars and more","potentialAction":[{"@type":"SearchAction","target":{"@type":"EntryPoint","urlTemplate":"https:\/\/captain-guitar-lounge.com\/en\/?s={search_term_string}"},"query-input":{"@type":"PropertyValueSpecification","valueRequired":true,"valueName":"search_term_string"}}],"inLanguage":"en-US"}]}},"_links":{"self":[{"href":"https:\/\/captain-guitar-lounge.com\/en\/wp-json\/wp\/v2\/product\/26796","targetHints":{"allow":["GET"]}}],"collection":[{"href":"https:\/\/captain-guitar-lounge.com\/en\/wp-json\/wp\/v2\/product"}],"about":[{"href":"https:\/\/captain-guitar-lounge.com\/en\/wp-json\/wp\/v2\/types\/product"}],"replies":[{"embeddable":true,"href":"https:\/\/captain-guitar-lounge.com\/en\/wp-json\/wp\/v2\/comments?post=26796"}],"wp:featuredmedia":[{"embeddable":true,"href":"https:\/\/captain-guitar-lounge.com\/en\/wp-json\/wp\/v2\/media\/26813"}],"wp:attachment":[{"href":"https:\/\/captain-guitar-lounge.com\/en\/wp-json\/wp\/v2\/media?parent=26796"}],"wp:term":[{"taxonomy":"product_brand","embeddable":true,"href":"https:\/\/captain-guitar-lounge.com\/en\/wp-json\/wp\/v2\/product_brand?post=26796"},{"taxonomy":"product_cat","embeddable":true,"href":"https:\/\/captain-guitar-lounge.com\/en\/wp-json\/wp\/v2\/product_cat?post=26796"},{"taxonomy":"product_tag","embeddable":true,"href":"https:\/\/captain-guitar-lounge.com\/en\/wp-json\/wp\/v2\/product_tag?post=26796"}],"curies":[{"name":"wp","href":"https:\/\/api.w.org\/{rel}","templated":true}]}}