{"id":27345,"date":"2021-06-20T19:03:45","date_gmt":"2021-06-20T17:03:45","guid":{"rendered":"https:\/\/captain-guitar-lounge.com\/?post_type=product&#038;p=27345"},"modified":"2024-08-23T09:36:05","modified_gmt":"2024-08-23T07:36:05","slug":"captain-power-soak-cps","status":"publish","type":"product","link":"https:\/\/captain-guitar-lounge.com\/en\/product\/captain-power-soak-cps\/","title":{"rendered":"Captain Power Soak CPS"},"content":{"rendered":"<p>Mit dem <strong>Captain Power Soak<\/strong> wird \u00fcbersch\u00fcssige Leistung in W\u00e4rme umgewandelt. Es wrid am Ausgang des Verst\u00e4rkers <strong>zwischen Ausgangs\u00fcbertrager und Lautsprecher<\/strong> eingebaut und reduziert die Lautst\u00e4rke des Verst\u00e4rkers <strong>stufenlos<\/strong> von ca. <strong>80% bis auf Null<\/strong>.<\/p>\n<p>Mittels eines <strong>Bypass<\/strong>-Schalters ist auch die <strong>volle Leistung<\/strong> abrufbar.<br \/>\nEin zus\u00e4tzlicher Spakerausgang erlaubt den Anschluss einer Lautsprecherbox NACH dem Powersoak, der interne Speaker wird dabei abgeschaltet.<\/p>\n<p>Auch bei kleinen Amps maht ein Powersoak Sinn, denn ein weit aufgedrehter Tweed Champ zerrt sehr sch\u00f6n, ist dabei aber oft schon zu laut.<br \/>\nAber es hat seine Grenzen: Ein 100W Marshall wird nie ein Bedroom-Amp!<\/p>\n<p>Dabei wird das Signal <strong>Frequenzkompensiert<\/strong> um m\u00f6glichst viel Sound zu erhalten.<\/p>\n<p>Als Option kann man den Bypass <strong>fernbedienbar<\/strong> machen und erh\u00e4lt somit einen fu\u00dfschaltbaren Soloboost. Die Kosten h\u00e4ngen vom Verst\u00e4rker ab, bitte anfragen.<\/p>\n<div class=\"n module-type-textWithImage diyfeLiveArea \">\n<div id=\"textWithImage-5796370748\" class=\"clearover \">\n<div class=\"textwrapper\">\n<p>Die Preise k\u00f6nnen etwas variieren, bei manchen Verst\u00e4rkern ist der Einbau aufw\u00e4ndiger.<\/p>\n<p><strong><a href=\"https:\/\/captain-guitar-lounge.com\/wp-content\/uploads\/2021\/06\/INFO.jpg\"><img loading=\"lazy\" decoding=\"async\" class=\"alignnone wp-image-27353\" src=\"https:\/\/captain-guitar-lounge.com\/wp-content\/uploads\/2021\/06\/INFO-300x300.jpg\" alt=\"\" width=\"36\" height=\"36\" \/><\/a>\u00a0 Der Unterschied zwischen Master Volume und Power Soak<\/strong><\/p>\n<\/div>\n<\/div>\n<\/div>\n<div class=\"n module-type-text diyfeLiveArea \">\n<p>W\u00e4hrend ein Master Volume den <strong>Signalpegel<\/strong> vor den Endstzufenr\u00f6hren reduziert (PPIMV), verringert ein Power Soak die <strong>Leistung<\/strong> vor dem Lautsprecher.<\/p>\n<p><strong>Vorteil Power Soak<\/strong>: Die Endstufe kann \u00fcbersteuert werden, der Amp komprimiert bei hohen Volume-Settings, der Ton ist SENSATIONELL!<br \/>\n<strong>Nachteil<\/strong>: Die Endstufenr\u00f6hren werden st\u00e4rker belastet und verschlei\u00dfen schneller<\/p>\n<p>Beide Methoden funktionieren bei korrekter Ausf\u00fchrung bis zu einem gewissen Grad soundneutral.<br \/>\nF\u00fcr eine optimale Kontrolle von Zerrverhalten und Lautst\u00e4rke empfehle ich beide Methoden zu kombinieren.<\/p>\n<\/div>\n","protected":false},"excerpt":{"rendered":"<p>&nbsp;<\/p>\n<p><strong>Captain Power Soak zur Lautst\u00e4rkereduzierung bei R\u00f6hrenverst\u00e4rkern<\/strong><\/p>\n<p>3 Varianten von 12Watt bis 60Watt<\/p>\n<p>Preise incl. Einbau in Deinen Amp.<\/p>\n","protected":false},"featured_media":27362,"comment_status":"closed","ping_status":"closed","template":"","meta":{"_et_pb_use_builder":"","_et_pb_old_content":"","_et_gb_content_width":""},"product_brand":[],"product_cat":[1112],"product_tag":[],"class_list":{"0":"post-27345","1":"product","2":"type-product","3":"status-publish","4":"has-post-thumbnail","6":"product_cat-versatility-mods","8":"first","9":"instock","10":"taxable","11":"shipping-taxable","12":"purchasable","13":"product-type-variable"},"composite_virtual":false,"composite_layout":"","composite_add_to_cart_form_location":"","composite_editable_in_cart":false,"composite_sold_individually_context":"","composite_shop_price_calc":"","composite_components":[],"composite_scenarios":[],"pp_statuses_selecting_workflow":false,"pp_workflow_action":"current","pp_status_selection":"publish","yoast_head":"<!-- This site is optimized with the Yoast SEO plugin v26.8 - https:\/\/yoast.com\/product\/yoast-seo-wordpress\/ -->\n<title>Captain Power Soak CPS - captain-guitar-lounge.com<\/title>\n<meta name=\"robots\" content=\"index, follow, max-snippet:-1, max-image-preview:large, max-video-preview:-1\" \/>\n<link rel=\"canonical\" href=\"https:\/\/captain-guitar-lounge.com\/en\/product\/captain-power-soak-cps\/\" \/>\n<meta property=\"og:locale\" content=\"en_US\" \/>\n<meta property=\"og:type\" content=\"article\" \/>\n<meta property=\"og:title\" content=\"Captain Power Soak CPS - captain-guitar-lounge.com\" \/>\n<meta property=\"og:description\" content=\"&nbsp;  Captain Power Soak zur Lautst\u00e4rkereduzierung bei R\u00f6hrenverst\u00e4rkern  3 Varianten von 12Watt bis 60Watt  Preise incl. Einbau in Deinen Amp.\" \/>\n<meta property=\"og:url\" content=\"https:\/\/captain-guitar-lounge.com\/en\/product\/captain-power-soak-cps\/\" \/>\n<meta property=\"og:site_name\" content=\"captain-guitar-lounge.com\" \/>\n<meta property=\"article:publisher\" content=\"https:\/\/www.facebook.com\/Captain-Guitar-Lounge-140457272682315\/\" \/>\n<meta property=\"article:modified_time\" content=\"2024-08-23T07:36:05+00:00\" \/>\n<meta property=\"og:image\" content=\"https:\/\/captain-guitar-lounge.com\/wp-content\/uploads\/2021\/06\/Captain-Power-Soak-800x600-1.jpg\" \/>\n\t<meta property=\"og:image:width\" content=\"800\" \/>\n\t<meta property=\"og:image:height\" content=\"600\" \/>\n\t<meta property=\"og:image:type\" content=\"image\/jpeg\" \/>\n<meta name=\"twitter:card\" content=\"summary_large_image\" \/>\n<meta name=\"twitter:label1\" content=\"Est. reading time\" \/>\n\t<meta name=\"twitter:data1\" content=\"2 minutes\" \/>\n<script type=\"application\/ld+json\" class=\"yoast-schema-graph\">{\"@context\":\"https:\/\/schema.org\",\"@graph\":[{\"@type\":\"WebPage\",\"@id\":\"https:\/\/captain-guitar-lounge.com\/en\/product\/captain-power-soak-cps\/\",\"url\":\"https:\/\/captain-guitar-lounge.com\/en\/product\/captain-power-soak-cps\/\",\"name\":\"Captain Power Soak CPS - captain-guitar-lounge.com\",\"isPartOf\":{\"@id\":\"https:\/\/captain-guitar-lounge.com\/en\/#website\"},\"primaryImageOfPage\":{\"@id\":\"https:\/\/captain-guitar-lounge.com\/en\/product\/captain-power-soak-cps\/#primaryimage\"},\"image\":{\"@id\":\"https:\/\/captain-guitar-lounge.com\/en\/product\/captain-power-soak-cps\/#primaryimage\"},\"thumbnailUrl\":\"https:\/\/captain-guitar-lounge.com\/wp-content\/uploads\/2021\/06\/Captain-Power-Soak-800x600-1.jpg\",\"datePublished\":\"2021-06-20T17:03:45+00:00\",\"dateModified\":\"2024-08-23T07:36:05+00:00\",\"breadcrumb\":{\"@id\":\"https:\/\/captain-guitar-lounge.com\/en\/product\/captain-power-soak-cps\/#breadcrumb\"},\"inLanguage\":\"en-US\",\"potentialAction\":[{\"@type\":\"ReadAction\",\"target\":[\"https:\/\/captain-guitar-lounge.com\/en\/product\/captain-power-soak-cps\/\"]}]},{\"@type\":\"ImageObject\",\"inLanguage\":\"en-US\",\"@id\":\"https:\/\/captain-guitar-lounge.com\/en\/product\/captain-power-soak-cps\/#primaryimage\",\"url\":\"https:\/\/captain-guitar-lounge.com\/wp-content\/uploads\/2021\/06\/Captain-Power-Soak-800x600-1.jpg\",\"contentUrl\":\"https:\/\/captain-guitar-lounge.com\/wp-content\/uploads\/2021\/06\/Captain-Power-Soak-800x600-1.jpg\",\"width\":800,\"height\":600},{\"@type\":\"BreadcrumbList\",\"@id\":\"https:\/\/captain-guitar-lounge.com\/en\/product\/captain-power-soak-cps\/#breadcrumb\",\"itemListElement\":[{\"@type\":\"ListItem\",\"position\":1,\"name\":\"Startseite\",\"item\":\"https:\/\/captain-guitar-lounge.com\/en\/\"},{\"@type\":\"ListItem\",\"position\":2,\"name\":\"Shop\",\"item\":\"https:\/\/captain-guitar-lounge.com\/shop\/\"},{\"@type\":\"ListItem\",\"position\":3,\"name\":\"Captain Power Soak CPS\"}]},{\"@type\":\"WebSite\",\"@id\":\"https:\/\/captain-guitar-lounge.com\/en\/#website\",\"url\":\"https:\/\/captain-guitar-lounge.com\/en\/\",\"name\":\"captain-guitar-lounge.com\",\"description\":\"Fine Amps and Guitars and more\",\"potentialAction\":[{\"@type\":\"SearchAction\",\"target\":{\"@type\":\"EntryPoint\",\"urlTemplate\":\"https:\/\/captain-guitar-lounge.com\/en\/?s={search_term_string}\"},\"query-input\":{\"@type\":\"PropertyValueSpecification\",\"valueRequired\":true,\"valueName\":\"search_term_string\"}}],\"inLanguage\":\"en-US\"}]}<\/script>\n<!-- \/ Yoast SEO plugin. -->","yoast_head_json":{"title":"Captain Power Soak CPS - captain-guitar-lounge.com","robots":{"index":"index","follow":"follow","max-snippet":"max-snippet:-1","max-image-preview":"max-image-preview:large","max-video-preview":"max-video-preview:-1"},"canonical":"https:\/\/captain-guitar-lounge.com\/en\/product\/captain-power-soak-cps\/","og_locale":"en_US","og_type":"article","og_title":"Captain Power Soak CPS - captain-guitar-lounge.com","og_description":"&nbsp;  Captain Power Soak zur Lautst\u00e4rkereduzierung bei R\u00f6hrenverst\u00e4rkern  3 Varianten von 12Watt bis 60Watt  Preise incl. Einbau in Deinen Amp.","og_url":"https:\/\/captain-guitar-lounge.com\/en\/product\/captain-power-soak-cps\/","og_site_name":"captain-guitar-lounge.com","article_publisher":"https:\/\/www.facebook.com\/Captain-Guitar-Lounge-140457272682315\/","article_modified_time":"2024-08-23T07:36:05+00:00","og_image":[{"width":800,"height":600,"url":"https:\/\/captain-guitar-lounge.com\/wp-content\/uploads\/2021\/06\/Captain-Power-Soak-800x600-1.jpg","type":"image\/jpeg"}],"twitter_card":"summary_large_image","twitter_misc":{"Est. reading time":"2 minutes"},"schema":{"@context":"https:\/\/schema.org","@graph":[{"@type":"WebPage","@id":"https:\/\/captain-guitar-lounge.com\/en\/product\/captain-power-soak-cps\/","url":"https:\/\/captain-guitar-lounge.com\/en\/product\/captain-power-soak-cps\/","name":"Captain Power Soak CPS - captain-guitar-lounge.com","isPartOf":{"@id":"https:\/\/captain-guitar-lounge.com\/en\/#website"},"primaryImageOfPage":{"@id":"https:\/\/captain-guitar-lounge.com\/en\/product\/captain-power-soak-cps\/#primaryimage"},"image":{"@id":"https:\/\/captain-guitar-lounge.com\/en\/product\/captain-power-soak-cps\/#primaryimage"},"thumbnailUrl":"https:\/\/captain-guitar-lounge.com\/wp-content\/uploads\/2021\/06\/Captain-Power-Soak-800x600-1.jpg","datePublished":"2021-06-20T17:03:45+00:00","dateModified":"2024-08-23T07:36:05+00:00","breadcrumb":{"@id":"https:\/\/captain-guitar-lounge.com\/en\/product\/captain-power-soak-cps\/#breadcrumb"},"inLanguage":"en-US","potentialAction":[{"@type":"ReadAction","target":["https:\/\/captain-guitar-lounge.com\/en\/product\/captain-power-soak-cps\/"]}]},{"@type":"ImageObject","inLanguage":"en-US","@id":"https:\/\/captain-guitar-lounge.com\/en\/product\/captain-power-soak-cps\/#primaryimage","url":"https:\/\/captain-guitar-lounge.com\/wp-content\/uploads\/2021\/06\/Captain-Power-Soak-800x600-1.jpg","contentUrl":"https:\/\/captain-guitar-lounge.com\/wp-content\/uploads\/2021\/06\/Captain-Power-Soak-800x600-1.jpg","width":800,"height":600},{"@type":"BreadcrumbList","@id":"https:\/\/captain-guitar-lounge.com\/en\/product\/captain-power-soak-cps\/#breadcrumb","itemListElement":[{"@type":"ListItem","position":1,"name":"Startseite","item":"https:\/\/captain-guitar-lounge.com\/en\/"},{"@type":"ListItem","position":2,"name":"Shop","item":"https:\/\/captain-guitar-lounge.com\/shop\/"},{"@type":"ListItem","position":3,"name":"Captain Power Soak CPS"}]},{"@type":"WebSite","@id":"https:\/\/captain-guitar-lounge.com\/en\/#website","url":"https:\/\/captain-guitar-lounge.com\/en\/","name":"captain-guitar-lounge.com","description":"Fine Amps and Guitars and more","potentialAction":[{"@type":"SearchAction","target":{"@type":"EntryPoint","urlTemplate":"https:\/\/captain-guitar-lounge.com\/en\/?s={search_term_string}"},"query-input":{"@type":"PropertyValueSpecification","valueRequired":true,"valueName":"search_term_string"}}],"inLanguage":"en-US"}]}},"_links":{"self":[{"href":"https:\/\/captain-guitar-lounge.com\/en\/wp-json\/wp\/v2\/product\/27345","targetHints":{"allow":["GET"]}}],"collection":[{"href":"https:\/\/captain-guitar-lounge.com\/en\/wp-json\/wp\/v2\/product"}],"about":[{"href":"https:\/\/captain-guitar-lounge.com\/en\/wp-json\/wp\/v2\/types\/product"}],"replies":[{"embeddable":true,"href":"https:\/\/captain-guitar-lounge.com\/en\/wp-json\/wp\/v2\/comments?post=27345"}],"wp:featuredmedia":[{"embeddable":true,"href":"https:\/\/captain-guitar-lounge.com\/en\/wp-json\/wp\/v2\/media\/27362"}],"wp:attachment":[{"href":"https:\/\/captain-guitar-lounge.com\/en\/wp-json\/wp\/v2\/media?parent=27345"}],"wp:term":[{"taxonomy":"product_brand","embeddable":true,"href":"https:\/\/captain-guitar-lounge.com\/en\/wp-json\/wp\/v2\/product_brand?post=27345"},{"taxonomy":"product_cat","embeddable":true,"href":"https:\/\/captain-guitar-lounge.com\/en\/wp-json\/wp\/v2\/product_cat?post=27345"},{"taxonomy":"product_tag","embeddable":true,"href":"https:\/\/captain-guitar-lounge.com\/en\/wp-json\/wp\/v2\/product_tag?post=27345"}],"curies":[{"name":"wp","href":"https:\/\/api.w.org\/{rel}","templated":true}]}}