{"id":27488,"date":"2021-06-21T17:57:08","date_gmt":"2021-06-21T15:57:08","guid":{"rendered":"https:\/\/captain-guitar-lounge.com\/?p=27488&#038;post_type=product&#038;preview_id=27488"},"modified":"2023-12-07T16:09:02","modified_gmt":"2023-12-07T15:09:02","slug":"celestion-g12-neo-v-type","status":"publish","type":"product","link":"https:\/\/captain-guitar-lounge.com\/en\/product\/celestion-g12-neo-v-type\/","title":{"rendered":"Celestion G12 NEO V-Type"},"content":{"rendered":"<p>[et_pb_section fb_built=&#8221;1&#8243; _builder_version=&#8221;4.16&#8243; custom_padding=&#8221;0px||||false|false&#8221; global_colors_info=&#8221;{}&#8221;][et_pb_row _builder_version=&#8221;4.16&#8243; background_size=&#8221;initial&#8221; background_position=&#8221;top_left&#8221; background_repeat=&#8221;repeat&#8221; width=&#8221;100%&#8221; custom_padding=&#8221;0px||0px||false|false&#8221; global_colors_info=&#8221;{}&#8221;][et_pb_column type=&#8221;4_4&#8243; _builder_version=&#8221;4.16&#8243; custom_padding=&#8221;|||&#8221; global_colors_info=&#8221;{}&#8221; custom_padding__hover=&#8221;|||&#8221;][et_pb_wc_breadcrumb _builder_version=&#8221;4.16&#8243; global_colors_info=&#8221;{}&#8221;][\/et_pb_wc_breadcrumb][et_pb_wc_cart_notice _builder_version=&#8221;4.16&#8243; global_colors_info=&#8221;{}&#8221;][\/et_pb_wc_cart_notice][\/et_pb_column][\/et_pb_row][et_pb_row column_structure=&#8221;1_2,1_2&#8243; _builder_version=&#8221;4.16&#8243; background_size=&#8221;initial&#8221; background_position=&#8221;top_left&#8221; background_repeat=&#8221;repeat&#8221; width=&#8221;100%&#8221; custom_padding=&#8221;0px||||false|false&#8221; global_colors_info=&#8221;{}&#8221;][et_pb_column type=&#8221;1_2&#8243; _builder_version=&#8221;4.16&#8243; custom_padding=&#8221;|||&#8221; global_colors_info=&#8221;{}&#8221; custom_padding__hover=&#8221;|||&#8221;][et_pb_wc_images _builder_version=&#8221;4.16&#8243; global_colors_info=&#8221;{}&#8221;][\/et_pb_wc_images][\/et_pb_column][et_pb_column type=&#8221;1_2&#8243; _builder_version=&#8221;4.16&#8243; custom_padding=&#8221;|||&#8221; global_colors_info=&#8221;{}&#8221; custom_padding__hover=&#8221;|||&#8221;][et_pb_wc_title _builder_version=&#8221;4.16&#8243; global_colors_info=&#8221;{}&#8221;][\/et_pb_wc_title][et_pb_wc_rating _builder_version=&#8221;4.16&#8243; global_colors_info=&#8221;{}&#8221;][\/et_pb_wc_rating][et_pb_wc_price _builder_version=&#8221;4.16&#8243; global_colors_info=&#8221;{}&#8221;][\/et_pb_wc_price][et_pb_wc_description _builder_version=&#8221;4.16&#8243; global_colors_info=&#8221;{}&#8221;][\/et_pb_wc_description][et_pb_wc_add_to_cart _builder_version=&#8221;4.16&#8243; global_colors_info=&#8221;{}&#8221;][\/et_pb_wc_add_to_cart][et_pb_wc_meta _builder_version=&#8221;4.16&#8243; global_colors_info=&#8221;{}&#8221;][\/et_pb_wc_meta][\/et_pb_column][\/et_pb_row][et_pb_row _builder_version=&#8221;4.16&#8243; _module_preset=&#8221;default&#8221; width=&#8221;100%&#8221; global_colors_info=&#8221;{}&#8221;][et_pb_column type=&#8221;4_4&#8243; _builder_version=&#8221;4.16&#8243; _module_preset=&#8221;default&#8221; global_colors_info=&#8221;{}&#8221;][et_pb_wc_tabs _builder_version=&#8221;4.16&#8243; global_colors_info=&#8221;{}&#8221;]\t\t\t\t\t[\/et_pb_wc_tabs][\/et_pb_column][\/et_pb_row][et_pb_row _builder_version=&#8221;4.16&#8243; background_size=&#8221;initial&#8221; background_position=&#8221;top_left&#8221; background_repeat=&#8221;repeat&#8221; width=&#8221;100%&#8221; global_colors_info=&#8221;{}&#8221;][et_pb_column type=&#8221;4_4&#8243; _builder_version=&#8221;4.16&#8243; custom_padding=&#8221;|||&#8221; global_colors_info=&#8221;{}&#8221; custom_padding__hover=&#8221;|||&#8221;][et_pb_wc_upsells posts_number=&#8221;4&#8243; columns_number=&#8221;4&#8243; _builder_version=&#8221;4.16&#8243; global_colors_info=&#8221;{}&#8221;][\/et_pb_wc_upsells][et_pb_wc_related_products posts_number=&#8221;4&#8243; columns_number=&#8221;4&#8243; _builder_version=&#8221;4.16&#8243; product_title_font_size=&#8221;1em&#8221; product_title_line_height=&#8221;1em&#8221; global_colors_info=&#8221;{}&#8221;][\/et_pb_wc_related_products][\/et_pb_column][\/et_pb_row][\/et_pb_section]<\/p>\n","protected":false},"excerpt":{"rendered":"<p>Belastbarkeit : 70 Watt<br \/>\nSensitivity: 98 dB<br \/>\nMagnet: Neodymium<br \/>\nFrequenzgang: <span dir=\"ltr\">75Hz<\/span><span dir=\"ltr\">&#8211;<\/span><span dir=\"ltr\">5000Hz<\/span><br \/>\nResonanzfrequenz: 75Hz<br \/>\nGewicht: NUR 1,9kg!!<\/p>\n","protected":false},"featured_media":27491,"comment_status":"closed","ping_status":"closed","template":"","meta":{"_et_pb_use_builder":"on","_et_pb_old_content":"<div>Der Neo V-Type ist mit einem einzigartigen Neodym-Magneten ausgestattet, der f\u00fcr den reinen Celestion-Ton entwickelt wurde.<\/div>\r\n<div>Er liefert den vertrauten und s\u00fcchtig machenden modernen Vintage-Sound des V-Type, bei nur 50% des Gewichts.<\/div>\r\n<div><\/div>\r\n<div>Dieser gut klingende Lautsprecher hat eine hervorragend ausbalancierte Klangsignatur, die Deienm Ton eine Vintage-Musikalit\u00e4t verleiht.<\/div>\r\n<div>Clean-Sounds haben genau die richtige Menge an oberen Mitten und H\u00f6henglanz, um dem Ton Klarheit und Definition zu geben.<\/div>\r\n<div><\/div>\r\n<div>Verzerrt erh\u00e4lt man einen knisternden Overdrive und einen rauen rhythmischen Sound, der aber, dank der Magie des Neodym-Magneten, eine zus\u00e4tzliche Definition z.B. bei der Saitentrennung f\u00fcr Single-Note-Leadlines erf\u00e4hrt.<\/div>\r\n<div><\/div>\r\n<div>Und das bei nur 1,9kg Gewicht!!<\/div>","_et_gb_content_width":""},"product_brand":[],"product_cat":[1094],"product_tag":[],"class_list":{"0":"post-27488","1":"product","2":"type-product","3":"status-publish","4":"has-post-thumbnail","6":"product_cat-celestion-speaker","7":"product_shipping_class-small","8":"pa_artikelzustand-neuer-artikel","9":"pa_power-bis-80-watt","10":"pa_speaker-679","12":"first","13":"instock","14":"taxable","15":"shipping-taxable","16":"purchasable","17":"product-type-variable","18":"has-default-attributes"},"composite_virtual":false,"composite_layout":"","composite_add_to_cart_form_location":"","composite_editable_in_cart":false,"composite_sold_individually_context":"","composite_shop_price_calc":"","composite_components":[],"composite_scenarios":[],"pp_statuses_selecting_workflow":false,"pp_workflow_action":"current","pp_status_selection":"publish","yoast_head":"<!-- This site is optimized with the Yoast SEO plugin v26.8 - https:\/\/yoast.com\/product\/yoast-seo-wordpress\/ -->\n<title>Celestion G12 NEO V-Type - captain-guitar-lounge.com<\/title>\n<meta name=\"robots\" content=\"index, follow, max-snippet:-1, max-image-preview:large, max-video-preview:-1\" \/>\n<link rel=\"canonical\" href=\"https:\/\/captain-guitar-lounge.com\/en\/product\/celestion-g12-neo-v-type\/\" \/>\n<meta property=\"og:locale\" content=\"en_US\" \/>\n<meta property=\"og:type\" content=\"article\" \/>\n<meta property=\"og:title\" content=\"Celestion G12 NEO V-Type - captain-guitar-lounge.com\" \/>\n<meta property=\"og:description\" content=\"Belastbarkeit : 70 Watt Sensitivity: 98 dB Magnet: Neodymium Frequenzgang: 75Hz-5000Hz Resonanzfrequenz: 75Hz Gewicht: NUR 1,9kg!!\" \/>\n<meta property=\"og:url\" content=\"https:\/\/captain-guitar-lounge.com\/en\/product\/celestion-g12-neo-v-type\/\" \/>\n<meta property=\"og:site_name\" content=\"captain-guitar-lounge.com\" \/>\n<meta property=\"article:publisher\" content=\"https:\/\/www.facebook.com\/Captain-Guitar-Lounge-140457272682315\/\" \/>\n<meta property=\"article:modified_time\" content=\"2023-12-07T15:09:02+00:00\" \/>\n<meta property=\"og:image\" content=\"https:\/\/captain-guitar-lounge.com\/wp-content\/uploads\/2021\/06\/LCEG12NEO-VT-16-Celestion-G12-NEO-V-Type-12-70Watt-T6475-1.jpg\" \/>\n\t<meta property=\"og:image:width\" content=\"339\" \/>\n\t<meta property=\"og:image:height\" content=\"336\" \/>\n\t<meta property=\"og:image:type\" content=\"image\/jpeg\" \/>\n<meta name=\"twitter:card\" content=\"summary_large_image\" \/>\n<meta name=\"twitter:label1\" content=\"Est. reading time\" \/>\n\t<meta name=\"twitter:data1\" content=\"1 minute\" \/>\n<script type=\"application\/ld+json\" class=\"yoast-schema-graph\">{\"@context\":\"https:\/\/schema.org\",\"@graph\":[{\"@type\":\"WebPage\",\"@id\":\"https:\/\/captain-guitar-lounge.com\/en\/product\/celestion-g12-neo-v-type\/\",\"url\":\"https:\/\/captain-guitar-lounge.com\/en\/product\/celestion-g12-neo-v-type\/\",\"name\":\"Celestion G12 NEO V-Type - captain-guitar-lounge.com\",\"isPartOf\":{\"@id\":\"https:\/\/captain-guitar-lounge.com\/en\/#website\"},\"primaryImageOfPage\":{\"@id\":\"https:\/\/captain-guitar-lounge.com\/en\/product\/celestion-g12-neo-v-type\/#primaryimage\"},\"image\":{\"@id\":\"https:\/\/captain-guitar-lounge.com\/en\/product\/celestion-g12-neo-v-type\/#primaryimage\"},\"thumbnailUrl\":\"https:\/\/captain-guitar-lounge.com\/wp-content\/uploads\/2021\/06\/LCEG12NEO-VT-16-Celestion-G12-NEO-V-Type-12-70Watt-T6475-1.jpg\",\"datePublished\":\"2021-06-21T15:57:08+00:00\",\"dateModified\":\"2023-12-07T15:09:02+00:00\",\"breadcrumb\":{\"@id\":\"https:\/\/captain-guitar-lounge.com\/en\/product\/celestion-g12-neo-v-type\/#breadcrumb\"},\"inLanguage\":\"en-US\",\"potentialAction\":[{\"@type\":\"ReadAction\",\"target\":[\"https:\/\/captain-guitar-lounge.com\/en\/product\/celestion-g12-neo-v-type\/\"]}]},{\"@type\":\"ImageObject\",\"inLanguage\":\"en-US\",\"@id\":\"https:\/\/captain-guitar-lounge.com\/en\/product\/celestion-g12-neo-v-type\/#primaryimage\",\"url\":\"https:\/\/captain-guitar-lounge.com\/wp-content\/uploads\/2021\/06\/LCEG12NEO-VT-16-Celestion-G12-NEO-V-Type-12-70Watt-T6475-1.jpg\",\"contentUrl\":\"https:\/\/captain-guitar-lounge.com\/wp-content\/uploads\/2021\/06\/LCEG12NEO-VT-16-Celestion-G12-NEO-V-Type-12-70Watt-T6475-1.jpg\",\"width\":339,\"height\":336},{\"@type\":\"BreadcrumbList\",\"@id\":\"https:\/\/captain-guitar-lounge.com\/en\/product\/celestion-g12-neo-v-type\/#breadcrumb\",\"itemListElement\":[{\"@type\":\"ListItem\",\"position\":1,\"name\":\"Startseite\",\"item\":\"https:\/\/captain-guitar-lounge.com\/en\/\"},{\"@type\":\"ListItem\",\"position\":2,\"name\":\"Shop\",\"item\":\"https:\/\/captain-guitar-lounge.com\/shop\/\"},{\"@type\":\"ListItem\",\"position\":3,\"name\":\"Celestion G12 NEO V-Type\"}]},{\"@type\":\"WebSite\",\"@id\":\"https:\/\/captain-guitar-lounge.com\/en\/#website\",\"url\":\"https:\/\/captain-guitar-lounge.com\/en\/\",\"name\":\"captain-guitar-lounge.com\",\"description\":\"Fine Amps and Guitars and more\",\"potentialAction\":[{\"@type\":\"SearchAction\",\"target\":{\"@type\":\"EntryPoint\",\"urlTemplate\":\"https:\/\/captain-guitar-lounge.com\/en\/?s={search_term_string}\"},\"query-input\":{\"@type\":\"PropertyValueSpecification\",\"valueRequired\":true,\"valueName\":\"search_term_string\"}}],\"inLanguage\":\"en-US\"}]}<\/script>\n<!-- \/ Yoast SEO plugin. -->","yoast_head_json":{"title":"Celestion G12 NEO V-Type - captain-guitar-lounge.com","robots":{"index":"index","follow":"follow","max-snippet":"max-snippet:-1","max-image-preview":"max-image-preview:large","max-video-preview":"max-video-preview:-1"},"canonical":"https:\/\/captain-guitar-lounge.com\/en\/product\/celestion-g12-neo-v-type\/","og_locale":"en_US","og_type":"article","og_title":"Celestion G12 NEO V-Type - captain-guitar-lounge.com","og_description":"Belastbarkeit : 70 Watt Sensitivity: 98 dB Magnet: Neodymium Frequenzgang: 75Hz-5000Hz Resonanzfrequenz: 75Hz Gewicht: NUR 1,9kg!!","og_url":"https:\/\/captain-guitar-lounge.com\/en\/product\/celestion-g12-neo-v-type\/","og_site_name":"captain-guitar-lounge.com","article_publisher":"https:\/\/www.facebook.com\/Captain-Guitar-Lounge-140457272682315\/","article_modified_time":"2023-12-07T15:09:02+00:00","og_image":[{"width":339,"height":336,"url":"https:\/\/captain-guitar-lounge.com\/wp-content\/uploads\/2021\/06\/LCEG12NEO-VT-16-Celestion-G12-NEO-V-Type-12-70Watt-T6475-1.jpg","type":"image\/jpeg"}],"twitter_card":"summary_large_image","twitter_misc":{"Est. reading time":"1 minute"},"schema":{"@context":"https:\/\/schema.org","@graph":[{"@type":"WebPage","@id":"https:\/\/captain-guitar-lounge.com\/en\/product\/celestion-g12-neo-v-type\/","url":"https:\/\/captain-guitar-lounge.com\/en\/product\/celestion-g12-neo-v-type\/","name":"Celestion G12 NEO V-Type - captain-guitar-lounge.com","isPartOf":{"@id":"https:\/\/captain-guitar-lounge.com\/en\/#website"},"primaryImageOfPage":{"@id":"https:\/\/captain-guitar-lounge.com\/en\/product\/celestion-g12-neo-v-type\/#primaryimage"},"image":{"@id":"https:\/\/captain-guitar-lounge.com\/en\/product\/celestion-g12-neo-v-type\/#primaryimage"},"thumbnailUrl":"https:\/\/captain-guitar-lounge.com\/wp-content\/uploads\/2021\/06\/LCEG12NEO-VT-16-Celestion-G12-NEO-V-Type-12-70Watt-T6475-1.jpg","datePublished":"2021-06-21T15:57:08+00:00","dateModified":"2023-12-07T15:09:02+00:00","breadcrumb":{"@id":"https:\/\/captain-guitar-lounge.com\/en\/product\/celestion-g12-neo-v-type\/#breadcrumb"},"inLanguage":"en-US","potentialAction":[{"@type":"ReadAction","target":["https:\/\/captain-guitar-lounge.com\/en\/product\/celestion-g12-neo-v-type\/"]}]},{"@type":"ImageObject","inLanguage":"en-US","@id":"https:\/\/captain-guitar-lounge.com\/en\/product\/celestion-g12-neo-v-type\/#primaryimage","url":"https:\/\/captain-guitar-lounge.com\/wp-content\/uploads\/2021\/06\/LCEG12NEO-VT-16-Celestion-G12-NEO-V-Type-12-70Watt-T6475-1.jpg","contentUrl":"https:\/\/captain-guitar-lounge.com\/wp-content\/uploads\/2021\/06\/LCEG12NEO-VT-16-Celestion-G12-NEO-V-Type-12-70Watt-T6475-1.jpg","width":339,"height":336},{"@type":"BreadcrumbList","@id":"https:\/\/captain-guitar-lounge.com\/en\/product\/celestion-g12-neo-v-type\/#breadcrumb","itemListElement":[{"@type":"ListItem","position":1,"name":"Startseite","item":"https:\/\/captain-guitar-lounge.com\/en\/"},{"@type":"ListItem","position":2,"name":"Shop","item":"https:\/\/captain-guitar-lounge.com\/shop\/"},{"@type":"ListItem","position":3,"name":"Celestion G12 NEO V-Type"}]},{"@type":"WebSite","@id":"https:\/\/captain-guitar-lounge.com\/en\/#website","url":"https:\/\/captain-guitar-lounge.com\/en\/","name":"captain-guitar-lounge.com","description":"Fine Amps and Guitars and more","potentialAction":[{"@type":"SearchAction","target":{"@type":"EntryPoint","urlTemplate":"https:\/\/captain-guitar-lounge.com\/en\/?s={search_term_string}"},"query-input":{"@type":"PropertyValueSpecification","valueRequired":true,"valueName":"search_term_string"}}],"inLanguage":"en-US"}]}},"_links":{"self":[{"href":"https:\/\/captain-guitar-lounge.com\/en\/wp-json\/wp\/v2\/product\/27488","targetHints":{"allow":["GET"]}}],"collection":[{"href":"https:\/\/captain-guitar-lounge.com\/en\/wp-json\/wp\/v2\/product"}],"about":[{"href":"https:\/\/captain-guitar-lounge.com\/en\/wp-json\/wp\/v2\/types\/product"}],"replies":[{"embeddable":true,"href":"https:\/\/captain-guitar-lounge.com\/en\/wp-json\/wp\/v2\/comments?post=27488"}],"wp:featuredmedia":[{"embeddable":true,"href":"https:\/\/captain-guitar-lounge.com\/en\/wp-json\/wp\/v2\/media\/27491"}],"wp:attachment":[{"href":"https:\/\/captain-guitar-lounge.com\/en\/wp-json\/wp\/v2\/media?parent=27488"}],"wp:term":[{"taxonomy":"product_brand","embeddable":true,"href":"https:\/\/captain-guitar-lounge.com\/en\/wp-json\/wp\/v2\/product_brand?post=27488"},{"taxonomy":"product_cat","embeddable":true,"href":"https:\/\/captain-guitar-lounge.com\/en\/wp-json\/wp\/v2\/product_cat?post=27488"},{"taxonomy":"product_tag","embeddable":true,"href":"https:\/\/captain-guitar-lounge.com\/en\/wp-json\/wp\/v2\/product_tag?post=27488"}],"curies":[{"name":"wp","href":"https:\/\/api.w.org\/{rel}","templated":true}]}}