{"id":27519,"date":"2021-06-22T07:53:33","date_gmt":"2021-06-22T05:53:33","guid":{"rendered":"https:\/\/captain-guitar-lounge.com\/?p=27519&#038;post_type=product&#038;preview_id=27519"},"modified":"2023-12-07T16:07:17","modified_gmt":"2023-12-07T15:07:17","slug":"captain-cites-service","status":"publish","type":"product","link":"https:\/\/captain-guitar-lounge.com\/en\/product\/captain-cites-service\/","title":{"rendered":"Captain CITES Service"},"content":{"rendered":"<div>\n<div class=\"n module-type-text diyfeLiveArea \">\n<p>Das betrifft beinahe alle Gitarren von Fender und Gibson mit Rosewood-Griffbrett, die vor 1966 hergestellt wurden, aber auch alle anderen amerikanischen Hersteller haben zumindest teilweise diese H\u00f6lzer verbaut.<\/p>\n<\/div>\n<div class=\"n module-type-text diyfeLiveArea \">\n<p>Wir helfen dir, Deine Instrumente zu legalisieren. F\u00fcr alle Instrumente, die vor dem Stichtag hergestellt wurden, erwirken wir f\u00fcr Dich eine <strong>EG-Bescheinigung f\u00fcr Musikinstrumente mit besonders gesch\u00fctzten Holzarten<\/strong>. Dabei brauchen wir nicht, wie sonst \u00fcblich, einen Nachweis, dass Du das Instrument vor dem Stichtag schon besessen hast. Ein paar Fotos von der Gitarre gen\u00fcgen.<\/p>\n<p>Es dauert ca. 4 &#8211; 6 Wochen bis das Dokument erstellt ist.<\/p>\n<p>Damit kannst Du die Gitarre legal verkaufen und dich damit in der EU frei bewegen. (Vorsicht! Die Schweiz geh\u00f6rt NICHT zur EU!!)<\/p>\n<p>&nbsp;<\/p>\n<\/div>\n<\/div>\n","protected":false},"excerpt":{"rendered":"<p>Am 20. Juli 1992 wurde Brasilian Rosewood <em>(Dalbergia nigra)<\/em> unter Artenschutz gestellt. Seit diesem Zeitpunkt d\u00fcrfen Gitarren mit Griffbrettern, Zargen oder Stegen aus diesem Holz nicht mehr gehandelt werden, ohne dass eine CITES-Bescheinigung vorliegt. Zuwiderhandlungen werden als Straftat verfolgt und die Instrumente werden eingezogen und vernichtet.<br \/>\nAlle Instrumente, die vor 1947 hergestellt wurden, gelten als Antiquit\u00e4t und sind von dieser Regelung ausgenommen.<\/p>\n<div class=\"n module-type-text diyfeLiveArea \">\n<p>&nbsp;<\/p>\n<p>&nbsp;<\/p>\n<\/div>\n","protected":false},"featured_media":27520,"comment_status":"closed","ping_status":"closed","template":"","meta":{"_et_pb_use_builder":"","_et_pb_old_content":"","_et_gb_content_width":""},"product_brand":[],"product_cat":[1142],"product_tag":[],"class_list":{"0":"post-27519","1":"product","2":"type-product","3":"status-publish","4":"has-post-thumbnail","6":"product_cat-guitar-service","8":"first","9":"instock","10":"virtual","11":"taxable","12":"purchasable","13":"product-type-simple"},"composite_virtual":false,"composite_layout":"","composite_add_to_cart_form_location":"","composite_editable_in_cart":false,"composite_sold_individually_context":"","composite_shop_price_calc":"","composite_components":[],"composite_scenarios":[],"pp_statuses_selecting_workflow":false,"pp_workflow_action":"current","pp_status_selection":"publish","yoast_head":"<!-- This site is optimized with the Yoast SEO plugin v26.8 - https:\/\/yoast.com\/product\/yoast-seo-wordpress\/ -->\n<title>Captain CITES Service - captain-guitar-lounge.com<\/title>\n<meta name=\"robots\" content=\"index, follow, max-snippet:-1, max-image-preview:large, max-video-preview:-1\" \/>\n<link rel=\"canonical\" href=\"https:\/\/captain-guitar-lounge.com\/en\/product\/captain-cites-service\/\" \/>\n<meta property=\"og:locale\" content=\"en_US\" \/>\n<meta property=\"og:type\" content=\"article\" \/>\n<meta property=\"og:title\" content=\"Captain CITES Service - captain-guitar-lounge.com\" \/>\n<meta property=\"og:description\" content=\"Am 20. Juli 1992 wurde Brasilian Rosewood (Dalbergia nigra) unter Artenschutz gestellt. Seit diesem Zeitpunkt d\u00fcrfen Gitarren mit Griffbrettern, Zargen oder Stegen aus diesem Holz nicht mehr gehandelt werden, ohne dass eine CITES-Bescheinigung vorliegt. Zuwiderhandlungen werden als Straftat verfolgt und die Instrumente werden eingezogen und vernichtet. Alle Instrumente, die vor 1947 hergestellt wurden, gelten als Antiquit\u00e4t und sind von dieser Regelung ausgenommen.   &nbsp;  &nbsp;\" \/>\n<meta property=\"og:url\" content=\"https:\/\/captain-guitar-lounge.com\/en\/product\/captain-cites-service\/\" \/>\n<meta property=\"og:site_name\" content=\"captain-guitar-lounge.com\" \/>\n<meta property=\"article:publisher\" content=\"https:\/\/www.facebook.com\/Captain-Guitar-Lounge-140457272682315\/\" \/>\n<meta property=\"article:modified_time\" content=\"2023-12-07T15:07:17+00:00\" \/>\n<meta property=\"og:image\" content=\"https:\/\/captain-guitar-lounge.com\/wp-content\/uploads\/2021\/06\/CITES.jpg\" \/>\n\t<meta property=\"og:image:width\" content=\"483\" \/>\n\t<meta property=\"og:image:height\" content=\"272\" \/>\n\t<meta property=\"og:image:type\" content=\"image\/jpeg\" \/>\n<meta name=\"twitter:card\" content=\"summary_large_image\" \/>\n<meta name=\"twitter:label1\" content=\"Est. reading time\" \/>\n\t<meta name=\"twitter:data1\" content=\"1 minute\" \/>\n<script type=\"application\/ld+json\" class=\"yoast-schema-graph\">{\"@context\":\"https:\/\/schema.org\",\"@graph\":[{\"@type\":\"WebPage\",\"@id\":\"https:\/\/captain-guitar-lounge.com\/en\/product\/captain-cites-service\/\",\"url\":\"https:\/\/captain-guitar-lounge.com\/en\/product\/captain-cites-service\/\",\"name\":\"Captain CITES Service - captain-guitar-lounge.com\",\"isPartOf\":{\"@id\":\"https:\/\/captain-guitar-lounge.com\/en\/#website\"},\"primaryImageOfPage\":{\"@id\":\"https:\/\/captain-guitar-lounge.com\/en\/product\/captain-cites-service\/#primaryimage\"},\"image\":{\"@id\":\"https:\/\/captain-guitar-lounge.com\/en\/product\/captain-cites-service\/#primaryimage\"},\"thumbnailUrl\":\"https:\/\/captain-guitar-lounge.com\/wp-content\/uploads\/2021\/06\/CITES.jpg\",\"datePublished\":\"2021-06-22T05:53:33+00:00\",\"dateModified\":\"2023-12-07T15:07:17+00:00\",\"breadcrumb\":{\"@id\":\"https:\/\/captain-guitar-lounge.com\/en\/product\/captain-cites-service\/#breadcrumb\"},\"inLanguage\":\"en-US\",\"potentialAction\":[{\"@type\":\"ReadAction\",\"target\":[\"https:\/\/captain-guitar-lounge.com\/en\/product\/captain-cites-service\/\"]}]},{\"@type\":\"ImageObject\",\"inLanguage\":\"en-US\",\"@id\":\"https:\/\/captain-guitar-lounge.com\/en\/product\/captain-cites-service\/#primaryimage\",\"url\":\"https:\/\/captain-guitar-lounge.com\/wp-content\/uploads\/2021\/06\/CITES.jpg\",\"contentUrl\":\"https:\/\/captain-guitar-lounge.com\/wp-content\/uploads\/2021\/06\/CITES.jpg\",\"width\":483,\"height\":272},{\"@type\":\"BreadcrumbList\",\"@id\":\"https:\/\/captain-guitar-lounge.com\/en\/product\/captain-cites-service\/#breadcrumb\",\"itemListElement\":[{\"@type\":\"ListItem\",\"position\":1,\"name\":\"Startseite\",\"item\":\"https:\/\/captain-guitar-lounge.com\/en\/\"},{\"@type\":\"ListItem\",\"position\":2,\"name\":\"Shop\",\"item\":\"https:\/\/captain-guitar-lounge.com\/shop\/\"},{\"@type\":\"ListItem\",\"position\":3,\"name\":\"Captain CITES Service\"}]},{\"@type\":\"WebSite\",\"@id\":\"https:\/\/captain-guitar-lounge.com\/en\/#website\",\"url\":\"https:\/\/captain-guitar-lounge.com\/en\/\",\"name\":\"captain-guitar-lounge.com\",\"description\":\"Fine Amps and Guitars and more\",\"potentialAction\":[{\"@type\":\"SearchAction\",\"target\":{\"@type\":\"EntryPoint\",\"urlTemplate\":\"https:\/\/captain-guitar-lounge.com\/en\/?s={search_term_string}\"},\"query-input\":{\"@type\":\"PropertyValueSpecification\",\"valueRequired\":true,\"valueName\":\"search_term_string\"}}],\"inLanguage\":\"en-US\"}]}<\/script>\n<!-- \/ Yoast SEO plugin. -->","yoast_head_json":{"title":"Captain CITES Service - captain-guitar-lounge.com","robots":{"index":"index","follow":"follow","max-snippet":"max-snippet:-1","max-image-preview":"max-image-preview:large","max-video-preview":"max-video-preview:-1"},"canonical":"https:\/\/captain-guitar-lounge.com\/en\/product\/captain-cites-service\/","og_locale":"en_US","og_type":"article","og_title":"Captain CITES Service - captain-guitar-lounge.com","og_description":"Am 20. Juli 1992 wurde Brasilian Rosewood (Dalbergia nigra) unter Artenschutz gestellt. Seit diesem Zeitpunkt d\u00fcrfen Gitarren mit Griffbrettern, Zargen oder Stegen aus diesem Holz nicht mehr gehandelt werden, ohne dass eine CITES-Bescheinigung vorliegt. Zuwiderhandlungen werden als Straftat verfolgt und die Instrumente werden eingezogen und vernichtet. Alle Instrumente, die vor 1947 hergestellt wurden, gelten als Antiquit\u00e4t und sind von dieser Regelung ausgenommen.   &nbsp;  &nbsp;","og_url":"https:\/\/captain-guitar-lounge.com\/en\/product\/captain-cites-service\/","og_site_name":"captain-guitar-lounge.com","article_publisher":"https:\/\/www.facebook.com\/Captain-Guitar-Lounge-140457272682315\/","article_modified_time":"2023-12-07T15:07:17+00:00","og_image":[{"width":483,"height":272,"url":"https:\/\/captain-guitar-lounge.com\/wp-content\/uploads\/2021\/06\/CITES.jpg","type":"image\/jpeg"}],"twitter_card":"summary_large_image","twitter_misc":{"Est. reading time":"1 minute"},"schema":{"@context":"https:\/\/schema.org","@graph":[{"@type":"WebPage","@id":"https:\/\/captain-guitar-lounge.com\/en\/product\/captain-cites-service\/","url":"https:\/\/captain-guitar-lounge.com\/en\/product\/captain-cites-service\/","name":"Captain CITES Service - captain-guitar-lounge.com","isPartOf":{"@id":"https:\/\/captain-guitar-lounge.com\/en\/#website"},"primaryImageOfPage":{"@id":"https:\/\/captain-guitar-lounge.com\/en\/product\/captain-cites-service\/#primaryimage"},"image":{"@id":"https:\/\/captain-guitar-lounge.com\/en\/product\/captain-cites-service\/#primaryimage"},"thumbnailUrl":"https:\/\/captain-guitar-lounge.com\/wp-content\/uploads\/2021\/06\/CITES.jpg","datePublished":"2021-06-22T05:53:33+00:00","dateModified":"2023-12-07T15:07:17+00:00","breadcrumb":{"@id":"https:\/\/captain-guitar-lounge.com\/en\/product\/captain-cites-service\/#breadcrumb"},"inLanguage":"en-US","potentialAction":[{"@type":"ReadAction","target":["https:\/\/captain-guitar-lounge.com\/en\/product\/captain-cites-service\/"]}]},{"@type":"ImageObject","inLanguage":"en-US","@id":"https:\/\/captain-guitar-lounge.com\/en\/product\/captain-cites-service\/#primaryimage","url":"https:\/\/captain-guitar-lounge.com\/wp-content\/uploads\/2021\/06\/CITES.jpg","contentUrl":"https:\/\/captain-guitar-lounge.com\/wp-content\/uploads\/2021\/06\/CITES.jpg","width":483,"height":272},{"@type":"BreadcrumbList","@id":"https:\/\/captain-guitar-lounge.com\/en\/product\/captain-cites-service\/#breadcrumb","itemListElement":[{"@type":"ListItem","position":1,"name":"Startseite","item":"https:\/\/captain-guitar-lounge.com\/en\/"},{"@type":"ListItem","position":2,"name":"Shop","item":"https:\/\/captain-guitar-lounge.com\/shop\/"},{"@type":"ListItem","position":3,"name":"Captain CITES Service"}]},{"@type":"WebSite","@id":"https:\/\/captain-guitar-lounge.com\/en\/#website","url":"https:\/\/captain-guitar-lounge.com\/en\/","name":"captain-guitar-lounge.com","description":"Fine Amps and Guitars and more","potentialAction":[{"@type":"SearchAction","target":{"@type":"EntryPoint","urlTemplate":"https:\/\/captain-guitar-lounge.com\/en\/?s={search_term_string}"},"query-input":{"@type":"PropertyValueSpecification","valueRequired":true,"valueName":"search_term_string"}}],"inLanguage":"en-US"}]}},"_links":{"self":[{"href":"https:\/\/captain-guitar-lounge.com\/en\/wp-json\/wp\/v2\/product\/27519","targetHints":{"allow":["GET"]}}],"collection":[{"href":"https:\/\/captain-guitar-lounge.com\/en\/wp-json\/wp\/v2\/product"}],"about":[{"href":"https:\/\/captain-guitar-lounge.com\/en\/wp-json\/wp\/v2\/types\/product"}],"replies":[{"embeddable":true,"href":"https:\/\/captain-guitar-lounge.com\/en\/wp-json\/wp\/v2\/comments?post=27519"}],"wp:featuredmedia":[{"embeddable":true,"href":"https:\/\/captain-guitar-lounge.com\/en\/wp-json\/wp\/v2\/media\/27520"}],"wp:attachment":[{"href":"https:\/\/captain-guitar-lounge.com\/en\/wp-json\/wp\/v2\/media?parent=27519"}],"wp:term":[{"taxonomy":"product_brand","embeddable":true,"href":"https:\/\/captain-guitar-lounge.com\/en\/wp-json\/wp\/v2\/product_brand?post=27519"},{"taxonomy":"product_cat","embeddable":true,"href":"https:\/\/captain-guitar-lounge.com\/en\/wp-json\/wp\/v2\/product_cat?post=27519"},{"taxonomy":"product_tag","embeddable":true,"href":"https:\/\/captain-guitar-lounge.com\/en\/wp-json\/wp\/v2\/product_tag?post=27519"}],"curies":[{"name":"wp","href":"https:\/\/api.w.org\/{rel}","templated":true}]}}