{"id":5977,"date":"2019-12-18T12:16:06","date_gmt":"2019-12-18T11:16:06","guid":{"rendered":"https:\/\/captain-guitar-lounge.com\/?post_type=product&#038;p=5977"},"modified":"2024-11-29T12:48:54","modified_gmt":"2024-11-29T11:48:54","slug":"boss-cs-3-compression-sustainer-f200","status":"publish","type":"product","link":"https:\/\/captain-guitar-lounge.com\/en\/product\/boss-cs-3-compression-sustainer-f200\/","title":{"rendered":"Boss  CS-3  Compression Sustainer &#8211; ID 490"},"content":{"rendered":"<p>Besonders laute T\u00f6ne werden abgesenkt, w\u00e4hrend sehr leise T\u00f6ne angehoben werden:<br \/>\nSo erhalten Sie einen gleichm\u00e4\u00dfigen, fetten Gitarren-Sound, der zus\u00e4tzlich im Attack geregelt werden kann.<br \/>\nMit der Sustain-Funktion k\u00f6nnen Sie Ihren Ton extrem lange klingen lassen. Auch f\u00fcr Bass geeignet.<br \/>\n&#8211; Regler: LEVEL, TONE, ATTACK, SUSTAIN<br \/>\n&#8211; Stromverbrauch: 11 mA (DC9V)<\/p>\n","protected":false},"excerpt":{"rendered":"<p>Zustand: Anst\u00e4ndig<br \/>\nSerNr: NJ 03029<br \/>\nGewicht: 0,4 kg Versandklasse: Small<br \/>\nDifferenzbesteuert nach \u00a725 UStG<\/p>\n","protected":false},"featured_media":5978,"comment_status":"closed","ping_status":"closed","template":"","meta":{"_et_pb_use_builder":"","_et_pb_old_content":"","_et_gb_content_width":""},"product_brand":[],"product_cat":[290],"product_tag":[],"class_list":{"0":"post-5977","1":"product","2":"type-product","3":"status-publish","4":"has-post-thumbnail","6":"product_cat-fundgrube","7":"product_shipping_class-small","9":"first","10":"instock","11":"sale","12":"sold-individually","13":"purchasable","14":"product-type-simple"},"composite_virtual":false,"composite_layout":"","composite_add_to_cart_form_location":"","composite_editable_in_cart":false,"composite_sold_individually_context":"","composite_shop_price_calc":"","composite_components":[],"composite_scenarios":[],"pp_statuses_selecting_workflow":false,"pp_workflow_action":"current","pp_status_selection":"publish","yoast_head":"<!-- This site is optimized with the Yoast SEO plugin v26.8 - https:\/\/yoast.com\/product\/yoast-seo-wordpress\/ -->\n<title>Boss CS-3 Compression Sustainer - ID 490 - captain-guitar-lounge.com<\/title>\n<meta name=\"robots\" content=\"index, follow, max-snippet:-1, max-image-preview:large, max-video-preview:-1\" \/>\n<link rel=\"canonical\" href=\"https:\/\/captain-guitar-lounge.com\/en\/product\/boss-cs-3-compression-sustainer-f200\/\" \/>\n<meta property=\"og:locale\" content=\"en_US\" \/>\n<meta property=\"og:type\" content=\"article\" \/>\n<meta property=\"og:title\" content=\"Boss CS-3 Compression Sustainer - ID 490 - captain-guitar-lounge.com\" \/>\n<meta property=\"og:description\" content=\"Zustand: Anst\u00e4ndig SerNr: NJ 03029 Gewicht: 0,4 kg Versandklasse: Small Differenzbesteuert nach \u00a725 UStG\" \/>\n<meta property=\"og:url\" content=\"https:\/\/captain-guitar-lounge.com\/en\/product\/boss-cs-3-compression-sustainer-f200\/\" \/>\n<meta property=\"og:site_name\" content=\"captain-guitar-lounge.com\" \/>\n<meta property=\"article:publisher\" content=\"https:\/\/www.facebook.com\/Captain-Guitar-Lounge-140457272682315\/\" \/>\n<meta property=\"article:modified_time\" content=\"2024-11-29T11:48:54+00:00\" \/>\n<meta property=\"og:image\" content=\"https:\/\/captain-guitar-lounge.com\/wp-content\/uploads\/2019\/12\/F200-Boss-CS-3.jpg\" \/>\n\t<meta property=\"og:image:width\" content=\"900\" \/>\n\t<meta property=\"og:image:height\" content=\"900\" \/>\n\t<meta property=\"og:image:type\" content=\"image\/jpeg\" \/>\n<meta name=\"twitter:card\" content=\"summary_large_image\" \/>\n<meta name=\"twitter:label1\" content=\"Est. reading time\" \/>\n\t<meta name=\"twitter:data1\" content=\"1 minute\" \/>\n<script type=\"application\/ld+json\" class=\"yoast-schema-graph\">{\"@context\":\"https:\/\/schema.org\",\"@graph\":[{\"@type\":\"WebPage\",\"@id\":\"https:\/\/captain-guitar-lounge.com\/en\/product\/boss-cs-3-compression-sustainer-f200\/\",\"url\":\"https:\/\/captain-guitar-lounge.com\/en\/product\/boss-cs-3-compression-sustainer-f200\/\",\"name\":\"Boss CS-3 Compression Sustainer - ID 490 - captain-guitar-lounge.com\",\"isPartOf\":{\"@id\":\"https:\/\/captain-guitar-lounge.com\/en\/#website\"},\"primaryImageOfPage\":{\"@id\":\"https:\/\/captain-guitar-lounge.com\/en\/product\/boss-cs-3-compression-sustainer-f200\/#primaryimage\"},\"image\":{\"@id\":\"https:\/\/captain-guitar-lounge.com\/en\/product\/boss-cs-3-compression-sustainer-f200\/#primaryimage\"},\"thumbnailUrl\":\"https:\/\/captain-guitar-lounge.com\/wp-content\/uploads\/2019\/12\/F200-Boss-CS-3.jpg\",\"datePublished\":\"2019-12-18T11:16:06+00:00\",\"dateModified\":\"2024-11-29T11:48:54+00:00\",\"breadcrumb\":{\"@id\":\"https:\/\/captain-guitar-lounge.com\/en\/product\/boss-cs-3-compression-sustainer-f200\/#breadcrumb\"},\"inLanguage\":\"en-US\",\"potentialAction\":[{\"@type\":\"ReadAction\",\"target\":[\"https:\/\/captain-guitar-lounge.com\/en\/product\/boss-cs-3-compression-sustainer-f200\/\"]}]},{\"@type\":\"ImageObject\",\"inLanguage\":\"en-US\",\"@id\":\"https:\/\/captain-guitar-lounge.com\/en\/product\/boss-cs-3-compression-sustainer-f200\/#primaryimage\",\"url\":\"https:\/\/captain-guitar-lounge.com\/wp-content\/uploads\/2019\/12\/F200-Boss-CS-3.jpg\",\"contentUrl\":\"https:\/\/captain-guitar-lounge.com\/wp-content\/uploads\/2019\/12\/F200-Boss-CS-3.jpg\",\"width\":900,\"height\":900,\"caption\":\"Boss CS-3 Compression Sustainer\"},{\"@type\":\"BreadcrumbList\",\"@id\":\"https:\/\/captain-guitar-lounge.com\/en\/product\/boss-cs-3-compression-sustainer-f200\/#breadcrumb\",\"itemListElement\":[{\"@type\":\"ListItem\",\"position\":1,\"name\":\"Startseite\",\"item\":\"https:\/\/captain-guitar-lounge.com\/en\/\"},{\"@type\":\"ListItem\",\"position\":2,\"name\":\"Shop\",\"item\":\"https:\/\/captain-guitar-lounge.com\/shop\/\"},{\"@type\":\"ListItem\",\"position\":3,\"name\":\"Boss CS-3 Compression Sustainer &#8211; ID 490\"}]},{\"@type\":\"WebSite\",\"@id\":\"https:\/\/captain-guitar-lounge.com\/en\/#website\",\"url\":\"https:\/\/captain-guitar-lounge.com\/en\/\",\"name\":\"captain-guitar-lounge.com\",\"description\":\"Fine Amps and Guitars and more\",\"potentialAction\":[{\"@type\":\"SearchAction\",\"target\":{\"@type\":\"EntryPoint\",\"urlTemplate\":\"https:\/\/captain-guitar-lounge.com\/en\/?s={search_term_string}\"},\"query-input\":{\"@type\":\"PropertyValueSpecification\",\"valueRequired\":true,\"valueName\":\"search_term_string\"}}],\"inLanguage\":\"en-US\"}]}<\/script>\n<!-- \/ Yoast SEO plugin. -->","yoast_head_json":{"title":"Boss CS-3 Compression Sustainer - ID 490 - captain-guitar-lounge.com","robots":{"index":"index","follow":"follow","max-snippet":"max-snippet:-1","max-image-preview":"max-image-preview:large","max-video-preview":"max-video-preview:-1"},"canonical":"https:\/\/captain-guitar-lounge.com\/en\/product\/boss-cs-3-compression-sustainer-f200\/","og_locale":"en_US","og_type":"article","og_title":"Boss CS-3 Compression Sustainer - ID 490 - captain-guitar-lounge.com","og_description":"Zustand: Anst\u00e4ndig SerNr: NJ 03029 Gewicht: 0,4 kg Versandklasse: Small Differenzbesteuert nach \u00a725 UStG","og_url":"https:\/\/captain-guitar-lounge.com\/en\/product\/boss-cs-3-compression-sustainer-f200\/","og_site_name":"captain-guitar-lounge.com","article_publisher":"https:\/\/www.facebook.com\/Captain-Guitar-Lounge-140457272682315\/","article_modified_time":"2024-11-29T11:48:54+00:00","og_image":[{"width":900,"height":900,"url":"https:\/\/captain-guitar-lounge.com\/wp-content\/uploads\/2019\/12\/F200-Boss-CS-3.jpg","type":"image\/jpeg"}],"twitter_card":"summary_large_image","twitter_misc":{"Est. reading time":"1 minute"},"schema":{"@context":"https:\/\/schema.org","@graph":[{"@type":"WebPage","@id":"https:\/\/captain-guitar-lounge.com\/en\/product\/boss-cs-3-compression-sustainer-f200\/","url":"https:\/\/captain-guitar-lounge.com\/en\/product\/boss-cs-3-compression-sustainer-f200\/","name":"Boss CS-3 Compression Sustainer - ID 490 - captain-guitar-lounge.com","isPartOf":{"@id":"https:\/\/captain-guitar-lounge.com\/en\/#website"},"primaryImageOfPage":{"@id":"https:\/\/captain-guitar-lounge.com\/en\/product\/boss-cs-3-compression-sustainer-f200\/#primaryimage"},"image":{"@id":"https:\/\/captain-guitar-lounge.com\/en\/product\/boss-cs-3-compression-sustainer-f200\/#primaryimage"},"thumbnailUrl":"https:\/\/captain-guitar-lounge.com\/wp-content\/uploads\/2019\/12\/F200-Boss-CS-3.jpg","datePublished":"2019-12-18T11:16:06+00:00","dateModified":"2024-11-29T11:48:54+00:00","breadcrumb":{"@id":"https:\/\/captain-guitar-lounge.com\/en\/product\/boss-cs-3-compression-sustainer-f200\/#breadcrumb"},"inLanguage":"en-US","potentialAction":[{"@type":"ReadAction","target":["https:\/\/captain-guitar-lounge.com\/en\/product\/boss-cs-3-compression-sustainer-f200\/"]}]},{"@type":"ImageObject","inLanguage":"en-US","@id":"https:\/\/captain-guitar-lounge.com\/en\/product\/boss-cs-3-compression-sustainer-f200\/#primaryimage","url":"https:\/\/captain-guitar-lounge.com\/wp-content\/uploads\/2019\/12\/F200-Boss-CS-3.jpg","contentUrl":"https:\/\/captain-guitar-lounge.com\/wp-content\/uploads\/2019\/12\/F200-Boss-CS-3.jpg","width":900,"height":900,"caption":"Boss CS-3 Compression Sustainer"},{"@type":"BreadcrumbList","@id":"https:\/\/captain-guitar-lounge.com\/en\/product\/boss-cs-3-compression-sustainer-f200\/#breadcrumb","itemListElement":[{"@type":"ListItem","position":1,"name":"Startseite","item":"https:\/\/captain-guitar-lounge.com\/en\/"},{"@type":"ListItem","position":2,"name":"Shop","item":"https:\/\/captain-guitar-lounge.com\/shop\/"},{"@type":"ListItem","position":3,"name":"Boss CS-3 Compression Sustainer &#8211; ID 490"}]},{"@type":"WebSite","@id":"https:\/\/captain-guitar-lounge.com\/en\/#website","url":"https:\/\/captain-guitar-lounge.com\/en\/","name":"captain-guitar-lounge.com","description":"Fine Amps and Guitars and more","potentialAction":[{"@type":"SearchAction","target":{"@type":"EntryPoint","urlTemplate":"https:\/\/captain-guitar-lounge.com\/en\/?s={search_term_string}"},"query-input":{"@type":"PropertyValueSpecification","valueRequired":true,"valueName":"search_term_string"}}],"inLanguage":"en-US"}]}},"_links":{"self":[{"href":"https:\/\/captain-guitar-lounge.com\/en\/wp-json\/wp\/v2\/product\/5977","targetHints":{"allow":["GET"]}}],"collection":[{"href":"https:\/\/captain-guitar-lounge.com\/en\/wp-json\/wp\/v2\/product"}],"about":[{"href":"https:\/\/captain-guitar-lounge.com\/en\/wp-json\/wp\/v2\/types\/product"}],"replies":[{"embeddable":true,"href":"https:\/\/captain-guitar-lounge.com\/en\/wp-json\/wp\/v2\/comments?post=5977"}],"wp:featuredmedia":[{"embeddable":true,"href":"https:\/\/captain-guitar-lounge.com\/en\/wp-json\/wp\/v2\/media\/5978"}],"wp:attachment":[{"href":"https:\/\/captain-guitar-lounge.com\/en\/wp-json\/wp\/v2\/media?parent=5977"}],"wp:term":[{"taxonomy":"product_brand","embeddable":true,"href":"https:\/\/captain-guitar-lounge.com\/en\/wp-json\/wp\/v2\/product_brand?post=5977"},{"taxonomy":"product_cat","embeddable":true,"href":"https:\/\/captain-guitar-lounge.com\/en\/wp-json\/wp\/v2\/product_cat?post=5977"},{"taxonomy":"product_tag","embeddable":true,"href":"https:\/\/captain-guitar-lounge.com\/en\/wp-json\/wp\/v2\/product_tag?post=5977"}],"curies":[{"name":"wp","href":"https:\/\/api.w.org\/{rel}","templated":true}]}}