{"id":7552,"date":"2020-02-04T11:59:44","date_gmt":"2020-02-04T10:59:44","guid":{"rendered":"https:\/\/captain-guitar-lounge.com\/?p=7552&#038;post_type=product&#038;preview_id=7552"},"modified":"2024-08-23T09:25:45","modified_gmt":"2024-08-23T07:25:45","slug":"inspektion-roehrenverstaerker","status":"publish","type":"product","link":"https:\/\/captain-guitar-lounge.com\/en\/product\/inspektion-roehrenverstaerker\/","title":{"rendered":"Inspektion R\u00f6hrenverst\u00e4rker"},"content":{"rendered":"<div class=\"n module-type-text diyfeLiveArea \">\n<h2>Captain Tube Amp Service<\/h2>\n<\/div>\n<div class=\"n module-type-textWithImage diyfeLiveArea \">\n<div id=\"textWithImage-5798552141\" class=\"clearover \">\n<div class=\"textwrapper\">\n<p>Die Reparatur von R\u00f6hrenverst\u00e4rkern ist unsere Kernkompetenz. Seit \u00fcber 30 Jahren besch\u00e4ftige ich mich mit R\u00f6rentechnik und seit 2010 gibt es den Captain Tube Amp Service. Vom Vintage-Sch\u00e4tzchen \u00fcber moderne High-Gain Amps bis hin zu Boutique Amps aus aller Herren L\u00e4nder, hier wird jeder Amp fachgerecht gewartet und instand gesetzt. Weit \u00fcber 500 R\u00f6hrenverst\u00e4rker aller Marken und Baujahre werden hier jedes Jahr repariert, modifiziert oder restauriert, Tendenz steigend!<\/p>\n<\/div>\n<\/div>\n<\/div>\n<div class=\"n module-type-text diyfeLiveArea \">\n<p><strong>Wir sind offizielles Marshall Service Center!<\/strong><\/p>\n<p><a href=\"https:\/\/captain-guitar-lounge.com\/wp-content\/uploads\/2020\/02\/marshall_service_center_big.jpg\">\u00a0\u00a0\u00a0\u00a0\u00a0\u00a0\u00a0\u00a0\u00a0\u00a0\u00a0\u00a0\u00a0\u00a0\u00a0\u00a0\u00a0\u00a0 <img loading=\"lazy\" decoding=\"async\" class=\"alignnone size-full wp-image-7560\" src=\"https:\/\/captain-guitar-lounge.com\/wp-content\/uploads\/2020\/02\/marshall_service_center_big.jpg\" alt=\"\" width=\"165\" height=\"81\" \/><\/a><\/p>\n<\/div>\n","protected":false},"excerpt":{"rendered":"<div class=\"n module-type-text diyfeLiveArea \">\n<p>Um die Zuverl\u00e4ssigkeit zu gew\u00e4hrleisten sollten regelm\u00e4\u00dfig gespielte R\u00f6hrenverst\u00e4rkern einmal im Jahr<br \/>\nzur <strong>Inspektion.<br \/>\n<\/strong>Dabei erledigen wir folgende Arbeiten:<\/p>\n<table width=\"503\">\n<tbody>\n<tr>\n<td width=\"335\"><\/td>\n<td style=\"text-align: center\" width=\"84\"><strong>Kleine Inspektion<\/strong><\/td>\n<td style=\"text-align: center\" width=\"84\"><strong>Gro\u00dfe Inspektion<\/strong><\/td>\n<\/tr>\n<tr>\n<td width=\"335\">Funktionstest<\/td>\n<td style=\"text-align: center\">x<\/td>\n<td style=\"text-align: center\">x<\/td>\n<\/tr>\n<tr>\n<td width=\"335\">Optische Kontrolle<\/td>\n<td style=\"text-align: center\">x<\/td>\n<td style=\"text-align: center\">x<\/td>\n<\/tr>\n<tr>\n<td width=\"335\">\u00dcberpr\u00fcfen der Sicherungswerte (viele Verst\u00e4rker haben eine falsche Sicherung eingebaut!)<\/td>\n<td style=\"text-align: center\">x<\/td>\n<td style=\"text-align: center\">x<\/td>\n<\/tr>\n<tr>\n<td width=\"335\">\u00dcberpr\u00fcfung der Heizspannung und korretes Einstellen der Netzspannung.<\/td>\n<td style=\"text-align: center\"><\/td>\n<td style=\"text-align: center\">x<\/td>\n<\/tr>\n<tr>\n<td width=\"335\">Emissionspr\u00fcfung der Vorstufenr\u00f6hren<\/td>\n<td style=\"text-align: center\"><\/td>\n<td style=\"text-align: center\">x<\/td>\n<\/tr>\n<tr>\n<td width=\"335\">Emissionspr\u00fcfung der Endsufenr\u00f6hren<\/td>\n<td style=\"text-align: center\">x<\/td>\n<td style=\"text-align: center\">x<\/td>\n<\/tr>\n<tr>\n<td width=\"335\">\u00dcberpr\u00fcfung Ruhestrom (Bias) und Matching der Endstufenr\u00f6hren im Leerlauf<\/td>\n<td style=\"text-align: center\">x<\/td>\n<td style=\"text-align: center\">x<\/td>\n<\/tr>\n<tr>\n<td width=\"335\">Kontrolle\u00a0 Matching der Endstufenr\u00f6hren unter Last und \u00dcberpr\u00fcfung der \u00dcbernahmeverzerrungen<\/td>\n<td style=\"text-align: center\"><\/td>\n<td style=\"text-align: center\">x<\/td>\n<\/tr>\n<tr>\n<td width=\"335\">Potis reinigen<\/td>\n<td style=\"text-align: center\">x<\/td>\n<td style=\"text-align: center\">x<\/td>\n<\/tr>\n<tr>\n<td width=\"335\">R\u00f6hrensockel reinigen\/nachbiegen<\/td>\n<td style=\"text-align: center\"><\/td>\n<td style=\"text-align: center\">x<\/td>\n<\/tr>\n<tr>\n<td width=\"335\">Schalter und Buchsen reinigen<\/td>\n<td style=\"text-align: center\"><\/td>\n<td style=\"text-align: center\">x<\/td>\n<\/tr>\n<tr>\n<td width=\"335\">VDE Pr\u00fcfung<\/td>\n<td style=\"text-align: center\">x<\/td>\n<td style=\"text-align: center\">x<\/td>\n<\/tr>\n<tr>\n<td width=\"335\">Sound-Check<\/td>\n<td style=\"text-align: center\">x<\/td>\n<td style=\"text-align: center\">x<\/td>\n<\/tr>\n<tr>\n<td width=\"335\">Inspektionsprotokoll mit Me\u00dfwerten<\/td>\n<td style=\"text-align: center\"><\/td>\n<td style=\"text-align: center\">x<\/td>\n<\/tr>\n<tr>\n<td style=\"text-align: right\" width=\"335\"><strong>Preis f\u00fcr Verst\u00e4rker bis 6 R\u00f6hren<\/strong><\/td>\n<td style=\"text-align: center\"><strong>\u00a0\u00a0 67 \u20ac<\/strong><\/td>\n<td style=\"text-align: center\"><strong>\u00a0 107 \u20ac<\/strong><\/td>\n<\/tr>\n<tr>\n<td style=\"text-align: right\" width=\"335\"><strong>Preis f\u00fcr Verst\u00e4rker 7-10 R\u00f6hren<\/strong><\/td>\n<td style=\"text-align: center\"><strong>\u00a0\u00a0\u00a0 77 \u20ac<\/strong><\/td>\n<td style=\"text-align: center\"><strong>\u00a0117 \u20ac<\/strong><\/td>\n<\/tr>\n<tr>\n<td style=\"text-align: right\"><strong>Preis f\u00fcr Verst\u00e4rker ab 11 R\u00f6hren<\/strong><\/td>\n<td style=\"text-align: center\"><strong>\u00a0 87\u20ac<br \/>\n<\/strong><\/td>\n<td style=\"text-align: center\"><strong>127\u20ac<br \/>\n<\/strong><\/td>\n<\/tr>\n<\/tbody>\n<\/table>\n<\/div>\n<div class=\"n module-type-text diyfeLiveArea \">\n<p>&nbsp;<\/p>\n<\/div>\n","protected":false},"featured_media":7306,"comment_status":"closed","ping_status":"closed","template":"","meta":{"_et_pb_use_builder":"","_et_pb_old_content":"","_et_gb_content_width":""},"product_brand":[],"product_cat":[590,1110,1109],"product_tag":[],"class_list":{"0":"post-7552","1":"product","2":"type-product","3":"status-publish","4":"has-post-thumbnail","6":"product_cat-amp-mods","7":"product_cat-reliability-mods","8":"product_cat-amp-service","10":"first","11":"instock","12":"sold-individually","13":"taxable","14":"shipping-taxable","15":"purchasable","16":"product-type-variable","17":"has-default-attributes"},"composite_virtual":false,"composite_layout":"","composite_add_to_cart_form_location":"","composite_editable_in_cart":false,"composite_sold_individually_context":"","composite_shop_price_calc":"","composite_components":[],"composite_scenarios":[],"pp_statuses_selecting_workflow":false,"pp_workflow_action":"current","pp_status_selection":"publish","yoast_head":"<!-- This site is optimized with the Yoast SEO plugin v26.8 - https:\/\/yoast.com\/product\/yoast-seo-wordpress\/ -->\n<title>Inspektion R\u00f6hrenverst\u00e4rker - captain-guitar-lounge.com<\/title>\n<meta name=\"robots\" content=\"index, follow, max-snippet:-1, max-image-preview:large, max-video-preview:-1\" \/>\n<link rel=\"canonical\" href=\"https:\/\/captain-guitar-lounge.com\/en\/product\/inspektion-roehrenverstaerker\/\" \/>\n<meta property=\"og:locale\" content=\"en_US\" \/>\n<meta property=\"og:type\" content=\"article\" \/>\n<meta property=\"og:title\" content=\"Inspektion R\u00f6hrenverst\u00e4rker - captain-guitar-lounge.com\" \/>\n<meta property=\"og:description\" content=\"Um die Zuverl\u00e4ssigkeit zu gew\u00e4hrleisten sollten regelm\u00e4\u00dfig gespielte R\u00f6hrenverst\u00e4rkern einmal im Jahr zur Inspektion. Dabei erledigen wir folgende Arbeiten:     Kleine Inspektion Gro\u00dfe Inspektion   Funktionstest x x   Optische Kontrolle x x   \u00dcberpr\u00fcfen der Sicherungswerte (viele Verst\u00e4rker haben eine falsche Sicherung eingebaut!) x x   \u00dcberpr\u00fcfung der Heizspannung und korretes Einstellen der Netzspannung.  x   Emissionspr\u00fcfung der Vorstufenr\u00f6hren  x   Emissionspr\u00fcfung der Endsufenr\u00f6hren x x   \u00dcberpr\u00fcfung Ruhestrom (Bias) und Matching der Endstufenr\u00f6hren im Leerlauf x x   Kontrolle\u00a0 Matching der Endstufenr\u00f6hren unter Last und \u00dcberpr\u00fcfung der \u00dcbernahmeverzerrungen  x   Potis reinigen x x   R\u00f6hrensockel reinigen\/nachbiegen  x   Schalter und Buchsen reinigen  x   VDE Pr\u00fcfung x x   Sound-Check x x   Inspektionsprotokoll mit Me\u00dfwerten  x   Preis f\u00fcr Verst\u00e4rker bis 6 R\u00f6hren \u00a0\u00a0 67 \u20ac \u00a0 107 \u20ac   Preis f\u00fcr Verst\u00e4rker 7-10 R\u00f6hren \u00a0\u00a0\u00a0 77 \u20ac \u00a0117 \u20ac   Preis f\u00fcr Verst\u00e4rker ab 11 R\u00f6hren \u00a0 87\u20ac  127\u20ac        &nbsp;\" \/>\n<meta property=\"og:url\" content=\"https:\/\/captain-guitar-lounge.com\/en\/product\/inspektion-roehrenverstaerker\/\" \/>\n<meta property=\"og:site_name\" content=\"captain-guitar-lounge.com\" \/>\n<meta property=\"article:publisher\" content=\"https:\/\/www.facebook.com\/Captain-Guitar-Lounge-140457272682315\/\" \/>\n<meta property=\"article:modified_time\" content=\"2024-08-23T07:25:45+00:00\" \/>\n<meta property=\"og:image\" content=\"https:\/\/captain-guitar-lounge.com\/wp-content\/uploads\/2020\/01\/200123-Captain-Star-10-years-1400x1000-1.png\" \/>\n\t<meta property=\"og:image:width\" content=\"1432\" \/>\n\t<meta property=\"og:image:height\" content=\"1042\" \/>\n\t<meta property=\"og:image:type\" content=\"image\/png\" \/>\n<meta name=\"twitter:card\" content=\"summary_large_image\" \/>\n<meta name=\"twitter:label1\" content=\"Est. reading time\" \/>\n\t<meta name=\"twitter:data1\" content=\"1 minute\" \/>\n<script type=\"application\/ld+json\" class=\"yoast-schema-graph\">{\"@context\":\"https:\/\/schema.org\",\"@graph\":[{\"@type\":\"WebPage\",\"@id\":\"https:\/\/captain-guitar-lounge.com\/en\/product\/inspektion-roehrenverstaerker\/\",\"url\":\"https:\/\/captain-guitar-lounge.com\/en\/product\/inspektion-roehrenverstaerker\/\",\"name\":\"Inspektion R\u00f6hrenverst\u00e4rker - captain-guitar-lounge.com\",\"isPartOf\":{\"@id\":\"https:\/\/captain-guitar-lounge.com\/en\/#website\"},\"primaryImageOfPage\":{\"@id\":\"https:\/\/captain-guitar-lounge.com\/en\/product\/inspektion-roehrenverstaerker\/#primaryimage\"},\"image\":{\"@id\":\"https:\/\/captain-guitar-lounge.com\/en\/product\/inspektion-roehrenverstaerker\/#primaryimage\"},\"thumbnailUrl\":\"https:\/\/captain-guitar-lounge.com\/wp-content\/uploads\/2020\/01\/200123-Captain-Star-10-years-1400x1000-1.png\",\"datePublished\":\"2020-02-04T10:59:44+00:00\",\"dateModified\":\"2024-08-23T07:25:45+00:00\",\"breadcrumb\":{\"@id\":\"https:\/\/captain-guitar-lounge.com\/en\/product\/inspektion-roehrenverstaerker\/#breadcrumb\"},\"inLanguage\":\"en-US\",\"potentialAction\":[{\"@type\":\"ReadAction\",\"target\":[\"https:\/\/captain-guitar-lounge.com\/en\/product\/inspektion-roehrenverstaerker\/\"]}]},{\"@type\":\"ImageObject\",\"inLanguage\":\"en-US\",\"@id\":\"https:\/\/captain-guitar-lounge.com\/en\/product\/inspektion-roehrenverstaerker\/#primaryimage\",\"url\":\"https:\/\/captain-guitar-lounge.com\/wp-content\/uploads\/2020\/01\/200123-Captain-Star-10-years-1400x1000-1.png\",\"contentUrl\":\"https:\/\/captain-guitar-lounge.com\/wp-content\/uploads\/2020\/01\/200123-Captain-Star-10-years-1400x1000-1.png\",\"width\":1432,\"height\":1042,\"caption\":\"10 Jahre Captain Guitar Lounge\"},{\"@type\":\"BreadcrumbList\",\"@id\":\"https:\/\/captain-guitar-lounge.com\/en\/product\/inspektion-roehrenverstaerker\/#breadcrumb\",\"itemListElement\":[{\"@type\":\"ListItem\",\"position\":1,\"name\":\"Startseite\",\"item\":\"https:\/\/captain-guitar-lounge.com\/en\/\"},{\"@type\":\"ListItem\",\"position\":2,\"name\":\"Shop\",\"item\":\"https:\/\/captain-guitar-lounge.com\/shop\/\"},{\"@type\":\"ListItem\",\"position\":3,\"name\":\"Inspektion R\u00f6hrenverst\u00e4rker\"}]},{\"@type\":\"WebSite\",\"@id\":\"https:\/\/captain-guitar-lounge.com\/en\/#website\",\"url\":\"https:\/\/captain-guitar-lounge.com\/en\/\",\"name\":\"captain-guitar-lounge.com\",\"description\":\"Fine Amps and Guitars and more\",\"potentialAction\":[{\"@type\":\"SearchAction\",\"target\":{\"@type\":\"EntryPoint\",\"urlTemplate\":\"https:\/\/captain-guitar-lounge.com\/en\/?s={search_term_string}\"},\"query-input\":{\"@type\":\"PropertyValueSpecification\",\"valueRequired\":true,\"valueName\":\"search_term_string\"}}],\"inLanguage\":\"en-US\"}]}<\/script>\n<!-- \/ Yoast SEO plugin. -->","yoast_head_json":{"title":"Inspektion R\u00f6hrenverst\u00e4rker - captain-guitar-lounge.com","robots":{"index":"index","follow":"follow","max-snippet":"max-snippet:-1","max-image-preview":"max-image-preview:large","max-video-preview":"max-video-preview:-1"},"canonical":"https:\/\/captain-guitar-lounge.com\/en\/product\/inspektion-roehrenverstaerker\/","og_locale":"en_US","og_type":"article","og_title":"Inspektion R\u00f6hrenverst\u00e4rker - captain-guitar-lounge.com","og_description":"Um die Zuverl\u00e4ssigkeit zu gew\u00e4hrleisten sollten regelm\u00e4\u00dfig gespielte R\u00f6hrenverst\u00e4rkern einmal im Jahr zur Inspektion. Dabei erledigen wir folgende Arbeiten:     Kleine Inspektion Gro\u00dfe Inspektion   Funktionstest x x   Optische Kontrolle x x   \u00dcberpr\u00fcfen der Sicherungswerte (viele Verst\u00e4rker haben eine falsche Sicherung eingebaut!) x x   \u00dcberpr\u00fcfung der Heizspannung und korretes Einstellen der Netzspannung.  x   Emissionspr\u00fcfung der Vorstufenr\u00f6hren  x   Emissionspr\u00fcfung der Endsufenr\u00f6hren x x   \u00dcberpr\u00fcfung Ruhestrom (Bias) und Matching der Endstufenr\u00f6hren im Leerlauf x x   Kontrolle\u00a0 Matching der Endstufenr\u00f6hren unter Last und \u00dcberpr\u00fcfung der \u00dcbernahmeverzerrungen  x   Potis reinigen x x   R\u00f6hrensockel reinigen\/nachbiegen  x   Schalter und Buchsen reinigen  x   VDE Pr\u00fcfung x x   Sound-Check x x   Inspektionsprotokoll mit Me\u00dfwerten  x   Preis f\u00fcr Verst\u00e4rker bis 6 R\u00f6hren \u00a0\u00a0 67 \u20ac \u00a0 107 \u20ac   Preis f\u00fcr Verst\u00e4rker 7-10 R\u00f6hren \u00a0\u00a0\u00a0 77 \u20ac \u00a0117 \u20ac   Preis f\u00fcr Verst\u00e4rker ab 11 R\u00f6hren \u00a0 87\u20ac  127\u20ac        &nbsp;","og_url":"https:\/\/captain-guitar-lounge.com\/en\/product\/inspektion-roehrenverstaerker\/","og_site_name":"captain-guitar-lounge.com","article_publisher":"https:\/\/www.facebook.com\/Captain-Guitar-Lounge-140457272682315\/","article_modified_time":"2024-08-23T07:25:45+00:00","og_image":[{"width":1432,"height":1042,"url":"https:\/\/captain-guitar-lounge.com\/wp-content\/uploads\/2020\/01\/200123-Captain-Star-10-years-1400x1000-1.png","type":"image\/png"}],"twitter_card":"summary_large_image","twitter_misc":{"Est. reading time":"1 minute"},"schema":{"@context":"https:\/\/schema.org","@graph":[{"@type":"WebPage","@id":"https:\/\/captain-guitar-lounge.com\/en\/product\/inspektion-roehrenverstaerker\/","url":"https:\/\/captain-guitar-lounge.com\/en\/product\/inspektion-roehrenverstaerker\/","name":"Inspektion R\u00f6hrenverst\u00e4rker - captain-guitar-lounge.com","isPartOf":{"@id":"https:\/\/captain-guitar-lounge.com\/en\/#website"},"primaryImageOfPage":{"@id":"https:\/\/captain-guitar-lounge.com\/en\/product\/inspektion-roehrenverstaerker\/#primaryimage"},"image":{"@id":"https:\/\/captain-guitar-lounge.com\/en\/product\/inspektion-roehrenverstaerker\/#primaryimage"},"thumbnailUrl":"https:\/\/captain-guitar-lounge.com\/wp-content\/uploads\/2020\/01\/200123-Captain-Star-10-years-1400x1000-1.png","datePublished":"2020-02-04T10:59:44+00:00","dateModified":"2024-08-23T07:25:45+00:00","breadcrumb":{"@id":"https:\/\/captain-guitar-lounge.com\/en\/product\/inspektion-roehrenverstaerker\/#breadcrumb"},"inLanguage":"en-US","potentialAction":[{"@type":"ReadAction","target":["https:\/\/captain-guitar-lounge.com\/en\/product\/inspektion-roehrenverstaerker\/"]}]},{"@type":"ImageObject","inLanguage":"en-US","@id":"https:\/\/captain-guitar-lounge.com\/en\/product\/inspektion-roehrenverstaerker\/#primaryimage","url":"https:\/\/captain-guitar-lounge.com\/wp-content\/uploads\/2020\/01\/200123-Captain-Star-10-years-1400x1000-1.png","contentUrl":"https:\/\/captain-guitar-lounge.com\/wp-content\/uploads\/2020\/01\/200123-Captain-Star-10-years-1400x1000-1.png","width":1432,"height":1042,"caption":"10 Jahre Captain Guitar Lounge"},{"@type":"BreadcrumbList","@id":"https:\/\/captain-guitar-lounge.com\/en\/product\/inspektion-roehrenverstaerker\/#breadcrumb","itemListElement":[{"@type":"ListItem","position":1,"name":"Startseite","item":"https:\/\/captain-guitar-lounge.com\/en\/"},{"@type":"ListItem","position":2,"name":"Shop","item":"https:\/\/captain-guitar-lounge.com\/shop\/"},{"@type":"ListItem","position":3,"name":"Inspektion R\u00f6hrenverst\u00e4rker"}]},{"@type":"WebSite","@id":"https:\/\/captain-guitar-lounge.com\/en\/#website","url":"https:\/\/captain-guitar-lounge.com\/en\/","name":"captain-guitar-lounge.com","description":"Fine Amps and Guitars and more","potentialAction":[{"@type":"SearchAction","target":{"@type":"EntryPoint","urlTemplate":"https:\/\/captain-guitar-lounge.com\/en\/?s={search_term_string}"},"query-input":{"@type":"PropertyValueSpecification","valueRequired":true,"valueName":"search_term_string"}}],"inLanguage":"en-US"}]}},"_links":{"self":[{"href":"https:\/\/captain-guitar-lounge.com\/en\/wp-json\/wp\/v2\/product\/7552","targetHints":{"allow":["GET"]}}],"collection":[{"href":"https:\/\/captain-guitar-lounge.com\/en\/wp-json\/wp\/v2\/product"}],"about":[{"href":"https:\/\/captain-guitar-lounge.com\/en\/wp-json\/wp\/v2\/types\/product"}],"replies":[{"embeddable":true,"href":"https:\/\/captain-guitar-lounge.com\/en\/wp-json\/wp\/v2\/comments?post=7552"}],"wp:featuredmedia":[{"embeddable":true,"href":"https:\/\/captain-guitar-lounge.com\/en\/wp-json\/wp\/v2\/media\/7306"}],"wp:attachment":[{"href":"https:\/\/captain-guitar-lounge.com\/en\/wp-json\/wp\/v2\/media?parent=7552"}],"wp:term":[{"taxonomy":"product_brand","embeddable":true,"href":"https:\/\/captain-guitar-lounge.com\/en\/wp-json\/wp\/v2\/product_brand?post=7552"},{"taxonomy":"product_cat","embeddable":true,"href":"https:\/\/captain-guitar-lounge.com\/en\/wp-json\/wp\/v2\/product_cat?post=7552"},{"taxonomy":"product_tag","embeddable":true,"href":"https:\/\/captain-guitar-lounge.com\/en\/wp-json\/wp\/v2\/product_tag?post=7552"}],"curies":[{"name":"wp","href":"https:\/\/api.w.org\/{rel}","templated":true}]}}