{"id":7734,"date":"2020-02-10T11:05:17","date_gmt":"2020-02-10T10:05:17","guid":{"rendered":"https:\/\/captain-guitar-lounge.com\/?p=7734&#038;post_type=product&#038;preview_id=7734"},"modified":"2025-03-08T10:57:40","modified_gmt":"2025-03-08T09:57:40","slug":"barfuss-captain-custom-s-type-sss-set","status":"publish","type":"product","link":"https:\/\/captain-guitar-lounge.com\/en\/product\/barfuss-captain-custom-s-type-sss-set\/","title":{"rendered":"Barfuss Captain Custom S-Type SSS Set"},"content":{"rendered":"<p>Aus der langj\u00e4hrigen Zusammenarbeit mit David Barfuss entstand dieses<strong><br \/>\nBarfuss Captain Custom S-Type SSS Set<\/strong><\/p>\n<p>Steg: &#8220;Lenny&#8221; &#8217;63<br \/>\n&#8211; Plain Enamel Draht<br \/>\n&#8211; graue Vulkanfiberspulenk\u00f6rper<br \/>\n&#8211; AlnicoV<br \/>\n&#8211; ca. 6,2k<br \/>\nMitte: Tweed Tone Deluxe \u00b454<br \/>\n&#8211; 42 AWG Formvar<br \/>\n&#8211; schwarze Vulkanfiberplatten<br \/>\n&#8211; AlnicoIII<br \/>\n&#8211; ca. 6k<br \/>\nHals: Love &amp; Peace &#8217;69<br \/>\n&#8211; Original Plain Enamel Magnet Wire<br \/>\n&#8211; Vintage style Grey Bobbins.<br \/>\n&#8211; Alnico V<br \/>\n&#8211; ca. 5,8k<\/p>\n<p>Bei allen Pickups sind die Magnete nicht wie \u00fcblich abgestuft, denn niemand spielt mehr eine umwickelte G-Saite. Deswegen mu\u00df eigentlich der G-Magnet k\u00fcrzer sein und der H-Magnet l\u00e4nger. So wird eine <strong>gleichm\u00e4\u00dfigere Lautst\u00e4rke aller Saiten<\/strong> erreicht. Der Mittelpickup ist RWRP (Reverse Wound Reverse Polarity), dadurch sind die Mittelstellungen brummfrei.<\/p>\n<p><strong>Die Pickups erf\u00fcllen exakt meine Soundvorstellungen:<\/strong><br \/>\nEin rockiger SRV Tone am Steg, perlig, dynamisch und explosiv.<br \/>\nDer Halspickup hat genau den Little Wing Ton, sch\u00f6n voll in den B\u00e4ssen, aber nicht matschig und auch ordentlich angezerrt noch sehr differenziert.<br \/>\nUnd der oft ungeliebte Middle-Pickup ist hier als 50ties Variante ausgef\u00fchrt und erzielt auch in einer Rosewood-Strat den Apache-Sound.<br \/>\nAber mein wirklicher Favorit ist die Neck-Middle-Zwischenposition, hier ist man voll auf der Telegraph Road unterwegs mit den Sultans Of Swing! \ud83d\ude09<\/p>\n<p><strong>Dieses Barfuss Captain Custom S-Type SSS-Set wird exclusiv f\u00fcr Captain Guitars hergestellt!<\/strong><\/p>\n","protected":false},"excerpt":{"rendered":"<p>Aus der langj\u00e4hrigen Zusammenarbeit mit David Barfuss entstand dieses Barfuss Captain Custom S-Type SSS Set Steg: &#8220;Lenny&#8221; &#8217;63 &#8211; Plain Enamel Draht &#8211; graue Vulkanfiberspulenk\u00f6rper &#8211; AlnicoV &#8211; ca. 6,2k Mitte: Tweed Tone Deluxe \u00b454 &#8211; 42 AWG Formvar &#8211; schwarze Vulkanfiberplatten &#8211; AlnicoIII &#8211; ca. 6k Hals: Love &amp; Peace &#8217;69 &#8211; Original Plain [&hellip;]<\/p>\n","protected":false},"featured_media":7751,"comment_status":"closed","ping_status":"closed","template":"","meta":{"_et_pb_use_builder":"","_et_pb_old_content":"","_et_gb_content_width":""},"product_brand":[],"product_cat":[1103],"product_tag":[78],"class_list":{"0":"post-7734","1":"product","2":"type-product","3":"status-publish","4":"has-post-thumbnail","6":"product_cat-barfuss-pickups","7":"product_tag-custom-shop","8":"product_shipping_class-small","9":"pa_artikelzustand-neuer-artikel","11":"first","12":"onbackorder","13":"taxable","14":"shipping-taxable","15":"purchasable","16":"product-type-variable"},"composite_virtual":false,"composite_layout":"","composite_add_to_cart_form_location":"","composite_editable_in_cart":false,"composite_sold_individually_context":"","composite_shop_price_calc":"","composite_components":[],"composite_scenarios":[],"pp_statuses_selecting_workflow":false,"pp_workflow_action":"current","pp_status_selection":"publish","yoast_head":"<!-- This site is optimized with the Yoast SEO plugin v26.8 - https:\/\/yoast.com\/product\/yoast-seo-wordpress\/ -->\n<title>Barfuss Captain Custom S-Type SSS Set - captain-guitar-lounge.com<\/title>\n<meta name=\"robots\" content=\"index, follow, max-snippet:-1, max-image-preview:large, max-video-preview:-1\" \/>\n<link rel=\"canonical\" href=\"https:\/\/captain-guitar-lounge.com\/en\/product\/barfuss-captain-custom-s-type-sss-set\/\" \/>\n<meta property=\"og:locale\" content=\"en_US\" \/>\n<meta property=\"og:type\" content=\"article\" \/>\n<meta property=\"og:title\" content=\"Barfuss Captain Custom S-Type SSS Set - captain-guitar-lounge.com\" \/>\n<meta property=\"og:description\" content=\"Aus der langj\u00e4hrigen Zusammenarbeit mit David Barfuss entstand dieses Barfuss Captain Custom S-Type SSS Set Steg: &#8220;Lenny&#8221; &#8217;63 &#8211; Plain Enamel Draht &#8211; graue Vulkanfiberspulenk\u00f6rper &#8211; AlnicoV &#8211; ca. 6,2k Mitte: Tweed Tone Deluxe \u00b454 &#8211; 42 AWG Formvar &#8211; schwarze Vulkanfiberplatten &#8211; AlnicoIII &#8211; ca. 6k Hals: Love &amp; Peace &#8217;69 &#8211; Original Plain [&hellip;]\" \/>\n<meta property=\"og:url\" content=\"https:\/\/captain-guitar-lounge.com\/en\/product\/barfuss-captain-custom-s-type-sss-set\/\" \/>\n<meta property=\"og:site_name\" content=\"captain-guitar-lounge.com\" \/>\n<meta property=\"article:publisher\" content=\"https:\/\/www.facebook.com\/Captain-Guitar-Lounge-140457272682315\/\" \/>\n<meta property=\"article:modified_time\" content=\"2025-03-08T09:57:40+00:00\" \/>\n<meta property=\"og:image\" content=\"https:\/\/captain-guitar-lounge.com\/wp-content\/uploads\/2020\/02\/k-IMG_0962.jpg\" \/>\n\t<meta property=\"og:image:width\" content=\"1024\" \/>\n\t<meta property=\"og:image:height\" content=\"1024\" \/>\n\t<meta property=\"og:image:type\" content=\"image\/jpeg\" \/>\n<meta name=\"twitter:card\" content=\"summary_large_image\" \/>\n<meta name=\"twitter:label1\" content=\"Est. reading time\" \/>\n\t<meta name=\"twitter:data1\" content=\"2 minutes\" \/>\n<script type=\"application\/ld+json\" class=\"yoast-schema-graph\">{\"@context\":\"https:\/\/schema.org\",\"@graph\":[{\"@type\":\"WebPage\",\"@id\":\"https:\/\/captain-guitar-lounge.com\/en\/product\/barfuss-captain-custom-s-type-sss-set\/\",\"url\":\"https:\/\/captain-guitar-lounge.com\/en\/product\/barfuss-captain-custom-s-type-sss-set\/\",\"name\":\"Barfuss Captain Custom S-Type SSS Set - captain-guitar-lounge.com\",\"isPartOf\":{\"@id\":\"https:\/\/captain-guitar-lounge.com\/en\/#website\"},\"primaryImageOfPage\":{\"@id\":\"https:\/\/captain-guitar-lounge.com\/en\/product\/barfuss-captain-custom-s-type-sss-set\/#primaryimage\"},\"image\":{\"@id\":\"https:\/\/captain-guitar-lounge.com\/en\/product\/barfuss-captain-custom-s-type-sss-set\/#primaryimage\"},\"thumbnailUrl\":\"https:\/\/captain-guitar-lounge.com\/wp-content\/uploads\/2020\/02\/k-IMG_0962.jpg\",\"datePublished\":\"2020-02-10T10:05:17+00:00\",\"dateModified\":\"2025-03-08T09:57:40+00:00\",\"breadcrumb\":{\"@id\":\"https:\/\/captain-guitar-lounge.com\/en\/product\/barfuss-captain-custom-s-type-sss-set\/#breadcrumb\"},\"inLanguage\":\"en-US\",\"potentialAction\":[{\"@type\":\"ReadAction\",\"target\":[\"https:\/\/captain-guitar-lounge.com\/en\/product\/barfuss-captain-custom-s-type-sss-set\/\"]}]},{\"@type\":\"ImageObject\",\"inLanguage\":\"en-US\",\"@id\":\"https:\/\/captain-guitar-lounge.com\/en\/product\/barfuss-captain-custom-s-type-sss-set\/#primaryimage\",\"url\":\"https:\/\/captain-guitar-lounge.com\/wp-content\/uploads\/2020\/02\/k-IMG_0962.jpg\",\"contentUrl\":\"https:\/\/captain-guitar-lounge.com\/wp-content\/uploads\/2020\/02\/k-IMG_0962.jpg\",\"width\":1024,\"height\":1024,\"caption\":\"Barfuss Captain Custom S-Type Set\"},{\"@type\":\"BreadcrumbList\",\"@id\":\"https:\/\/captain-guitar-lounge.com\/en\/product\/barfuss-captain-custom-s-type-sss-set\/#breadcrumb\",\"itemListElement\":[{\"@type\":\"ListItem\",\"position\":1,\"name\":\"Startseite\",\"item\":\"https:\/\/captain-guitar-lounge.com\/en\/\"},{\"@type\":\"ListItem\",\"position\":2,\"name\":\"Shop\",\"item\":\"https:\/\/captain-guitar-lounge.com\/shop\/\"},{\"@type\":\"ListItem\",\"position\":3,\"name\":\"Barfuss Captain Custom S-Type SSS Set\"}]},{\"@type\":\"WebSite\",\"@id\":\"https:\/\/captain-guitar-lounge.com\/en\/#website\",\"url\":\"https:\/\/captain-guitar-lounge.com\/en\/\",\"name\":\"captain-guitar-lounge.com\",\"description\":\"Fine Amps and Guitars and more\",\"potentialAction\":[{\"@type\":\"SearchAction\",\"target\":{\"@type\":\"EntryPoint\",\"urlTemplate\":\"https:\/\/captain-guitar-lounge.com\/en\/?s={search_term_string}\"},\"query-input\":{\"@type\":\"PropertyValueSpecification\",\"valueRequired\":true,\"valueName\":\"search_term_string\"}}],\"inLanguage\":\"en-US\"}]}<\/script>\n<!-- \/ Yoast SEO plugin. -->","yoast_head_json":{"title":"Barfuss Captain Custom S-Type SSS Set - captain-guitar-lounge.com","robots":{"index":"index","follow":"follow","max-snippet":"max-snippet:-1","max-image-preview":"max-image-preview:large","max-video-preview":"max-video-preview:-1"},"canonical":"https:\/\/captain-guitar-lounge.com\/en\/product\/barfuss-captain-custom-s-type-sss-set\/","og_locale":"en_US","og_type":"article","og_title":"Barfuss Captain Custom S-Type SSS Set - captain-guitar-lounge.com","og_description":"Aus der langj\u00e4hrigen Zusammenarbeit mit David Barfuss entstand dieses Barfuss Captain Custom S-Type SSS Set Steg: &#8220;Lenny&#8221; &#8217;63 &#8211; Plain Enamel Draht &#8211; graue Vulkanfiberspulenk\u00f6rper &#8211; AlnicoV &#8211; ca. 6,2k Mitte: Tweed Tone Deluxe \u00b454 &#8211; 42 AWG Formvar &#8211; schwarze Vulkanfiberplatten &#8211; AlnicoIII &#8211; ca. 6k Hals: Love &amp; Peace &#8217;69 &#8211; Original Plain [&hellip;]","og_url":"https:\/\/captain-guitar-lounge.com\/en\/product\/barfuss-captain-custom-s-type-sss-set\/","og_site_name":"captain-guitar-lounge.com","article_publisher":"https:\/\/www.facebook.com\/Captain-Guitar-Lounge-140457272682315\/","article_modified_time":"2025-03-08T09:57:40+00:00","og_image":[{"width":1024,"height":1024,"url":"https:\/\/captain-guitar-lounge.com\/wp-content\/uploads\/2020\/02\/k-IMG_0962.jpg","type":"image\/jpeg"}],"twitter_card":"summary_large_image","twitter_misc":{"Est. reading time":"2 minutes"},"schema":{"@context":"https:\/\/schema.org","@graph":[{"@type":"WebPage","@id":"https:\/\/captain-guitar-lounge.com\/en\/product\/barfuss-captain-custom-s-type-sss-set\/","url":"https:\/\/captain-guitar-lounge.com\/en\/product\/barfuss-captain-custom-s-type-sss-set\/","name":"Barfuss Captain Custom S-Type SSS Set - captain-guitar-lounge.com","isPartOf":{"@id":"https:\/\/captain-guitar-lounge.com\/en\/#website"},"primaryImageOfPage":{"@id":"https:\/\/captain-guitar-lounge.com\/en\/product\/barfuss-captain-custom-s-type-sss-set\/#primaryimage"},"image":{"@id":"https:\/\/captain-guitar-lounge.com\/en\/product\/barfuss-captain-custom-s-type-sss-set\/#primaryimage"},"thumbnailUrl":"https:\/\/captain-guitar-lounge.com\/wp-content\/uploads\/2020\/02\/k-IMG_0962.jpg","datePublished":"2020-02-10T10:05:17+00:00","dateModified":"2025-03-08T09:57:40+00:00","breadcrumb":{"@id":"https:\/\/captain-guitar-lounge.com\/en\/product\/barfuss-captain-custom-s-type-sss-set\/#breadcrumb"},"inLanguage":"en-US","potentialAction":[{"@type":"ReadAction","target":["https:\/\/captain-guitar-lounge.com\/en\/product\/barfuss-captain-custom-s-type-sss-set\/"]}]},{"@type":"ImageObject","inLanguage":"en-US","@id":"https:\/\/captain-guitar-lounge.com\/en\/product\/barfuss-captain-custom-s-type-sss-set\/#primaryimage","url":"https:\/\/captain-guitar-lounge.com\/wp-content\/uploads\/2020\/02\/k-IMG_0962.jpg","contentUrl":"https:\/\/captain-guitar-lounge.com\/wp-content\/uploads\/2020\/02\/k-IMG_0962.jpg","width":1024,"height":1024,"caption":"Barfuss Captain Custom S-Type Set"},{"@type":"BreadcrumbList","@id":"https:\/\/captain-guitar-lounge.com\/en\/product\/barfuss-captain-custom-s-type-sss-set\/#breadcrumb","itemListElement":[{"@type":"ListItem","position":1,"name":"Startseite","item":"https:\/\/captain-guitar-lounge.com\/en\/"},{"@type":"ListItem","position":2,"name":"Shop","item":"https:\/\/captain-guitar-lounge.com\/shop\/"},{"@type":"ListItem","position":3,"name":"Barfuss Captain Custom S-Type SSS Set"}]},{"@type":"WebSite","@id":"https:\/\/captain-guitar-lounge.com\/en\/#website","url":"https:\/\/captain-guitar-lounge.com\/en\/","name":"captain-guitar-lounge.com","description":"Fine Amps and Guitars and more","potentialAction":[{"@type":"SearchAction","target":{"@type":"EntryPoint","urlTemplate":"https:\/\/captain-guitar-lounge.com\/en\/?s={search_term_string}"},"query-input":{"@type":"PropertyValueSpecification","valueRequired":true,"valueName":"search_term_string"}}],"inLanguage":"en-US"}]}},"_links":{"self":[{"href":"https:\/\/captain-guitar-lounge.com\/en\/wp-json\/wp\/v2\/product\/7734","targetHints":{"allow":["GET"]}}],"collection":[{"href":"https:\/\/captain-guitar-lounge.com\/en\/wp-json\/wp\/v2\/product"}],"about":[{"href":"https:\/\/captain-guitar-lounge.com\/en\/wp-json\/wp\/v2\/types\/product"}],"replies":[{"embeddable":true,"href":"https:\/\/captain-guitar-lounge.com\/en\/wp-json\/wp\/v2\/comments?post=7734"}],"wp:featuredmedia":[{"embeddable":true,"href":"https:\/\/captain-guitar-lounge.com\/en\/wp-json\/wp\/v2\/media\/7751"}],"wp:attachment":[{"href":"https:\/\/captain-guitar-lounge.com\/en\/wp-json\/wp\/v2\/media?parent=7734"}],"wp:term":[{"taxonomy":"product_brand","embeddable":true,"href":"https:\/\/captain-guitar-lounge.com\/en\/wp-json\/wp\/v2\/product_brand?post=7734"},{"taxonomy":"product_cat","embeddable":true,"href":"https:\/\/captain-guitar-lounge.com\/en\/wp-json\/wp\/v2\/product_cat?post=7734"},{"taxonomy":"product_tag","embeddable":true,"href":"https:\/\/captain-guitar-lounge.com\/en\/wp-json\/wp\/v2\/product_tag?post=7734"}],"curies":[{"name":"wp","href":"https:\/\/api.w.org\/{rel}","templated":true}]}}