{"id":7754,"date":"2020-02-10T11:50:22","date_gmt":"2020-02-10T10:50:22","guid":{"rendered":"https:\/\/captain-guitar-lounge.com\/?p=7754&#038;post_type=product&#038;preview_id=7754"},"modified":"2024-12-13T11:54:34","modified_gmt":"2024-12-13T10:54:34","slug":"barfuss-captain-custom-t-type-set","status":"publish","type":"product","link":"https:\/\/captain-guitar-lounge.com\/en\/product\/barfuss-captain-custom-t-type-set\/","title":{"rendered":"Barfuss Captain Custom T-Type Set"},"content":{"rendered":"<p>Aus der langj\u00e4hrigen Zusammenarbeit mit David Barfuss entstand dieses<strong><br \/>\nBarfuss Captain Custom T-Type Set<br \/>\n<\/strong><\/p>\n<p>Der Halstonabnehmer ist mit Alnico III Magneten best\u00fcckt und mit 43AWG Draht bewickelt. An der Bridge haben wir Custom Staggered Alnico V Magnete und einen 42AWG Draht. Beide Pickups haben Aged Black Fiber Bobbins und sind perfekt aufeinander abgestimmt. Das Nickelsilver Cover und die Polepieces sind nat\u00fcrlich auch geaged erh\u00e4ltlich und als Anschlu\u00dfdr\u00e4hte kommt NOS Vintage Clothwire zum einsatz. Alles vom Feinsten!<\/p>\n<p>Besonderes Augenmerk wurde auf einen warmen, runden Ton gelegt. Dem Bridge Pickup wurden alle bissigen H\u00f6hen abgew\u00f6hnt und mit den Custom Staggered Pol Pieces ist die H-Saite endlich genauso laut wie die anderen Saiten. Die Alnico 3 Magnete des Halspickups erzeugen einen differenzierten Ton, ohne Mulm und Matsch. Genau so, wie&#8217;s der Captain mag! \ud83d\ude09<\/p>\n<p><strong>Dieses Barfuss Captain Custom T-Type Set wird exclusiv f\u00fcr Captain Guitars hergestellt!<\/strong><\/p>\n<p><em>Das Captain-T-Type-Set. Der Wahnsinn!!. Meine Custom Shop Fender mit neuem Sound&#8230; unglaublich ph\u00e4ttt. Wer braucht da noch eine Les Paul&#8230; Kompliment an Herrn Barfuss;-) Gru\u00df, R\u00fcdiger<\/em><\/p>\n","protected":false},"excerpt":{"rendered":"<p>Aus der langj\u00e4hrigen Zusammenarbeit mit David Barfuss entstand dieses Barfuss Captain Custom T-Type Set Der Halstonabnehmer ist mit Alnico III Magneten best\u00fcckt und mit 43AWG Draht bewickelt. An der Bridge haben wir Custom Staggered Alnico V Magnete und einen 42AWG Draht. Beide Pickups haben Aged Black Fiber Bobbins und sind perfekt aufeinander abgestimmt. Das Nickelsilver [&hellip;]<\/p>\n","protected":false},"featured_media":7757,"comment_status":"closed","ping_status":"closed","template":"","meta":{"_et_pb_use_builder":"","_et_pb_old_content":"","_et_gb_content_width":""},"product_brand":[],"product_cat":[1103],"product_tag":[78],"class_list":{"0":"post-7754","1":"product","2":"type-product","3":"status-publish","4":"has-post-thumbnail","6":"product_cat-barfuss-pickups","7":"product_tag-custom-shop","8":"product_shipping_class-small","9":"pa_artikelzustand-neuer-artikel","11":"first","12":"onbackorder","13":"taxable","14":"shipping-taxable","15":"purchasable","16":"product-type-variable"},"composite_virtual":false,"composite_layout":"","composite_add_to_cart_form_location":"","composite_editable_in_cart":false,"composite_sold_individually_context":"","composite_shop_price_calc":"","composite_components":[],"composite_scenarios":[],"pp_statuses_selecting_workflow":false,"pp_workflow_action":"current","pp_status_selection":"publish","yoast_head":"<!-- This site is optimized with the Yoast SEO plugin v26.8 - https:\/\/yoast.com\/product\/yoast-seo-wordpress\/ -->\n<title>Barfuss Captain Custom T-Type Set - captain-guitar-lounge.com<\/title>\n<meta name=\"robots\" content=\"index, follow, max-snippet:-1, max-image-preview:large, max-video-preview:-1\" \/>\n<link rel=\"canonical\" href=\"https:\/\/captain-guitar-lounge.com\/en\/product\/barfuss-captain-custom-t-type-set\/\" \/>\n<meta property=\"og:locale\" content=\"en_US\" \/>\n<meta property=\"og:type\" content=\"article\" \/>\n<meta property=\"og:title\" content=\"Barfuss Captain Custom T-Type Set - captain-guitar-lounge.com\" \/>\n<meta property=\"og:description\" content=\"Aus der langj\u00e4hrigen Zusammenarbeit mit David Barfuss entstand dieses Barfuss Captain Custom T-Type Set Der Halstonabnehmer ist mit Alnico III Magneten best\u00fcckt und mit 43AWG Draht bewickelt. An der Bridge haben wir Custom Staggered Alnico V Magnete und einen 42AWG Draht. Beide Pickups haben Aged Black Fiber Bobbins und sind perfekt aufeinander abgestimmt. Das Nickelsilver [&hellip;]\" \/>\n<meta property=\"og:url\" content=\"https:\/\/captain-guitar-lounge.com\/en\/product\/barfuss-captain-custom-t-type-set\/\" \/>\n<meta property=\"og:site_name\" content=\"captain-guitar-lounge.com\" \/>\n<meta property=\"article:publisher\" content=\"https:\/\/www.facebook.com\/Captain-Guitar-Lounge-140457272682315\/\" \/>\n<meta property=\"article:modified_time\" content=\"2024-12-13T10:54:34+00:00\" \/>\n<meta property=\"og:image\" content=\"https:\/\/captain-guitar-lounge.com\/wp-content\/uploads\/2020\/02\/k-IMG_0966.jpg\" \/>\n\t<meta property=\"og:image:width\" content=\"1024\" \/>\n\t<meta property=\"og:image:height\" content=\"1024\" \/>\n\t<meta property=\"og:image:type\" content=\"image\/jpeg\" \/>\n<meta name=\"twitter:card\" content=\"summary_large_image\" \/>\n<meta name=\"twitter:label1\" content=\"Est. reading time\" \/>\n\t<meta name=\"twitter:data1\" content=\"1 minute\" \/>\n<script type=\"application\/ld+json\" class=\"yoast-schema-graph\">{\"@context\":\"https:\/\/schema.org\",\"@graph\":[{\"@type\":\"WebPage\",\"@id\":\"https:\/\/captain-guitar-lounge.com\/en\/product\/barfuss-captain-custom-t-type-set\/\",\"url\":\"https:\/\/captain-guitar-lounge.com\/en\/product\/barfuss-captain-custom-t-type-set\/\",\"name\":\"Barfuss Captain Custom T-Type Set - captain-guitar-lounge.com\",\"isPartOf\":{\"@id\":\"https:\/\/captain-guitar-lounge.com\/en\/#website\"},\"primaryImageOfPage\":{\"@id\":\"https:\/\/captain-guitar-lounge.com\/en\/product\/barfuss-captain-custom-t-type-set\/#primaryimage\"},\"image\":{\"@id\":\"https:\/\/captain-guitar-lounge.com\/en\/product\/barfuss-captain-custom-t-type-set\/#primaryimage\"},\"thumbnailUrl\":\"https:\/\/captain-guitar-lounge.com\/wp-content\/uploads\/2020\/02\/k-IMG_0966.jpg\",\"datePublished\":\"2020-02-10T10:50:22+00:00\",\"dateModified\":\"2024-12-13T10:54:34+00:00\",\"breadcrumb\":{\"@id\":\"https:\/\/captain-guitar-lounge.com\/en\/product\/barfuss-captain-custom-t-type-set\/#breadcrumb\"},\"inLanguage\":\"en-US\",\"potentialAction\":[{\"@type\":\"ReadAction\",\"target\":[\"https:\/\/captain-guitar-lounge.com\/en\/product\/barfuss-captain-custom-t-type-set\/\"]}]},{\"@type\":\"ImageObject\",\"inLanguage\":\"en-US\",\"@id\":\"https:\/\/captain-guitar-lounge.com\/en\/product\/barfuss-captain-custom-t-type-set\/#primaryimage\",\"url\":\"https:\/\/captain-guitar-lounge.com\/wp-content\/uploads\/2020\/02\/k-IMG_0966.jpg\",\"contentUrl\":\"https:\/\/captain-guitar-lounge.com\/wp-content\/uploads\/2020\/02\/k-IMG_0966.jpg\",\"width\":1024,\"height\":1024,\"caption\":\"Barfuss Captain Custom T-Type Set\"},{\"@type\":\"BreadcrumbList\",\"@id\":\"https:\/\/captain-guitar-lounge.com\/en\/product\/barfuss-captain-custom-t-type-set\/#breadcrumb\",\"itemListElement\":[{\"@type\":\"ListItem\",\"position\":1,\"name\":\"Startseite\",\"item\":\"https:\/\/captain-guitar-lounge.com\/en\/\"},{\"@type\":\"ListItem\",\"position\":2,\"name\":\"Shop\",\"item\":\"https:\/\/captain-guitar-lounge.com\/shop\/\"},{\"@type\":\"ListItem\",\"position\":3,\"name\":\"Barfuss Captain Custom T-Type Set\"}]},{\"@type\":\"WebSite\",\"@id\":\"https:\/\/captain-guitar-lounge.com\/en\/#website\",\"url\":\"https:\/\/captain-guitar-lounge.com\/en\/\",\"name\":\"captain-guitar-lounge.com\",\"description\":\"Fine Amps and Guitars and more\",\"potentialAction\":[{\"@type\":\"SearchAction\",\"target\":{\"@type\":\"EntryPoint\",\"urlTemplate\":\"https:\/\/captain-guitar-lounge.com\/en\/?s={search_term_string}\"},\"query-input\":{\"@type\":\"PropertyValueSpecification\",\"valueRequired\":true,\"valueName\":\"search_term_string\"}}],\"inLanguage\":\"en-US\"}]}<\/script>\n<!-- \/ Yoast SEO plugin. -->","yoast_head_json":{"title":"Barfuss Captain Custom T-Type Set - captain-guitar-lounge.com","robots":{"index":"index","follow":"follow","max-snippet":"max-snippet:-1","max-image-preview":"max-image-preview:large","max-video-preview":"max-video-preview:-1"},"canonical":"https:\/\/captain-guitar-lounge.com\/en\/product\/barfuss-captain-custom-t-type-set\/","og_locale":"en_US","og_type":"article","og_title":"Barfuss Captain Custom T-Type Set - captain-guitar-lounge.com","og_description":"Aus der langj\u00e4hrigen Zusammenarbeit mit David Barfuss entstand dieses Barfuss Captain Custom T-Type Set Der Halstonabnehmer ist mit Alnico III Magneten best\u00fcckt und mit 43AWG Draht bewickelt. An der Bridge haben wir Custom Staggered Alnico V Magnete und einen 42AWG Draht. Beide Pickups haben Aged Black Fiber Bobbins und sind perfekt aufeinander abgestimmt. Das Nickelsilver [&hellip;]","og_url":"https:\/\/captain-guitar-lounge.com\/en\/product\/barfuss-captain-custom-t-type-set\/","og_site_name":"captain-guitar-lounge.com","article_publisher":"https:\/\/www.facebook.com\/Captain-Guitar-Lounge-140457272682315\/","article_modified_time":"2024-12-13T10:54:34+00:00","og_image":[{"width":1024,"height":1024,"url":"https:\/\/captain-guitar-lounge.com\/wp-content\/uploads\/2020\/02\/k-IMG_0966.jpg","type":"image\/jpeg"}],"twitter_card":"summary_large_image","twitter_misc":{"Est. reading time":"1 minute"},"schema":{"@context":"https:\/\/schema.org","@graph":[{"@type":"WebPage","@id":"https:\/\/captain-guitar-lounge.com\/en\/product\/barfuss-captain-custom-t-type-set\/","url":"https:\/\/captain-guitar-lounge.com\/en\/product\/barfuss-captain-custom-t-type-set\/","name":"Barfuss Captain Custom T-Type Set - captain-guitar-lounge.com","isPartOf":{"@id":"https:\/\/captain-guitar-lounge.com\/en\/#website"},"primaryImageOfPage":{"@id":"https:\/\/captain-guitar-lounge.com\/en\/product\/barfuss-captain-custom-t-type-set\/#primaryimage"},"image":{"@id":"https:\/\/captain-guitar-lounge.com\/en\/product\/barfuss-captain-custom-t-type-set\/#primaryimage"},"thumbnailUrl":"https:\/\/captain-guitar-lounge.com\/wp-content\/uploads\/2020\/02\/k-IMG_0966.jpg","datePublished":"2020-02-10T10:50:22+00:00","dateModified":"2024-12-13T10:54:34+00:00","breadcrumb":{"@id":"https:\/\/captain-guitar-lounge.com\/en\/product\/barfuss-captain-custom-t-type-set\/#breadcrumb"},"inLanguage":"en-US","potentialAction":[{"@type":"ReadAction","target":["https:\/\/captain-guitar-lounge.com\/en\/product\/barfuss-captain-custom-t-type-set\/"]}]},{"@type":"ImageObject","inLanguage":"en-US","@id":"https:\/\/captain-guitar-lounge.com\/en\/product\/barfuss-captain-custom-t-type-set\/#primaryimage","url":"https:\/\/captain-guitar-lounge.com\/wp-content\/uploads\/2020\/02\/k-IMG_0966.jpg","contentUrl":"https:\/\/captain-guitar-lounge.com\/wp-content\/uploads\/2020\/02\/k-IMG_0966.jpg","width":1024,"height":1024,"caption":"Barfuss Captain Custom T-Type Set"},{"@type":"BreadcrumbList","@id":"https:\/\/captain-guitar-lounge.com\/en\/product\/barfuss-captain-custom-t-type-set\/#breadcrumb","itemListElement":[{"@type":"ListItem","position":1,"name":"Startseite","item":"https:\/\/captain-guitar-lounge.com\/en\/"},{"@type":"ListItem","position":2,"name":"Shop","item":"https:\/\/captain-guitar-lounge.com\/shop\/"},{"@type":"ListItem","position":3,"name":"Barfuss Captain Custom T-Type Set"}]},{"@type":"WebSite","@id":"https:\/\/captain-guitar-lounge.com\/en\/#website","url":"https:\/\/captain-guitar-lounge.com\/en\/","name":"captain-guitar-lounge.com","description":"Fine Amps and Guitars and more","potentialAction":[{"@type":"SearchAction","target":{"@type":"EntryPoint","urlTemplate":"https:\/\/captain-guitar-lounge.com\/en\/?s={search_term_string}"},"query-input":{"@type":"PropertyValueSpecification","valueRequired":true,"valueName":"search_term_string"}}],"inLanguage":"en-US"}]}},"_links":{"self":[{"href":"https:\/\/captain-guitar-lounge.com\/en\/wp-json\/wp\/v2\/product\/7754","targetHints":{"allow":["GET"]}}],"collection":[{"href":"https:\/\/captain-guitar-lounge.com\/en\/wp-json\/wp\/v2\/product"}],"about":[{"href":"https:\/\/captain-guitar-lounge.com\/en\/wp-json\/wp\/v2\/types\/product"}],"replies":[{"embeddable":true,"href":"https:\/\/captain-guitar-lounge.com\/en\/wp-json\/wp\/v2\/comments?post=7754"}],"wp:featuredmedia":[{"embeddable":true,"href":"https:\/\/captain-guitar-lounge.com\/en\/wp-json\/wp\/v2\/media\/7757"}],"wp:attachment":[{"href":"https:\/\/captain-guitar-lounge.com\/en\/wp-json\/wp\/v2\/media?parent=7754"}],"wp:term":[{"taxonomy":"product_brand","embeddable":true,"href":"https:\/\/captain-guitar-lounge.com\/en\/wp-json\/wp\/v2\/product_brand?post=7754"},{"taxonomy":"product_cat","embeddable":true,"href":"https:\/\/captain-guitar-lounge.com\/en\/wp-json\/wp\/v2\/product_cat?post=7754"},{"taxonomy":"product_tag","embeddable":true,"href":"https:\/\/captain-guitar-lounge.com\/en\/wp-json\/wp\/v2\/product_tag?post=7754"}],"curies":[{"name":"wp","href":"https:\/\/api.w.org\/{rel}","templated":true}]}}