{"id":7802,"date":"2020-02-10T14:31:39","date_gmt":"2020-02-10T13:31:39","guid":{"rendered":"https:\/\/captain-guitar-lounge.com\/?p=7802&#038;post_type=product&#038;preview_id=7802"},"modified":"2025-07-16T14:53:07","modified_gmt":"2025-07-16T12:53:07","slug":"barfuss-t-type-fat-bad-twang-bridge-pickup","status":"publish","type":"product","link":"https:\/\/captain-guitar-lounge.com\/en\/product\/barfuss-t-type-fat-bad-twang-bridge-pickup\/","title":{"rendered":"Barfuss T-Type Fat Bad Twang Bridge Pickup"},"content":{"rendered":"<p>Dieser, von David Barfuss speziell entwickelte T-Style Bridge Pickup kommt mit dicken 6,35 mm Polepieces aus Alnico V. Die Top Plate- und Bottom-Plates sind aus Blackfibre. Die Pickupspule ist handgewickelt. Der Pickup hat einen Gleichstrom Widerstand von 8,7\u00a0 kOhm und ist mit einem Baumwollfaden umwickelt.<\/p>\n<p>Auf der Unterseite befindet sich die bei der Telecaster \u00fcbliche Copper-Reflectorplate.<\/p>\n<p>Die Anschl\u00fcsse sind aus dem org. NOS Clothwire (Stoffkabel).<\/p>\n<p>Der Sound ist w\u00e4rmer, lauter und viel fetter als sonst bei einem Telepickup \u00fcblich. Es geht schon mehr in die P-90 Ecke und das ist besonders f\u00fcr Crunch und Highgainsounds echt prima. Er macht aus jeder Tele eine richtige Rockgitarre!<\/p>\n","protected":false},"excerpt":{"rendered":"<p>Dieser, von David Barfuss speziell entwickelte T-Style Bridge Pickup kommt mit dicken 6,35 mm Polepieces aus Alnico V. Die Top Plate- und Bottom-Plates sind aus Blackfibre. Die Pickupspule ist handgewickelt. Der Pickup hat einen Gleichstrom Widerstand von 8,7\u00a0 kOhm und ist mit einem Baumwollfaden umwickelt. Auf der Unterseite befindet sich die bei der Telecaster \u00fcbliche [&hellip;]<\/p>\n","protected":false},"featured_media":7805,"comment_status":"closed","ping_status":"closed","template":"","meta":{"_et_pb_use_builder":"","_et_pb_old_content":"","_et_gb_content_width":""},"product_brand":[],"product_cat":[1103],"product_tag":[78],"class_list":{"0":"post-7802","1":"product","2":"type-product","3":"status-publish","4":"has-post-thumbnail","6":"product_cat-barfuss-pickups","7":"product_tag-custom-shop","8":"product_shipping_class-small","9":"pa_artikelzustand-neuer-artikel","11":"first","12":"onbackorder","13":"taxable","14":"shipping-taxable","15":"purchasable","16":"product-type-simple"},"composite_virtual":false,"composite_layout":"","composite_add_to_cart_form_location":"","composite_editable_in_cart":false,"composite_sold_individually_context":"","composite_shop_price_calc":"","composite_components":[],"composite_scenarios":[],"pp_statuses_selecting_workflow":false,"pp_workflow_action":"current","pp_status_selection":"publish","yoast_head":"<!-- This site is optimized with the Yoast SEO plugin v26.8 - https:\/\/yoast.com\/product\/yoast-seo-wordpress\/ -->\n<title>Barfuss T-Type Fat Bad Twang Bridge Pickup - captain-guitar-lounge.com<\/title>\n<meta name=\"robots\" content=\"index, follow, max-snippet:-1, max-image-preview:large, max-video-preview:-1\" \/>\n<link rel=\"canonical\" href=\"https:\/\/captain-guitar-lounge.com\/en\/product\/barfuss-t-type-fat-bad-twang-bridge-pickup\/\" \/>\n<meta property=\"og:locale\" content=\"en_US\" \/>\n<meta property=\"og:type\" content=\"article\" \/>\n<meta property=\"og:title\" content=\"Barfuss T-Type Fat Bad Twang Bridge Pickup - captain-guitar-lounge.com\" \/>\n<meta property=\"og:description\" content=\"Dieser, von David Barfuss speziell entwickelte T-Style Bridge Pickup kommt mit dicken 6,35 mm Polepieces aus Alnico V. Die Top Plate- und Bottom-Plates sind aus Blackfibre. Die Pickupspule ist handgewickelt. Der Pickup hat einen Gleichstrom Widerstand von 8,7\u00a0 kOhm und ist mit einem Baumwollfaden umwickelt. Auf der Unterseite befindet sich die bei der Telecaster \u00fcbliche [&hellip;]\" \/>\n<meta property=\"og:url\" content=\"https:\/\/captain-guitar-lounge.com\/en\/product\/barfuss-t-type-fat-bad-twang-bridge-pickup\/\" \/>\n<meta property=\"og:site_name\" content=\"captain-guitar-lounge.com\" \/>\n<meta property=\"article:publisher\" content=\"https:\/\/www.facebook.com\/Captain-Guitar-Lounge-140457272682315\/\" \/>\n<meta property=\"article:modified_time\" content=\"2025-07-16T12:53:07+00:00\" \/>\n<meta property=\"og:image\" content=\"https:\/\/captain-guitar-lounge.com\/wp-content\/uploads\/2020\/02\/SAM_2411.jpg\" \/>\n\t<meta property=\"og:image:width\" content=\"1920\" \/>\n\t<meta property=\"og:image:height\" content=\"1080\" \/>\n\t<meta property=\"og:image:type\" content=\"image\/jpeg\" \/>\n<meta name=\"twitter:card\" content=\"summary_large_image\" \/>\n<meta name=\"twitter:label1\" content=\"Est. reading time\" \/>\n\t<meta name=\"twitter:data1\" content=\"1 minute\" \/>\n<script type=\"application\/ld+json\" class=\"yoast-schema-graph\">{\"@context\":\"https:\/\/schema.org\",\"@graph\":[{\"@type\":\"WebPage\",\"@id\":\"https:\/\/captain-guitar-lounge.com\/en\/product\/barfuss-t-type-fat-bad-twang-bridge-pickup\/\",\"url\":\"https:\/\/captain-guitar-lounge.com\/en\/product\/barfuss-t-type-fat-bad-twang-bridge-pickup\/\",\"name\":\"Barfuss T-Type Fat Bad Twang Bridge Pickup - captain-guitar-lounge.com\",\"isPartOf\":{\"@id\":\"https:\/\/captain-guitar-lounge.com\/en\/#website\"},\"primaryImageOfPage\":{\"@id\":\"https:\/\/captain-guitar-lounge.com\/en\/product\/barfuss-t-type-fat-bad-twang-bridge-pickup\/#primaryimage\"},\"image\":{\"@id\":\"https:\/\/captain-guitar-lounge.com\/en\/product\/barfuss-t-type-fat-bad-twang-bridge-pickup\/#primaryimage\"},\"thumbnailUrl\":\"https:\/\/captain-guitar-lounge.com\/wp-content\/uploads\/2020\/02\/SAM_2411.jpg\",\"datePublished\":\"2020-02-10T13:31:39+00:00\",\"dateModified\":\"2025-07-16T12:53:07+00:00\",\"breadcrumb\":{\"@id\":\"https:\/\/captain-guitar-lounge.com\/en\/product\/barfuss-t-type-fat-bad-twang-bridge-pickup\/#breadcrumb\"},\"inLanguage\":\"en-US\",\"potentialAction\":[{\"@type\":\"ReadAction\",\"target\":[\"https:\/\/captain-guitar-lounge.com\/en\/product\/barfuss-t-type-fat-bad-twang-bridge-pickup\/\"]}]},{\"@type\":\"ImageObject\",\"inLanguage\":\"en-US\",\"@id\":\"https:\/\/captain-guitar-lounge.com\/en\/product\/barfuss-t-type-fat-bad-twang-bridge-pickup\/#primaryimage\",\"url\":\"https:\/\/captain-guitar-lounge.com\/wp-content\/uploads\/2020\/02\/SAM_2411.jpg\",\"contentUrl\":\"https:\/\/captain-guitar-lounge.com\/wp-content\/uploads\/2020\/02\/SAM_2411.jpg\",\"width\":1920,\"height\":1080,\"caption\":\"Barfuss Fat Bad Twang Bridge Pickup\"},{\"@type\":\"BreadcrumbList\",\"@id\":\"https:\/\/captain-guitar-lounge.com\/en\/product\/barfuss-t-type-fat-bad-twang-bridge-pickup\/#breadcrumb\",\"itemListElement\":[{\"@type\":\"ListItem\",\"position\":1,\"name\":\"Startseite\",\"item\":\"https:\/\/captain-guitar-lounge.com\/en\/\"},{\"@type\":\"ListItem\",\"position\":2,\"name\":\"Shop\",\"item\":\"https:\/\/captain-guitar-lounge.com\/shop\/\"},{\"@type\":\"ListItem\",\"position\":3,\"name\":\"Barfuss T-Type Fat Bad Twang Bridge Pickup\"}]},{\"@type\":\"WebSite\",\"@id\":\"https:\/\/captain-guitar-lounge.com\/en\/#website\",\"url\":\"https:\/\/captain-guitar-lounge.com\/en\/\",\"name\":\"captain-guitar-lounge.com\",\"description\":\"Fine Amps and Guitars and more\",\"potentialAction\":[{\"@type\":\"SearchAction\",\"target\":{\"@type\":\"EntryPoint\",\"urlTemplate\":\"https:\/\/captain-guitar-lounge.com\/en\/?s={search_term_string}\"},\"query-input\":{\"@type\":\"PropertyValueSpecification\",\"valueRequired\":true,\"valueName\":\"search_term_string\"}}],\"inLanguage\":\"en-US\"}]}<\/script>\n<!-- \/ Yoast SEO plugin. -->","yoast_head_json":{"title":"Barfuss T-Type Fat Bad Twang Bridge Pickup - captain-guitar-lounge.com","robots":{"index":"index","follow":"follow","max-snippet":"max-snippet:-1","max-image-preview":"max-image-preview:large","max-video-preview":"max-video-preview:-1"},"canonical":"https:\/\/captain-guitar-lounge.com\/en\/product\/barfuss-t-type-fat-bad-twang-bridge-pickup\/","og_locale":"en_US","og_type":"article","og_title":"Barfuss T-Type Fat Bad Twang Bridge Pickup - captain-guitar-lounge.com","og_description":"Dieser, von David Barfuss speziell entwickelte T-Style Bridge Pickup kommt mit dicken 6,35 mm Polepieces aus Alnico V. Die Top Plate- und Bottom-Plates sind aus Blackfibre. Die Pickupspule ist handgewickelt. Der Pickup hat einen Gleichstrom Widerstand von 8,7\u00a0 kOhm und ist mit einem Baumwollfaden umwickelt. Auf der Unterseite befindet sich die bei der Telecaster \u00fcbliche [&hellip;]","og_url":"https:\/\/captain-guitar-lounge.com\/en\/product\/barfuss-t-type-fat-bad-twang-bridge-pickup\/","og_site_name":"captain-guitar-lounge.com","article_publisher":"https:\/\/www.facebook.com\/Captain-Guitar-Lounge-140457272682315\/","article_modified_time":"2025-07-16T12:53:07+00:00","og_image":[{"width":1920,"height":1080,"url":"https:\/\/captain-guitar-lounge.com\/wp-content\/uploads\/2020\/02\/SAM_2411.jpg","type":"image\/jpeg"}],"twitter_card":"summary_large_image","twitter_misc":{"Est. reading time":"1 minute"},"schema":{"@context":"https:\/\/schema.org","@graph":[{"@type":"WebPage","@id":"https:\/\/captain-guitar-lounge.com\/en\/product\/barfuss-t-type-fat-bad-twang-bridge-pickup\/","url":"https:\/\/captain-guitar-lounge.com\/en\/product\/barfuss-t-type-fat-bad-twang-bridge-pickup\/","name":"Barfuss T-Type Fat Bad Twang Bridge Pickup - captain-guitar-lounge.com","isPartOf":{"@id":"https:\/\/captain-guitar-lounge.com\/en\/#website"},"primaryImageOfPage":{"@id":"https:\/\/captain-guitar-lounge.com\/en\/product\/barfuss-t-type-fat-bad-twang-bridge-pickup\/#primaryimage"},"image":{"@id":"https:\/\/captain-guitar-lounge.com\/en\/product\/barfuss-t-type-fat-bad-twang-bridge-pickup\/#primaryimage"},"thumbnailUrl":"https:\/\/captain-guitar-lounge.com\/wp-content\/uploads\/2020\/02\/SAM_2411.jpg","datePublished":"2020-02-10T13:31:39+00:00","dateModified":"2025-07-16T12:53:07+00:00","breadcrumb":{"@id":"https:\/\/captain-guitar-lounge.com\/en\/product\/barfuss-t-type-fat-bad-twang-bridge-pickup\/#breadcrumb"},"inLanguage":"en-US","potentialAction":[{"@type":"ReadAction","target":["https:\/\/captain-guitar-lounge.com\/en\/product\/barfuss-t-type-fat-bad-twang-bridge-pickup\/"]}]},{"@type":"ImageObject","inLanguage":"en-US","@id":"https:\/\/captain-guitar-lounge.com\/en\/product\/barfuss-t-type-fat-bad-twang-bridge-pickup\/#primaryimage","url":"https:\/\/captain-guitar-lounge.com\/wp-content\/uploads\/2020\/02\/SAM_2411.jpg","contentUrl":"https:\/\/captain-guitar-lounge.com\/wp-content\/uploads\/2020\/02\/SAM_2411.jpg","width":1920,"height":1080,"caption":"Barfuss Fat Bad Twang Bridge Pickup"},{"@type":"BreadcrumbList","@id":"https:\/\/captain-guitar-lounge.com\/en\/product\/barfuss-t-type-fat-bad-twang-bridge-pickup\/#breadcrumb","itemListElement":[{"@type":"ListItem","position":1,"name":"Startseite","item":"https:\/\/captain-guitar-lounge.com\/en\/"},{"@type":"ListItem","position":2,"name":"Shop","item":"https:\/\/captain-guitar-lounge.com\/shop\/"},{"@type":"ListItem","position":3,"name":"Barfuss T-Type Fat Bad Twang Bridge Pickup"}]},{"@type":"WebSite","@id":"https:\/\/captain-guitar-lounge.com\/en\/#website","url":"https:\/\/captain-guitar-lounge.com\/en\/","name":"captain-guitar-lounge.com","description":"Fine Amps and Guitars and more","potentialAction":[{"@type":"SearchAction","target":{"@type":"EntryPoint","urlTemplate":"https:\/\/captain-guitar-lounge.com\/en\/?s={search_term_string}"},"query-input":{"@type":"PropertyValueSpecification","valueRequired":true,"valueName":"search_term_string"}}],"inLanguage":"en-US"}]}},"_links":{"self":[{"href":"https:\/\/captain-guitar-lounge.com\/en\/wp-json\/wp\/v2\/product\/7802","targetHints":{"allow":["GET"]}}],"collection":[{"href":"https:\/\/captain-guitar-lounge.com\/en\/wp-json\/wp\/v2\/product"}],"about":[{"href":"https:\/\/captain-guitar-lounge.com\/en\/wp-json\/wp\/v2\/types\/product"}],"replies":[{"embeddable":true,"href":"https:\/\/captain-guitar-lounge.com\/en\/wp-json\/wp\/v2\/comments?post=7802"}],"wp:featuredmedia":[{"embeddable":true,"href":"https:\/\/captain-guitar-lounge.com\/en\/wp-json\/wp\/v2\/media\/7805"}],"wp:attachment":[{"href":"https:\/\/captain-guitar-lounge.com\/en\/wp-json\/wp\/v2\/media?parent=7802"}],"wp:term":[{"taxonomy":"product_brand","embeddable":true,"href":"https:\/\/captain-guitar-lounge.com\/en\/wp-json\/wp\/v2\/product_brand?post=7802"},{"taxonomy":"product_cat","embeddable":true,"href":"https:\/\/captain-guitar-lounge.com\/en\/wp-json\/wp\/v2\/product_cat?post=7802"},{"taxonomy":"product_tag","embeddable":true,"href":"https:\/\/captain-guitar-lounge.com\/en\/wp-json\/wp\/v2\/product_tag?post=7802"}],"curies":[{"name":"wp","href":"https:\/\/api.w.org\/{rel}","templated":true}]}}