{"id":93894,"date":"2022-11-11T14:56:30","date_gmt":"2022-11-11T13:56:30","guid":{"rendered":"https:\/\/captain-guitar-lounge.com\/?post_type=product&#038;p=93894"},"modified":"2024-04-30T12:45:49","modified_gmt":"2024-04-30T10:45:49","slug":"mooer-reeco-shim-verb-ana-echo-elec-lady-bundle-oder-einzeln-id-2592","status":"publish","type":"product","link":"https:\/\/captain-guitar-lounge.com\/en\/product\/mooer-reeco-shim-verb-ana-echo-elec-lady-bundle-oder-einzeln-id-2592\/","title":{"rendered":"Mooer Effekt &#8211; Reeco, Ana Echo, Shim Verb, elec lady &#8211; 4 Effekte im Bundle oder einzeln &#8211; ID 2592"},"content":{"rendered":"","protected":false},"excerpt":{"rendered":"<p>Kauf im Bundle oder einzeln m\u00f6glich<br \/>\nZustand: Gut<br \/>\nGewicht: 0,3 kg Versandklasse: Small<br \/>\nDokumente: ja<br \/>\nOVP: ja<br \/>\nVermittlungsverkauf: 13150<\/p>\n<p>Reecho &#8211; Delay:<br \/>\nRegler f\u00fcr: Time, E.Level und F.Back, Analog, Real Echo und Tape Echo Toggle<\/p>\n<p><span style=\"color: #999999\">SOLD!\u00a0 Ana Echo &#8211; Analog Delay:\u00a0\u00a0 <\/span><br \/>\n<span style=\"color: #999999\">Regler f\u00fcr: Rate, Echo und Intense<\/span><br \/>\n<span style=\"color: #999999\">True Bypass<\/span><\/p>\n<p>Shim Verb &#8211; Reverb:<br \/>\nRegler f\u00fcr: Decay, Level und Color, Room, Spring und Shimmer Toggle<\/p>\n<p><span style=\"color: #999999\">SOLD! E-Lady &#8211; Flanger-Sound:<\/span><br \/>\n<span style=\"color: #999999\">Analoger Flanger-Sound mit Filter und Oszillatoreffekt<\/span><\/p>\n<p>True Bypass, alle Pedale ben\u00f6tigen Stromversorgung \u00fcber Netzteil, Batteriebetrieb ist nicht m\u00f6glich.<\/p>\n<p>Preisstaffelung bei Einzelkauf<br \/>\n1 Pedal 57,00 \u20ac<br \/>\n2 Pedale 97,00 \u20ac<\/p>\n","protected":false},"featured_media":93897,"comment_status":"closed","ping_status":"closed","template":"","meta":{"_et_pb_use_builder":"","_et_pb_old_content":"","_et_gb_content_width":""},"product_brand":[],"product_cat":[2479,2481,290],"product_tag":[2534],"class_list":{"0":"post-93894","1":"product","2":"type-product","3":"status-publish","4":"has-post-thumbnail","6":"product_cat-delay","7":"product_cat-reverb","8":"product_cat-fundgrube","9":"product_tag-one-owner","10":"product_shipping_class-small","12":"first","13":"instock","14":"sold-individually","15":"purchasable","16":"product-type-simple"},"composite_virtual":false,"composite_layout":"","composite_add_to_cart_form_location":"","composite_editable_in_cart":false,"composite_sold_individually_context":"","composite_shop_price_calc":"","composite_components":[],"composite_scenarios":[],"pp_statuses_selecting_workflow":false,"pp_workflow_action":"current","pp_status_selection":"publish","yoast_head":"<!-- This site is optimized with the Yoast SEO plugin v26.8 - https:\/\/yoast.com\/product\/yoast-seo-wordpress\/ -->\n<title>Mooer Effekt - Reeco, Ana Echo, Shim Verb, elec lady - 4 Effekte im Bundle oder einzeln - ID 2592 - captain-guitar-lounge.com<\/title>\n<meta name=\"robots\" content=\"index, follow, max-snippet:-1, max-image-preview:large, max-video-preview:-1\" \/>\n<link rel=\"canonical\" href=\"https:\/\/captain-guitar-lounge.com\/en\/product\/mooer-reeco-shim-verb-ana-echo-elec-lady-bundle-oder-einzeln-id-2592\/\" \/>\n<meta property=\"og:locale\" content=\"en_US\" \/>\n<meta property=\"og:type\" content=\"article\" \/>\n<meta property=\"og:title\" content=\"Mooer Effekt - Reeco, Ana Echo, Shim Verb, elec lady - 4 Effekte im Bundle oder einzeln - ID 2592 - captain-guitar-lounge.com\" \/>\n<meta property=\"og:description\" content=\"Kauf im Bundle oder einzeln m\u00f6glich Zustand: Gut Gewicht: 0,3 kg Versandklasse: Small Dokumente: ja OVP: ja Vermittlungsverkauf: 13150  Reecho - Delay: Regler f\u00fcr: Time, E.Level und F.Back, Analog, Real Echo und Tape Echo Toggle  SOLD!\u00a0 Ana Echo - Analog Delay:\u00a0\u00a0  Regler f\u00fcr: Rate, Echo und Intense True Bypass  Shim Verb - Reverb: Regler f\u00fcr: Decay, Level und Color, Room, Spring und Shimmer Toggle  SOLD! E-Lady - Flanger-Sound: Analoger Flanger-Sound mit Filter und Oszillatoreffekt  True Bypass, alle Pedale ben\u00f6tigen Stromversorgung \u00fcber Netzteil, Batteriebetrieb ist nicht m\u00f6glich.  Preisstaffelung bei Einzelkauf 1 Pedal 57,00 \u20ac 2 Pedale 97,00 \u20ac\" \/>\n<meta property=\"og:url\" content=\"https:\/\/captain-guitar-lounge.com\/en\/product\/mooer-reeco-shim-verb-ana-echo-elec-lady-bundle-oder-einzeln-id-2592\/\" \/>\n<meta property=\"og:site_name\" content=\"captain-guitar-lounge.com\" \/>\n<meta property=\"article:publisher\" content=\"https:\/\/www.facebook.com\/Captain-Guitar-Lounge-140457272682315\/\" \/>\n<meta property=\"article:modified_time\" content=\"2024-04-30T10:45:49+00:00\" \/>\n<meta property=\"og:image\" content=\"https:\/\/captain-guitar-lounge.com\/wp-content\/uploads\/2022\/11\/k-IMG_6054.jpg\" \/>\n\t<meta property=\"og:image:width\" content=\"1024\" \/>\n\t<meta property=\"og:image:height\" content=\"1024\" \/>\n\t<meta property=\"og:image:type\" content=\"image\/jpeg\" \/>\n<meta name=\"twitter:card\" content=\"summary_large_image\" \/>\n<script type=\"application\/ld+json\" class=\"yoast-schema-graph\">{\"@context\":\"https:\/\/schema.org\",\"@graph\":[{\"@type\":\"WebPage\",\"@id\":\"https:\/\/captain-guitar-lounge.com\/en\/product\/mooer-reeco-shim-verb-ana-echo-elec-lady-bundle-oder-einzeln-id-2592\/\",\"url\":\"https:\/\/captain-guitar-lounge.com\/en\/product\/mooer-reeco-shim-verb-ana-echo-elec-lady-bundle-oder-einzeln-id-2592\/\",\"name\":\"Mooer Effekt - Reeco, Ana Echo, Shim Verb, elec lady - 4 Effekte im Bundle oder einzeln - ID 2592 - captain-guitar-lounge.com\",\"isPartOf\":{\"@id\":\"https:\/\/captain-guitar-lounge.com\/en\/#website\"},\"primaryImageOfPage\":{\"@id\":\"https:\/\/captain-guitar-lounge.com\/en\/product\/mooer-reeco-shim-verb-ana-echo-elec-lady-bundle-oder-einzeln-id-2592\/#primaryimage\"},\"image\":{\"@id\":\"https:\/\/captain-guitar-lounge.com\/en\/product\/mooer-reeco-shim-verb-ana-echo-elec-lady-bundle-oder-einzeln-id-2592\/#primaryimage\"},\"thumbnailUrl\":\"https:\/\/captain-guitar-lounge.com\/wp-content\/uploads\/2022\/11\/k-IMG_6054.jpg\",\"datePublished\":\"2022-11-11T13:56:30+00:00\",\"dateModified\":\"2024-04-30T10:45:49+00:00\",\"breadcrumb\":{\"@id\":\"https:\/\/captain-guitar-lounge.com\/en\/product\/mooer-reeco-shim-verb-ana-echo-elec-lady-bundle-oder-einzeln-id-2592\/#breadcrumb\"},\"inLanguage\":\"en-US\",\"potentialAction\":[{\"@type\":\"ReadAction\",\"target\":[\"https:\/\/captain-guitar-lounge.com\/en\/product\/mooer-reeco-shim-verb-ana-echo-elec-lady-bundle-oder-einzeln-id-2592\/\"]}]},{\"@type\":\"ImageObject\",\"inLanguage\":\"en-US\",\"@id\":\"https:\/\/captain-guitar-lounge.com\/en\/product\/mooer-reeco-shim-verb-ana-echo-elec-lady-bundle-oder-einzeln-id-2592\/#primaryimage\",\"url\":\"https:\/\/captain-guitar-lounge.com\/wp-content\/uploads\/2022\/11\/k-IMG_6054.jpg\",\"contentUrl\":\"https:\/\/captain-guitar-lounge.com\/wp-content\/uploads\/2022\/11\/k-IMG_6054.jpg\",\"width\":1024,\"height\":1024,\"caption\":\"k-IMG_6054\"},{\"@type\":\"BreadcrumbList\",\"@id\":\"https:\/\/captain-guitar-lounge.com\/en\/product\/mooer-reeco-shim-verb-ana-echo-elec-lady-bundle-oder-einzeln-id-2592\/#breadcrumb\",\"itemListElement\":[{\"@type\":\"ListItem\",\"position\":1,\"name\":\"Startseite\",\"item\":\"https:\/\/captain-guitar-lounge.com\/en\/captain-guitar-lounge\/\"},{\"@type\":\"ListItem\",\"position\":2,\"name\":\"Shop\",\"item\":\"https:\/\/captain-guitar-lounge.com\/shop\/\"},{\"@type\":\"ListItem\",\"position\":3,\"name\":\"Mooer Effekt &#8211; Reeco, Ana Echo, Shim Verb, elec lady &#8211; 4 Effekte im Bundle oder einzeln &#8211; ID 2592\"}]},{\"@type\":\"WebSite\",\"@id\":\"https:\/\/captain-guitar-lounge.com\/en\/#website\",\"url\":\"https:\/\/captain-guitar-lounge.com\/en\/\",\"name\":\"captain-guitar-lounge.com\",\"description\":\"Fine Amps and Guitars and more\",\"potentialAction\":[{\"@type\":\"SearchAction\",\"target\":{\"@type\":\"EntryPoint\",\"urlTemplate\":\"https:\/\/captain-guitar-lounge.com\/en\/?s={search_term_string}\"},\"query-input\":{\"@type\":\"PropertyValueSpecification\",\"valueRequired\":true,\"valueName\":\"search_term_string\"}}],\"inLanguage\":\"en-US\"}]}<\/script>\n<!-- \/ Yoast SEO plugin. -->","yoast_head_json":{"title":"Mooer Effekt - Reeco, Ana Echo, Shim Verb, elec lady - 4 Effekte im Bundle oder einzeln - ID 2592 - captain-guitar-lounge.com","robots":{"index":"index","follow":"follow","max-snippet":"max-snippet:-1","max-image-preview":"max-image-preview:large","max-video-preview":"max-video-preview:-1"},"canonical":"https:\/\/captain-guitar-lounge.com\/en\/product\/mooer-reeco-shim-verb-ana-echo-elec-lady-bundle-oder-einzeln-id-2592\/","og_locale":"en_US","og_type":"article","og_title":"Mooer Effekt - Reeco, Ana Echo, Shim Verb, elec lady - 4 Effekte im Bundle oder einzeln - ID 2592 - captain-guitar-lounge.com","og_description":"Kauf im Bundle oder einzeln m\u00f6glich Zustand: Gut Gewicht: 0,3 kg Versandklasse: Small Dokumente: ja OVP: ja Vermittlungsverkauf: 13150  Reecho - Delay: Regler f\u00fcr: Time, E.Level und F.Back, Analog, Real Echo und Tape Echo Toggle  SOLD!\u00a0 Ana Echo - Analog Delay:\u00a0\u00a0  Regler f\u00fcr: Rate, Echo und Intense True Bypass  Shim Verb - Reverb: Regler f\u00fcr: Decay, Level und Color, Room, Spring und Shimmer Toggle  SOLD! E-Lady - Flanger-Sound: Analoger Flanger-Sound mit Filter und Oszillatoreffekt  True Bypass, alle Pedale ben\u00f6tigen Stromversorgung \u00fcber Netzteil, Batteriebetrieb ist nicht m\u00f6glich.  Preisstaffelung bei Einzelkauf 1 Pedal 57,00 \u20ac 2 Pedale 97,00 \u20ac","og_url":"https:\/\/captain-guitar-lounge.com\/en\/product\/mooer-reeco-shim-verb-ana-echo-elec-lady-bundle-oder-einzeln-id-2592\/","og_site_name":"captain-guitar-lounge.com","article_publisher":"https:\/\/www.facebook.com\/Captain-Guitar-Lounge-140457272682315\/","article_modified_time":"2024-04-30T10:45:49+00:00","og_image":[{"width":1024,"height":1024,"url":"https:\/\/captain-guitar-lounge.com\/wp-content\/uploads\/2022\/11\/k-IMG_6054.jpg","type":"image\/jpeg"}],"twitter_card":"summary_large_image","schema":{"@context":"https:\/\/schema.org","@graph":[{"@type":"WebPage","@id":"https:\/\/captain-guitar-lounge.com\/en\/product\/mooer-reeco-shim-verb-ana-echo-elec-lady-bundle-oder-einzeln-id-2592\/","url":"https:\/\/captain-guitar-lounge.com\/en\/product\/mooer-reeco-shim-verb-ana-echo-elec-lady-bundle-oder-einzeln-id-2592\/","name":"Mooer Effekt - Reeco, Ana Echo, Shim Verb, elec lady - 4 Effekte im Bundle oder einzeln - ID 2592 - captain-guitar-lounge.com","isPartOf":{"@id":"https:\/\/captain-guitar-lounge.com\/en\/#website"},"primaryImageOfPage":{"@id":"https:\/\/captain-guitar-lounge.com\/en\/product\/mooer-reeco-shim-verb-ana-echo-elec-lady-bundle-oder-einzeln-id-2592\/#primaryimage"},"image":{"@id":"https:\/\/captain-guitar-lounge.com\/en\/product\/mooer-reeco-shim-verb-ana-echo-elec-lady-bundle-oder-einzeln-id-2592\/#primaryimage"},"thumbnailUrl":"https:\/\/captain-guitar-lounge.com\/wp-content\/uploads\/2022\/11\/k-IMG_6054.jpg","datePublished":"2022-11-11T13:56:30+00:00","dateModified":"2024-04-30T10:45:49+00:00","breadcrumb":{"@id":"https:\/\/captain-guitar-lounge.com\/en\/product\/mooer-reeco-shim-verb-ana-echo-elec-lady-bundle-oder-einzeln-id-2592\/#breadcrumb"},"inLanguage":"en-US","potentialAction":[{"@type":"ReadAction","target":["https:\/\/captain-guitar-lounge.com\/en\/product\/mooer-reeco-shim-verb-ana-echo-elec-lady-bundle-oder-einzeln-id-2592\/"]}]},{"@type":"ImageObject","inLanguage":"en-US","@id":"https:\/\/captain-guitar-lounge.com\/en\/product\/mooer-reeco-shim-verb-ana-echo-elec-lady-bundle-oder-einzeln-id-2592\/#primaryimage","url":"https:\/\/captain-guitar-lounge.com\/wp-content\/uploads\/2022\/11\/k-IMG_6054.jpg","contentUrl":"https:\/\/captain-guitar-lounge.com\/wp-content\/uploads\/2022\/11\/k-IMG_6054.jpg","width":1024,"height":1024,"caption":"k-IMG_6054"},{"@type":"BreadcrumbList","@id":"https:\/\/captain-guitar-lounge.com\/en\/product\/mooer-reeco-shim-verb-ana-echo-elec-lady-bundle-oder-einzeln-id-2592\/#breadcrumb","itemListElement":[{"@type":"ListItem","position":1,"name":"Startseite","item":"https:\/\/captain-guitar-lounge.com\/en\/captain-guitar-lounge\/"},{"@type":"ListItem","position":2,"name":"Shop","item":"https:\/\/captain-guitar-lounge.com\/shop\/"},{"@type":"ListItem","position":3,"name":"Mooer Effekt &#8211; Reeco, Ana Echo, Shim Verb, elec lady &#8211; 4 Effekte im Bundle oder einzeln &#8211; ID 2592"}]},{"@type":"WebSite","@id":"https:\/\/captain-guitar-lounge.com\/en\/#website","url":"https:\/\/captain-guitar-lounge.com\/en\/","name":"captain-guitar-lounge.com","description":"Fine Amps and Guitars and more","potentialAction":[{"@type":"SearchAction","target":{"@type":"EntryPoint","urlTemplate":"https:\/\/captain-guitar-lounge.com\/en\/?s={search_term_string}"},"query-input":{"@type":"PropertyValueSpecification","valueRequired":true,"valueName":"search_term_string"}}],"inLanguage":"en-US"}]}},"_links":{"self":[{"href":"https:\/\/captain-guitar-lounge.com\/en\/wp-json\/wp\/v2\/product\/93894","targetHints":{"allow":["GET"]}}],"collection":[{"href":"https:\/\/captain-guitar-lounge.com\/en\/wp-json\/wp\/v2\/product"}],"about":[{"href":"https:\/\/captain-guitar-lounge.com\/en\/wp-json\/wp\/v2\/types\/product"}],"replies":[{"embeddable":true,"href":"https:\/\/captain-guitar-lounge.com\/en\/wp-json\/wp\/v2\/comments?post=93894"}],"wp:featuredmedia":[{"embeddable":true,"href":"https:\/\/captain-guitar-lounge.com\/en\/wp-json\/wp\/v2\/media\/93897"}],"wp:attachment":[{"href":"https:\/\/captain-guitar-lounge.com\/en\/wp-json\/wp\/v2\/media?parent=93894"}],"wp:term":[{"taxonomy":"product_brand","embeddable":true,"href":"https:\/\/captain-guitar-lounge.com\/en\/wp-json\/wp\/v2\/product_brand?post=93894"},{"taxonomy":"product_cat","embeddable":true,"href":"https:\/\/captain-guitar-lounge.com\/en\/wp-json\/wp\/v2\/product_cat?post=93894"},{"taxonomy":"product_tag","embeddable":true,"href":"https:\/\/captain-guitar-lounge.com\/en\/wp-json\/wp\/v2\/product_tag?post=93894"}],"curies":[{"name":"wp","href":"https:\/\/api.w.org\/{rel}","templated":true}]}}