{"id":9441,"date":"2020-03-16T15:43:09","date_gmt":"2020-03-16T14:43:09","guid":{"rendered":"https:\/\/captain-guitar-lounge.com\/?post_type=product&#038;p=9441"},"modified":"2024-04-20T14:33:57","modified_gmt":"2024-04-20T12:33:57","slug":"1983-warwick-nobby-meidel-bass-p031","status":"publish","type":"product","link":"https:\/\/captain-guitar-lounge.com\/en\/product\/1983-warwick-nobby-meidel-bass-p031\/","title":{"rendered":"1983 Warwick Nobby Meidel Bass ID 437"},"content":{"rendered":"<p>1983 <strong>Warwick<\/strong><br \/>\nNobby Meidel Bass<\/p>\n<p>Dieser fr\u00fche <strong>Nobby Bass<\/strong> ist eine echte Rarit\u00e4t. Ungef\u00e4hr 950 Headless B\u00e4sse entstanden zwischen Ende 1982 und 1992.<\/p>\n<p>Aber nur sehr wenige wurden deckend lackiert, und so findet sich im ganzen WWW kein zweiter roter Nobby Meidel Bass in rot mit goldener Hardware aus der Anfangszeit. Die Elektrik mit der aktiver Zweiband-Klangregelung wurde komplett erneuert durch ein 100% Original-Ersatzteil incl. der typischen 270-Grad Potis. Pickups und Hardware sind original.<\/p>\n<p>Guter Zustand, leider fehlt die aufgeklebte Seriennummern-Plakette.<\/p>\n","protected":false},"excerpt":{"rendered":"<p><em><strong>Handcrafted Vintage Warwick<\/strong> <\/em><\/p>\n<p>1983 Warwick &#8211; Nobby Meidel Bass<br \/>\nZustand: Gut<br \/>\nGewicht: 4 kg Versandklasse: Standard<br \/>\nDifferenzbesteuert nach \u00a725 UStG<\/p>\n","protected":false},"featured_media":9442,"comment_status":"closed","ping_status":"closed","template":"","meta":{"_et_pb_use_builder":"","_et_pb_old_content":"","_et_gb_content_width":""},"product_brand":[],"product_cat":[64],"product_tag":[76],"class_list":{"0":"post-9441","1":"product","2":"type-product","3":"status-publish","4":"has-post-thumbnail","6":"product_cat-4-string","7":"product_tag-vintage","8":"product_shipping_class-standard","9":"pa_baujahr-80s","11":"first","12":"instock","13":"sale","14":"sold-individually","15":"purchasable","16":"product-type-simple"},"composite_virtual":false,"composite_layout":"","composite_add_to_cart_form_location":"","composite_editable_in_cart":false,"composite_sold_individually_context":"","composite_shop_price_calc":"","composite_components":[],"composite_scenarios":[],"pp_statuses_selecting_workflow":false,"pp_workflow_action":"current","pp_status_selection":"publish","yoast_head":"<!-- This site is optimized with the Yoast SEO plugin v26.8 - https:\/\/yoast.com\/product\/yoast-seo-wordpress\/ -->\n<title>1983 Warwick Nobby Meidel Bass ID 437 - captain-guitar-lounge.com<\/title>\n<meta name=\"robots\" content=\"index, follow, max-snippet:-1, max-image-preview:large, max-video-preview:-1\" \/>\n<link rel=\"canonical\" href=\"https:\/\/captain-guitar-lounge.com\/en\/product\/1983-warwick-nobby-meidel-bass-p031\/\" \/>\n<meta property=\"og:locale\" content=\"en_US\" \/>\n<meta property=\"og:type\" content=\"article\" \/>\n<meta property=\"og:title\" content=\"1983 Warwick Nobby Meidel Bass ID 437 - captain-guitar-lounge.com\" \/>\n<meta property=\"og:description\" content=\"Handcrafted Vintage Warwick   1983 Warwick - Nobby Meidel Bass Zustand: Gut Gewicht: 4 kg Versandklasse: Standard Differenzbesteuert nach \u00a725 UStG\" \/>\n<meta property=\"og:url\" content=\"https:\/\/captain-guitar-lounge.com\/en\/product\/1983-warwick-nobby-meidel-bass-p031\/\" \/>\n<meta property=\"og:site_name\" content=\"captain-guitar-lounge.com\" \/>\n<meta property=\"article:publisher\" content=\"https:\/\/www.facebook.com\/Captain-Guitar-Lounge-140457272682315\/\" \/>\n<meta property=\"article:modified_time\" content=\"2024-04-20T12:33:57+00:00\" \/>\n<meta property=\"og:image\" content=\"https:\/\/captain-guitar-lounge.com\/wp-content\/uploads\/2020\/03\/Captain-Guitar-Lounge_IMG_2474.jpg\" \/>\n\t<meta property=\"og:image:width\" content=\"1024\" \/>\n\t<meta property=\"og:image:height\" content=\"1024\" \/>\n\t<meta property=\"og:image:type\" content=\"image\/jpeg\" \/>\n<meta name=\"twitter:card\" content=\"summary_large_image\" \/>\n<meta name=\"twitter:label1\" content=\"Est. reading time\" \/>\n\t<meta name=\"twitter:data1\" content=\"1 minute\" \/>\n<script type=\"application\/ld+json\" class=\"yoast-schema-graph\">{\"@context\":\"https:\/\/schema.org\",\"@graph\":[{\"@type\":\"WebPage\",\"@id\":\"https:\/\/captain-guitar-lounge.com\/en\/product\/1983-warwick-nobby-meidel-bass-p031\/\",\"url\":\"https:\/\/captain-guitar-lounge.com\/en\/product\/1983-warwick-nobby-meidel-bass-p031\/\",\"name\":\"1983 Warwick Nobby Meidel Bass ID 437 - captain-guitar-lounge.com\",\"isPartOf\":{\"@id\":\"https:\/\/captain-guitar-lounge.com\/en\/#website\"},\"primaryImageOfPage\":{\"@id\":\"https:\/\/captain-guitar-lounge.com\/en\/product\/1983-warwick-nobby-meidel-bass-p031\/#primaryimage\"},\"image\":{\"@id\":\"https:\/\/captain-guitar-lounge.com\/en\/product\/1983-warwick-nobby-meidel-bass-p031\/#primaryimage\"},\"thumbnailUrl\":\"https:\/\/captain-guitar-lounge.com\/wp-content\/uploads\/2020\/03\/Captain-Guitar-Lounge_IMG_2474.jpg\",\"datePublished\":\"2020-03-16T14:43:09+00:00\",\"dateModified\":\"2024-04-20T12:33:57+00:00\",\"breadcrumb\":{\"@id\":\"https:\/\/captain-guitar-lounge.com\/en\/product\/1983-warwick-nobby-meidel-bass-p031\/#breadcrumb\"},\"inLanguage\":\"en-US\",\"potentialAction\":[{\"@type\":\"ReadAction\",\"target\":[\"https:\/\/captain-guitar-lounge.com\/en\/product\/1983-warwick-nobby-meidel-bass-p031\/\"]}]},{\"@type\":\"ImageObject\",\"inLanguage\":\"en-US\",\"@id\":\"https:\/\/captain-guitar-lounge.com\/en\/product\/1983-warwick-nobby-meidel-bass-p031\/#primaryimage\",\"url\":\"https:\/\/captain-guitar-lounge.com\/wp-content\/uploads\/2020\/03\/Captain-Guitar-Lounge_IMG_2474.jpg\",\"contentUrl\":\"https:\/\/captain-guitar-lounge.com\/wp-content\/uploads\/2020\/03\/Captain-Guitar-Lounge_IMG_2474.jpg\",\"width\":1024,\"height\":1024,\"caption\":\"1983 Warwick Nobby Meidel Bass\"},{\"@type\":\"BreadcrumbList\",\"@id\":\"https:\/\/captain-guitar-lounge.com\/en\/product\/1983-warwick-nobby-meidel-bass-p031\/#breadcrumb\",\"itemListElement\":[{\"@type\":\"ListItem\",\"position\":1,\"name\":\"Startseite\",\"item\":\"https:\/\/captain-guitar-lounge.com\/en\/\"},{\"@type\":\"ListItem\",\"position\":2,\"name\":\"Shop\",\"item\":\"https:\/\/captain-guitar-lounge.com\/shop\/\"},{\"@type\":\"ListItem\",\"position\":3,\"name\":\"1983 Warwick Nobby Meidel Bass ID 437\"}]},{\"@type\":\"WebSite\",\"@id\":\"https:\/\/captain-guitar-lounge.com\/en\/#website\",\"url\":\"https:\/\/captain-guitar-lounge.com\/en\/\",\"name\":\"captain-guitar-lounge.com\",\"description\":\"Fine Amps and Guitars and more\",\"potentialAction\":[{\"@type\":\"SearchAction\",\"target\":{\"@type\":\"EntryPoint\",\"urlTemplate\":\"https:\/\/captain-guitar-lounge.com\/en\/?s={search_term_string}\"},\"query-input\":{\"@type\":\"PropertyValueSpecification\",\"valueRequired\":true,\"valueName\":\"search_term_string\"}}],\"inLanguage\":\"en-US\"}]}<\/script>\n<!-- \/ Yoast SEO plugin. -->","yoast_head_json":{"title":"1983 Warwick Nobby Meidel Bass ID 437 - captain-guitar-lounge.com","robots":{"index":"index","follow":"follow","max-snippet":"max-snippet:-1","max-image-preview":"max-image-preview:large","max-video-preview":"max-video-preview:-1"},"canonical":"https:\/\/captain-guitar-lounge.com\/en\/product\/1983-warwick-nobby-meidel-bass-p031\/","og_locale":"en_US","og_type":"article","og_title":"1983 Warwick Nobby Meidel Bass ID 437 - captain-guitar-lounge.com","og_description":"Handcrafted Vintage Warwick   1983 Warwick - Nobby Meidel Bass Zustand: Gut Gewicht: 4 kg Versandklasse: Standard Differenzbesteuert nach \u00a725 UStG","og_url":"https:\/\/captain-guitar-lounge.com\/en\/product\/1983-warwick-nobby-meidel-bass-p031\/","og_site_name":"captain-guitar-lounge.com","article_publisher":"https:\/\/www.facebook.com\/Captain-Guitar-Lounge-140457272682315\/","article_modified_time":"2024-04-20T12:33:57+00:00","og_image":[{"width":1024,"height":1024,"url":"https:\/\/captain-guitar-lounge.com\/wp-content\/uploads\/2020\/03\/Captain-Guitar-Lounge_IMG_2474.jpg","type":"image\/jpeg"}],"twitter_card":"summary_large_image","twitter_misc":{"Est. reading time":"1 minute"},"schema":{"@context":"https:\/\/schema.org","@graph":[{"@type":"WebPage","@id":"https:\/\/captain-guitar-lounge.com\/en\/product\/1983-warwick-nobby-meidel-bass-p031\/","url":"https:\/\/captain-guitar-lounge.com\/en\/product\/1983-warwick-nobby-meidel-bass-p031\/","name":"1983 Warwick Nobby Meidel Bass ID 437 - captain-guitar-lounge.com","isPartOf":{"@id":"https:\/\/captain-guitar-lounge.com\/en\/#website"},"primaryImageOfPage":{"@id":"https:\/\/captain-guitar-lounge.com\/en\/product\/1983-warwick-nobby-meidel-bass-p031\/#primaryimage"},"image":{"@id":"https:\/\/captain-guitar-lounge.com\/en\/product\/1983-warwick-nobby-meidel-bass-p031\/#primaryimage"},"thumbnailUrl":"https:\/\/captain-guitar-lounge.com\/wp-content\/uploads\/2020\/03\/Captain-Guitar-Lounge_IMG_2474.jpg","datePublished":"2020-03-16T14:43:09+00:00","dateModified":"2024-04-20T12:33:57+00:00","breadcrumb":{"@id":"https:\/\/captain-guitar-lounge.com\/en\/product\/1983-warwick-nobby-meidel-bass-p031\/#breadcrumb"},"inLanguage":"en-US","potentialAction":[{"@type":"ReadAction","target":["https:\/\/captain-guitar-lounge.com\/en\/product\/1983-warwick-nobby-meidel-bass-p031\/"]}]},{"@type":"ImageObject","inLanguage":"en-US","@id":"https:\/\/captain-guitar-lounge.com\/en\/product\/1983-warwick-nobby-meidel-bass-p031\/#primaryimage","url":"https:\/\/captain-guitar-lounge.com\/wp-content\/uploads\/2020\/03\/Captain-Guitar-Lounge_IMG_2474.jpg","contentUrl":"https:\/\/captain-guitar-lounge.com\/wp-content\/uploads\/2020\/03\/Captain-Guitar-Lounge_IMG_2474.jpg","width":1024,"height":1024,"caption":"1983 Warwick Nobby Meidel Bass"},{"@type":"BreadcrumbList","@id":"https:\/\/captain-guitar-lounge.com\/en\/product\/1983-warwick-nobby-meidel-bass-p031\/#breadcrumb","itemListElement":[{"@type":"ListItem","position":1,"name":"Startseite","item":"https:\/\/captain-guitar-lounge.com\/en\/"},{"@type":"ListItem","position":2,"name":"Shop","item":"https:\/\/captain-guitar-lounge.com\/shop\/"},{"@type":"ListItem","position":3,"name":"1983 Warwick Nobby Meidel Bass ID 437"}]},{"@type":"WebSite","@id":"https:\/\/captain-guitar-lounge.com\/en\/#website","url":"https:\/\/captain-guitar-lounge.com\/en\/","name":"captain-guitar-lounge.com","description":"Fine Amps and Guitars and more","potentialAction":[{"@type":"SearchAction","target":{"@type":"EntryPoint","urlTemplate":"https:\/\/captain-guitar-lounge.com\/en\/?s={search_term_string}"},"query-input":{"@type":"PropertyValueSpecification","valueRequired":true,"valueName":"search_term_string"}}],"inLanguage":"en-US"}]}},"_links":{"self":[{"href":"https:\/\/captain-guitar-lounge.com\/en\/wp-json\/wp\/v2\/product\/9441","targetHints":{"allow":["GET"]}}],"collection":[{"href":"https:\/\/captain-guitar-lounge.com\/en\/wp-json\/wp\/v2\/product"}],"about":[{"href":"https:\/\/captain-guitar-lounge.com\/en\/wp-json\/wp\/v2\/types\/product"}],"replies":[{"embeddable":true,"href":"https:\/\/captain-guitar-lounge.com\/en\/wp-json\/wp\/v2\/comments?post=9441"}],"wp:featuredmedia":[{"embeddable":true,"href":"https:\/\/captain-guitar-lounge.com\/en\/wp-json\/wp\/v2\/media\/9442"}],"wp:attachment":[{"href":"https:\/\/captain-guitar-lounge.com\/en\/wp-json\/wp\/v2\/media?parent=9441"}],"wp:term":[{"taxonomy":"product_brand","embeddable":true,"href":"https:\/\/captain-guitar-lounge.com\/en\/wp-json\/wp\/v2\/product_brand?post=9441"},{"taxonomy":"product_cat","embeddable":true,"href":"https:\/\/captain-guitar-lounge.com\/en\/wp-json\/wp\/v2\/product_cat?post=9441"},{"taxonomy":"product_tag","embeddable":true,"href":"https:\/\/captain-guitar-lounge.com\/en\/wp-json\/wp\/v2\/product_tag?post=9441"}],"curies":[{"name":"wp","href":"https:\/\/api.w.org\/{rel}","templated":true}]}}